{"id":4514,"date":"2021-03-18T12:05:19","date_gmt":"2021-03-18T12:05:19","guid":{"rendered":"https:\/\/sklep.edudomo.pl\/?post_type=product&#038;p=4514"},"modified":"2025-11-25T17:20:33","modified_gmt":"2025-11-25T17:20:33","slug":"rapa-nui-wyspa-wielkanocna","status":"publish","type":"product","link":"https:\/\/sklep.edudomo.pl\/en\/sklep\/rapa-nui-wyspa-wielkanocna\/","title":{"rendered":"Rapa Nui. Wyspa Wielkanocna"},"content":{"rendered":"<p>Rapa Nui. Wyspa Wielkanocna, to uk\u0142adanka z czterema pos\u0105gami, kt\u00f3re kryj\u0105 na planszy wa\u017cne informacje o Rapa Nui zwanej Wysp\u0105 Wielkanocn\u0105.<\/p>\n<p>najwi\u0119kszy pos\u0105g jest dwustronny. ma grawery na plecach w Polinezyjskie wzory. W tej grafice mo\u017cna doszuka\u0107 si\u0119 god\u0142a tego kraju: dw\u00f3ch kr\u00f3lik\u00f3w.<\/p>\n<p>-plansza o wymiarach 31cmx 31cm<\/p>\n<p>Kompleks Tahai sk\u0142ada si\u0119 z trzech platform: Ahu Vai Uri, Ahu Tahai i Ahu Ko Te Riku.<\/p>\n<p>Nasza uk\u0142adanka przedstawia niewielk\u0105 cz\u0119\u015b\u0107 tego miejsca na ko\u0144cu \u015awiata.<br \/>\nTrzy figury z trzynastu pos\u0105g\u00f3w z platformy Ahu Tongariki, najwi\u0119kszego stanowiska Moai na Wyspie Wielkanocnej.<br \/>\nOraz Ahu Ko Te Riku, jeden stoj\u0105cy moai (pos\u0105g), kt\u00f3ry udekorowany jest pukao (kapeluszem\/ kokiem).<br \/>\nStatua z Ahu Ko Te Riku uwa\u017cana jest za najstarszego moai ustawionego na platformie na Wyspie Wielkanocnej i pochodzi z oko\u0142o XII wieku.<br \/>\nMa on oczy wykonane z koralu i ska\u0142y wulkanicznej. W przesz\u0142o\u015bci oczy te nie by\u0142y przymocowane na sta\u0142e, lecz wk\u0142adane by\u0142y przez kap\u0142an\u00f3w tylko podczas wyj\u0105tkowych obrz\u0119d\u00f3w rytualnych.<br \/>\nCzerwone pukao wa\u017cy\u0142o zwykle kilka ton i by\u0142o instalowane na sta\u0142\u0119, prawdopodobnie jako symbol przynale\u017cno\u015bci do stanu wy\u017cszego, korony wykonanej z pi\u00f3r.<br \/>\nPukao s\u0105 cylindryczne w kszta\u0142cie, z zag\u0142\u0119bieniem<br \/>\nPierwotnie inne rze\u017aby te\u017c je mia\u0142y, ale teraz le\u017c\u0105 na ziemi bli\u017cej wej\u015bcia.<br \/>\nKompleks Archeologiczny Tahai na Wyspie Wielkanocnej w Chile w Ameryce Po\u0142udniowej w Parku Narodowym Rapa Nui jest wpisany na List\u0119 \u015awiatowego Dziedzictwa UNESCO<\/p>\n","protected":false},"excerpt":{"rendered":"<p>Rapa Nui. Wyspa Wielkanocna, to uk\u0142adanka z czterema pos\u0105gami, kt\u00f3re kryj\u0105 na planszy wa\u017cne informacje o Rapa Nui zwanej Wysp\u0105 Wielkanocn\u0105. najwi\u0119kszy pos\u0105g jest dwustronny. ma grawery na plecach w Polinezyjskie wzory. W tej grafice mo\u017cna doszuka\u0107 si\u0119 god\u0142a tego kraju: dw\u00f3ch kr\u00f3lik\u00f3w. -plansza o wymiarach 31cmx 31cm Kompleks Tahai sk\u0142ada si\u0119 z trzech platform:<span class=\"read-more-faq\"><a href=\"https:\/\/sklep.edudomo.pl\/en\/sklep\/rapa-nui-wyspa-wielkanocna\/\">Read More<\/a><\/span><\/p>\n","protected":false},"featured_media":4520,"comment_status":"open","ping_status":"closed","template":"","meta":[],"product_brand":[],"product_cat":[84,120,111],"product_tag":[],"class_list":{"0":"post-4514","1":"product","2":"type-product","3":"status-publish","4":"has-post-thumbnail","6":"product_cat-edukacja-kosmiczna","7":"product_cat-historia","8":"product_cat-religia","9":"product_shipping_class-inpost-kurier-a","11":"first","12":"onbackorder","13":"taxable","14":"shipping-taxable","15":"purchasable","16":"product-type-simple"},"yoast_head":"<!-- This site is optimized with the Yoast SEO plugin v26.5 - https:\/\/yoast.com\/wordpress\/plugins\/seo\/ -->\n<title>Rapa Nui. Wyspa Wielkanocna<\/title>\n<meta name=\"description\" content=\"Rapa Nui. Wyspa Wielkanocna, to uk\u0142adanka EduDoMo z czterema pos\u0105gami, kt\u00f3re kryj\u0105 na planszy wa\u017cne informacje o Rapa Nui zwanej Wysp\u0105 Wielkanocn\u0105.\" \/>\n<meta name=\"robots\" content=\"index, follow, max-snippet:-1, max-image-preview:large, max-video-preview:-1\" \/>\n<link rel=\"canonical\" href=\"https:\/\/sklep.edudomo.pl\/en\/sklep\/rapa-nui-wyspa-wielkanocna\/\" \/>\n<meta property=\"og:locale\" content=\"en_GB\" \/>\n<meta property=\"og:locale:alternate\" content=\"pl_PL\" \/>\n<meta property=\"og:type\" content=\"article\" \/>\n<meta property=\"og:title\" content=\"Rapa Nui. Wyspa Wielkanocna\" \/>\n<meta property=\"og:description\" content=\"Rapa Nui. Wyspa Wielkanocna, to uk\u0142adanka EduDoMo z czterema pos\u0105gami, kt\u00f3re kryj\u0105 na planszy wa\u017cne informacje o Rapa Nui zwanej Wysp\u0105 Wielkanocn\u0105.\" \/>\n<meta property=\"og:url\" content=\"https:\/\/sklep.edudomo.pl\/en\/sklep\/rapa-nui-wyspa-wielkanocna\/\" \/>\n<meta property=\"og:site_name\" content=\"sklep EduDoMo\" \/>\n<meta property=\"article:modified_time\" content=\"2025-11-25T17:20:33+00:00\" \/>\n<meta property=\"og:image\" content=\"https:\/\/sklep.edudomo.pl\/wp-content\/uploads\/2021\/03\/IMG_5277.jpg\" \/>\n\t<meta property=\"og:image:width\" content=\"625\" \/>\n\t<meta property=\"og:image:height\" content=\"640\" \/>\n\t<meta property=\"og:image:type\" content=\"image\/jpeg\" \/>\n<meta name=\"twitter:card\" content=\"summary_large_image\" \/>\n<meta name=\"twitter:label1\" content=\"Estimated reading time\" \/>\n\t<meta name=\"twitter:data1\" content=\"1 minute\" \/>\n<script type=\"application\/ld+json\" class=\"yoast-schema-graph\">{\"@context\":\"https:\/\/schema.org\",\"@graph\":[{\"@type\":\"WebPage\",\"@id\":\"https:\/\/sklep.edudomo.pl\/sklep\/rapa-nui-wyspa-wielkanocna\/\",\"url\":\"https:\/\/sklep.edudomo.pl\/sklep\/rapa-nui-wyspa-wielkanocna\/\",\"name\":\"Rapa Nui. Wyspa Wielkanocna\",\"isPartOf\":{\"@id\":\"https:\/\/sklep.edudomo.pl\/#website\"},\"primaryImageOfPage\":{\"@id\":\"https:\/\/sklep.edudomo.pl\/sklep\/rapa-nui-wyspa-wielkanocna\/#primaryimage\"},\"image\":{\"@id\":\"https:\/\/sklep.edudomo.pl\/sklep\/rapa-nui-wyspa-wielkanocna\/#primaryimage\"},\"thumbnailUrl\":\"https:\/\/sklep.edudomo.pl\/wp-content\/uploads\/2021\/03\/IMG_5277.jpg\",\"datePublished\":\"2021-03-18T12:05:19+00:00\",\"dateModified\":\"2025-11-25T17:20:33+00:00\",\"description\":\"Rapa Nui. Wyspa Wielkanocna, to uk\u0142adanka EduDoMo z czterema pos\u0105gami, kt\u00f3re kryj\u0105 na planszy wa\u017cne informacje o Rapa Nui zwanej Wysp\u0105 Wielkanocn\u0105.\",\"breadcrumb\":{\"@id\":\"https:\/\/sklep.edudomo.pl\/sklep\/rapa-nui-wyspa-wielkanocna\/#breadcrumb\"},\"inLanguage\":\"en-GB\",\"potentialAction\":[{\"@type\":\"ReadAction\",\"target\":[\"https:\/\/sklep.edudomo.pl\/sklep\/rapa-nui-wyspa-wielkanocna\/\"]}]},{\"@type\":\"ImageObject\",\"inLanguage\":\"en-GB\",\"@id\":\"https:\/\/sklep.edudomo.pl\/sklep\/rapa-nui-wyspa-wielkanocna\/#primaryimage\",\"url\":\"https:\/\/sklep.edudomo.pl\/wp-content\/uploads\/2021\/03\/IMG_5277.jpg\",\"contentUrl\":\"https:\/\/sklep.edudomo.pl\/wp-content\/uploads\/2021\/03\/IMG_5277.jpg\",\"width\":625,\"height\":640,\"caption\":\"Rapa Nui\"},{\"@type\":\"BreadcrumbList\",\"@id\":\"https:\/\/sklep.edudomo.pl\/sklep\/rapa-nui-wyspa-wielkanocna\/#breadcrumb\",\"itemListElement\":[{\"@type\":\"ListItem\",\"position\":1,\"name\":\"Strona g\u0142\u00f3wna\",\"item\":\"https:\/\/sklep.edudomo.pl\/\"},{\"@type\":\"ListItem\",\"position\":2,\"name\":\"Sklep\",\"item\":\"https:\/\/sklep.edudomo.pl\/\"},{\"@type\":\"ListItem\",\"position\":3,\"name\":\"Rapa Nui. Wyspa Wielkanocna\"}]},{\"@type\":\"WebSite\",\"@id\":\"https:\/\/sklep.edudomo.pl\/#website\",\"url\":\"https:\/\/sklep.edudomo.pl\/\",\"name\":\"sklep EduDoMo\",\"description\":\"Edukacja Domowa. Terapia. Wspieranie Talent&oacute;w\",\"publisher\":{\"@id\":\"https:\/\/sklep.edudomo.pl\/#organization\"},\"potentialAction\":[{\"@type\":\"SearchAction\",\"target\":{\"@type\":\"EntryPoint\",\"urlTemplate\":\"https:\/\/sklep.edudomo.pl\/?s={search_term_string}\"},\"query-input\":{\"@type\":\"PropertyValueSpecification\",\"valueRequired\":true,\"valueName\":\"search_term_string\"}}],\"inLanguage\":\"en-GB\"},{\"@type\":\"Organization\",\"@id\":\"https:\/\/sklep.edudomo.pl\/#organization\",\"name\":\"EduDoMo\",\"url\":\"https:\/\/sklep.edudomo.pl\/\",\"logo\":{\"@type\":\"ImageObject\",\"inLanguage\":\"en-GB\",\"@id\":\"https:\/\/sklep.edudomo.pl\/#\/schema\/logo\/image\/\",\"url\":\"https:\/\/sklep.edudomo.pl\/wp-content\/uploads\/2019\/11\/cropped-logo-edudomo-sowa.jpg\",\"contentUrl\":\"https:\/\/sklep.edudomo.pl\/wp-content\/uploads\/2019\/11\/cropped-logo-edudomo-sowa.jpg\",\"width\":120,\"height\":120,\"caption\":\"EduDoMo\"},\"image\":{\"@id\":\"https:\/\/sklep.edudomo.pl\/#\/schema\/logo\/image\/\"}}]}<\/script>\n<!-- \/ Yoast SEO plugin. -->","yoast_head_json":{"title":"Rapa Nui. Wyspa Wielkanocna","description":"Rapa Nui. Wyspa Wielkanocna, to uk\u0142adanka EduDoMo z czterema pos\u0105gami, kt\u00f3re kryj\u0105 na planszy wa\u017cne informacje o Rapa Nui zwanej Wysp\u0105 Wielkanocn\u0105.","robots":{"index":"index","follow":"follow","max-snippet":"max-snippet:-1","max-image-preview":"max-image-preview:large","max-video-preview":"max-video-preview:-1"},"canonical":"https:\/\/sklep.edudomo.pl\/en\/sklep\/rapa-nui-wyspa-wielkanocna\/","og_locale":"en_GB","og_type":"article","og_title":"[:pl]Rapa Nui. Wyspa Wielkanocna[:] - sklep EduDoMo","og_description":"Rapa Nui. Wyspa Wielkanocna, to uk\u0142adanka EduDoMo z czterema pos\u0105gami, kt\u00f3re kryj\u0105 na planszy wa\u017cne informacje o Rapa Nui zwanej Wysp\u0105 Wielkanocn\u0105.","og_url":"https:\/\/sklep.edudomo.pl\/en\/sklep\/rapa-nui-wyspa-wielkanocna\/","og_site_name":"sklep EduDoMo","article_modified_time":"2025-11-25T17:20:33+00:00","og_image":[{"width":625,"height":640,"url":"https:\/\/sklep.edudomo.pl\/wp-content\/uploads\/2021\/03\/IMG_5277.jpg","type":"image\/jpeg"}],"twitter_card":"summary_large_image","twitter_misc":{"Estimated reading time":"1 minute"},"schema":{"@context":"https:\/\/schema.org","@graph":[{"@type":"WebPage","@id":"https:\/\/sklep.edudomo.pl\/sklep\/rapa-nui-wyspa-wielkanocna\/","url":"https:\/\/sklep.edudomo.pl\/sklep\/rapa-nui-wyspa-wielkanocna\/","name":"Rapa Nui. Wyspa Wielkanocna","isPartOf":{"@id":"https:\/\/sklep.edudomo.pl\/#website"},"primaryImageOfPage":{"@id":"https:\/\/sklep.edudomo.pl\/sklep\/rapa-nui-wyspa-wielkanocna\/#primaryimage"},"image":{"@id":"https:\/\/sklep.edudomo.pl\/sklep\/rapa-nui-wyspa-wielkanocna\/#primaryimage"},"thumbnailUrl":"https:\/\/sklep.edudomo.pl\/wp-content\/uploads\/2021\/03\/IMG_5277.jpg","datePublished":"2021-03-18T12:05:19+00:00","dateModified":"2025-11-25T17:20:33+00:00","description":"Rapa Nui. Wyspa Wielkanocna, to uk\u0142adanka EduDoMo z czterema pos\u0105gami, kt\u00f3re kryj\u0105 na planszy wa\u017cne informacje o Rapa Nui zwanej Wysp\u0105 Wielkanocn\u0105.","breadcrumb":{"@id":"https:\/\/sklep.edudomo.pl\/sklep\/rapa-nui-wyspa-wielkanocna\/#breadcrumb"},"inLanguage":"en-GB","potentialAction":[{"@type":"ReadAction","target":["https:\/\/sklep.edudomo.pl\/sklep\/rapa-nui-wyspa-wielkanocna\/"]}]},{"@type":"ImageObject","inLanguage":"en-GB","@id":"https:\/\/sklep.edudomo.pl\/sklep\/rapa-nui-wyspa-wielkanocna\/#primaryimage","url":"https:\/\/sklep.edudomo.pl\/wp-content\/uploads\/2021\/03\/IMG_5277.jpg","contentUrl":"https:\/\/sklep.edudomo.pl\/wp-content\/uploads\/2021\/03\/IMG_5277.jpg","width":625,"height":640,"caption":"Rapa Nui"},{"@type":"BreadcrumbList","@id":"https:\/\/sklep.edudomo.pl\/sklep\/rapa-nui-wyspa-wielkanocna\/#breadcrumb","itemListElement":[{"@type":"ListItem","position":1,"name":"Strona g\u0142\u00f3wna","item":"https:\/\/sklep.edudomo.pl\/"},{"@type":"ListItem","position":2,"name":"Sklep","item":"https:\/\/sklep.edudomo.pl\/"},{"@type":"ListItem","position":3,"name":"Rapa Nui. Wyspa Wielkanocna"}]},{"@type":"WebSite","@id":"https:\/\/sklep.edudomo.pl\/#website","url":"https:\/\/sklep.edudomo.pl\/","name":"sklep EduDoMo","description":"Edukacja Domowa. Terapia. Wspieranie Talent&oacute;w","publisher":{"@id":"https:\/\/sklep.edudomo.pl\/#organization"},"potentialAction":[{"@type":"SearchAction","target":{"@type":"EntryPoint","urlTemplate":"https:\/\/sklep.edudomo.pl\/?s={search_term_string}"},"query-input":{"@type":"PropertyValueSpecification","valueRequired":true,"valueName":"search_term_string"}}],"inLanguage":"en-GB"},{"@type":"Organization","@id":"https:\/\/sklep.edudomo.pl\/#organization","name":"EduDoMo","url":"https:\/\/sklep.edudomo.pl\/","logo":{"@type":"ImageObject","inLanguage":"en-GB","@id":"https:\/\/sklep.edudomo.pl\/#\/schema\/logo\/image\/","url":"https:\/\/sklep.edudomo.pl\/wp-content\/uploads\/2019\/11\/cropped-logo-edudomo-sowa.jpg","contentUrl":"https:\/\/sklep.edudomo.pl\/wp-content\/uploads\/2019\/11\/cropped-logo-edudomo-sowa.jpg","width":120,"height":120,"caption":"EduDoMo"},"image":{"@id":"https:\/\/sklep.edudomo.pl\/#\/schema\/logo\/image\/"}}]}},"jetpack_sharing_enabled":true,"_links":{"self":[{"href":"https:\/\/sklep.edudomo.pl\/en\/wp-json\/wp\/v2\/product\/4514","targetHints":{"allow":["GET"]}}],"collection":[{"href":"https:\/\/sklep.edudomo.pl\/en\/wp-json\/wp\/v2\/product"}],"about":[{"href":"https:\/\/sklep.edudomo.pl\/en\/wp-json\/wp\/v2\/types\/product"}],"replies":[{"embeddable":true,"href":"https:\/\/sklep.edudomo.pl\/en\/wp-json\/wp\/v2\/comments?post=4514"}],"wp:featuredmedia":[{"embeddable":true,"href":"https:\/\/sklep.edudomo.pl\/en\/wp-json\/wp\/v2\/media\/4520"}],"wp:attachment":[{"href":"https:\/\/sklep.edudomo.pl\/en\/wp-json\/wp\/v2\/media?parent=4514"}],"wp:term":[{"taxonomy":"product_brand","embeddable":true,"href":"https:\/\/sklep.edudomo.pl\/en\/wp-json\/wp\/v2\/product_brand?post=4514"},{"taxonomy":"product_cat","embeddable":true,"href":"https:\/\/sklep.edudomo.pl\/en\/wp-json\/wp\/v2\/product_cat?post=4514"},{"taxonomy":"product_tag","embeddable":true,"href":"https:\/\/sklep.edudomo.pl\/en\/wp-json\/wp\/v2\/product_tag?post=4514"}],"curies":[{"name":"wp","href":"https:\/\/api.w.org\/{rel}","templated":true}]}}