{"id":4596,"date":"2021-03-26T06:25:17","date_gmt":"2021-03-26T06:25:17","guid":{"rendered":"https:\/\/sklep.edudomo.pl\/?post_type=product&#038;p=4596"},"modified":"2025-11-25T17:20:16","modified_gmt":"2025-11-25T17:20:16","slug":"senet-egiptian-game","status":"publish","type":"product","link":"https:\/\/sklep.edudomo.pl\/en\/sklep\/senet-egiptian-game\/","title":{"rendered":"Senet. Egyptian game."},"content":{"rendered":"<p>Senet. Egyptian game.<\/p>\n<p>Po\u015bcig dw\u00f3ch graczy do za\u015bwiat\u00f3w.<\/p>\n<p>Senet \u2013najstarsza gra \u015awiata. Popularna w staro\u017cytnym Egipcie gra planszowa. Pomimo wielu bada\u0144 archeologicznych nie uda\u0142o si\u0119 pozna\u0107 zasady tej gry. Jej tradycje si\u0119ga\u0142y zamierzch\u0142ych czas\u00f3w.<\/p>\n<p>Aby gra mog\u0142a przetrwa\u0107 do dzi\u015b, wymy\u015blano r\u00f3\u017cne zasady gry nadaj\u0105c im charakter duchowy, my przedstawiamy jedn\u0105 z kilku wersji.<\/p>\n<p>Zestaw zawiera:<\/p>\n<ul>\n<li>drewniana plansza z wieczkiem, kt\u00f3ra pe\u0142ni funkcj\u0119 pude\u0142ka<\/li>\n<li>10 pionk\u00f3w przedstawiaj\u0105cych szpulki<\/li>\n<li>10 pionk\u00f3w przedstawiaj\u0105cych sto\u017cki<\/li>\n<li>4 patyki pe\u0142ni\u0105ce funkcj\u0119 kostki do gry<\/li>\n<\/ul>\n","protected":false},"excerpt":{"rendered":"<p>Senet. Egyptian game. Po\u015bcig dw\u00f3ch graczy do za\u015bwiat\u00f3w. Senet \u2013najstarsza gra \u015awiata. Popularna w staro\u017cytnym Egipcie gra planszowa. Pomimo wielu bada\u0144 archeologicznych nie uda\u0142o si\u0119 pozna\u0107 zasady tej gry. Jej tradycje si\u0119ga\u0142y zamierzch\u0142ych czas\u00f3w. Aby gra mog\u0142a przetrwa\u0107 do dzi\u015b, wymy\u015blano r\u00f3\u017cne zasady gry nadaj\u0105c im charakter duchowy, my przedstawiamy jedn\u0105 z kilku wersji. Zestaw<span class=\"read-more-faq\"><a href=\"https:\/\/sklep.edudomo.pl\/en\/sklep\/senet-egiptian-game\/\">Read More<\/a><\/span><\/p>\n","protected":false},"featured_media":4597,"comment_status":"open","ping_status":"closed","template":"","meta":[],"product_brand":[],"product_cat":[84,127,120,111],"product_tag":[126],"class_list":{"0":"post-4596","1":"product","2":"type-product","3":"status-publish","4":"has-post-thumbnail","6":"product_cat-edukacja-kosmiczna","7":"product_cat-gra","8":"product_cat-historia","9":"product_cat-religia","10":"product_tag-senet","12":"first","13":"onbackorder","14":"taxable","15":"shipping-taxable","16":"purchasable","17":"product-type-simple"},"yoast_head":"<!-- This site is optimized with the Yoast SEO plugin v26.5 - https:\/\/yoast.com\/wordpress\/plugins\/seo\/ -->\n<title>Senet. Egyptian game.<\/title>\n<meta name=\"description\" content=\"Senet. Egyptian game.Po\u015bcig dw\u00f3ch graczy do za\u015bwiat\u00f3w.Senet \u2013najstarsza gra \u015awiata. Popularna w staro\u017cytnym Egipcie gra planszowa. Pomimo wielu bada\u0144 archeologicznych nie uda\u0142o si\u0119 pozna\u0107 zasady tej gry. Jej tradycje si\u0119ga\u0142y zamierzch\u0142ych czas\u00f3w.\" \/>\n<meta name=\"robots\" content=\"index, follow, max-snippet:-1, max-image-preview:large, max-video-preview:-1\" \/>\n<link rel=\"canonical\" href=\"https:\/\/sklep.edudomo.pl\/en\/sklep\/senet-egiptian-game\/\" \/>\n<meta property=\"og:locale\" content=\"en_GB\" \/>\n<meta property=\"og:locale:alternate\" content=\"pl_PL\" \/>\n<meta property=\"og:type\" content=\"article\" \/>\n<meta property=\"og:title\" content=\"Senet. Egyptian game.\" \/>\n<meta property=\"og:description\" content=\"Senet. Egyptian game.Po\u015bcig dw\u00f3ch graczy do za\u015bwiat\u00f3w.Senet \u2013najstarsza gra \u015awiata. Popularna w staro\u017cytnym Egipcie gra planszowa. Pomimo wielu bada\u0144 archeologicznych nie uda\u0142o si\u0119 pozna\u0107 zasady tej gry. Jej tradycje si\u0119ga\u0142y zamierzch\u0142ych czas\u00f3w.\" \/>\n<meta property=\"og:url\" content=\"https:\/\/sklep.edudomo.pl\/en\/sklep\/senet-egiptian-game\/\" \/>\n<meta property=\"og:site_name\" content=\"sklep EduDoMo\" \/>\n<meta property=\"article:modified_time\" content=\"2025-11-25T17:20:16+00:00\" \/>\n<meta property=\"og:image\" content=\"https:\/\/sklep.edudomo.pl\/wp-content\/uploads\/2021\/03\/164909250_1108806716214112_2895002308896102669_n.jpg\" \/>\n\t<meta property=\"og:image:width\" content=\"828\" \/>\n\t<meta property=\"og:image:height\" content=\"854\" \/>\n\t<meta property=\"og:image:type\" content=\"image\/jpeg\" \/>\n<meta name=\"twitter:card\" content=\"summary_large_image\" \/>\n<meta name=\"twitter:label1\" content=\"Estimated reading time\" \/>\n\t<meta name=\"twitter:data1\" content=\"1 minute\" \/>\n<script type=\"application\/ld+json\" class=\"yoast-schema-graph\">{\"@context\":\"https:\/\/schema.org\",\"@graph\":[{\"@type\":\"WebPage\",\"@id\":\"https:\/\/sklep.edudomo.pl\/sklep\/senet-egiptian-game\/\",\"url\":\"https:\/\/sklep.edudomo.pl\/sklep\/senet-egiptian-game\/\",\"name\":\"Senet. Egyptian game.\",\"isPartOf\":{\"@id\":\"https:\/\/sklep.edudomo.pl\/#website\"},\"primaryImageOfPage\":{\"@id\":\"https:\/\/sklep.edudomo.pl\/sklep\/senet-egiptian-game\/#primaryimage\"},\"image\":{\"@id\":\"https:\/\/sklep.edudomo.pl\/sklep\/senet-egiptian-game\/#primaryimage\"},\"thumbnailUrl\":\"https:\/\/sklep.edudomo.pl\/wp-content\/uploads\/2021\/03\/164909250_1108806716214112_2895002308896102669_n.jpg\",\"datePublished\":\"2021-03-26T06:25:17+00:00\",\"dateModified\":\"2025-11-25T17:20:16+00:00\",\"description\":\"Senet. Egyptian game.Po\u015bcig dw\u00f3ch graczy do za\u015bwiat\u00f3w.Senet \u2013najstarsza gra \u015awiata. Popularna w staro\u017cytnym Egipcie gra planszowa. Pomimo wielu bada\u0144 archeologicznych nie uda\u0142o si\u0119 pozna\u0107 zasady tej gry. Jej tradycje si\u0119ga\u0142y zamierzch\u0142ych czas\u00f3w.\",\"breadcrumb\":{\"@id\":\"https:\/\/sklep.edudomo.pl\/sklep\/senet-egiptian-game\/#breadcrumb\"},\"inLanguage\":\"en-GB\",\"potentialAction\":[{\"@type\":\"ReadAction\",\"target\":[\"https:\/\/sklep.edudomo.pl\/sklep\/senet-egiptian-game\/\"]}]},{\"@type\":\"ImageObject\",\"inLanguage\":\"en-GB\",\"@id\":\"https:\/\/sklep.edudomo.pl\/sklep\/senet-egiptian-game\/#primaryimage\",\"url\":\"https:\/\/sklep.edudomo.pl\/wp-content\/uploads\/2021\/03\/164909250_1108806716214112_2895002308896102669_n.jpg\",\"contentUrl\":\"https:\/\/sklep.edudomo.pl\/wp-content\/uploads\/2021\/03\/164909250_1108806716214112_2895002308896102669_n.jpg\",\"width\":828,\"height\":854,\"caption\":\"Senet. Egiptian game. Po\u015bcig dw\u00f3ch graczy do za\u015bwiat\u00f3w. Senet \u2013najstarsza gra \u015awiata. Popularna w staro\u017cytnym Egipcie gra planszowa. Pomimo wielu bada\u0144 archeologicznych nie uda\u0142o si\u0119 pozna\u0107 zasady tej gry. Jej tradycje si\u0119ga\u0142y zamierzch\u0142ych czas\u00f3w.\"},{\"@type\":\"BreadcrumbList\",\"@id\":\"https:\/\/sklep.edudomo.pl\/sklep\/senet-egiptian-game\/#breadcrumb\",\"itemListElement\":[{\"@type\":\"ListItem\",\"position\":1,\"name\":\"Strona g\u0142\u00f3wna\",\"item\":\"https:\/\/sklep.edudomo.pl\/\"},{\"@type\":\"ListItem\",\"position\":2,\"name\":\"Sklep\",\"item\":\"https:\/\/sklep.edudomo.pl\/\"},{\"@type\":\"ListItem\",\"position\":3,\"name\":\"Senet. Egyptian game.\"}]},{\"@type\":\"WebSite\",\"@id\":\"https:\/\/sklep.edudomo.pl\/#website\",\"url\":\"https:\/\/sklep.edudomo.pl\/\",\"name\":\"sklep EduDoMo\",\"description\":\"Edukacja Domowa. Terapia. Wspieranie Talent&oacute;w\",\"publisher\":{\"@id\":\"https:\/\/sklep.edudomo.pl\/#organization\"},\"potentialAction\":[{\"@type\":\"SearchAction\",\"target\":{\"@type\":\"EntryPoint\",\"urlTemplate\":\"https:\/\/sklep.edudomo.pl\/?s={search_term_string}\"},\"query-input\":{\"@type\":\"PropertyValueSpecification\",\"valueRequired\":true,\"valueName\":\"search_term_string\"}}],\"inLanguage\":\"en-GB\"},{\"@type\":\"Organization\",\"@id\":\"https:\/\/sklep.edudomo.pl\/#organization\",\"name\":\"EduDoMo\",\"url\":\"https:\/\/sklep.edudomo.pl\/\",\"logo\":{\"@type\":\"ImageObject\",\"inLanguage\":\"en-GB\",\"@id\":\"https:\/\/sklep.edudomo.pl\/#\/schema\/logo\/image\/\",\"url\":\"https:\/\/sklep.edudomo.pl\/wp-content\/uploads\/2019\/11\/cropped-logo-edudomo-sowa.jpg\",\"contentUrl\":\"https:\/\/sklep.edudomo.pl\/wp-content\/uploads\/2019\/11\/cropped-logo-edudomo-sowa.jpg\",\"width\":120,\"height\":120,\"caption\":\"EduDoMo\"},\"image\":{\"@id\":\"https:\/\/sklep.edudomo.pl\/#\/schema\/logo\/image\/\"}}]}<\/script>\n<!-- \/ Yoast SEO plugin. -->","yoast_head_json":{"title":"Senet. Egyptian game.","description":"Senet. Egyptian game.Po\u015bcig dw\u00f3ch graczy do za\u015bwiat\u00f3w.Senet \u2013najstarsza gra \u015awiata. Popularna w staro\u017cytnym Egipcie gra planszowa. Pomimo wielu bada\u0144 archeologicznych nie uda\u0142o si\u0119 pozna\u0107 zasady tej gry. Jej tradycje si\u0119ga\u0142y zamierzch\u0142ych czas\u00f3w.","robots":{"index":"index","follow":"follow","max-snippet":"max-snippet:-1","max-image-preview":"max-image-preview:large","max-video-preview":"max-video-preview:-1"},"canonical":"https:\/\/sklep.edudomo.pl\/en\/sklep\/senet-egiptian-game\/","og_locale":"en_GB","og_type":"article","og_title":"[:pl]Senet. Egyptian game.[:] - sklep EduDoMo","og_description":"Senet. Egyptian game.Po\u015bcig dw\u00f3ch graczy do za\u015bwiat\u00f3w.Senet \u2013najstarsza gra \u015awiata. Popularna w staro\u017cytnym Egipcie gra planszowa. Pomimo wielu bada\u0144 archeologicznych nie uda\u0142o si\u0119 pozna\u0107 zasady tej gry. Jej tradycje si\u0119ga\u0142y zamierzch\u0142ych czas\u00f3w.","og_url":"https:\/\/sklep.edudomo.pl\/en\/sklep\/senet-egiptian-game\/","og_site_name":"sklep EduDoMo","article_modified_time":"2025-11-25T17:20:16+00:00","og_image":[{"width":828,"height":854,"url":"https:\/\/sklep.edudomo.pl\/wp-content\/uploads\/2021\/03\/164909250_1108806716214112_2895002308896102669_n.jpg","type":"image\/jpeg"}],"twitter_card":"summary_large_image","twitter_misc":{"Estimated reading time":"1 minute"},"schema":{"@context":"https:\/\/schema.org","@graph":[{"@type":"WebPage","@id":"https:\/\/sklep.edudomo.pl\/sklep\/senet-egiptian-game\/","url":"https:\/\/sklep.edudomo.pl\/sklep\/senet-egiptian-game\/","name":"Senet. Egyptian game.","isPartOf":{"@id":"https:\/\/sklep.edudomo.pl\/#website"},"primaryImageOfPage":{"@id":"https:\/\/sklep.edudomo.pl\/sklep\/senet-egiptian-game\/#primaryimage"},"image":{"@id":"https:\/\/sklep.edudomo.pl\/sklep\/senet-egiptian-game\/#primaryimage"},"thumbnailUrl":"https:\/\/sklep.edudomo.pl\/wp-content\/uploads\/2021\/03\/164909250_1108806716214112_2895002308896102669_n.jpg","datePublished":"2021-03-26T06:25:17+00:00","dateModified":"2025-11-25T17:20:16+00:00","description":"Senet. Egyptian game.Po\u015bcig dw\u00f3ch graczy do za\u015bwiat\u00f3w.Senet \u2013najstarsza gra \u015awiata. Popularna w staro\u017cytnym Egipcie gra planszowa. Pomimo wielu bada\u0144 archeologicznych nie uda\u0142o si\u0119 pozna\u0107 zasady tej gry. Jej tradycje si\u0119ga\u0142y zamierzch\u0142ych czas\u00f3w.","breadcrumb":{"@id":"https:\/\/sklep.edudomo.pl\/sklep\/senet-egiptian-game\/#breadcrumb"},"inLanguage":"en-GB","potentialAction":[{"@type":"ReadAction","target":["https:\/\/sklep.edudomo.pl\/sklep\/senet-egiptian-game\/"]}]},{"@type":"ImageObject","inLanguage":"en-GB","@id":"https:\/\/sklep.edudomo.pl\/sklep\/senet-egiptian-game\/#primaryimage","url":"https:\/\/sklep.edudomo.pl\/wp-content\/uploads\/2021\/03\/164909250_1108806716214112_2895002308896102669_n.jpg","contentUrl":"https:\/\/sklep.edudomo.pl\/wp-content\/uploads\/2021\/03\/164909250_1108806716214112_2895002308896102669_n.jpg","width":828,"height":854,"caption":"Senet. Egiptian game. Po\u015bcig dw\u00f3ch graczy do za\u015bwiat\u00f3w. Senet \u2013najstarsza gra \u015awiata. Popularna w staro\u017cytnym Egipcie gra planszowa. Pomimo wielu bada\u0144 archeologicznych nie uda\u0142o si\u0119 pozna\u0107 zasady tej gry. Jej tradycje si\u0119ga\u0142y zamierzch\u0142ych czas\u00f3w."},{"@type":"BreadcrumbList","@id":"https:\/\/sklep.edudomo.pl\/sklep\/senet-egiptian-game\/#breadcrumb","itemListElement":[{"@type":"ListItem","position":1,"name":"Strona g\u0142\u00f3wna","item":"https:\/\/sklep.edudomo.pl\/"},{"@type":"ListItem","position":2,"name":"Sklep","item":"https:\/\/sklep.edudomo.pl\/"},{"@type":"ListItem","position":3,"name":"Senet. Egyptian game."}]},{"@type":"WebSite","@id":"https:\/\/sklep.edudomo.pl\/#website","url":"https:\/\/sklep.edudomo.pl\/","name":"sklep EduDoMo","description":"Edukacja Domowa. Terapia. Wspieranie Talent&oacute;w","publisher":{"@id":"https:\/\/sklep.edudomo.pl\/#organization"},"potentialAction":[{"@type":"SearchAction","target":{"@type":"EntryPoint","urlTemplate":"https:\/\/sklep.edudomo.pl\/?s={search_term_string}"},"query-input":{"@type":"PropertyValueSpecification","valueRequired":true,"valueName":"search_term_string"}}],"inLanguage":"en-GB"},{"@type":"Organization","@id":"https:\/\/sklep.edudomo.pl\/#organization","name":"EduDoMo","url":"https:\/\/sklep.edudomo.pl\/","logo":{"@type":"ImageObject","inLanguage":"en-GB","@id":"https:\/\/sklep.edudomo.pl\/#\/schema\/logo\/image\/","url":"https:\/\/sklep.edudomo.pl\/wp-content\/uploads\/2019\/11\/cropped-logo-edudomo-sowa.jpg","contentUrl":"https:\/\/sklep.edudomo.pl\/wp-content\/uploads\/2019\/11\/cropped-logo-edudomo-sowa.jpg","width":120,"height":120,"caption":"EduDoMo"},"image":{"@id":"https:\/\/sklep.edudomo.pl\/#\/schema\/logo\/image\/"}}]}},"jetpack_sharing_enabled":true,"_links":{"self":[{"href":"https:\/\/sklep.edudomo.pl\/en\/wp-json\/wp\/v2\/product\/4596","targetHints":{"allow":["GET"]}}],"collection":[{"href":"https:\/\/sklep.edudomo.pl\/en\/wp-json\/wp\/v2\/product"}],"about":[{"href":"https:\/\/sklep.edudomo.pl\/en\/wp-json\/wp\/v2\/types\/product"}],"replies":[{"embeddable":true,"href":"https:\/\/sklep.edudomo.pl\/en\/wp-json\/wp\/v2\/comments?post=4596"}],"wp:featuredmedia":[{"embeddable":true,"href":"https:\/\/sklep.edudomo.pl\/en\/wp-json\/wp\/v2\/media\/4597"}],"wp:attachment":[{"href":"https:\/\/sklep.edudomo.pl\/en\/wp-json\/wp\/v2\/media?parent=4596"}],"wp:term":[{"taxonomy":"product_brand","embeddable":true,"href":"https:\/\/sklep.edudomo.pl\/en\/wp-json\/wp\/v2\/product_brand?post=4596"},{"taxonomy":"product_cat","embeddable":true,"href":"https:\/\/sklep.edudomo.pl\/en\/wp-json\/wp\/v2\/product_cat?post=4596"},{"taxonomy":"product_tag","embeddable":true,"href":"https:\/\/sklep.edudomo.pl\/en\/wp-json\/wp\/v2\/product_tag?post=4596"}],"curies":[{"name":"wp","href":"https:\/\/api.w.org\/{rel}","templated":true}]}}