{"id":4648,"date":"2021-04-07T11:30:35","date_gmt":"2021-04-07T11:30:35","guid":{"rendered":"https:\/\/sklep.edudomo.pl\/?post_type=product&#038;p=4648"},"modified":"2025-11-25T17:48:14","modified_gmt":"2025-11-25T17:48:14","slug":"mehen-starozytna-egipska-gra","status":"publish","type":"product","link":"https:\/\/sklep.edudomo.pl\/en\/sklep\/mehen-starozytna-egipska-gra\/","title":{"rendered":"Mehen- staro\u017cytna egipska gra"},"content":{"rendered":"<p>Mehen to staro\u017cytna egipska gra, kt\u00f3ra datowana jest na\u00a0 okres predynastyczny, przed 3100 rokiem p.n.e.<\/p>\n<p>Nazwa Mehen mo\u017ce odnosi\u0107 si\u0119 do spiralnej formy gry lub jej reprezentacji egipskiego boga-w\u0119\u017ca Mehena, kt\u00f3ra znikn\u0119\u0142a z u\u017cycia po zako\u0144czeniu Starego Pa\u0144stwa, oko\u0142o 2300 roku p.n.e.<\/p>\n<p>Wiadomo, \u017ce opr\u00f3cz Egiptu, Mehen by\u0142 r\u00f3wnie\u017c grany na Cyprze i w Jordanii, w pobli\u017cu regionu Morza Martwego, czego przyk\u0142ady znaleziono na niekt\u00f3rych tamtejszych stanowiskach<\/p>\n<p>Mehen wyr\u00f3\u017cnia\u0142 si\u0119 spo\u015br\u00f3d innych gier egipskich tym, \u017ce by\u0142a to gra wieloosobowa, w kt\u00f3r\u0105 mog\u0142o gra\u0107 maksymalnie sze\u015bciu graczy.<\/p>\n","protected":false},"excerpt":{"rendered":"<p>Mehen to staro\u017cytna egipska gra, kt\u00f3ra datowana jest na\u00a0 okres predynastyczny, przed 3100 rokiem p.n.e. Nazwa Mehen mo\u017ce odnosi\u0107 si\u0119 do spiralnej formy gry lub jej reprezentacji egipskiego boga-w\u0119\u017ca Mehena, kt\u00f3ra znikn\u0119\u0142a z u\u017cycia po zako\u0144czeniu Starego Pa\u0144stwa, oko\u0142o 2300 roku p.n.e. Wiadomo, \u017ce opr\u00f3cz Egiptu, Mehen by\u0142 r\u00f3wnie\u017c grany na Cyprze i w Jordanii,<span class=\"read-more-faq\"><a href=\"https:\/\/sklep.edudomo.pl\/en\/sklep\/mehen-starozytna-egipska-gra\/\">Read More<\/a><\/span><\/p>\n","protected":false},"featured_media":11597,"comment_status":"open","ping_status":"closed","template":"","meta":[],"product_brand":[],"product_cat":[84,127,120,111,86],"product_tag":[],"class_list":{"0":"post-4648","1":"product","2":"type-product","3":"status-publish","4":"has-post-thumbnail","6":"product_cat-edukacja-kosmiczna","7":"product_cat-gra","8":"product_cat-historia","9":"product_cat-religia","10":"product_cat-material-sensoryczny","11":"product_shipping_class-inpost-kurier-a","13":"first","14":"onbackorder","15":"taxable","16":"shipping-taxable","17":"purchasable","18":"product-type-simple"},"yoast_head":"<!-- This site is optimized with the Yoast SEO plugin v26.5 - https:\/\/yoast.com\/wordpress\/plugins\/seo\/ -->\n<title>Mehen- staro\u017cytna egipska gra<\/title>\n<meta name=\"description\" content=\"Mehen to staro\u017cytna egipska gra, kt\u00f3ra datowana jest na\u00a0 okres predynastyczny, przed 3100 rokiem p.n.e. Mehen. Gra w w\u0119\u017ca EduDoMo. Pionki to lwy i lwice.\" \/>\n<meta name=\"robots\" content=\"index, follow, max-snippet:-1, max-image-preview:large, max-video-preview:-1\" \/>\n<link rel=\"canonical\" href=\"https:\/\/sklep.edudomo.pl\/en\/sklep\/mehen-starozytna-egipska-gra\/\" \/>\n<meta property=\"og:locale\" content=\"en_GB\" \/>\n<meta property=\"og:locale:alternate\" content=\"pl_PL\" \/>\n<meta property=\"og:type\" content=\"article\" \/>\n<meta property=\"og:title\" content=\"Mehen- staro\u017cytna egipska gra\" \/>\n<meta property=\"og:description\" content=\"Mehen to staro\u017cytna egipska gra, kt\u00f3ra datowana jest na\u00a0 okres predynastyczny, przed 3100 rokiem p.n.e. Mehen. Gra w w\u0119\u017ca EduDoMo. Pionki to lwy i lwice.\" \/>\n<meta property=\"og:url\" content=\"https:\/\/sklep.edudomo.pl\/en\/sklep\/mehen-starozytna-egipska-gra\/\" \/>\n<meta property=\"og:site_name\" content=\"sklep EduDoMo\" \/>\n<meta property=\"article:modified_time\" content=\"2025-11-25T17:48:14+00:00\" \/>\n<meta property=\"og:image\" content=\"https:\/\/sklep.edudomo.pl\/wp-content\/uploads\/2021\/04\/IMG_2548-scaled.jpeg\" \/>\n\t<meta property=\"og:image:width\" content=\"2043\" \/>\n\t<meta property=\"og:image:height\" content=\"2560\" \/>\n\t<meta property=\"og:image:type\" content=\"image\/jpeg\" \/>\n<meta name=\"twitter:card\" content=\"summary_large_image\" \/>\n<meta name=\"twitter:label1\" content=\"Estimated reading time\" \/>\n\t<meta name=\"twitter:data1\" content=\"1 minute\" \/>\n<script type=\"application\/ld+json\" class=\"yoast-schema-graph\">{\"@context\":\"https:\/\/schema.org\",\"@graph\":[{\"@type\":\"WebPage\",\"@id\":\"https:\/\/sklep.edudomo.pl\/sklep\/mehen-starozytna-egipska-gra\/\",\"url\":\"https:\/\/sklep.edudomo.pl\/sklep\/mehen-starozytna-egipska-gra\/\",\"name\":\"Mehen- staro\u017cytna egipska gra\",\"isPartOf\":{\"@id\":\"https:\/\/sklep.edudomo.pl\/#website\"},\"primaryImageOfPage\":{\"@id\":\"https:\/\/sklep.edudomo.pl\/sklep\/mehen-starozytna-egipska-gra\/#primaryimage\"},\"image\":{\"@id\":\"https:\/\/sklep.edudomo.pl\/sklep\/mehen-starozytna-egipska-gra\/#primaryimage\"},\"thumbnailUrl\":\"https:\/\/sklep.edudomo.pl\/wp-content\/uploads\/2021\/04\/IMG_2548-scaled.jpeg\",\"datePublished\":\"2021-04-07T11:30:35+00:00\",\"dateModified\":\"2025-11-25T17:48:14+00:00\",\"description\":\"Mehen to staro\u017cytna egipska gra, kt\u00f3ra datowana jest na\u00a0 okres predynastyczny, przed 3100 rokiem p.n.e. Mehen. Gra w w\u0119\u017ca EduDoMo. Pionki to lwy i lwice.\",\"breadcrumb\":{\"@id\":\"https:\/\/sklep.edudomo.pl\/sklep\/mehen-starozytna-egipska-gra\/#breadcrumb\"},\"inLanguage\":\"en-GB\",\"potentialAction\":[{\"@type\":\"ReadAction\",\"target\":[\"https:\/\/sklep.edudomo.pl\/sklep\/mehen-starozytna-egipska-gra\/\"]}]},{\"@type\":\"ImageObject\",\"inLanguage\":\"en-GB\",\"@id\":\"https:\/\/sklep.edudomo.pl\/sklep\/mehen-starozytna-egipska-gra\/#primaryimage\",\"url\":\"https:\/\/sklep.edudomo.pl\/wp-content\/uploads\/2021\/04\/IMG_2548-scaled.jpeg\",\"contentUrl\":\"https:\/\/sklep.edudomo.pl\/wp-content\/uploads\/2021\/04\/IMG_2548-scaled.jpeg\",\"width\":2043,\"height\":2560},{\"@type\":\"BreadcrumbList\",\"@id\":\"https:\/\/sklep.edudomo.pl\/sklep\/mehen-starozytna-egipska-gra\/#breadcrumb\",\"itemListElement\":[{\"@type\":\"ListItem\",\"position\":1,\"name\":\"Strona g\u0142\u00f3wna\",\"item\":\"https:\/\/sklep.edudomo.pl\/\"},{\"@type\":\"ListItem\",\"position\":2,\"name\":\"Sklep\",\"item\":\"https:\/\/sklep.edudomo.pl\/\"},{\"@type\":\"ListItem\",\"position\":3,\"name\":\"Mehen- staro\u017cytna egipska gra\"}]},{\"@type\":\"WebSite\",\"@id\":\"https:\/\/sklep.edudomo.pl\/#website\",\"url\":\"https:\/\/sklep.edudomo.pl\/\",\"name\":\"sklep EduDoMo\",\"description\":\"Edukacja Domowa. Terapia. Wspieranie Talent&oacute;w\",\"publisher\":{\"@id\":\"https:\/\/sklep.edudomo.pl\/#organization\"},\"potentialAction\":[{\"@type\":\"SearchAction\",\"target\":{\"@type\":\"EntryPoint\",\"urlTemplate\":\"https:\/\/sklep.edudomo.pl\/?s={search_term_string}\"},\"query-input\":{\"@type\":\"PropertyValueSpecification\",\"valueRequired\":true,\"valueName\":\"search_term_string\"}}],\"inLanguage\":\"en-GB\"},{\"@type\":\"Organization\",\"@id\":\"https:\/\/sklep.edudomo.pl\/#organization\",\"name\":\"EduDoMo\",\"url\":\"https:\/\/sklep.edudomo.pl\/\",\"logo\":{\"@type\":\"ImageObject\",\"inLanguage\":\"en-GB\",\"@id\":\"https:\/\/sklep.edudomo.pl\/#\/schema\/logo\/image\/\",\"url\":\"https:\/\/sklep.edudomo.pl\/wp-content\/uploads\/2019\/11\/cropped-logo-edudomo-sowa.jpg\",\"contentUrl\":\"https:\/\/sklep.edudomo.pl\/wp-content\/uploads\/2019\/11\/cropped-logo-edudomo-sowa.jpg\",\"width\":120,\"height\":120,\"caption\":\"EduDoMo\"},\"image\":{\"@id\":\"https:\/\/sklep.edudomo.pl\/#\/schema\/logo\/image\/\"}}]}<\/script>\n<!-- \/ Yoast SEO plugin. -->","yoast_head_json":{"title":"Mehen- staro\u017cytna egipska gra","description":"Mehen to staro\u017cytna egipska gra, kt\u00f3ra datowana jest na\u00a0 okres predynastyczny, przed 3100 rokiem p.n.e. Mehen. Gra w w\u0119\u017ca EduDoMo. Pionki to lwy i lwice.","robots":{"index":"index","follow":"follow","max-snippet":"max-snippet:-1","max-image-preview":"max-image-preview:large","max-video-preview":"max-video-preview:-1"},"canonical":"https:\/\/sklep.edudomo.pl\/en\/sklep\/mehen-starozytna-egipska-gra\/","og_locale":"en_GB","og_type":"article","og_title":"[:pl]Mehen- staro\u017cytna egipska gra[:en]Mehen- staro\u017cytna egipska gra[:] - sklep EduDoMo","og_description":"Mehen to staro\u017cytna egipska gra, kt\u00f3ra datowana jest na\u00a0 okres predynastyczny, przed 3100 rokiem p.n.e. Mehen. Gra w w\u0119\u017ca EduDoMo. Pionki to lwy i lwice.","og_url":"https:\/\/sklep.edudomo.pl\/en\/sklep\/mehen-starozytna-egipska-gra\/","og_site_name":"sklep EduDoMo","article_modified_time":"2025-11-25T17:48:14+00:00","og_image":[{"width":2043,"height":2560,"url":"https:\/\/sklep.edudomo.pl\/wp-content\/uploads\/2021\/04\/IMG_2548-scaled.jpeg","type":"image\/jpeg"}],"twitter_card":"summary_large_image","twitter_misc":{"Estimated reading time":"1 minute"},"schema":{"@context":"https:\/\/schema.org","@graph":[{"@type":"WebPage","@id":"https:\/\/sklep.edudomo.pl\/sklep\/mehen-starozytna-egipska-gra\/","url":"https:\/\/sklep.edudomo.pl\/sklep\/mehen-starozytna-egipska-gra\/","name":"Mehen- staro\u017cytna egipska gra","isPartOf":{"@id":"https:\/\/sklep.edudomo.pl\/#website"},"primaryImageOfPage":{"@id":"https:\/\/sklep.edudomo.pl\/sklep\/mehen-starozytna-egipska-gra\/#primaryimage"},"image":{"@id":"https:\/\/sklep.edudomo.pl\/sklep\/mehen-starozytna-egipska-gra\/#primaryimage"},"thumbnailUrl":"https:\/\/sklep.edudomo.pl\/wp-content\/uploads\/2021\/04\/IMG_2548-scaled.jpeg","datePublished":"2021-04-07T11:30:35+00:00","dateModified":"2025-11-25T17:48:14+00:00","description":"Mehen to staro\u017cytna egipska gra, kt\u00f3ra datowana jest na\u00a0 okres predynastyczny, przed 3100 rokiem p.n.e. Mehen. Gra w w\u0119\u017ca EduDoMo. Pionki to lwy i lwice.","breadcrumb":{"@id":"https:\/\/sklep.edudomo.pl\/sklep\/mehen-starozytna-egipska-gra\/#breadcrumb"},"inLanguage":"en-GB","potentialAction":[{"@type":"ReadAction","target":["https:\/\/sklep.edudomo.pl\/sklep\/mehen-starozytna-egipska-gra\/"]}]},{"@type":"ImageObject","inLanguage":"en-GB","@id":"https:\/\/sklep.edudomo.pl\/sklep\/mehen-starozytna-egipska-gra\/#primaryimage","url":"https:\/\/sklep.edudomo.pl\/wp-content\/uploads\/2021\/04\/IMG_2548-scaled.jpeg","contentUrl":"https:\/\/sklep.edudomo.pl\/wp-content\/uploads\/2021\/04\/IMG_2548-scaled.jpeg","width":2043,"height":2560},{"@type":"BreadcrumbList","@id":"https:\/\/sklep.edudomo.pl\/sklep\/mehen-starozytna-egipska-gra\/#breadcrumb","itemListElement":[{"@type":"ListItem","position":1,"name":"Strona g\u0142\u00f3wna","item":"https:\/\/sklep.edudomo.pl\/"},{"@type":"ListItem","position":2,"name":"Sklep","item":"https:\/\/sklep.edudomo.pl\/"},{"@type":"ListItem","position":3,"name":"Mehen- staro\u017cytna egipska gra"}]},{"@type":"WebSite","@id":"https:\/\/sklep.edudomo.pl\/#website","url":"https:\/\/sklep.edudomo.pl\/","name":"sklep EduDoMo","description":"Edukacja Domowa. Terapia. Wspieranie Talent&oacute;w","publisher":{"@id":"https:\/\/sklep.edudomo.pl\/#organization"},"potentialAction":[{"@type":"SearchAction","target":{"@type":"EntryPoint","urlTemplate":"https:\/\/sklep.edudomo.pl\/?s={search_term_string}"},"query-input":{"@type":"PropertyValueSpecification","valueRequired":true,"valueName":"search_term_string"}}],"inLanguage":"en-GB"},{"@type":"Organization","@id":"https:\/\/sklep.edudomo.pl\/#organization","name":"EduDoMo","url":"https:\/\/sklep.edudomo.pl\/","logo":{"@type":"ImageObject","inLanguage":"en-GB","@id":"https:\/\/sklep.edudomo.pl\/#\/schema\/logo\/image\/","url":"https:\/\/sklep.edudomo.pl\/wp-content\/uploads\/2019\/11\/cropped-logo-edudomo-sowa.jpg","contentUrl":"https:\/\/sklep.edudomo.pl\/wp-content\/uploads\/2019\/11\/cropped-logo-edudomo-sowa.jpg","width":120,"height":120,"caption":"EduDoMo"},"image":{"@id":"https:\/\/sklep.edudomo.pl\/#\/schema\/logo\/image\/"}}]}},"jetpack_sharing_enabled":true,"_links":{"self":[{"href":"https:\/\/sklep.edudomo.pl\/en\/wp-json\/wp\/v2\/product\/4648","targetHints":{"allow":["GET"]}}],"collection":[{"href":"https:\/\/sklep.edudomo.pl\/en\/wp-json\/wp\/v2\/product"}],"about":[{"href":"https:\/\/sklep.edudomo.pl\/en\/wp-json\/wp\/v2\/types\/product"}],"replies":[{"embeddable":true,"href":"https:\/\/sklep.edudomo.pl\/en\/wp-json\/wp\/v2\/comments?post=4648"}],"wp:featuredmedia":[{"embeddable":true,"href":"https:\/\/sklep.edudomo.pl\/en\/wp-json\/wp\/v2\/media\/11597"}],"wp:attachment":[{"href":"https:\/\/sklep.edudomo.pl\/en\/wp-json\/wp\/v2\/media?parent=4648"}],"wp:term":[{"taxonomy":"product_brand","embeddable":true,"href":"https:\/\/sklep.edudomo.pl\/en\/wp-json\/wp\/v2\/product_brand?post=4648"},{"taxonomy":"product_cat","embeddable":true,"href":"https:\/\/sklep.edudomo.pl\/en\/wp-json\/wp\/v2\/product_cat?post=4648"},{"taxonomy":"product_tag","embeddable":true,"href":"https:\/\/sklep.edudomo.pl\/en\/wp-json\/wp\/v2\/product_tag?post=4648"}],"curies":[{"name":"wp","href":"https:\/\/api.w.org\/{rel}","templated":true}]}}