{"id":5082,"date":"2021-05-14T11:40:55","date_gmt":"2021-05-14T11:40:55","guid":{"rendered":"https:\/\/sklep.edudomo.pl\/?post_type=product&#038;p=5082"},"modified":"2025-11-25T17:18:17","modified_gmt":"2025-11-25T17:18:17","slug":"ghana-mapa-ghany-z-podzialem-na-regiony-oraz-z-dodatkowymi-elementami-wykazujacej-na-wysokosc-terenu","status":"publish","type":"product","link":"https:\/\/sklep.edudomo.pl\/en\/sklep\/ghana-mapa-ghany-z-podzialem-na-regiony-oraz-z-dodatkowymi-elementami-wykazujacej-na-wysokosc-terenu\/","title":{"rendered":"Ghana. Detailed topographical map of Ghana."},"content":{"rendered":"<p>Ghana.<\/p>\n<p>Detailed topographical map of Ghana.<\/p>\n<p>Mapa Ghany z podzia\u0142em na regiony oraz z dodatkowymi elementami wykazuj\u0105cej na wysoko\u015b\u0107 terenu.<\/p>\n","protected":false},"excerpt":{"rendered":"<p>Ghana. Detailed topographical map of Ghana. Mapa Ghany z podzia\u0142em na regiony oraz z dodatkowymi elementami wykazuj\u0105cej na wysoko\u015b\u0107 terenu.<\/p>\n","protected":false},"featured_media":5077,"comment_status":"open","ping_status":"closed","template":"","meta":[],"product_brand":[],"product_cat":[87,86],"product_tag":[128],"class_list":{"0":"post-5082","1":"product","2":"type-product","3":"status-publish","4":"has-post-thumbnail","6":"product_cat-edukacja-przyrodnicza","7":"product_cat-material-sensoryczny","8":"product_tag-ghana-detailed-topographical-map-detailed-topographical-map-of-ghana","10":"first","11":"onbackorder","12":"taxable","13":"shipping-taxable","14":"purchasable","15":"product-type-simple"},"yoast_head":"<!-- This site is optimized with the Yoast SEO plugin v26.5 - https:\/\/yoast.com\/wordpress\/plugins\/seo\/ -->\n<title>Ghana. Detailed topographical map of Ghana.<\/title>\n<meta name=\"robots\" content=\"index, follow, max-snippet:-1, max-image-preview:large, max-video-preview:-1\" \/>\n<link rel=\"canonical\" href=\"https:\/\/sklep.edudomo.pl\/en\/sklep\/ghana-mapa-ghany-z-podzialem-na-regiony-oraz-z-dodatkowymi-elementami-wykazujacej-na-wysokosc-terenu\/\" \/>\n<meta property=\"og:locale\" content=\"en_GB\" \/>\n<meta property=\"og:locale:alternate\" content=\"pl_PL\" \/>\n<meta property=\"og:type\" content=\"article\" \/>\n<meta property=\"og:title\" content=\"Ghana. Detailed topographical map of Ghana.\" \/>\n<meta property=\"og:description\" content=\"Ghana. Detailed topographical map of Ghana. Mapa Ghany z podzia\u0142em na regiony oraz z dodatkowymi elementami wykazuj\u0105cej na wysoko\u015b\u0107 terenu.\" \/>\n<meta property=\"og:url\" content=\"https:\/\/sklep.edudomo.pl\/en\/sklep\/ghana-mapa-ghany-z-podzialem-na-regiony-oraz-z-dodatkowymi-elementami-wykazujacej-na-wysokosc-terenu\/\" \/>\n<meta property=\"og:site_name\" content=\"sklep EduDoMo\" \/>\n<meta property=\"article:modified_time\" content=\"2025-11-25T17:18:17+00:00\" \/>\n<meta property=\"og:image\" content=\"https:\/\/sklep.edudomo.pl\/wp-content\/uploads\/2021\/05\/IMG_6618.jpg\" \/>\n\t<meta property=\"og:image:width\" content=\"640\" \/>\n\t<meta property=\"og:image:height\" content=\"638\" \/>\n\t<meta property=\"og:image:type\" content=\"image\/jpeg\" \/>\n<meta name=\"twitter:card\" content=\"summary_large_image\" \/>\n<meta name=\"twitter:label1\" content=\"Estimated reading time\" \/>\n\t<meta name=\"twitter:data1\" content=\"1 minute\" \/>\n<script type=\"application\/ld+json\" class=\"yoast-schema-graph\">{\"@context\":\"https:\/\/schema.org\",\"@graph\":[{\"@type\":\"WebPage\",\"@id\":\"https:\/\/sklep.edudomo.pl\/sklep\/ghana-mapa-ghany-z-podzialem-na-regiony-oraz-z-dodatkowymi-elementami-wykazujacej-na-wysokosc-terenu\/\",\"url\":\"https:\/\/sklep.edudomo.pl\/sklep\/ghana-mapa-ghany-z-podzialem-na-regiony-oraz-z-dodatkowymi-elementami-wykazujacej-na-wysokosc-terenu\/\",\"name\":\"Ghana. Detailed topographical map of Ghana.\",\"isPartOf\":{\"@id\":\"https:\/\/sklep.edudomo.pl\/#website\"},\"primaryImageOfPage\":{\"@id\":\"https:\/\/sklep.edudomo.pl\/sklep\/ghana-mapa-ghany-z-podzialem-na-regiony-oraz-z-dodatkowymi-elementami-wykazujacej-na-wysokosc-terenu\/#primaryimage\"},\"image\":{\"@id\":\"https:\/\/sklep.edudomo.pl\/sklep\/ghana-mapa-ghany-z-podzialem-na-regiony-oraz-z-dodatkowymi-elementami-wykazujacej-na-wysokosc-terenu\/#primaryimage\"},\"thumbnailUrl\":\"https:\/\/sklep.edudomo.pl\/wp-content\/uploads\/2021\/05\/IMG_6618.jpg\",\"datePublished\":\"2021-05-14T11:40:55+00:00\",\"dateModified\":\"2025-11-25T17:18:17+00:00\",\"breadcrumb\":{\"@id\":\"https:\/\/sklep.edudomo.pl\/sklep\/ghana-mapa-ghany-z-podzialem-na-regiony-oraz-z-dodatkowymi-elementami-wykazujacej-na-wysokosc-terenu\/#breadcrumb\"},\"inLanguage\":\"en-GB\",\"potentialAction\":[{\"@type\":\"ReadAction\",\"target\":[\"https:\/\/sklep.edudomo.pl\/sklep\/ghana-mapa-ghany-z-podzialem-na-regiony-oraz-z-dodatkowymi-elementami-wykazujacej-na-wysokosc-terenu\/\"]}]},{\"@type\":\"ImageObject\",\"inLanguage\":\"en-GB\",\"@id\":\"https:\/\/sklep.edudomo.pl\/sklep\/ghana-mapa-ghany-z-podzialem-na-regiony-oraz-z-dodatkowymi-elementami-wykazujacej-na-wysokosc-terenu\/#primaryimage\",\"url\":\"https:\/\/sklep.edudomo.pl\/wp-content\/uploads\/2021\/05\/IMG_6618.jpg\",\"contentUrl\":\"https:\/\/sklep.edudomo.pl\/wp-content\/uploads\/2021\/05\/IMG_6618.jpg\",\"width\":640,\"height\":638,\"caption\":\"Ghana detailed topographical map. Detailed topographical map of Ghana.\"},{\"@type\":\"BreadcrumbList\",\"@id\":\"https:\/\/sklep.edudomo.pl\/sklep\/ghana-mapa-ghany-z-podzialem-na-regiony-oraz-z-dodatkowymi-elementami-wykazujacej-na-wysokosc-terenu\/#breadcrumb\",\"itemListElement\":[{\"@type\":\"ListItem\",\"position\":1,\"name\":\"Strona g\u0142\u00f3wna\",\"item\":\"https:\/\/sklep.edudomo.pl\/\"},{\"@type\":\"ListItem\",\"position\":2,\"name\":\"Sklep\",\"item\":\"https:\/\/sklep.edudomo.pl\/\"},{\"@type\":\"ListItem\",\"position\":3,\"name\":\"Ghana. Detailed topographical map of Ghana.\"}]},{\"@type\":\"WebSite\",\"@id\":\"https:\/\/sklep.edudomo.pl\/#website\",\"url\":\"https:\/\/sklep.edudomo.pl\/\",\"name\":\"sklep EduDoMo\",\"description\":\"Edukacja Domowa. Terapia. Wspieranie Talent&oacute;w\",\"publisher\":{\"@id\":\"https:\/\/sklep.edudomo.pl\/#organization\"},\"potentialAction\":[{\"@type\":\"SearchAction\",\"target\":{\"@type\":\"EntryPoint\",\"urlTemplate\":\"https:\/\/sklep.edudomo.pl\/?s={search_term_string}\"},\"query-input\":{\"@type\":\"PropertyValueSpecification\",\"valueRequired\":true,\"valueName\":\"search_term_string\"}}],\"inLanguage\":\"en-GB\"},{\"@type\":\"Organization\",\"@id\":\"https:\/\/sklep.edudomo.pl\/#organization\",\"name\":\"EduDoMo\",\"url\":\"https:\/\/sklep.edudomo.pl\/\",\"logo\":{\"@type\":\"ImageObject\",\"inLanguage\":\"en-GB\",\"@id\":\"https:\/\/sklep.edudomo.pl\/#\/schema\/logo\/image\/\",\"url\":\"https:\/\/sklep.edudomo.pl\/wp-content\/uploads\/2019\/11\/cropped-logo-edudomo-sowa.jpg\",\"contentUrl\":\"https:\/\/sklep.edudomo.pl\/wp-content\/uploads\/2019\/11\/cropped-logo-edudomo-sowa.jpg\",\"width\":120,\"height\":120,\"caption\":\"EduDoMo\"},\"image\":{\"@id\":\"https:\/\/sklep.edudomo.pl\/#\/schema\/logo\/image\/\"}}]}<\/script>\n<!-- \/ Yoast SEO plugin. -->","yoast_head_json":{"title":"Ghana. Detailed topographical map of Ghana.","robots":{"index":"index","follow":"follow","max-snippet":"max-snippet:-1","max-image-preview":"max-image-preview:large","max-video-preview":"max-video-preview:-1"},"canonical":"https:\/\/sklep.edudomo.pl\/en\/sklep\/ghana-mapa-ghany-z-podzialem-na-regiony-oraz-z-dodatkowymi-elementami-wykazujacej-na-wysokosc-terenu\/","og_locale":"en_GB","og_type":"article","og_title":"[:pl]Ghana. Detailed topographical map of Ghana.[:] - sklep EduDoMo","og_description":"Ghana. Detailed topographical map of Ghana. Mapa Ghany z podzia\u0142em na regiony oraz z dodatkowymi elementami wykazuj\u0105cej na wysoko\u015b\u0107 terenu.","og_url":"https:\/\/sklep.edudomo.pl\/en\/sklep\/ghana-mapa-ghany-z-podzialem-na-regiony-oraz-z-dodatkowymi-elementami-wykazujacej-na-wysokosc-terenu\/","og_site_name":"sklep EduDoMo","article_modified_time":"2025-11-25T17:18:17+00:00","og_image":[{"width":640,"height":638,"url":"https:\/\/sklep.edudomo.pl\/wp-content\/uploads\/2021\/05\/IMG_6618.jpg","type":"image\/jpeg"}],"twitter_card":"summary_large_image","twitter_misc":{"Estimated reading time":"1 minute"},"schema":{"@context":"https:\/\/schema.org","@graph":[{"@type":"WebPage","@id":"https:\/\/sklep.edudomo.pl\/sklep\/ghana-mapa-ghany-z-podzialem-na-regiony-oraz-z-dodatkowymi-elementami-wykazujacej-na-wysokosc-terenu\/","url":"https:\/\/sklep.edudomo.pl\/sklep\/ghana-mapa-ghany-z-podzialem-na-regiony-oraz-z-dodatkowymi-elementami-wykazujacej-na-wysokosc-terenu\/","name":"Ghana. Detailed topographical map of Ghana.","isPartOf":{"@id":"https:\/\/sklep.edudomo.pl\/#website"},"primaryImageOfPage":{"@id":"https:\/\/sklep.edudomo.pl\/sklep\/ghana-mapa-ghany-z-podzialem-na-regiony-oraz-z-dodatkowymi-elementami-wykazujacej-na-wysokosc-terenu\/#primaryimage"},"image":{"@id":"https:\/\/sklep.edudomo.pl\/sklep\/ghana-mapa-ghany-z-podzialem-na-regiony-oraz-z-dodatkowymi-elementami-wykazujacej-na-wysokosc-terenu\/#primaryimage"},"thumbnailUrl":"https:\/\/sklep.edudomo.pl\/wp-content\/uploads\/2021\/05\/IMG_6618.jpg","datePublished":"2021-05-14T11:40:55+00:00","dateModified":"2025-11-25T17:18:17+00:00","breadcrumb":{"@id":"https:\/\/sklep.edudomo.pl\/sklep\/ghana-mapa-ghany-z-podzialem-na-regiony-oraz-z-dodatkowymi-elementami-wykazujacej-na-wysokosc-terenu\/#breadcrumb"},"inLanguage":"en-GB","potentialAction":[{"@type":"ReadAction","target":["https:\/\/sklep.edudomo.pl\/sklep\/ghana-mapa-ghany-z-podzialem-na-regiony-oraz-z-dodatkowymi-elementami-wykazujacej-na-wysokosc-terenu\/"]}]},{"@type":"ImageObject","inLanguage":"en-GB","@id":"https:\/\/sklep.edudomo.pl\/sklep\/ghana-mapa-ghany-z-podzialem-na-regiony-oraz-z-dodatkowymi-elementami-wykazujacej-na-wysokosc-terenu\/#primaryimage","url":"https:\/\/sklep.edudomo.pl\/wp-content\/uploads\/2021\/05\/IMG_6618.jpg","contentUrl":"https:\/\/sklep.edudomo.pl\/wp-content\/uploads\/2021\/05\/IMG_6618.jpg","width":640,"height":638,"caption":"Ghana detailed topographical map. Detailed topographical map of Ghana."},{"@type":"BreadcrumbList","@id":"https:\/\/sklep.edudomo.pl\/sklep\/ghana-mapa-ghany-z-podzialem-na-regiony-oraz-z-dodatkowymi-elementami-wykazujacej-na-wysokosc-terenu\/#breadcrumb","itemListElement":[{"@type":"ListItem","position":1,"name":"Strona g\u0142\u00f3wna","item":"https:\/\/sklep.edudomo.pl\/"},{"@type":"ListItem","position":2,"name":"Sklep","item":"https:\/\/sklep.edudomo.pl\/"},{"@type":"ListItem","position":3,"name":"Ghana. Detailed topographical map of Ghana."}]},{"@type":"WebSite","@id":"https:\/\/sklep.edudomo.pl\/#website","url":"https:\/\/sklep.edudomo.pl\/","name":"sklep EduDoMo","description":"Edukacja Domowa. Terapia. Wspieranie Talent&oacute;w","publisher":{"@id":"https:\/\/sklep.edudomo.pl\/#organization"},"potentialAction":[{"@type":"SearchAction","target":{"@type":"EntryPoint","urlTemplate":"https:\/\/sklep.edudomo.pl\/?s={search_term_string}"},"query-input":{"@type":"PropertyValueSpecification","valueRequired":true,"valueName":"search_term_string"}}],"inLanguage":"en-GB"},{"@type":"Organization","@id":"https:\/\/sklep.edudomo.pl\/#organization","name":"EduDoMo","url":"https:\/\/sklep.edudomo.pl\/","logo":{"@type":"ImageObject","inLanguage":"en-GB","@id":"https:\/\/sklep.edudomo.pl\/#\/schema\/logo\/image\/","url":"https:\/\/sklep.edudomo.pl\/wp-content\/uploads\/2019\/11\/cropped-logo-edudomo-sowa.jpg","contentUrl":"https:\/\/sklep.edudomo.pl\/wp-content\/uploads\/2019\/11\/cropped-logo-edudomo-sowa.jpg","width":120,"height":120,"caption":"EduDoMo"},"image":{"@id":"https:\/\/sklep.edudomo.pl\/#\/schema\/logo\/image\/"}}]}},"jetpack_sharing_enabled":true,"_links":{"self":[{"href":"https:\/\/sklep.edudomo.pl\/en\/wp-json\/wp\/v2\/product\/5082","targetHints":{"allow":["GET"]}}],"collection":[{"href":"https:\/\/sklep.edudomo.pl\/en\/wp-json\/wp\/v2\/product"}],"about":[{"href":"https:\/\/sklep.edudomo.pl\/en\/wp-json\/wp\/v2\/types\/product"}],"replies":[{"embeddable":true,"href":"https:\/\/sklep.edudomo.pl\/en\/wp-json\/wp\/v2\/comments?post=5082"}],"wp:featuredmedia":[{"embeddable":true,"href":"https:\/\/sklep.edudomo.pl\/en\/wp-json\/wp\/v2\/media\/5077"}],"wp:attachment":[{"href":"https:\/\/sklep.edudomo.pl\/en\/wp-json\/wp\/v2\/media?parent=5082"}],"wp:term":[{"taxonomy":"product_brand","embeddable":true,"href":"https:\/\/sklep.edudomo.pl\/en\/wp-json\/wp\/v2\/product_brand?post=5082"},{"taxonomy":"product_cat","embeddable":true,"href":"https:\/\/sklep.edudomo.pl\/en\/wp-json\/wp\/v2\/product_cat?post=5082"},{"taxonomy":"product_tag","embeddable":true,"href":"https:\/\/sklep.edudomo.pl\/en\/wp-json\/wp\/v2\/product_tag?post=5082"}],"curies":[{"name":"wp","href":"https:\/\/api.w.org\/{rel}","templated":true}]}}