{"id":512,"date":"2019-11-29T23:14:24","date_gmt":"2019-11-29T23:14:24","guid":{"rendered":"https:\/\/sklep.edudomo.pl\/?post_type=product&#038;p=512"},"modified":"2025-11-25T17:35:18","modified_gmt":"2025-11-25T17:35:18","slug":"labolatorium-dzwiekow","status":"publish","type":"product","link":"https:\/\/sklep.edudomo.pl\/en\/sklep\/labolatorium-dzwiekow\/","title":{"rendered":"Laboratorium d\u017awi\u0119k\u00f3w. Sound laboratory (bez koralik\u00f3w)"},"content":{"rendered":"<p>Laboratorium d\u017awi\u0119k\u00f3w\u00a0 to \u0107wiczenia z gam\u0105 C-dur na pi\u0119ciolinii.<\/p>\n<p>Instrukcja:<\/p>\n<p>\u201eLaboratorium d\u017awi\u0119k\u00f3w\u201d to propozycja zabawy nie tylko na nauk\u0119 i utrwalenie d\u017awi\u0119k\u00f3w z GAMY C-dur, ale i na\u015bladowanie, tworzenie w\u0142asnych kompozycji.<\/p>\n<p>R\u00f3wnie\u017c uk\u0142adanka sprawdzi si\u0119 w nie jednym gabinecie terapeutycznym.<\/p>\n<p>Plansza dla ucznia przedstawia pi\u0119ciolini\u0119 z kluczem wiolinowym, na kt\u00f3rej s\u0105 otwory s\u0142u\u017c\u0105ce na osadzenie kulek: nut.<\/p>\n<p>Wykonuj\u0105c \u0107wiczenia, ucze\u0144 doskonali swoje umiej\u0119tno\u015bci manualne (chwyt pensetowy) oraz koordynacji wzrokowo-ruchowych.<\/p>\n<p>Ponad to jest to znakomita pomoc do \u0107wicze\u0144 lewop\u00f3\u0142kulowych, g\u0142\u00f3wnie: analiz\u0119, przetwarzanie linearnie, porz\u0105dkowanie sekwencji, wykrywanie relacji oraz kodowanie a to wszystko ma ogromny wp\u0142yw na: mow\u0119, czytanie, pisanie i funkcje intelektualne.<\/p>\n<p>Linearno\u015b\u0107\u00a0 \u0142\u0105czy wszystkie te \u0107wiczenia. Polega na porz\u0105dkowaniu element\u00f3w krok po kroku, od lewej strony do prawej.<\/p>\n<p>&nbsp;<\/p>\n<p>Zestaw zawiera:<\/p>\n<p>-plansz\u0119 z pi\u0119ciolini\u0105 z miejscami na nuty: kulki oraz odpowiednie miejsce na tafelki<\/p>\n<p>-tefelki (podpisy literowe oraz solmizacyjne)<\/p>\n<p>\/ zestaw nie zawiera kulek\/<\/p>\n","protected":false},"excerpt":{"rendered":"<p>Laboratorium d\u017awi\u0119k\u00f3w\u00a0 to \u0107wiczenia z gam\u0105 C-dur na pi\u0119ciolinii. Instrukcja: \u201eLaboratorium d\u017awi\u0119k\u00f3w\u201d to propozycja zabawy nie tylko na nauk\u0119 i utrwalenie d\u017awi\u0119k\u00f3w z GAMY C-dur, ale i na\u015bladowanie, tworzenie w\u0142asnych kompozycji. R\u00f3wnie\u017c uk\u0142adanka sprawdzi si\u0119 w nie jednym gabinecie terapeutycznym. Plansza dla ucznia przedstawia pi\u0119ciolini\u0119 z kluczem wiolinowym, na kt\u00f3rej s\u0105 otwory s\u0142u\u017c\u0105ce na osadzenie<span class=\"read-more-faq\"><a href=\"https:\/\/sklep.edudomo.pl\/en\/sklep\/labolatorium-dzwiekow\/\">Read More<\/a><\/span><\/p>\n","protected":false},"featured_media":5085,"comment_status":"open","ping_status":"closed","template":"","meta":[],"product_brand":[],"product_cat":[89],"product_tag":[],"class_list":{"0":"post-512","1":"product","2":"type-product","3":"status-publish","4":"has-post-thumbnail","6":"product_cat-edukacja-muzyczna","7":"product_shipping_class-inpost-kurier-a","9":"first","10":"onbackorder","11":"taxable","12":"shipping-taxable","13":"purchasable","14":"product-type-simple"},"yoast_head":"<!-- This site is optimized with the Yoast SEO plugin v26.5 - https:\/\/yoast.com\/wordpress\/plugins\/seo\/ -->\n<title>Laboratorium d\u017awi\u0119k\u00f3w. Sound laboratory (bez koralik\u00f3w)<\/title>\n<meta name=\"description\" content=\"Labolatorium d\u017awi\u0119k\u00f3w\u00a0 to \u0107wiczenia z pi\u0119ciolini\u0105 i gam\u0105 C-dur. Sklep EduDoMo.pl. Pomoce dydaktyczne, edukacyjne, terapeutyczne.\" \/>\n<meta name=\"robots\" content=\"index, follow, max-snippet:-1, max-image-preview:large, max-video-preview:-1\" \/>\n<link rel=\"canonical\" href=\"https:\/\/sklep.edudomo.pl\/en\/sklep\/labolatorium-dzwiekow\/\" \/>\n<meta property=\"og:locale\" content=\"en_GB\" \/>\n<meta property=\"og:locale:alternate\" content=\"pl_PL\" \/>\n<meta property=\"og:type\" content=\"article\" \/>\n<meta property=\"og:title\" content=\"Laboratorium d\u017awi\u0119k\u00f3w. Sound laboratory (bez koralik\u00f3w)\" \/>\n<meta property=\"og:description\" content=\"Labolatorium d\u017awi\u0119k\u00f3w\u00a0 to \u0107wiczenia z pi\u0119ciolini\u0105 i gam\u0105 C-dur. Sklep EduDoMo.pl. Pomoce dydaktyczne, edukacyjne, terapeutyczne.\" \/>\n<meta property=\"og:url\" content=\"https:\/\/sklep.edudomo.pl\/en\/sklep\/labolatorium-dzwiekow\/\" \/>\n<meta property=\"og:site_name\" content=\"sklep EduDoMo\" \/>\n<meta property=\"article:modified_time\" content=\"2025-11-25T17:35:18+00:00\" \/>\n<meta property=\"og:image\" content=\"https:\/\/sklep.edudomo.pl\/wp-content\/uploads\/2019\/11\/IMG_6642.jpg\" \/>\n\t<meta property=\"og:image:width\" content=\"640\" \/>\n\t<meta property=\"og:image:height\" content=\"491\" \/>\n\t<meta property=\"og:image:type\" content=\"image\/jpeg\" \/>\n<meta name=\"twitter:card\" content=\"summary_large_image\" \/>\n<meta name=\"twitter:label1\" content=\"Estimated reading time\" \/>\n\t<meta name=\"twitter:data1\" content=\"2 minutes\" \/>\n<script type=\"application\/ld+json\" class=\"yoast-schema-graph\">{\"@context\":\"https:\/\/schema.org\",\"@graph\":[{\"@type\":\"WebPage\",\"@id\":\"https:\/\/sklep.edudomo.pl\/sklep\/labolatorium-dzwiekow\/\",\"url\":\"https:\/\/sklep.edudomo.pl\/sklep\/labolatorium-dzwiekow\/\",\"name\":\"Laboratorium d\u017awi\u0119k\u00f3w. Sound laboratory (bez koralik\u00f3w)\",\"isPartOf\":{\"@id\":\"https:\/\/sklep.edudomo.pl\/#website\"},\"primaryImageOfPage\":{\"@id\":\"https:\/\/sklep.edudomo.pl\/sklep\/labolatorium-dzwiekow\/#primaryimage\"},\"image\":{\"@id\":\"https:\/\/sklep.edudomo.pl\/sklep\/labolatorium-dzwiekow\/#primaryimage\"},\"thumbnailUrl\":\"https:\/\/sklep.edudomo.pl\/wp-content\/uploads\/2019\/11\/IMG_6642.jpg\",\"datePublished\":\"2019-11-29T23:14:24+00:00\",\"dateModified\":\"2025-11-25T17:35:18+00:00\",\"description\":\"Labolatorium d\u017awi\u0119k\u00f3w\u00a0 to \u0107wiczenia z pi\u0119ciolini\u0105 i gam\u0105 C-dur. Sklep EduDoMo.pl. Pomoce dydaktyczne, edukacyjne, terapeutyczne.\",\"breadcrumb\":{\"@id\":\"https:\/\/sklep.edudomo.pl\/sklep\/labolatorium-dzwiekow\/#breadcrumb\"},\"inLanguage\":\"en-GB\",\"potentialAction\":[{\"@type\":\"ReadAction\",\"target\":[\"https:\/\/sklep.edudomo.pl\/sklep\/labolatorium-dzwiekow\/\"]}]},{\"@type\":\"ImageObject\",\"inLanguage\":\"en-GB\",\"@id\":\"https:\/\/sklep.edudomo.pl\/sklep\/labolatorium-dzwiekow\/#primaryimage\",\"url\":\"https:\/\/sklep.edudomo.pl\/wp-content\/uploads\/2019\/11\/IMG_6642.jpg\",\"contentUrl\":\"https:\/\/sklep.edudomo.pl\/wp-content\/uploads\/2019\/11\/IMG_6642.jpg\",\"width\":640,\"height\":491,\"caption\":\"Sound Laboratory\"},{\"@type\":\"BreadcrumbList\",\"@id\":\"https:\/\/sklep.edudomo.pl\/sklep\/labolatorium-dzwiekow\/#breadcrumb\",\"itemListElement\":[{\"@type\":\"ListItem\",\"position\":1,\"name\":\"Strona g\u0142\u00f3wna\",\"item\":\"https:\/\/sklep.edudomo.pl\/\"},{\"@type\":\"ListItem\",\"position\":2,\"name\":\"Sklep\",\"item\":\"https:\/\/sklep.edudomo.pl\/\"},{\"@type\":\"ListItem\",\"position\":3,\"name\":\"Laboratorium d\u017awi\u0119k\u00f3w. Sound laboratory (bez koralik\u00f3w)\"}]},{\"@type\":\"WebSite\",\"@id\":\"https:\/\/sklep.edudomo.pl\/#website\",\"url\":\"https:\/\/sklep.edudomo.pl\/\",\"name\":\"sklep EduDoMo\",\"description\":\"Edukacja Domowa. Terapia. Wspieranie Talent&oacute;w\",\"publisher\":{\"@id\":\"https:\/\/sklep.edudomo.pl\/#organization\"},\"potentialAction\":[{\"@type\":\"SearchAction\",\"target\":{\"@type\":\"EntryPoint\",\"urlTemplate\":\"https:\/\/sklep.edudomo.pl\/?s={search_term_string}\"},\"query-input\":{\"@type\":\"PropertyValueSpecification\",\"valueRequired\":true,\"valueName\":\"search_term_string\"}}],\"inLanguage\":\"en-GB\"},{\"@type\":\"Organization\",\"@id\":\"https:\/\/sklep.edudomo.pl\/#organization\",\"name\":\"EduDoMo\",\"url\":\"https:\/\/sklep.edudomo.pl\/\",\"logo\":{\"@type\":\"ImageObject\",\"inLanguage\":\"en-GB\",\"@id\":\"https:\/\/sklep.edudomo.pl\/#\/schema\/logo\/image\/\",\"url\":\"https:\/\/sklep.edudomo.pl\/wp-content\/uploads\/2019\/11\/cropped-logo-edudomo-sowa.jpg\",\"contentUrl\":\"https:\/\/sklep.edudomo.pl\/wp-content\/uploads\/2019\/11\/cropped-logo-edudomo-sowa.jpg\",\"width\":120,\"height\":120,\"caption\":\"EduDoMo\"},\"image\":{\"@id\":\"https:\/\/sklep.edudomo.pl\/#\/schema\/logo\/image\/\"}}]}<\/script>\n<!-- \/ Yoast SEO plugin. -->","yoast_head_json":{"title":"Laboratorium d\u017awi\u0119k\u00f3w. Sound laboratory (bez koralik\u00f3w)","description":"Labolatorium d\u017awi\u0119k\u00f3w\u00a0 to \u0107wiczenia z pi\u0119ciolini\u0105 i gam\u0105 C-dur. Sklep EduDoMo.pl. Pomoce dydaktyczne, edukacyjne, terapeutyczne.","robots":{"index":"index","follow":"follow","max-snippet":"max-snippet:-1","max-image-preview":"max-image-preview:large","max-video-preview":"max-video-preview:-1"},"canonical":"https:\/\/sklep.edudomo.pl\/en\/sklep\/labolatorium-dzwiekow\/","og_locale":"en_GB","og_type":"article","og_title":"[:pl]Laboratorium d\u017awi\u0119k\u00f3w. Sound laboratory (bez koralik\u00f3w)[:] - sklep EduDoMo","og_description":"Labolatorium d\u017awi\u0119k\u00f3w\u00a0 to \u0107wiczenia z pi\u0119ciolini\u0105 i gam\u0105 C-dur. Sklep EduDoMo.pl. Pomoce dydaktyczne, edukacyjne, terapeutyczne.","og_url":"https:\/\/sklep.edudomo.pl\/en\/sklep\/labolatorium-dzwiekow\/","og_site_name":"sklep EduDoMo","article_modified_time":"2025-11-25T17:35:18+00:00","og_image":[{"width":640,"height":491,"url":"https:\/\/sklep.edudomo.pl\/wp-content\/uploads\/2019\/11\/IMG_6642.jpg","type":"image\/jpeg"}],"twitter_card":"summary_large_image","twitter_misc":{"Estimated reading time":"2 minutes"},"schema":{"@context":"https:\/\/schema.org","@graph":[{"@type":"WebPage","@id":"https:\/\/sklep.edudomo.pl\/sklep\/labolatorium-dzwiekow\/","url":"https:\/\/sklep.edudomo.pl\/sklep\/labolatorium-dzwiekow\/","name":"Laboratorium d\u017awi\u0119k\u00f3w. Sound laboratory (bez koralik\u00f3w)","isPartOf":{"@id":"https:\/\/sklep.edudomo.pl\/#website"},"primaryImageOfPage":{"@id":"https:\/\/sklep.edudomo.pl\/sklep\/labolatorium-dzwiekow\/#primaryimage"},"image":{"@id":"https:\/\/sklep.edudomo.pl\/sklep\/labolatorium-dzwiekow\/#primaryimage"},"thumbnailUrl":"https:\/\/sklep.edudomo.pl\/wp-content\/uploads\/2019\/11\/IMG_6642.jpg","datePublished":"2019-11-29T23:14:24+00:00","dateModified":"2025-11-25T17:35:18+00:00","description":"Labolatorium d\u017awi\u0119k\u00f3w\u00a0 to \u0107wiczenia z pi\u0119ciolini\u0105 i gam\u0105 C-dur. Sklep EduDoMo.pl. Pomoce dydaktyczne, edukacyjne, terapeutyczne.","breadcrumb":{"@id":"https:\/\/sklep.edudomo.pl\/sklep\/labolatorium-dzwiekow\/#breadcrumb"},"inLanguage":"en-GB","potentialAction":[{"@type":"ReadAction","target":["https:\/\/sklep.edudomo.pl\/sklep\/labolatorium-dzwiekow\/"]}]},{"@type":"ImageObject","inLanguage":"en-GB","@id":"https:\/\/sklep.edudomo.pl\/sklep\/labolatorium-dzwiekow\/#primaryimage","url":"https:\/\/sklep.edudomo.pl\/wp-content\/uploads\/2019\/11\/IMG_6642.jpg","contentUrl":"https:\/\/sklep.edudomo.pl\/wp-content\/uploads\/2019\/11\/IMG_6642.jpg","width":640,"height":491,"caption":"Sound Laboratory"},{"@type":"BreadcrumbList","@id":"https:\/\/sklep.edudomo.pl\/sklep\/labolatorium-dzwiekow\/#breadcrumb","itemListElement":[{"@type":"ListItem","position":1,"name":"Strona g\u0142\u00f3wna","item":"https:\/\/sklep.edudomo.pl\/"},{"@type":"ListItem","position":2,"name":"Sklep","item":"https:\/\/sklep.edudomo.pl\/"},{"@type":"ListItem","position":3,"name":"Laboratorium d\u017awi\u0119k\u00f3w. Sound laboratory (bez koralik\u00f3w)"}]},{"@type":"WebSite","@id":"https:\/\/sklep.edudomo.pl\/#website","url":"https:\/\/sklep.edudomo.pl\/","name":"sklep EduDoMo","description":"Edukacja Domowa. Terapia. Wspieranie Talent&oacute;w","publisher":{"@id":"https:\/\/sklep.edudomo.pl\/#organization"},"potentialAction":[{"@type":"SearchAction","target":{"@type":"EntryPoint","urlTemplate":"https:\/\/sklep.edudomo.pl\/?s={search_term_string}"},"query-input":{"@type":"PropertyValueSpecification","valueRequired":true,"valueName":"search_term_string"}}],"inLanguage":"en-GB"},{"@type":"Organization","@id":"https:\/\/sklep.edudomo.pl\/#organization","name":"EduDoMo","url":"https:\/\/sklep.edudomo.pl\/","logo":{"@type":"ImageObject","inLanguage":"en-GB","@id":"https:\/\/sklep.edudomo.pl\/#\/schema\/logo\/image\/","url":"https:\/\/sklep.edudomo.pl\/wp-content\/uploads\/2019\/11\/cropped-logo-edudomo-sowa.jpg","contentUrl":"https:\/\/sklep.edudomo.pl\/wp-content\/uploads\/2019\/11\/cropped-logo-edudomo-sowa.jpg","width":120,"height":120,"caption":"EduDoMo"},"image":{"@id":"https:\/\/sklep.edudomo.pl\/#\/schema\/logo\/image\/"}}]}},"jetpack_sharing_enabled":true,"_links":{"self":[{"href":"https:\/\/sklep.edudomo.pl\/en\/wp-json\/wp\/v2\/product\/512","targetHints":{"allow":["GET"]}}],"collection":[{"href":"https:\/\/sklep.edudomo.pl\/en\/wp-json\/wp\/v2\/product"}],"about":[{"href":"https:\/\/sklep.edudomo.pl\/en\/wp-json\/wp\/v2\/types\/product"}],"replies":[{"embeddable":true,"href":"https:\/\/sklep.edudomo.pl\/en\/wp-json\/wp\/v2\/comments?post=512"}],"wp:featuredmedia":[{"embeddable":true,"href":"https:\/\/sklep.edudomo.pl\/en\/wp-json\/wp\/v2\/media\/5085"}],"wp:attachment":[{"href":"https:\/\/sklep.edudomo.pl\/en\/wp-json\/wp\/v2\/media?parent=512"}],"wp:term":[{"taxonomy":"product_brand","embeddable":true,"href":"https:\/\/sklep.edudomo.pl\/en\/wp-json\/wp\/v2\/product_brand?post=512"},{"taxonomy":"product_cat","embeddable":true,"href":"https:\/\/sklep.edudomo.pl\/en\/wp-json\/wp\/v2\/product_cat?post=512"},{"taxonomy":"product_tag","embeddable":true,"href":"https:\/\/sklep.edudomo.pl\/en\/wp-json\/wp\/v2\/product_tag?post=512"}],"curies":[{"name":"wp","href":"https:\/\/api.w.org\/{rel}","templated":true}]}}