{"id":5158,"date":"2021-05-22T21:05:18","date_gmt":"2021-05-22T21:05:18","guid":{"rendered":"https:\/\/sklep.edudomo.pl\/?post_type=product&#038;p=5158"},"modified":"2025-11-25T17:17:42","modified_gmt":"2025-11-25T17:17:42","slug":"komorka-zwierzeca-nowosc","status":"publish","type":"product","link":"https:\/\/sklep.edudomo.pl\/en\/sklep\/komorka-zwierzeca-nowosc\/","title":{"rendered":"Kom\u00f3rka zwierz\u0119ca."},"content":{"rendered":"<p>Kom\u00f3rka zwierz\u0119ca. Budowa<\/p>\n<p>Uk\u0142adanka edukacyjna przedstawiaj\u0105ca przekr\u00f3j kom\u00f3rki zwierz\u0119cej podzielonej na elementy.<\/p>\n<p>Po wyj\u0119ciu element\u00f3w z ilustracj\u0105, widniej\u0105 na planszy ich nazwy.<\/p>\n<p>Ruchome elementy s\u0105 wy\u017csze, tak aby z \u0142atwo\u015bci\u0105 mo\u017cna by\u0142o je wyj\u0105\u0107.<\/p>\n<p>-plansza o wymiarach 29cm x 29cm<\/p>\n","protected":false},"excerpt":{"rendered":"<p>Kom\u00f3rka zwierz\u0119ca. Budowa Uk\u0142adanka edukacyjna przedstawiaj\u0105ca przekr\u00f3j kom\u00f3rki zwierz\u0119cej podzielonej na elementy. Po wyj\u0119ciu element\u00f3w z ilustracj\u0105, widniej\u0105 na planszy ich nazwy. Ruchome elementy s\u0105 wy\u017csze, tak aby z \u0142atwo\u015bci\u0105 mo\u017cna by\u0142o je wyj\u0105\u0107. -plansza o wymiarach 29cm x 29cm<\/p>\n","protected":false},"featured_media":9221,"comment_status":"open","ping_status":"closed","template":"","meta":[],"product_brand":[],"product_cat":[87,86],"product_tag":[129],"class_list":{"0":"post-5158","1":"product","2":"type-product","3":"status-publish","4":"has-post-thumbnail","6":"product_cat-edukacja-przyrodnicza","7":"product_cat-material-sensoryczny","8":"product_tag-komorka-zwierzeca-edudomo","9":"product_shipping_class-inpost-kurier-a","11":"first","12":"onbackorder","13":"taxable","14":"shipping-taxable","15":"purchasable","16":"product-type-simple"},"yoast_head":"<!-- This site is optimized with the Yoast SEO plugin v26.5 - https:\/\/yoast.com\/wordpress\/plugins\/seo\/ -->\n<title>Kom\u00f3rka zwierz\u0119ca.<\/title>\n<meta name=\"description\" content=\"Kom\u00f3rka zwierz\u0119ca. Uk\u0142adanka edukacyjna przedstawiaj\u0105ca przekr\u00f3j kom\u00f3rki zwierz\u0119cej podzielonej na elementy.Po wyj\u0119ciu element\u00f3w z ilustracj\u0105, widniej\u0105 na planszy ich nazwy.Element przedstawiaj\u0105cy j\u0105dro kom\u00f3rkowe jest wy\u017cszy, tak aby reszt\u0119 element\u00f3w z \u0142atwo\u015bci\u0105 mo\u017cna by\u0142o wyj\u0105\u0107.\" \/>\n<meta name=\"robots\" content=\"index, follow, max-snippet:-1, max-image-preview:large, max-video-preview:-1\" \/>\n<link rel=\"canonical\" href=\"https:\/\/sklep.edudomo.pl\/en\/sklep\/komorka-zwierzeca-nowosc\/\" \/>\n<meta property=\"og:locale\" content=\"en_GB\" \/>\n<meta property=\"og:locale:alternate\" content=\"pl_PL\" \/>\n<meta property=\"og:type\" content=\"article\" \/>\n<meta property=\"og:title\" content=\"Kom\u00f3rka zwierz\u0119ca.\" \/>\n<meta property=\"og:description\" content=\"Kom\u00f3rka zwierz\u0119ca. Uk\u0142adanka edukacyjna przedstawiaj\u0105ca przekr\u00f3j kom\u00f3rki zwierz\u0119cej podzielonej na elementy.Po wyj\u0119ciu element\u00f3w z ilustracj\u0105, widniej\u0105 na planszy ich nazwy.Element przedstawiaj\u0105cy j\u0105dro kom\u00f3rkowe jest wy\u017cszy, tak aby reszt\u0119 element\u00f3w z \u0142atwo\u015bci\u0105 mo\u017cna by\u0142o wyj\u0105\u0107.\" \/>\n<meta property=\"og:url\" content=\"https:\/\/sklep.edudomo.pl\/en\/sklep\/komorka-zwierzeca-nowosc\/\" \/>\n<meta property=\"og:site_name\" content=\"sklep EduDoMo\" \/>\n<meta property=\"article:modified_time\" content=\"2025-11-25T17:17:42+00:00\" \/>\n<meta property=\"og:image\" content=\"https:\/\/sklep.edudomo.pl\/wp-content\/uploads\/2022\/07\/IMG_6259.jpg\" \/>\n\t<meta property=\"og:image:width\" content=\"612\" \/>\n\t<meta property=\"og:image:height\" content=\"640\" \/>\n\t<meta property=\"og:image:type\" content=\"image\/jpeg\" \/>\n<meta name=\"twitter:card\" content=\"summary_large_image\" \/>\n<meta name=\"twitter:label1\" content=\"Estimated reading time\" \/>\n\t<meta name=\"twitter:data1\" content=\"1 minute\" \/>\n<script type=\"application\/ld+json\" class=\"yoast-schema-graph\">{\"@context\":\"https:\/\/schema.org\",\"@graph\":[{\"@type\":\"WebPage\",\"@id\":\"https:\/\/sklep.edudomo.pl\/sklep\/komorka-zwierzeca-nowosc\/\",\"url\":\"https:\/\/sklep.edudomo.pl\/sklep\/komorka-zwierzeca-nowosc\/\",\"name\":\"Kom\u00f3rka zwierz\u0119ca.\",\"isPartOf\":{\"@id\":\"https:\/\/sklep.edudomo.pl\/#website\"},\"primaryImageOfPage\":{\"@id\":\"https:\/\/sklep.edudomo.pl\/sklep\/komorka-zwierzeca-nowosc\/#primaryimage\"},\"image\":{\"@id\":\"https:\/\/sklep.edudomo.pl\/sklep\/komorka-zwierzeca-nowosc\/#primaryimage\"},\"thumbnailUrl\":\"https:\/\/sklep.edudomo.pl\/wp-content\/uploads\/2022\/07\/IMG_6259.jpg\",\"datePublished\":\"2021-05-22T21:05:18+00:00\",\"dateModified\":\"2025-11-25T17:17:42+00:00\",\"description\":\"Kom\u00f3rka zwierz\u0119ca. Uk\u0142adanka edukacyjna przedstawiaj\u0105ca przekr\u00f3j kom\u00f3rki zwierz\u0119cej podzielonej na elementy.Po wyj\u0119ciu element\u00f3w z ilustracj\u0105, widniej\u0105 na planszy ich nazwy.Element przedstawiaj\u0105cy j\u0105dro kom\u00f3rkowe jest wy\u017cszy, tak aby reszt\u0119 element\u00f3w z \u0142atwo\u015bci\u0105 mo\u017cna by\u0142o wyj\u0105\u0107.\",\"breadcrumb\":{\"@id\":\"https:\/\/sklep.edudomo.pl\/sklep\/komorka-zwierzeca-nowosc\/#breadcrumb\"},\"inLanguage\":\"en-GB\",\"potentialAction\":[{\"@type\":\"ReadAction\",\"target\":[\"https:\/\/sklep.edudomo.pl\/sklep\/komorka-zwierzeca-nowosc\/\"]}]},{\"@type\":\"ImageObject\",\"inLanguage\":\"en-GB\",\"@id\":\"https:\/\/sklep.edudomo.pl\/sklep\/komorka-zwierzeca-nowosc\/#primaryimage\",\"url\":\"https:\/\/sklep.edudomo.pl\/wp-content\/uploads\/2022\/07\/IMG_6259.jpg\",\"contentUrl\":\"https:\/\/sklep.edudomo.pl\/wp-content\/uploads\/2022\/07\/IMG_6259.jpg\",\"width\":612,\"height\":640,\"caption\":\"kom\u00f3rka zwierz\u0119ca\"},{\"@type\":\"BreadcrumbList\",\"@id\":\"https:\/\/sklep.edudomo.pl\/sklep\/komorka-zwierzeca-nowosc\/#breadcrumb\",\"itemListElement\":[{\"@type\":\"ListItem\",\"position\":1,\"name\":\"Strona g\u0142\u00f3wna\",\"item\":\"https:\/\/sklep.edudomo.pl\/\"},{\"@type\":\"ListItem\",\"position\":2,\"name\":\"Sklep\",\"item\":\"https:\/\/sklep.edudomo.pl\/\"},{\"@type\":\"ListItem\",\"position\":3,\"name\":\"Kom\u00f3rka zwierz\u0119ca.\"}]},{\"@type\":\"WebSite\",\"@id\":\"https:\/\/sklep.edudomo.pl\/#website\",\"url\":\"https:\/\/sklep.edudomo.pl\/\",\"name\":\"sklep EduDoMo\",\"description\":\"Edukacja Domowa. Terapia. Wspieranie Talent&oacute;w\",\"publisher\":{\"@id\":\"https:\/\/sklep.edudomo.pl\/#organization\"},\"potentialAction\":[{\"@type\":\"SearchAction\",\"target\":{\"@type\":\"EntryPoint\",\"urlTemplate\":\"https:\/\/sklep.edudomo.pl\/?s={search_term_string}\"},\"query-input\":{\"@type\":\"PropertyValueSpecification\",\"valueRequired\":true,\"valueName\":\"search_term_string\"}}],\"inLanguage\":\"en-GB\"},{\"@type\":\"Organization\",\"@id\":\"https:\/\/sklep.edudomo.pl\/#organization\",\"name\":\"EduDoMo\",\"url\":\"https:\/\/sklep.edudomo.pl\/\",\"logo\":{\"@type\":\"ImageObject\",\"inLanguage\":\"en-GB\",\"@id\":\"https:\/\/sklep.edudomo.pl\/#\/schema\/logo\/image\/\",\"url\":\"https:\/\/sklep.edudomo.pl\/wp-content\/uploads\/2019\/11\/cropped-logo-edudomo-sowa.jpg\",\"contentUrl\":\"https:\/\/sklep.edudomo.pl\/wp-content\/uploads\/2019\/11\/cropped-logo-edudomo-sowa.jpg\",\"width\":120,\"height\":120,\"caption\":\"EduDoMo\"},\"image\":{\"@id\":\"https:\/\/sklep.edudomo.pl\/#\/schema\/logo\/image\/\"}}]}<\/script>\n<!-- \/ Yoast SEO plugin. -->","yoast_head_json":{"title":"Kom\u00f3rka zwierz\u0119ca.","description":"Kom\u00f3rka zwierz\u0119ca. Uk\u0142adanka edukacyjna przedstawiaj\u0105ca przekr\u00f3j kom\u00f3rki zwierz\u0119cej podzielonej na elementy.Po wyj\u0119ciu element\u00f3w z ilustracj\u0105, widniej\u0105 na planszy ich nazwy.Element przedstawiaj\u0105cy j\u0105dro kom\u00f3rkowe jest wy\u017cszy, tak aby reszt\u0119 element\u00f3w z \u0142atwo\u015bci\u0105 mo\u017cna by\u0142o wyj\u0105\u0107.","robots":{"index":"index","follow":"follow","max-snippet":"max-snippet:-1","max-image-preview":"max-image-preview:large","max-video-preview":"max-video-preview:-1"},"canonical":"https:\/\/sklep.edudomo.pl\/en\/sklep\/komorka-zwierzeca-nowosc\/","og_locale":"en_GB","og_type":"article","og_title":"[:pl]Kom\u00f3rka zwierz\u0119ca.[:] - sklep EduDoMo","og_description":"Kom\u00f3rka zwierz\u0119ca. Uk\u0142adanka edukacyjna przedstawiaj\u0105ca przekr\u00f3j kom\u00f3rki zwierz\u0119cej podzielonej na elementy.Po wyj\u0119ciu element\u00f3w z ilustracj\u0105, widniej\u0105 na planszy ich nazwy.Element przedstawiaj\u0105cy j\u0105dro kom\u00f3rkowe jest wy\u017cszy, tak aby reszt\u0119 element\u00f3w z \u0142atwo\u015bci\u0105 mo\u017cna by\u0142o wyj\u0105\u0107.","og_url":"https:\/\/sklep.edudomo.pl\/en\/sklep\/komorka-zwierzeca-nowosc\/","og_site_name":"sklep EduDoMo","article_modified_time":"2025-11-25T17:17:42+00:00","og_image":[{"width":612,"height":640,"url":"https:\/\/sklep.edudomo.pl\/wp-content\/uploads\/2022\/07\/IMG_6259.jpg","type":"image\/jpeg"}],"twitter_card":"summary_large_image","twitter_misc":{"Estimated reading time":"1 minute"},"schema":{"@context":"https:\/\/schema.org","@graph":[{"@type":"WebPage","@id":"https:\/\/sklep.edudomo.pl\/sklep\/komorka-zwierzeca-nowosc\/","url":"https:\/\/sklep.edudomo.pl\/sklep\/komorka-zwierzeca-nowosc\/","name":"Kom\u00f3rka zwierz\u0119ca.","isPartOf":{"@id":"https:\/\/sklep.edudomo.pl\/#website"},"primaryImageOfPage":{"@id":"https:\/\/sklep.edudomo.pl\/sklep\/komorka-zwierzeca-nowosc\/#primaryimage"},"image":{"@id":"https:\/\/sklep.edudomo.pl\/sklep\/komorka-zwierzeca-nowosc\/#primaryimage"},"thumbnailUrl":"https:\/\/sklep.edudomo.pl\/wp-content\/uploads\/2022\/07\/IMG_6259.jpg","datePublished":"2021-05-22T21:05:18+00:00","dateModified":"2025-11-25T17:17:42+00:00","description":"Kom\u00f3rka zwierz\u0119ca. Uk\u0142adanka edukacyjna przedstawiaj\u0105ca przekr\u00f3j kom\u00f3rki zwierz\u0119cej podzielonej na elementy.Po wyj\u0119ciu element\u00f3w z ilustracj\u0105, widniej\u0105 na planszy ich nazwy.Element przedstawiaj\u0105cy j\u0105dro kom\u00f3rkowe jest wy\u017cszy, tak aby reszt\u0119 element\u00f3w z \u0142atwo\u015bci\u0105 mo\u017cna by\u0142o wyj\u0105\u0107.","breadcrumb":{"@id":"https:\/\/sklep.edudomo.pl\/sklep\/komorka-zwierzeca-nowosc\/#breadcrumb"},"inLanguage":"en-GB","potentialAction":[{"@type":"ReadAction","target":["https:\/\/sklep.edudomo.pl\/sklep\/komorka-zwierzeca-nowosc\/"]}]},{"@type":"ImageObject","inLanguage":"en-GB","@id":"https:\/\/sklep.edudomo.pl\/sklep\/komorka-zwierzeca-nowosc\/#primaryimage","url":"https:\/\/sklep.edudomo.pl\/wp-content\/uploads\/2022\/07\/IMG_6259.jpg","contentUrl":"https:\/\/sklep.edudomo.pl\/wp-content\/uploads\/2022\/07\/IMG_6259.jpg","width":612,"height":640,"caption":"kom\u00f3rka zwierz\u0119ca"},{"@type":"BreadcrumbList","@id":"https:\/\/sklep.edudomo.pl\/sklep\/komorka-zwierzeca-nowosc\/#breadcrumb","itemListElement":[{"@type":"ListItem","position":1,"name":"Strona g\u0142\u00f3wna","item":"https:\/\/sklep.edudomo.pl\/"},{"@type":"ListItem","position":2,"name":"Sklep","item":"https:\/\/sklep.edudomo.pl\/"},{"@type":"ListItem","position":3,"name":"Kom\u00f3rka zwierz\u0119ca."}]},{"@type":"WebSite","@id":"https:\/\/sklep.edudomo.pl\/#website","url":"https:\/\/sklep.edudomo.pl\/","name":"sklep EduDoMo","description":"Edukacja Domowa. Terapia. Wspieranie Talent&oacute;w","publisher":{"@id":"https:\/\/sklep.edudomo.pl\/#organization"},"potentialAction":[{"@type":"SearchAction","target":{"@type":"EntryPoint","urlTemplate":"https:\/\/sklep.edudomo.pl\/?s={search_term_string}"},"query-input":{"@type":"PropertyValueSpecification","valueRequired":true,"valueName":"search_term_string"}}],"inLanguage":"en-GB"},{"@type":"Organization","@id":"https:\/\/sklep.edudomo.pl\/#organization","name":"EduDoMo","url":"https:\/\/sklep.edudomo.pl\/","logo":{"@type":"ImageObject","inLanguage":"en-GB","@id":"https:\/\/sklep.edudomo.pl\/#\/schema\/logo\/image\/","url":"https:\/\/sklep.edudomo.pl\/wp-content\/uploads\/2019\/11\/cropped-logo-edudomo-sowa.jpg","contentUrl":"https:\/\/sklep.edudomo.pl\/wp-content\/uploads\/2019\/11\/cropped-logo-edudomo-sowa.jpg","width":120,"height":120,"caption":"EduDoMo"},"image":{"@id":"https:\/\/sklep.edudomo.pl\/#\/schema\/logo\/image\/"}}]}},"jetpack_sharing_enabled":true,"_links":{"self":[{"href":"https:\/\/sklep.edudomo.pl\/en\/wp-json\/wp\/v2\/product\/5158","targetHints":{"allow":["GET"]}}],"collection":[{"href":"https:\/\/sklep.edudomo.pl\/en\/wp-json\/wp\/v2\/product"}],"about":[{"href":"https:\/\/sklep.edudomo.pl\/en\/wp-json\/wp\/v2\/types\/product"}],"replies":[{"embeddable":true,"href":"https:\/\/sklep.edudomo.pl\/en\/wp-json\/wp\/v2\/comments?post=5158"}],"wp:featuredmedia":[{"embeddable":true,"href":"https:\/\/sklep.edudomo.pl\/en\/wp-json\/wp\/v2\/media\/9221"}],"wp:attachment":[{"href":"https:\/\/sklep.edudomo.pl\/en\/wp-json\/wp\/v2\/media?parent=5158"}],"wp:term":[{"taxonomy":"product_brand","embeddable":true,"href":"https:\/\/sklep.edudomo.pl\/en\/wp-json\/wp\/v2\/product_brand?post=5158"},{"taxonomy":"product_cat","embeddable":true,"href":"https:\/\/sklep.edudomo.pl\/en\/wp-json\/wp\/v2\/product_cat?post=5158"},{"taxonomy":"product_tag","embeddable":true,"href":"https:\/\/sklep.edudomo.pl\/en\/wp-json\/wp\/v2\/product_tag?post=5158"}],"curies":[{"name":"wp","href":"https:\/\/api.w.org\/{rel}","templated":true}]}}