{"id":518,"date":"2019-11-29T23:35:59","date_gmt":"2019-11-29T23:35:59","guid":{"rendered":"https:\/\/sklep.edudomo.pl\/?post_type=product&#038;p=518"},"modified":"2025-10-26T06:11:46","modified_gmt":"2025-10-26T06:11:46","slug":"dzwiekowa-ukladanka","status":"publish","type":"product","link":"https:\/\/sklep.edudomo.pl\/en\/sklep\/dzwiekowa-ukladanka\/","title":{"rendered":"D\u017awi\u0119kowa uk\u0142adanka"},"content":{"rendered":"<p>D\u017awi\u0119kowa uk\u0142adanka to zestaw do \u0107wicze\u0144 z gam\u0105 C-dur.<\/p>\n<p>&nbsp;<\/p>\n<p>Instrukcja.<\/p>\n<p>\u201eD\u017awi\u0119kowa uk\u0142adanka\u201d to propozycja zabawy nie tylko na nauk\u0119 i utrwalenie d\u017awi\u0119k\u00f3w z GAMY C-dur, ale i na\u015bladowanie, tworzenie w\u0142asnych kompozycji. .<\/p>\n<p>R\u00f3wnie\u017c uk\u0142adanka sprawdzi si\u0119 w nie jednym gabinecie terapeutycznym. .<\/p>\n<p>Obydwie plansze przedstawia pi\u0119ciolini\u0119 z kluczem wiolinowym oraz miejsce na u\u0142o\u017cenie klock\u00f3w z zapisem nutowym.<\/p>\n<p>Wykonuj\u0105c \u0107wiczenia, ucze\u0144 doskonali swoje umiej\u0119tno\u015bci manualne oraz koordynacji wzrokowo-ruchowych.<\/p>\n<p>Ponad to jest to znakomita pomoc do \u0107wicze\u0144 lewop\u00f3\u0142kulowych, g\u0142\u00f3wnie: analiz\u0119, przetwarzanie linearnie, porz\u0105dkowanie sekwencji, wykrywanie relacji oraz kodowanie a to wszystko ma ogromny wp\u0142yw na: mow\u0119, czytanie, pisanie i funkcje intelektualne.<\/p>\n<p>Linearno\u015b\u0107\u00a0 \u0142\u0105czy wszystkie te \u0107wiczenia. Polega na porz\u0105dkowaniu element\u00f3w krok po kroku, od lewej strony do prawej.<\/p>\n<p>Pomoc \u201eD\u017awi\u0119kowe uk\u0142adanki\u201d\u00a0 to propozycja \u0107wicze\u0144 na: &#8211; Sekwencje wzrokowe:<\/p>\n<p>Na\u015bladowanie sekwencji ( 2 el., 3 el.itd): kontynuowanie sekwencji, uzupe\u0142nianie sekwencji<\/p>\n<p>-Sekwencje s\u0142uchowe i pami\u0119\u0107 sekwencyjna:<\/p>\n<p>mo\u017cemy powtarza\u0107 sekwencje d\u017awi\u0119k\u00f3w<\/p>\n<p>-Szeregi: podstawowym szeregiem w naszej zabawce jest oczywi\u015bcie gama C-dur, ale mo\u017cna zacz\u0105\u0107 prac\u0119 etapami.<\/p>\n<p>Etapy s\u0105 takie same, jak w przypadku sekwencji:<\/p>\n<p>nauka przez na\u015bladownictwo, nast\u0119pnie przez kontynuowanie i uzupe\u0142nianie szeregu na nast\u0119pnie przez instrukcj\u0119.<\/p>\n<p>Zaczynamy od trzech element\u00f3w. Mog\u0105 by\u0107 rosn\u0105ce lub malej\u0105ce.<\/p>\n<p>-Relacje<\/p>\n<p>Relacja pokazuje powi\u0105zanie mi\u0119dzy dwoma lub wi\u0119ksz\u0105 liczb\u0105 element\u00f3w. Podczas tych \u0107wicze\u0144 trzeba dostrzec\u00a0 zar\u00f3wno r\u00f3\u017cnic\u0119 pomi\u0119dzy tymi elementami, jak i wsp\u00f3ln\u0105 zale\u017cno\u015b\u0107, kt\u00f3ra pomi\u0119dzy nimi zachodzi.<\/p>\n<p>&#8211; Kodowaniem jest samo uk\u0142adanie klock\u00f3w na planszy pi\u0119cioliniowej, ale r\u00f3wnie\u017c mo\u017cemy przenie\u015b\u0107 nuty na dzwonki i zagra\u0107 stworzone d\u017awi\u0119ki.<\/p>\n<p>Bardzo polecam\u00a0 muzykowanie poniewa\u017c pobudza wiele obszar\u00f3w m\u00f3zgu, sprzyja jego plastyczno\u015bci i jest tak\u017ce doskona\u0142ym \u0107wiczeniem lewop\u00f3\u0142kulowym.<\/p>\n<p>Gra na instrumencie to m.in: sekwencje, kodowanie, odwzorowanie\u00a0 relacje i \u015bwietna zabawa.<\/p>\n<p>\u0106wiczenia lewop\u00f3\u0142kulowe maj\u0105 dwa g\u0142\u00f3wne zadania<\/p>\n<p>&#8211; przygotowuj\u0105 do nauki j\u0119zyka oraz ucz\u0105 stosowania regu\u0142 i dostrzegania zwi\u0105zk\u00f3w mi\u0119dzy r\u00f3\u017cnymi elementami, dlatego cz\u0119ste powt\u00f3rzenia wszystkich tych \u0107wicze\u0144 daj\u0105 efekt w postaci wyra\u017anej poprawy poziomu komunikacji.<\/p>\n<p>&nbsp;<\/p>\n<p>Zestaw zawiera:<\/p>\n<ul>\n<li>Dwie tabliczki o wymiarach 11,5cm x39cm (dodatkowa podstawka do samodzielnego zamontowania)<\/li>\n<li>dwa komplety 16-stu tafelek<\/li>\n<\/ul>\n<p>&nbsp;<\/p>\n<p>&nbsp;<\/p>\n","protected":false},"excerpt":{"rendered":"<p>D\u017awi\u0119kowa uk\u0142adanka to zestaw do \u0107wicze\u0144 z gam\u0105 C-dur. &nbsp; Instrukcja. \u201eD\u017awi\u0119kowa uk\u0142adanka\u201d to propozycja zabawy nie tylko na nauk\u0119 i utrwalenie d\u017awi\u0119k\u00f3w z GAMY C-dur, ale i na\u015bladowanie, tworzenie w\u0142asnych kompozycji. . R\u00f3wnie\u017c uk\u0142adanka sprawdzi si\u0119 w nie jednym gabinecie terapeutycznym. . Obydwie plansze przedstawia pi\u0119ciolini\u0119 z kluczem wiolinowym oraz miejsce na u\u0142o\u017cenie klock\u00f3w<span class=\"read-more-faq\"><a href=\"https:\/\/sklep.edudomo.pl\/en\/sklep\/dzwiekowa-ukladanka\/\">Read More<\/a><\/span><\/p>\n","protected":false},"featured_media":2405,"comment_status":"open","ping_status":"closed","template":"","meta":[],"product_brand":[],"product_cat":[89],"product_tag":[],"class_list":{"0":"post-518","1":"product","2":"type-product","3":"status-publish","4":"has-post-thumbnail","6":"product_cat-edukacja-muzyczna","8":"first","9":"onbackorder","10":"taxable","11":"shipping-taxable","12":"purchasable","13":"product-type-simple"},"yoast_head":"<!-- This site is optimized with the Yoast SEO plugin v26.5 - https:\/\/yoast.com\/wordpress\/plugins\/seo\/ -->\n<title>D\u017awi\u0119kowa uk\u0142adanka<\/title>\n<meta name=\"description\" content=\"D\u017awi\u0119kowa uk\u0142adanka to \u0107wiczenia z gam\u0105 C-dur i pi\u0119ciolini\u0105. Pomoce edukacyjne, dydaktyczne i terapeutyczne. Sklep EudDoMo.pl\" \/>\n<meta name=\"robots\" content=\"index, follow, max-snippet:-1, max-image-preview:large, max-video-preview:-1\" \/>\n<link rel=\"canonical\" href=\"https:\/\/sklep.edudomo.pl\/en\/sklep\/dzwiekowa-ukladanka\/\" \/>\n<meta property=\"og:locale\" content=\"en_GB\" \/>\n<meta property=\"og:locale:alternate\" content=\"pl_PL\" \/>\n<meta property=\"og:type\" content=\"article\" \/>\n<meta property=\"og:title\" content=\"D\u017awi\u0119kowa uk\u0142adanka\" \/>\n<meta property=\"og:description\" content=\"D\u017awi\u0119kowa uk\u0142adanka to \u0107wiczenia z gam\u0105 C-dur i pi\u0119ciolini\u0105. Pomoce edukacyjne, dydaktyczne i terapeutyczne. Sklep EudDoMo.pl\" \/>\n<meta property=\"og:url\" content=\"https:\/\/sklep.edudomo.pl\/en\/sklep\/dzwiekowa-ukladanka\/\" \/>\n<meta property=\"og:site_name\" content=\"sklep EduDoMo\" \/>\n<meta property=\"article:modified_time\" content=\"2025-10-26T06:11:46+00:00\" \/>\n<meta property=\"og:image\" content=\"https:\/\/sklep.edudomo.pl\/wp-content\/uploads\/2019\/11\/8CD76DF6-FE56-4937-8CEE-5E776E237520.jpg\" \/>\n\t<meta property=\"og:image:width\" content=\"1080\" \/>\n\t<meta property=\"og:image:height\" content=\"1085\" \/>\n\t<meta property=\"og:image:type\" content=\"image\/jpeg\" \/>\n<meta name=\"twitter:card\" content=\"summary_large_image\" \/>\n<meta name=\"twitter:label1\" content=\"Estimated reading time\" \/>\n\t<meta name=\"twitter:data1\" content=\"2 minutes\" \/>\n<script type=\"application\/ld+json\" class=\"yoast-schema-graph\">{\"@context\":\"https:\/\/schema.org\",\"@graph\":[{\"@type\":\"WebPage\",\"@id\":\"https:\/\/sklep.edudomo.pl\/sklep\/dzwiekowa-ukladanka\/\",\"url\":\"https:\/\/sklep.edudomo.pl\/sklep\/dzwiekowa-ukladanka\/\",\"name\":\"D\u017awi\u0119kowa uk\u0142adanka\",\"isPartOf\":{\"@id\":\"https:\/\/sklep.edudomo.pl\/#website\"},\"primaryImageOfPage\":{\"@id\":\"https:\/\/sklep.edudomo.pl\/sklep\/dzwiekowa-ukladanka\/#primaryimage\"},\"image\":{\"@id\":\"https:\/\/sklep.edudomo.pl\/sklep\/dzwiekowa-ukladanka\/#primaryimage\"},\"thumbnailUrl\":\"https:\/\/sklep.edudomo.pl\/wp-content\/uploads\/2019\/11\/8CD76DF6-FE56-4937-8CEE-5E776E237520.jpg\",\"datePublished\":\"2019-11-29T23:35:59+00:00\",\"dateModified\":\"2025-10-26T06:11:46+00:00\",\"description\":\"D\u017awi\u0119kowa uk\u0142adanka to \u0107wiczenia z gam\u0105 C-dur i pi\u0119ciolini\u0105. Pomoce edukacyjne, dydaktyczne i terapeutyczne. Sklep EudDoMo.pl\",\"breadcrumb\":{\"@id\":\"https:\/\/sklep.edudomo.pl\/sklep\/dzwiekowa-ukladanka\/#breadcrumb\"},\"inLanguage\":\"en-GB\",\"potentialAction\":[{\"@type\":\"ReadAction\",\"target\":[\"https:\/\/sklep.edudomo.pl\/sklep\/dzwiekowa-ukladanka\/\"]}]},{\"@type\":\"ImageObject\",\"inLanguage\":\"en-GB\",\"@id\":\"https:\/\/sklep.edudomo.pl\/sklep\/dzwiekowa-ukladanka\/#primaryimage\",\"url\":\"https:\/\/sklep.edudomo.pl\/wp-content\/uploads\/2019\/11\/8CD76DF6-FE56-4937-8CEE-5E776E237520.jpg\",\"contentUrl\":\"https:\/\/sklep.edudomo.pl\/wp-content\/uploads\/2019\/11\/8CD76DF6-FE56-4937-8CEE-5E776E237520.jpg\",\"width\":1080,\"height\":1085,\"caption\":\"d\u017awi\u0119kowa uk\u0142adanka\"},{\"@type\":\"BreadcrumbList\",\"@id\":\"https:\/\/sklep.edudomo.pl\/sklep\/dzwiekowa-ukladanka\/#breadcrumb\",\"itemListElement\":[{\"@type\":\"ListItem\",\"position\":1,\"name\":\"Strona g\u0142\u00f3wna\",\"item\":\"https:\/\/sklep.edudomo.pl\/\"},{\"@type\":\"ListItem\",\"position\":2,\"name\":\"Sklep\",\"item\":\"https:\/\/sklep.edudomo.pl\/\"},{\"@type\":\"ListItem\",\"position\":3,\"name\":\"D\u017awi\u0119kowa uk\u0142adanka\"}]},{\"@type\":\"WebSite\",\"@id\":\"https:\/\/sklep.edudomo.pl\/#website\",\"url\":\"https:\/\/sklep.edudomo.pl\/\",\"name\":\"sklep EduDoMo\",\"description\":\"Edukacja Domowa. Terapia. Wspieranie Talent&oacute;w\",\"publisher\":{\"@id\":\"https:\/\/sklep.edudomo.pl\/#organization\"},\"potentialAction\":[{\"@type\":\"SearchAction\",\"target\":{\"@type\":\"EntryPoint\",\"urlTemplate\":\"https:\/\/sklep.edudomo.pl\/?s={search_term_string}\"},\"query-input\":{\"@type\":\"PropertyValueSpecification\",\"valueRequired\":true,\"valueName\":\"search_term_string\"}}],\"inLanguage\":\"en-GB\"},{\"@type\":\"Organization\",\"@id\":\"https:\/\/sklep.edudomo.pl\/#organization\",\"name\":\"EduDoMo\",\"url\":\"https:\/\/sklep.edudomo.pl\/\",\"logo\":{\"@type\":\"ImageObject\",\"inLanguage\":\"en-GB\",\"@id\":\"https:\/\/sklep.edudomo.pl\/#\/schema\/logo\/image\/\",\"url\":\"https:\/\/sklep.edudomo.pl\/wp-content\/uploads\/2019\/11\/cropped-logo-edudomo-sowa.jpg\",\"contentUrl\":\"https:\/\/sklep.edudomo.pl\/wp-content\/uploads\/2019\/11\/cropped-logo-edudomo-sowa.jpg\",\"width\":120,\"height\":120,\"caption\":\"EduDoMo\"},\"image\":{\"@id\":\"https:\/\/sklep.edudomo.pl\/#\/schema\/logo\/image\/\"}}]}<\/script>\n<!-- \/ Yoast SEO plugin. -->","yoast_head_json":{"title":"D\u017awi\u0119kowa uk\u0142adanka","description":"D\u017awi\u0119kowa uk\u0142adanka to \u0107wiczenia z gam\u0105 C-dur i pi\u0119ciolini\u0105. Pomoce edukacyjne, dydaktyczne i terapeutyczne. Sklep EudDoMo.pl","robots":{"index":"index","follow":"follow","max-snippet":"max-snippet:-1","max-image-preview":"max-image-preview:large","max-video-preview":"max-video-preview:-1"},"canonical":"https:\/\/sklep.edudomo.pl\/en\/sklep\/dzwiekowa-ukladanka\/","og_locale":"en_GB","og_type":"article","og_title":"[:pl]D\u017awi\u0119kowa uk\u0142adanka[:] - sklep EduDoMo","og_description":"D\u017awi\u0119kowa uk\u0142adanka to \u0107wiczenia z gam\u0105 C-dur i pi\u0119ciolini\u0105. Pomoce edukacyjne, dydaktyczne i terapeutyczne. Sklep EudDoMo.pl","og_url":"https:\/\/sklep.edudomo.pl\/en\/sklep\/dzwiekowa-ukladanka\/","og_site_name":"sklep EduDoMo","article_modified_time":"2025-10-26T06:11:46+00:00","og_image":[{"width":1080,"height":1085,"url":"https:\/\/sklep.edudomo.pl\/wp-content\/uploads\/2019\/11\/8CD76DF6-FE56-4937-8CEE-5E776E237520.jpg","type":"image\/jpeg"}],"twitter_card":"summary_large_image","twitter_misc":{"Estimated reading time":"2 minutes"},"schema":{"@context":"https:\/\/schema.org","@graph":[{"@type":"WebPage","@id":"https:\/\/sklep.edudomo.pl\/sklep\/dzwiekowa-ukladanka\/","url":"https:\/\/sklep.edudomo.pl\/sklep\/dzwiekowa-ukladanka\/","name":"D\u017awi\u0119kowa uk\u0142adanka","isPartOf":{"@id":"https:\/\/sklep.edudomo.pl\/#website"},"primaryImageOfPage":{"@id":"https:\/\/sklep.edudomo.pl\/sklep\/dzwiekowa-ukladanka\/#primaryimage"},"image":{"@id":"https:\/\/sklep.edudomo.pl\/sklep\/dzwiekowa-ukladanka\/#primaryimage"},"thumbnailUrl":"https:\/\/sklep.edudomo.pl\/wp-content\/uploads\/2019\/11\/8CD76DF6-FE56-4937-8CEE-5E776E237520.jpg","datePublished":"2019-11-29T23:35:59+00:00","dateModified":"2025-10-26T06:11:46+00:00","description":"D\u017awi\u0119kowa uk\u0142adanka to \u0107wiczenia z gam\u0105 C-dur i pi\u0119ciolini\u0105. Pomoce edukacyjne, dydaktyczne i terapeutyczne. Sklep EudDoMo.pl","breadcrumb":{"@id":"https:\/\/sklep.edudomo.pl\/sklep\/dzwiekowa-ukladanka\/#breadcrumb"},"inLanguage":"en-GB","potentialAction":[{"@type":"ReadAction","target":["https:\/\/sklep.edudomo.pl\/sklep\/dzwiekowa-ukladanka\/"]}]},{"@type":"ImageObject","inLanguage":"en-GB","@id":"https:\/\/sklep.edudomo.pl\/sklep\/dzwiekowa-ukladanka\/#primaryimage","url":"https:\/\/sklep.edudomo.pl\/wp-content\/uploads\/2019\/11\/8CD76DF6-FE56-4937-8CEE-5E776E237520.jpg","contentUrl":"https:\/\/sklep.edudomo.pl\/wp-content\/uploads\/2019\/11\/8CD76DF6-FE56-4937-8CEE-5E776E237520.jpg","width":1080,"height":1085,"caption":"d\u017awi\u0119kowa uk\u0142adanka"},{"@type":"BreadcrumbList","@id":"https:\/\/sklep.edudomo.pl\/sklep\/dzwiekowa-ukladanka\/#breadcrumb","itemListElement":[{"@type":"ListItem","position":1,"name":"Strona g\u0142\u00f3wna","item":"https:\/\/sklep.edudomo.pl\/"},{"@type":"ListItem","position":2,"name":"Sklep","item":"https:\/\/sklep.edudomo.pl\/"},{"@type":"ListItem","position":3,"name":"D\u017awi\u0119kowa uk\u0142adanka"}]},{"@type":"WebSite","@id":"https:\/\/sklep.edudomo.pl\/#website","url":"https:\/\/sklep.edudomo.pl\/","name":"sklep EduDoMo","description":"Edukacja Domowa. Terapia. Wspieranie Talent&oacute;w","publisher":{"@id":"https:\/\/sklep.edudomo.pl\/#organization"},"potentialAction":[{"@type":"SearchAction","target":{"@type":"EntryPoint","urlTemplate":"https:\/\/sklep.edudomo.pl\/?s={search_term_string}"},"query-input":{"@type":"PropertyValueSpecification","valueRequired":true,"valueName":"search_term_string"}}],"inLanguage":"en-GB"},{"@type":"Organization","@id":"https:\/\/sklep.edudomo.pl\/#organization","name":"EduDoMo","url":"https:\/\/sklep.edudomo.pl\/","logo":{"@type":"ImageObject","inLanguage":"en-GB","@id":"https:\/\/sklep.edudomo.pl\/#\/schema\/logo\/image\/","url":"https:\/\/sklep.edudomo.pl\/wp-content\/uploads\/2019\/11\/cropped-logo-edudomo-sowa.jpg","contentUrl":"https:\/\/sklep.edudomo.pl\/wp-content\/uploads\/2019\/11\/cropped-logo-edudomo-sowa.jpg","width":120,"height":120,"caption":"EduDoMo"},"image":{"@id":"https:\/\/sklep.edudomo.pl\/#\/schema\/logo\/image\/"}}]}},"jetpack_sharing_enabled":true,"_links":{"self":[{"href":"https:\/\/sklep.edudomo.pl\/en\/wp-json\/wp\/v2\/product\/518","targetHints":{"allow":["GET"]}}],"collection":[{"href":"https:\/\/sklep.edudomo.pl\/en\/wp-json\/wp\/v2\/product"}],"about":[{"href":"https:\/\/sklep.edudomo.pl\/en\/wp-json\/wp\/v2\/types\/product"}],"replies":[{"embeddable":true,"href":"https:\/\/sklep.edudomo.pl\/en\/wp-json\/wp\/v2\/comments?post=518"}],"wp:featuredmedia":[{"embeddable":true,"href":"https:\/\/sklep.edudomo.pl\/en\/wp-json\/wp\/v2\/media\/2405"}],"wp:attachment":[{"href":"https:\/\/sklep.edudomo.pl\/en\/wp-json\/wp\/v2\/media?parent=518"}],"wp:term":[{"taxonomy":"product_brand","embeddable":true,"href":"https:\/\/sklep.edudomo.pl\/en\/wp-json\/wp\/v2\/product_brand?post=518"},{"taxonomy":"product_cat","embeddable":true,"href":"https:\/\/sklep.edudomo.pl\/en\/wp-json\/wp\/v2\/product_cat?post=518"},{"taxonomy":"product_tag","embeddable":true,"href":"https:\/\/sklep.edudomo.pl\/en\/wp-json\/wp\/v2\/product_tag?post=518"}],"curies":[{"name":"wp","href":"https:\/\/api.w.org\/{rel}","templated":true}]}}