{"id":5432,"date":"2021-06-08T05:55:51","date_gmt":"2021-06-08T05:55:51","guid":{"rendered":"https:\/\/sklep.edudomo.pl\/?post_type=product&#038;p=5432"},"modified":"2025-10-26T06:04:37","modified_gmt":"2025-10-26T06:04:37","slug":"tablica-ulamkow-dziesietnych-i-znaczki-pdf","status":"publish","type":"product","link":"https:\/\/sklep.edudomo.pl\/en\/sklep\/tablica-ulamkow-dziesietnych-i-znaczki-pdf\/","title":{"rendered":"Tablica u\u0142amk\u00f3w dziesi\u0119tnych i znaczki pdf"},"content":{"rendered":"<p>Tablica u\u0142amk\u00f3w dziesi\u0119tnych i znaczki pdf<\/p>\n<p>-bia\u0142a tabela z kolorowymi ko\u0142ami i zapisanymi warto\u015bciami liczbowymi od 1 000 000 do 0,000001<\/p>\n<p>-kolorowe kwadraciki do poci\u0119cia ( od warto\u015bci jeden do 0,000001 kwadraciki s\u0105 coraz mniejsze)<\/p>\n<p>-podpisy liczbowe w kolorach od 1 000 000 do 0,000001 oraz jednostkowe do na\u0142o\u017cenia na nie od 2-9.<\/p>\n<p>&nbsp;<\/p>\n<p>-pomoc specjalistyczna opisana w poradnikach metodycznych pedagogiki M. Montessori. -nie zawiera instrukcji<\/p>\n<p><strong>UWAGA! na standardowej drukarce A4, aby wydrukowa\u0107 pierwsz\u0105 stron\u0119: tabel\u0119 nale\u017cy w parametrach drukowania wpisa\u0107 &#8211; rozmiar i obs\u0142uga stron &#8211; PLAKAT, <\/strong><\/p>\n<ul>\n<li><strong>najlepiej drukowa\u0107 w orientacji poziomej<br \/>\n<\/strong><\/li>\n<\/ul>\n","protected":false},"excerpt":{"rendered":"<p>Tablica u\u0142amk\u00f3w dziesi\u0119tnych i znaczki pdf -bia\u0142a tabela z kolorowymi ko\u0142ami i zapisanymi warto\u015bciami liczbowymi od 1 000 000 do 0,000001 -kolorowe kwadraciki do poci\u0119cia ( od warto\u015bci jeden do 0,000001 kwadraciki s\u0105 coraz mniejsze) -podpisy liczbowe w kolorach od 1 000 000 do 0,000001 oraz jednostkowe do na\u0142o\u017cenia na nie od 2-9. &nbsp; -pomoc<span class=\"read-more-faq\"><a href=\"https:\/\/sklep.edudomo.pl\/en\/sklep\/tablica-ulamkow-dziesietnych-i-znaczki-pdf\/\">Read More<\/a><\/span><\/p>\n","protected":false},"featured_media":5436,"comment_status":"open","ping_status":"closed","template":"","meta":[],"product_brand":[],"product_cat":[85],"product_tag":[],"class_list":{"0":"post-5432","1":"product","2":"type-product","3":"status-publish","4":"has-post-thumbnail","6":"product_cat-eukacja-matematyczna","7":"product_shipping_class-do-pobrania","9":"first","10":"onbackorder","11":"downloadable","12":"taxable","13":"shipping-taxable","14":"purchasable","15":"product-type-simple"},"yoast_head":"<!-- This site is optimized with the Yoast SEO plugin v26.5 - https:\/\/yoast.com\/wordpress\/plugins\/seo\/ -->\n<title>Tablica u\u0142amk\u00f3w dziesi\u0119tnych i znaczki pdf<\/title>\n<meta name=\"robots\" content=\"index, follow, max-snippet:-1, max-image-preview:large, max-video-preview:-1\" \/>\n<link rel=\"canonical\" href=\"https:\/\/sklep.edudomo.pl\/en\/sklep\/tablica-ulamkow-dziesietnych-i-znaczki-pdf\/\" \/>\n<meta property=\"og:locale\" content=\"en_GB\" \/>\n<meta property=\"og:locale:alternate\" content=\"pl_PL\" \/>\n<meta property=\"og:type\" content=\"article\" \/>\n<meta property=\"og:title\" content=\"Tablica u\u0142amk\u00f3w dziesi\u0119tnych i znaczki pdf\" \/>\n<meta property=\"og:description\" content=\"Tablica u\u0142amk\u00f3w dziesi\u0119tnych i znaczki pdf -bia\u0142a tabela z kolorowymi ko\u0142ami i zapisanymi warto\u015bciami liczbowymi od 1 000 000 do 0,000001 -kolorowe kwadraciki do poci\u0119cia ( od warto\u015bci jeden do 0,000001 kwadraciki s\u0105 coraz mniejsze) -podpisy liczbowe w kolorach od 1 000 000 do 0,000001 oraz jednostkowe do na\u0142o\u017cenia na nie od 2-9. &nbsp; -pomocRead More\" \/>\n<meta property=\"og:url\" content=\"https:\/\/sklep.edudomo.pl\/en\/sklep\/tablica-ulamkow-dziesietnych-i-znaczki-pdf\/\" \/>\n<meta property=\"og:site_name\" content=\"sklep EduDoMo\" \/>\n<meta property=\"article:modified_time\" content=\"2025-10-26T06:04:37+00:00\" \/>\n<meta property=\"og:image\" content=\"https:\/\/sklep.edudomo.pl\/wp-content\/uploads\/2021\/06\/pdf-tablica-dzielenia.png\" \/>\n\t<meta property=\"og:image:width\" content=\"1748\" \/>\n\t<meta property=\"og:image:height\" content=\"2288\" \/>\n\t<meta property=\"og:image:type\" content=\"image\/png\" \/>\n<meta name=\"twitter:card\" content=\"summary_large_image\" \/>\n<meta name=\"twitter:label1\" content=\"Estimated reading time\" \/>\n\t<meta name=\"twitter:data1\" content=\"1 minute\" \/>\n<script type=\"application\/ld+json\" class=\"yoast-schema-graph\">{\"@context\":\"https:\/\/schema.org\",\"@graph\":[{\"@type\":\"WebPage\",\"@id\":\"https:\/\/sklep.edudomo.pl\/sklep\/tablica-ulamkow-dziesietnych-i-znaczki-pdf\/\",\"url\":\"https:\/\/sklep.edudomo.pl\/sklep\/tablica-ulamkow-dziesietnych-i-znaczki-pdf\/\",\"name\":\"Tablica u\u0142amk\u00f3w dziesi\u0119tnych i znaczki pdf\",\"isPartOf\":{\"@id\":\"https:\/\/sklep.edudomo.pl\/#website\"},\"primaryImageOfPage\":{\"@id\":\"https:\/\/sklep.edudomo.pl\/sklep\/tablica-ulamkow-dziesietnych-i-znaczki-pdf\/#primaryimage\"},\"image\":{\"@id\":\"https:\/\/sklep.edudomo.pl\/sklep\/tablica-ulamkow-dziesietnych-i-znaczki-pdf\/#primaryimage\"},\"thumbnailUrl\":\"https:\/\/sklep.edudomo.pl\/wp-content\/uploads\/2021\/06\/pdf-tablica-dzielenia.png\",\"datePublished\":\"2021-06-08T05:55:51+00:00\",\"dateModified\":\"2025-10-26T06:04:37+00:00\",\"breadcrumb\":{\"@id\":\"https:\/\/sklep.edudomo.pl\/sklep\/tablica-ulamkow-dziesietnych-i-znaczki-pdf\/#breadcrumb\"},\"inLanguage\":\"en-GB\",\"potentialAction\":[{\"@type\":\"ReadAction\",\"target\":[\"https:\/\/sklep.edudomo.pl\/sklep\/tablica-ulamkow-dziesietnych-i-znaczki-pdf\/\"]}]},{\"@type\":\"ImageObject\",\"inLanguage\":\"en-GB\",\"@id\":\"https:\/\/sklep.edudomo.pl\/sklep\/tablica-ulamkow-dziesietnych-i-znaczki-pdf\/#primaryimage\",\"url\":\"https:\/\/sklep.edudomo.pl\/wp-content\/uploads\/2021\/06\/pdf-tablica-dzielenia.png\",\"contentUrl\":\"https:\/\/sklep.edudomo.pl\/wp-content\/uploads\/2021\/06\/pdf-tablica-dzielenia.png\",\"width\":1748,\"height\":2288,\"caption\":\"tablica u\u0142amk\u00f3w dziesi\u0119tnych\"},{\"@type\":\"BreadcrumbList\",\"@id\":\"https:\/\/sklep.edudomo.pl\/sklep\/tablica-ulamkow-dziesietnych-i-znaczki-pdf\/#breadcrumb\",\"itemListElement\":[{\"@type\":\"ListItem\",\"position\":1,\"name\":\"Strona g\u0142\u00f3wna\",\"item\":\"https:\/\/sklep.edudomo.pl\/\"},{\"@type\":\"ListItem\",\"position\":2,\"name\":\"Sklep\",\"item\":\"https:\/\/sklep.edudomo.pl\/\"},{\"@type\":\"ListItem\",\"position\":3,\"name\":\"Tablica u\u0142amk\u00f3w dziesi\u0119tnych i znaczki pdf\"}]},{\"@type\":\"WebSite\",\"@id\":\"https:\/\/sklep.edudomo.pl\/#website\",\"url\":\"https:\/\/sklep.edudomo.pl\/\",\"name\":\"sklep EduDoMo\",\"description\":\"Edukacja Domowa. Terapia. Wspieranie Talent&oacute;w\",\"publisher\":{\"@id\":\"https:\/\/sklep.edudomo.pl\/#organization\"},\"potentialAction\":[{\"@type\":\"SearchAction\",\"target\":{\"@type\":\"EntryPoint\",\"urlTemplate\":\"https:\/\/sklep.edudomo.pl\/?s={search_term_string}\"},\"query-input\":{\"@type\":\"PropertyValueSpecification\",\"valueRequired\":true,\"valueName\":\"search_term_string\"}}],\"inLanguage\":\"en-GB\"},{\"@type\":\"Organization\",\"@id\":\"https:\/\/sklep.edudomo.pl\/#organization\",\"name\":\"EduDoMo\",\"url\":\"https:\/\/sklep.edudomo.pl\/\",\"logo\":{\"@type\":\"ImageObject\",\"inLanguage\":\"en-GB\",\"@id\":\"https:\/\/sklep.edudomo.pl\/#\/schema\/logo\/image\/\",\"url\":\"https:\/\/sklep.edudomo.pl\/wp-content\/uploads\/2019\/11\/cropped-logo-edudomo-sowa.jpg\",\"contentUrl\":\"https:\/\/sklep.edudomo.pl\/wp-content\/uploads\/2019\/11\/cropped-logo-edudomo-sowa.jpg\",\"width\":120,\"height\":120,\"caption\":\"EduDoMo\"},\"image\":{\"@id\":\"https:\/\/sklep.edudomo.pl\/#\/schema\/logo\/image\/\"}}]}<\/script>\n<!-- \/ Yoast SEO plugin. -->","yoast_head_json":{"title":"Tablica u\u0142amk\u00f3w dziesi\u0119tnych i znaczki pdf","robots":{"index":"index","follow":"follow","max-snippet":"max-snippet:-1","max-image-preview":"max-image-preview:large","max-video-preview":"max-video-preview:-1"},"canonical":"https:\/\/sklep.edudomo.pl\/en\/sklep\/tablica-ulamkow-dziesietnych-i-znaczki-pdf\/","og_locale":"en_GB","og_type":"article","og_title":"[:pl]Tablica u\u0142amk\u00f3w dziesi\u0119tnych i znaczki pdf[:en]Tablica u\u0142amk\u00f3w dziesi\u0119tnych i znaczki pdf[:] - sklep EduDoMo","og_description":"Tablica u\u0142amk\u00f3w dziesi\u0119tnych i znaczki pdf -bia\u0142a tabela z kolorowymi ko\u0142ami i zapisanymi warto\u015bciami liczbowymi od 1 000 000 do 0,000001 -kolorowe kwadraciki do poci\u0119cia ( od warto\u015bci jeden do 0,000001 kwadraciki s\u0105 coraz mniejsze) -podpisy liczbowe w kolorach od 1 000 000 do 0,000001 oraz jednostkowe do na\u0142o\u017cenia na nie od 2-9. &nbsp; -pomocRead More","og_url":"https:\/\/sklep.edudomo.pl\/en\/sklep\/tablica-ulamkow-dziesietnych-i-znaczki-pdf\/","og_site_name":"sklep EduDoMo","article_modified_time":"2025-10-26T06:04:37+00:00","og_image":[{"width":1748,"height":2288,"url":"https:\/\/sklep.edudomo.pl\/wp-content\/uploads\/2021\/06\/pdf-tablica-dzielenia.png","type":"image\/png"}],"twitter_card":"summary_large_image","twitter_misc":{"Estimated reading time":"1 minute"},"schema":{"@context":"https:\/\/schema.org","@graph":[{"@type":"WebPage","@id":"https:\/\/sklep.edudomo.pl\/sklep\/tablica-ulamkow-dziesietnych-i-znaczki-pdf\/","url":"https:\/\/sklep.edudomo.pl\/sklep\/tablica-ulamkow-dziesietnych-i-znaczki-pdf\/","name":"Tablica u\u0142amk\u00f3w dziesi\u0119tnych i znaczki pdf","isPartOf":{"@id":"https:\/\/sklep.edudomo.pl\/#website"},"primaryImageOfPage":{"@id":"https:\/\/sklep.edudomo.pl\/sklep\/tablica-ulamkow-dziesietnych-i-znaczki-pdf\/#primaryimage"},"image":{"@id":"https:\/\/sklep.edudomo.pl\/sklep\/tablica-ulamkow-dziesietnych-i-znaczki-pdf\/#primaryimage"},"thumbnailUrl":"https:\/\/sklep.edudomo.pl\/wp-content\/uploads\/2021\/06\/pdf-tablica-dzielenia.png","datePublished":"2021-06-08T05:55:51+00:00","dateModified":"2025-10-26T06:04:37+00:00","breadcrumb":{"@id":"https:\/\/sklep.edudomo.pl\/sklep\/tablica-ulamkow-dziesietnych-i-znaczki-pdf\/#breadcrumb"},"inLanguage":"en-GB","potentialAction":[{"@type":"ReadAction","target":["https:\/\/sklep.edudomo.pl\/sklep\/tablica-ulamkow-dziesietnych-i-znaczki-pdf\/"]}]},{"@type":"ImageObject","inLanguage":"en-GB","@id":"https:\/\/sklep.edudomo.pl\/sklep\/tablica-ulamkow-dziesietnych-i-znaczki-pdf\/#primaryimage","url":"https:\/\/sklep.edudomo.pl\/wp-content\/uploads\/2021\/06\/pdf-tablica-dzielenia.png","contentUrl":"https:\/\/sklep.edudomo.pl\/wp-content\/uploads\/2021\/06\/pdf-tablica-dzielenia.png","width":1748,"height":2288,"caption":"tablica u\u0142amk\u00f3w dziesi\u0119tnych"},{"@type":"BreadcrumbList","@id":"https:\/\/sklep.edudomo.pl\/sklep\/tablica-ulamkow-dziesietnych-i-znaczki-pdf\/#breadcrumb","itemListElement":[{"@type":"ListItem","position":1,"name":"Strona g\u0142\u00f3wna","item":"https:\/\/sklep.edudomo.pl\/"},{"@type":"ListItem","position":2,"name":"Sklep","item":"https:\/\/sklep.edudomo.pl\/"},{"@type":"ListItem","position":3,"name":"Tablica u\u0142amk\u00f3w dziesi\u0119tnych i znaczki pdf"}]},{"@type":"WebSite","@id":"https:\/\/sklep.edudomo.pl\/#website","url":"https:\/\/sklep.edudomo.pl\/","name":"sklep EduDoMo","description":"Edukacja Domowa. Terapia. Wspieranie Talent&oacute;w","publisher":{"@id":"https:\/\/sklep.edudomo.pl\/#organization"},"potentialAction":[{"@type":"SearchAction","target":{"@type":"EntryPoint","urlTemplate":"https:\/\/sklep.edudomo.pl\/?s={search_term_string}"},"query-input":{"@type":"PropertyValueSpecification","valueRequired":true,"valueName":"search_term_string"}}],"inLanguage":"en-GB"},{"@type":"Organization","@id":"https:\/\/sklep.edudomo.pl\/#organization","name":"EduDoMo","url":"https:\/\/sklep.edudomo.pl\/","logo":{"@type":"ImageObject","inLanguage":"en-GB","@id":"https:\/\/sklep.edudomo.pl\/#\/schema\/logo\/image\/","url":"https:\/\/sklep.edudomo.pl\/wp-content\/uploads\/2019\/11\/cropped-logo-edudomo-sowa.jpg","contentUrl":"https:\/\/sklep.edudomo.pl\/wp-content\/uploads\/2019\/11\/cropped-logo-edudomo-sowa.jpg","width":120,"height":120,"caption":"EduDoMo"},"image":{"@id":"https:\/\/sklep.edudomo.pl\/#\/schema\/logo\/image\/"}}]}},"jetpack_sharing_enabled":true,"_links":{"self":[{"href":"https:\/\/sklep.edudomo.pl\/en\/wp-json\/wp\/v2\/product\/5432","targetHints":{"allow":["GET"]}}],"collection":[{"href":"https:\/\/sklep.edudomo.pl\/en\/wp-json\/wp\/v2\/product"}],"about":[{"href":"https:\/\/sklep.edudomo.pl\/en\/wp-json\/wp\/v2\/types\/product"}],"replies":[{"embeddable":true,"href":"https:\/\/sklep.edudomo.pl\/en\/wp-json\/wp\/v2\/comments?post=5432"}],"wp:featuredmedia":[{"embeddable":true,"href":"https:\/\/sklep.edudomo.pl\/en\/wp-json\/wp\/v2\/media\/5436"}],"wp:attachment":[{"href":"https:\/\/sklep.edudomo.pl\/en\/wp-json\/wp\/v2\/media?parent=5432"}],"wp:term":[{"taxonomy":"product_brand","embeddable":true,"href":"https:\/\/sklep.edudomo.pl\/en\/wp-json\/wp\/v2\/product_brand?post=5432"},{"taxonomy":"product_cat","embeddable":true,"href":"https:\/\/sklep.edudomo.pl\/en\/wp-json\/wp\/v2\/product_cat?post=5432"},{"taxonomy":"product_tag","embeddable":true,"href":"https:\/\/sklep.edudomo.pl\/en\/wp-json\/wp\/v2\/product_tag?post=5432"}],"curies":[{"name":"wp","href":"https:\/\/api.w.org\/{rel}","templated":true}]}}