{"id":5592,"date":"2021-06-17T13:15:40","date_gmt":"2021-06-17T13:15:40","guid":{"rendered":"https:\/\/sklep.edudomo.pl\/en\/?post_type=product&#038;p=5592"},"modified":"2025-11-25T17:16:45","modified_gmt":"2025-11-25T17:16:45","slug":"komorka-roslinna-organelle-puzzle","status":"publish","type":"product","link":"https:\/\/sklep.edudomo.pl\/en\/sklep\/komorka-roslinna-organelle-puzzle\/","title":{"rendered":"Kom\u00f3rka ro\u015blinna. Organelle &#8211; puzzle"},"content":{"rendered":"<p>Kom\u00f3rka ro\u015blinna. Organelle &#8211; puzzle<\/p>\n<p>Uk\u0142adanka edukacyjna przedstawiaj\u0105ca przekr\u00f3j kom\u00f3rki ro\u015blinnej podzielonej na elementy.<\/p>\n<p>Po wyj\u0119ciu element\u00f3w z ilustracj\u0105, widniej\u0105 na planszy nazwy organelli.<\/p>\n<p>Element przedstawiaj\u0105cy j\u0105dro kom\u00f3rkowe jest wy\u017cszy, tak aby reszt\u0119 element\u00f3w z \u0142atwo\u015bci\u0105 mo\u017cna by\u0142o wyj\u0105\u0107.<\/p>\n<p>-plansza o wymiarach 29cm x 29cm<\/p>\n","protected":false},"excerpt":{"rendered":"<p>Kom\u00f3rka ro\u015blinna. Organelle &#8211; puzzle Uk\u0142adanka edukacyjna przedstawiaj\u0105ca przekr\u00f3j kom\u00f3rki ro\u015blinnej podzielonej na elementy. Po wyj\u0119ciu element\u00f3w z ilustracj\u0105, widniej\u0105 na planszy nazwy organelli. Element przedstawiaj\u0105cy j\u0105dro kom\u00f3rkowe jest wy\u017cszy, tak aby reszt\u0119 element\u00f3w z \u0142atwo\u015bci\u0105 mo\u017cna by\u0142o wyj\u0105\u0107. -plansza o wymiarach 29cm x 29cm<\/p>\n","protected":false},"featured_media":5652,"comment_status":"open","ping_status":"closed","template":"","meta":[],"product_brand":[],"product_cat":[87],"product_tag":[],"class_list":{"0":"post-5592","1":"product","2":"type-product","3":"status-publish","4":"has-post-thumbnail","6":"product_cat-edukacja-przyrodnicza","7":"product_shipping_class-inpost-kurier-a","9":"first","10":"onbackorder","11":"taxable","12":"shipping-taxable","13":"purchasable","14":"product-type-simple"},"yoast_head":"<!-- This site is optimized with the Yoast SEO plugin v26.5 - https:\/\/yoast.com\/wordpress\/plugins\/seo\/ -->\n<title>Kom\u00f3rka ro\u015blinna. Organelle - puzzle<\/title>\n<meta name=\"description\" content=\"Kom\u00f3rka ro\u015blinna. Organelle - puzzle. Uk\u0142adanka edukacyjna przedstawiaj\u0105ca przekr\u00f3j kom\u00f3rki ro\u015blinnej podzielonej na elementy: organelle. Po wyj\u0119ciu element\u00f3w z ilustracj\u0105, widniej\u0105 na planszy ich nazwy. Element przedstawiaj\u0105cy j\u0105dro kom\u00f3rkowe jest wy\u017cszy, tak aby reszt\u0119 element\u00f3w z \u0142atwo\u015bci\u0105 mo\u017cna by\u0142o wyj\u0105\u0107.-plansza o wymiarach 29cm x 29cm\" \/>\n<meta name=\"robots\" content=\"index, follow, max-snippet:-1, max-image-preview:large, max-video-preview:-1\" \/>\n<link rel=\"canonical\" href=\"https:\/\/sklep.edudomo.pl\/en\/sklep\/komorka-roslinna-organelle-puzzle\/\" \/>\n<meta property=\"og:locale\" content=\"en_GB\" \/>\n<meta property=\"og:locale:alternate\" content=\"pl_PL\" \/>\n<meta property=\"og:type\" content=\"article\" \/>\n<meta property=\"og:title\" content=\"Kom\u00f3rka ro\u015blinna. Organelle - puzzle\" \/>\n<meta property=\"og:description\" content=\"Kom\u00f3rka ro\u015blinna. Organelle - puzzleUk\u0142adanka edukacyjna przedstawiaj\u0105ca przekr\u00f3j kom\u00f3rki ro\u015blinnej podzielonej na elementy.Po wyj\u0119ciu element\u00f3w z ilustracj\u0105, widniej\u0105 na planszy nazwy organelli.Element przedstawiaj\u0105cy j\u0105dro kom\u00f3rkowe jest wy\u017cszy, tak aby reszt\u0119 element\u00f3w z \u0142atwo\u015bci\u0105 mo\u017cna by\u0142o wyj\u0105\u0107.-plansza o wymiarach 29cm x 29cm\" \/>\n<meta property=\"og:url\" content=\"https:\/\/sklep.edudomo.pl\/en\/sklep\/komorka-roslinna-organelle-puzzle\/\" \/>\n<meta property=\"og:site_name\" content=\"sklep EduDoMo\" \/>\n<meta property=\"article:modified_time\" content=\"2025-11-25T17:16:45+00:00\" \/>\n<meta property=\"og:image\" content=\"https:\/\/sklep.edudomo.pl\/wp-content\/uploads\/2021\/06\/IMG_7682.jpg\" \/>\n\t<meta property=\"og:image:width\" content=\"640\" \/>\n\t<meta property=\"og:image:height\" content=\"636\" \/>\n\t<meta property=\"og:image:type\" content=\"image\/jpeg\" \/>\n<meta name=\"twitter:card\" content=\"summary_large_image\" \/>\n<meta name=\"twitter:label1\" content=\"Estimated reading time\" \/>\n\t<meta name=\"twitter:data1\" content=\"1 minute\" \/>\n<script type=\"application\/ld+json\" class=\"yoast-schema-graph\">{\"@context\":\"https:\/\/schema.org\",\"@graph\":[{\"@type\":\"WebPage\",\"@id\":\"https:\/\/sklep.edudomo.pl\/sklep\/komorka-roslinna-organelle-puzzle\/\",\"url\":\"https:\/\/sklep.edudomo.pl\/sklep\/komorka-roslinna-organelle-puzzle\/\",\"name\":\"Kom\u00f3rka ro\u015blinna. Organelle - puzzle\",\"isPartOf\":{\"@id\":\"https:\/\/sklep.edudomo.pl\/#website\"},\"primaryImageOfPage\":{\"@id\":\"https:\/\/sklep.edudomo.pl\/sklep\/komorka-roslinna-organelle-puzzle\/#primaryimage\"},\"image\":{\"@id\":\"https:\/\/sklep.edudomo.pl\/sklep\/komorka-roslinna-organelle-puzzle\/#primaryimage\"},\"thumbnailUrl\":\"https:\/\/sklep.edudomo.pl\/wp-content\/uploads\/2021\/06\/IMG_7682.jpg\",\"datePublished\":\"2021-06-17T13:15:40+00:00\",\"dateModified\":\"2025-11-25T17:16:45+00:00\",\"description\":\"Kom\u00f3rka ro\u015blinna. Organelle - puzzleUk\u0142adanka edukacyjna przedstawiaj\u0105ca przekr\u00f3j kom\u00f3rki ro\u015blinnej podzielonej na elementy.Po wyj\u0119ciu element\u00f3w z ilustracj\u0105, widniej\u0105 na planszy nazwy organelli.Element przedstawiaj\u0105cy j\u0105dro kom\u00f3rkowe jest wy\u017cszy, tak aby reszt\u0119 element\u00f3w z \u0142atwo\u015bci\u0105 mo\u017cna by\u0142o wyj\u0105\u0107.-plansza o wymiarach 29cm x 29cm\",\"breadcrumb\":{\"@id\":\"https:\/\/sklep.edudomo.pl\/sklep\/komorka-roslinna-organelle-puzzle\/#breadcrumb\"},\"inLanguage\":\"en-GB\",\"potentialAction\":[{\"@type\":\"ReadAction\",\"target\":[\"https:\/\/sklep.edudomo.pl\/sklep\/komorka-roslinna-organelle-puzzle\/\"]}]},{\"@type\":\"ImageObject\",\"inLanguage\":\"en-GB\",\"@id\":\"https:\/\/sklep.edudomo.pl\/sklep\/komorka-roslinna-organelle-puzzle\/#primaryimage\",\"url\":\"https:\/\/sklep.edudomo.pl\/wp-content\/uploads\/2021\/06\/IMG_7682.jpg\",\"contentUrl\":\"https:\/\/sklep.edudomo.pl\/wp-content\/uploads\/2021\/06\/IMG_7682.jpg\",\"width\":640,\"height\":636,\"caption\":\"Kom\u00f3rka ro\u015blinna\"},{\"@type\":\"BreadcrumbList\",\"@id\":\"https:\/\/sklep.edudomo.pl\/sklep\/komorka-roslinna-organelle-puzzle\/#breadcrumb\",\"itemListElement\":[{\"@type\":\"ListItem\",\"position\":1,\"name\":\"Strona g\u0142\u00f3wna\",\"item\":\"https:\/\/sklep.edudomo.pl\/\"},{\"@type\":\"ListItem\",\"position\":2,\"name\":\"Sklep\",\"item\":\"https:\/\/sklep.edudomo.pl\/\"},{\"@type\":\"ListItem\",\"position\":3,\"name\":\"Kom\u00f3rka ro\u015blinna. Organelle &#8211; puzzle &#8211; budowa kom\u00f3rki\"}]},{\"@type\":\"WebSite\",\"@id\":\"https:\/\/sklep.edudomo.pl\/#website\",\"url\":\"https:\/\/sklep.edudomo.pl\/\",\"name\":\"sklep EduDoMo\",\"description\":\"Edukacja Domowa. Terapia. Wspieranie Talent&oacute;w\",\"publisher\":{\"@id\":\"https:\/\/sklep.edudomo.pl\/#organization\"},\"potentialAction\":[{\"@type\":\"SearchAction\",\"target\":{\"@type\":\"EntryPoint\",\"urlTemplate\":\"https:\/\/sklep.edudomo.pl\/?s={search_term_string}\"},\"query-input\":{\"@type\":\"PropertyValueSpecification\",\"valueRequired\":true,\"valueName\":\"search_term_string\"}}],\"inLanguage\":\"en-GB\"},{\"@type\":\"Organization\",\"@id\":\"https:\/\/sklep.edudomo.pl\/#organization\",\"name\":\"EduDoMo\",\"url\":\"https:\/\/sklep.edudomo.pl\/\",\"logo\":{\"@type\":\"ImageObject\",\"inLanguage\":\"en-GB\",\"@id\":\"https:\/\/sklep.edudomo.pl\/#\/schema\/logo\/image\/\",\"url\":\"https:\/\/sklep.edudomo.pl\/wp-content\/uploads\/2019\/11\/cropped-logo-edudomo-sowa.jpg\",\"contentUrl\":\"https:\/\/sklep.edudomo.pl\/wp-content\/uploads\/2019\/11\/cropped-logo-edudomo-sowa.jpg\",\"width\":120,\"height\":120,\"caption\":\"EduDoMo\"},\"image\":{\"@id\":\"https:\/\/sklep.edudomo.pl\/#\/schema\/logo\/image\/\"}}]}<\/script>\n<!-- \/ Yoast SEO plugin. -->","yoast_head_json":{"title":"Kom\u00f3rka ro\u015blinna. Organelle - puzzle","description":"Kom\u00f3rka ro\u015blinna. Organelle - puzzle. Uk\u0142adanka edukacyjna przedstawiaj\u0105ca przekr\u00f3j kom\u00f3rki ro\u015blinnej podzielonej na elementy: organelle. Po wyj\u0119ciu element\u00f3w z ilustracj\u0105, widniej\u0105 na planszy ich nazwy. Element przedstawiaj\u0105cy j\u0105dro kom\u00f3rkowe jest wy\u017cszy, tak aby reszt\u0119 element\u00f3w z \u0142atwo\u015bci\u0105 mo\u017cna by\u0142o wyj\u0105\u0107.-plansza o wymiarach 29cm x 29cm","robots":{"index":"index","follow":"follow","max-snippet":"max-snippet:-1","max-image-preview":"max-image-preview:large","max-video-preview":"max-video-preview:-1"},"canonical":"https:\/\/sklep.edudomo.pl\/en\/sklep\/komorka-roslinna-organelle-puzzle\/","og_locale":"en_GB","og_type":"article","og_title":"[:pl]Kom\u00f3rka ro\u015blinna. Organelle - puzzle - budowa kom\u00f3rki[:en]Kom\u00f3rka ro\u015blinna. Organelle - puzzle[:] - sklep EduDoMo","og_description":"Kom\u00f3rka ro\u015blinna. Organelle - puzzleUk\u0142adanka edukacyjna przedstawiaj\u0105ca przekr\u00f3j kom\u00f3rki ro\u015blinnej podzielonej na elementy.Po wyj\u0119ciu element\u00f3w z ilustracj\u0105, widniej\u0105 na planszy nazwy organelli.Element przedstawiaj\u0105cy j\u0105dro kom\u00f3rkowe jest wy\u017cszy, tak aby reszt\u0119 element\u00f3w z \u0142atwo\u015bci\u0105 mo\u017cna by\u0142o wyj\u0105\u0107.-plansza o wymiarach 29cm x 29cm","og_url":"https:\/\/sklep.edudomo.pl\/en\/sklep\/komorka-roslinna-organelle-puzzle\/","og_site_name":"sklep EduDoMo","article_modified_time":"2025-11-25T17:16:45+00:00","og_image":[{"width":640,"height":636,"url":"https:\/\/sklep.edudomo.pl\/wp-content\/uploads\/2021\/06\/IMG_7682.jpg","type":"image\/jpeg"}],"twitter_card":"summary_large_image","twitter_misc":{"Estimated reading time":"1 minute"},"schema":{"@context":"https:\/\/schema.org","@graph":[{"@type":"WebPage","@id":"https:\/\/sklep.edudomo.pl\/sklep\/komorka-roslinna-organelle-puzzle\/","url":"https:\/\/sklep.edudomo.pl\/sklep\/komorka-roslinna-organelle-puzzle\/","name":"Kom\u00f3rka ro\u015blinna. Organelle - puzzle","isPartOf":{"@id":"https:\/\/sklep.edudomo.pl\/#website"},"primaryImageOfPage":{"@id":"https:\/\/sklep.edudomo.pl\/sklep\/komorka-roslinna-organelle-puzzle\/#primaryimage"},"image":{"@id":"https:\/\/sklep.edudomo.pl\/sklep\/komorka-roslinna-organelle-puzzle\/#primaryimage"},"thumbnailUrl":"https:\/\/sklep.edudomo.pl\/wp-content\/uploads\/2021\/06\/IMG_7682.jpg","datePublished":"2021-06-17T13:15:40+00:00","dateModified":"2025-11-25T17:16:45+00:00","description":"Kom\u00f3rka ro\u015blinna. Organelle - puzzleUk\u0142adanka edukacyjna przedstawiaj\u0105ca przekr\u00f3j kom\u00f3rki ro\u015blinnej podzielonej na elementy.Po wyj\u0119ciu element\u00f3w z ilustracj\u0105, widniej\u0105 na planszy nazwy organelli.Element przedstawiaj\u0105cy j\u0105dro kom\u00f3rkowe jest wy\u017cszy, tak aby reszt\u0119 element\u00f3w z \u0142atwo\u015bci\u0105 mo\u017cna by\u0142o wyj\u0105\u0107.-plansza o wymiarach 29cm x 29cm","breadcrumb":{"@id":"https:\/\/sklep.edudomo.pl\/sklep\/komorka-roslinna-organelle-puzzle\/#breadcrumb"},"inLanguage":"en-GB","potentialAction":[{"@type":"ReadAction","target":["https:\/\/sklep.edudomo.pl\/sklep\/komorka-roslinna-organelle-puzzle\/"]}]},{"@type":"ImageObject","inLanguage":"en-GB","@id":"https:\/\/sklep.edudomo.pl\/sklep\/komorka-roslinna-organelle-puzzle\/#primaryimage","url":"https:\/\/sklep.edudomo.pl\/wp-content\/uploads\/2021\/06\/IMG_7682.jpg","contentUrl":"https:\/\/sklep.edudomo.pl\/wp-content\/uploads\/2021\/06\/IMG_7682.jpg","width":640,"height":636,"caption":"Kom\u00f3rka ro\u015blinna"},{"@type":"BreadcrumbList","@id":"https:\/\/sklep.edudomo.pl\/sklep\/komorka-roslinna-organelle-puzzle\/#breadcrumb","itemListElement":[{"@type":"ListItem","position":1,"name":"Strona g\u0142\u00f3wna","item":"https:\/\/sklep.edudomo.pl\/"},{"@type":"ListItem","position":2,"name":"Sklep","item":"https:\/\/sklep.edudomo.pl\/"},{"@type":"ListItem","position":3,"name":"Kom\u00f3rka ro\u015blinna. Organelle &#8211; puzzle &#8211; budowa kom\u00f3rki"}]},{"@type":"WebSite","@id":"https:\/\/sklep.edudomo.pl\/#website","url":"https:\/\/sklep.edudomo.pl\/","name":"sklep EduDoMo","description":"Edukacja Domowa. Terapia. Wspieranie Talent&oacute;w","publisher":{"@id":"https:\/\/sklep.edudomo.pl\/#organization"},"potentialAction":[{"@type":"SearchAction","target":{"@type":"EntryPoint","urlTemplate":"https:\/\/sklep.edudomo.pl\/?s={search_term_string}"},"query-input":{"@type":"PropertyValueSpecification","valueRequired":true,"valueName":"search_term_string"}}],"inLanguage":"en-GB"},{"@type":"Organization","@id":"https:\/\/sklep.edudomo.pl\/#organization","name":"EduDoMo","url":"https:\/\/sklep.edudomo.pl\/","logo":{"@type":"ImageObject","inLanguage":"en-GB","@id":"https:\/\/sklep.edudomo.pl\/#\/schema\/logo\/image\/","url":"https:\/\/sklep.edudomo.pl\/wp-content\/uploads\/2019\/11\/cropped-logo-edudomo-sowa.jpg","contentUrl":"https:\/\/sklep.edudomo.pl\/wp-content\/uploads\/2019\/11\/cropped-logo-edudomo-sowa.jpg","width":120,"height":120,"caption":"EduDoMo"},"image":{"@id":"https:\/\/sklep.edudomo.pl\/#\/schema\/logo\/image\/"}}]}},"jetpack_sharing_enabled":true,"_links":{"self":[{"href":"https:\/\/sklep.edudomo.pl\/en\/wp-json\/wp\/v2\/product\/5592","targetHints":{"allow":["GET"]}}],"collection":[{"href":"https:\/\/sklep.edudomo.pl\/en\/wp-json\/wp\/v2\/product"}],"about":[{"href":"https:\/\/sklep.edudomo.pl\/en\/wp-json\/wp\/v2\/types\/product"}],"replies":[{"embeddable":true,"href":"https:\/\/sklep.edudomo.pl\/en\/wp-json\/wp\/v2\/comments?post=5592"}],"wp:featuredmedia":[{"embeddable":true,"href":"https:\/\/sklep.edudomo.pl\/en\/wp-json\/wp\/v2\/media\/5652"}],"wp:attachment":[{"href":"https:\/\/sklep.edudomo.pl\/en\/wp-json\/wp\/v2\/media?parent=5592"}],"wp:term":[{"taxonomy":"product_brand","embeddable":true,"href":"https:\/\/sklep.edudomo.pl\/en\/wp-json\/wp\/v2\/product_brand?post=5592"},{"taxonomy":"product_cat","embeddable":true,"href":"https:\/\/sklep.edudomo.pl\/en\/wp-json\/wp\/v2\/product_cat?post=5592"},{"taxonomy":"product_tag","embeddable":true,"href":"https:\/\/sklep.edudomo.pl\/en\/wp-json\/wp\/v2\/product_tag?post=5592"}],"curies":[{"name":"wp","href":"https:\/\/api.w.org\/{rel}","templated":true}]}}