{"id":5621,"date":"2021-06-21T11:11:23","date_gmt":"2021-06-21T11:11:23","guid":{"rendered":"https:\/\/sklep.edudomo.pl\/?post_type=product&#038;p=5621"},"modified":"2025-11-25T17:16:36","modified_gmt":"2025-11-25T17:16:36","slug":"przedsprzedaz-cykl-rozwojowy-paproci-puzzle-i-drewniana-karta-kontrolna","status":"publish","type":"product","link":"https:\/\/sklep.edudomo.pl\/en\/sklep\/przedsprzedaz-cykl-rozwojowy-paproci-puzzle-i-drewniana-karta-kontrolna\/","title":{"rendered":"PRZEDSPRZEDA\u017b !!! CYKL ROZWOJOWY PAPROCI. Puzzle i drewniana karta kontrolna"},"content":{"rendered":"<p>PRZEDSPRZEDA\u017b !!!PROMOCJA &#8211; uk\u0142adanka wkr\u00f3tce pojawi si\u0119 w sprzeda\u017cy<\/p>\n<p>&nbsp;<\/p>\n<p>CYKL ROZWOJOWY PAPROCI. Puzzle i drewniana karta kontrolna<\/p>\n<p>Uk\u0142adanka edukacyjna przedstawiaj\u0105ca CYKL ROZWOJOWY PAPROCI. Puzzle i drewniana karta kontrolna<\/p>\n<p>&nbsp;<\/p>\n<p>&nbsp;<\/p>\n<p>-plansza\u00a0 o wymiarach 29cm x 29cm<\/p>\n","protected":false},"excerpt":{"rendered":"<p>PRZEDSPRZEDA\u017b !!!PROMOCJA &#8211; uk\u0142adanka wkr\u00f3tce pojawi si\u0119 w sprzeda\u017cy &nbsp; CYKL ROZWOJOWY PAPROCI. Puzzle i drewniana karta kontrolna Uk\u0142adanka edukacyjna przedstawiaj\u0105ca CYKL ROZWOJOWY PAPROCI. Puzzle i drewniana karta kontrolna &nbsp; &nbsp; -plansza\u00a0 o wymiarach 29cm x 29cm<\/p>\n","protected":false},"featured_media":5763,"comment_status":"open","ping_status":"closed","template":"","meta":[],"product_brand":[],"product_cat":[87],"product_tag":[],"class_list":{"0":"post-5621","1":"product","2":"type-product","3":"status-publish","4":"has-post-thumbnail","6":"product_cat-edukacja-przyrodnicza","7":"product_shipping_class-inpost-kurier-a","9":"first","10":"onbackorder","11":"taxable","12":"shipping-taxable","13":"purchasable","14":"product-type-simple"},"yoast_head":"<!-- This site is optimized with the Yoast SEO plugin v26.5 - https:\/\/yoast.com\/wordpress\/plugins\/seo\/ -->\n<title>PRZEDSPRZEDA\u017b !!! CYKL ROZWOJOWY PAPROCI. Puzzle i drewniana karta kontrolna<\/title>\n<meta name=\"description\" content=\"CYKL ROZWOJOWY PAPROCI. Puzzle i drewniana karta kontrolna\" \/>\n<meta name=\"robots\" content=\"index, follow, max-snippet:-1, max-image-preview:large, max-video-preview:-1\" \/>\n<link rel=\"canonical\" href=\"https:\/\/sklep.edudomo.pl\/en\/sklep\/przedsprzedaz-cykl-rozwojowy-paproci-puzzle-i-drewniana-karta-kontrolna\/\" \/>\n<meta property=\"og:locale\" content=\"en_GB\" \/>\n<meta property=\"og:locale:alternate\" content=\"pl_PL\" \/>\n<meta property=\"og:type\" content=\"article\" \/>\n<meta property=\"og:title\" content=\"PRZEDSPRZEDA\u017b !!! CYKL ROZWOJOWY PAPROCI. Puzzle i drewniana karta kontrolna\" \/>\n<meta property=\"og:description\" content=\"CYKL ROZWOJOWY PAPROCI. Puzzle i drewniana karta kontrolna\" \/>\n<meta property=\"og:url\" content=\"https:\/\/sklep.edudomo.pl\/en\/sklep\/przedsprzedaz-cykl-rozwojowy-paproci-puzzle-i-drewniana-karta-kontrolna\/\" \/>\n<meta property=\"og:site_name\" content=\"sklep EduDoMo\" \/>\n<meta property=\"article:modified_time\" content=\"2025-11-25T17:16:36+00:00\" \/>\n<meta property=\"og:image\" content=\"https:\/\/sklep.edudomo.pl\/wp-content\/uploads\/2021\/06\/IMG_7873.jpg\" \/>\n\t<meta property=\"og:image:width\" content=\"640\" \/>\n\t<meta property=\"og:image:height\" content=\"607\" \/>\n\t<meta property=\"og:image:type\" content=\"image\/jpeg\" \/>\n<meta name=\"twitter:card\" content=\"summary_large_image\" \/>\n<meta name=\"twitter:label1\" content=\"Estimated reading time\" \/>\n\t<meta name=\"twitter:data1\" content=\"1 minute\" \/>\n<script type=\"application\/ld+json\" class=\"yoast-schema-graph\">{\"@context\":\"https:\/\/schema.org\",\"@graph\":[{\"@type\":\"WebPage\",\"@id\":\"https:\/\/sklep.edudomo.pl\/sklep\/przedsprzedaz-cykl-rozwojowy-paproci-puzzle-i-drewniana-karta-kontrolna\/\",\"url\":\"https:\/\/sklep.edudomo.pl\/sklep\/przedsprzedaz-cykl-rozwojowy-paproci-puzzle-i-drewniana-karta-kontrolna\/\",\"name\":\"PRZEDSPRZEDA\u017b !!! CYKL ROZWOJOWY PAPROCI. Puzzle i drewniana karta kontrolna\",\"isPartOf\":{\"@id\":\"https:\/\/sklep.edudomo.pl\/#website\"},\"primaryImageOfPage\":{\"@id\":\"https:\/\/sklep.edudomo.pl\/sklep\/przedsprzedaz-cykl-rozwojowy-paproci-puzzle-i-drewniana-karta-kontrolna\/#primaryimage\"},\"image\":{\"@id\":\"https:\/\/sklep.edudomo.pl\/sklep\/przedsprzedaz-cykl-rozwojowy-paproci-puzzle-i-drewniana-karta-kontrolna\/#primaryimage\"},\"thumbnailUrl\":\"https:\/\/sklep.edudomo.pl\/wp-content\/uploads\/2021\/06\/IMG_7873.jpg\",\"datePublished\":\"2021-06-21T11:11:23+00:00\",\"dateModified\":\"2025-11-25T17:16:36+00:00\",\"description\":\"CYKL ROZWOJOWY PAPROCI. Puzzle i drewniana karta kontrolna\",\"breadcrumb\":{\"@id\":\"https:\/\/sklep.edudomo.pl\/sklep\/przedsprzedaz-cykl-rozwojowy-paproci-puzzle-i-drewniana-karta-kontrolna\/#breadcrumb\"},\"inLanguage\":\"en-GB\",\"potentialAction\":[{\"@type\":\"ReadAction\",\"target\":[\"https:\/\/sklep.edudomo.pl\/sklep\/przedsprzedaz-cykl-rozwojowy-paproci-puzzle-i-drewniana-karta-kontrolna\/\"]}]},{\"@type\":\"ImageObject\",\"inLanguage\":\"en-GB\",\"@id\":\"https:\/\/sklep.edudomo.pl\/sklep\/przedsprzedaz-cykl-rozwojowy-paproci-puzzle-i-drewniana-karta-kontrolna\/#primaryimage\",\"url\":\"https:\/\/sklep.edudomo.pl\/wp-content\/uploads\/2021\/06\/IMG_7873.jpg\",\"contentUrl\":\"https:\/\/sklep.edudomo.pl\/wp-content\/uploads\/2021\/06\/IMG_7873.jpg\",\"width\":640,\"height\":607,\"caption\":\"Cykl rozwojowy paproci\"},{\"@type\":\"BreadcrumbList\",\"@id\":\"https:\/\/sklep.edudomo.pl\/sklep\/przedsprzedaz-cykl-rozwojowy-paproci-puzzle-i-drewniana-karta-kontrolna\/#breadcrumb\",\"itemListElement\":[{\"@type\":\"ListItem\",\"position\":1,\"name\":\"Strona g\u0142\u00f3wna\",\"item\":\"https:\/\/sklep.edudomo.pl\/\"},{\"@type\":\"ListItem\",\"position\":2,\"name\":\"Sklep\",\"item\":\"https:\/\/sklep.edudomo.pl\/\"},{\"@type\":\"ListItem\",\"position\":3,\"name\":\"CYKL ROZWOJOWY PAPROCI. Puzzle i drewniana karta kontrolna\"}]},{\"@type\":\"WebSite\",\"@id\":\"https:\/\/sklep.edudomo.pl\/#website\",\"url\":\"https:\/\/sklep.edudomo.pl\/\",\"name\":\"sklep EduDoMo\",\"description\":\"Edukacja Domowa. Terapia. Wspieranie Talent&oacute;w\",\"publisher\":{\"@id\":\"https:\/\/sklep.edudomo.pl\/#organization\"},\"potentialAction\":[{\"@type\":\"SearchAction\",\"target\":{\"@type\":\"EntryPoint\",\"urlTemplate\":\"https:\/\/sklep.edudomo.pl\/?s={search_term_string}\"},\"query-input\":{\"@type\":\"PropertyValueSpecification\",\"valueRequired\":true,\"valueName\":\"search_term_string\"}}],\"inLanguage\":\"en-GB\"},{\"@type\":\"Organization\",\"@id\":\"https:\/\/sklep.edudomo.pl\/#organization\",\"name\":\"EduDoMo\",\"url\":\"https:\/\/sklep.edudomo.pl\/\",\"logo\":{\"@type\":\"ImageObject\",\"inLanguage\":\"en-GB\",\"@id\":\"https:\/\/sklep.edudomo.pl\/#\/schema\/logo\/image\/\",\"url\":\"https:\/\/sklep.edudomo.pl\/wp-content\/uploads\/2019\/11\/cropped-logo-edudomo-sowa.jpg\",\"contentUrl\":\"https:\/\/sklep.edudomo.pl\/wp-content\/uploads\/2019\/11\/cropped-logo-edudomo-sowa.jpg\",\"width\":120,\"height\":120,\"caption\":\"EduDoMo\"},\"image\":{\"@id\":\"https:\/\/sklep.edudomo.pl\/#\/schema\/logo\/image\/\"}}]}<\/script>\n<!-- \/ Yoast SEO plugin. -->","yoast_head_json":{"title":"PRZEDSPRZEDA\u017b !!! CYKL ROZWOJOWY PAPROCI. Puzzle i drewniana karta kontrolna","description":"CYKL ROZWOJOWY PAPROCI. Puzzle i drewniana karta kontrolna","robots":{"index":"index","follow":"follow","max-snippet":"max-snippet:-1","max-image-preview":"max-image-preview:large","max-video-preview":"max-video-preview:-1"},"canonical":"https:\/\/sklep.edudomo.pl\/en\/sklep\/przedsprzedaz-cykl-rozwojowy-paproci-puzzle-i-drewniana-karta-kontrolna\/","og_locale":"en_GB","og_type":"article","og_title":"[:pl]CYKL ROZWOJOWY PAPROCI. Puzzle i drewniana karta kontrolna[:en]PRZEDSPRZEDA\u017b !!! CYKL ROZWOJOWY PAPROCI. Puzzle i drewniana karta kontrolna[:] - sklep EduDoMo","og_description":"CYKL ROZWOJOWY PAPROCI. Puzzle i drewniana karta kontrolna","og_url":"https:\/\/sklep.edudomo.pl\/en\/sklep\/przedsprzedaz-cykl-rozwojowy-paproci-puzzle-i-drewniana-karta-kontrolna\/","og_site_name":"sklep EduDoMo","article_modified_time":"2025-11-25T17:16:36+00:00","og_image":[{"width":640,"height":607,"url":"https:\/\/sklep.edudomo.pl\/wp-content\/uploads\/2021\/06\/IMG_7873.jpg","type":"image\/jpeg"}],"twitter_card":"summary_large_image","twitter_misc":{"Estimated reading time":"1 minute"},"schema":{"@context":"https:\/\/schema.org","@graph":[{"@type":"WebPage","@id":"https:\/\/sklep.edudomo.pl\/sklep\/przedsprzedaz-cykl-rozwojowy-paproci-puzzle-i-drewniana-karta-kontrolna\/","url":"https:\/\/sklep.edudomo.pl\/sklep\/przedsprzedaz-cykl-rozwojowy-paproci-puzzle-i-drewniana-karta-kontrolna\/","name":"PRZEDSPRZEDA\u017b !!! CYKL ROZWOJOWY PAPROCI. Puzzle i drewniana karta kontrolna","isPartOf":{"@id":"https:\/\/sklep.edudomo.pl\/#website"},"primaryImageOfPage":{"@id":"https:\/\/sklep.edudomo.pl\/sklep\/przedsprzedaz-cykl-rozwojowy-paproci-puzzle-i-drewniana-karta-kontrolna\/#primaryimage"},"image":{"@id":"https:\/\/sklep.edudomo.pl\/sklep\/przedsprzedaz-cykl-rozwojowy-paproci-puzzle-i-drewniana-karta-kontrolna\/#primaryimage"},"thumbnailUrl":"https:\/\/sklep.edudomo.pl\/wp-content\/uploads\/2021\/06\/IMG_7873.jpg","datePublished":"2021-06-21T11:11:23+00:00","dateModified":"2025-11-25T17:16:36+00:00","description":"CYKL ROZWOJOWY PAPROCI. Puzzle i drewniana karta kontrolna","breadcrumb":{"@id":"https:\/\/sklep.edudomo.pl\/sklep\/przedsprzedaz-cykl-rozwojowy-paproci-puzzle-i-drewniana-karta-kontrolna\/#breadcrumb"},"inLanguage":"en-GB","potentialAction":[{"@type":"ReadAction","target":["https:\/\/sklep.edudomo.pl\/sklep\/przedsprzedaz-cykl-rozwojowy-paproci-puzzle-i-drewniana-karta-kontrolna\/"]}]},{"@type":"ImageObject","inLanguage":"en-GB","@id":"https:\/\/sklep.edudomo.pl\/sklep\/przedsprzedaz-cykl-rozwojowy-paproci-puzzle-i-drewniana-karta-kontrolna\/#primaryimage","url":"https:\/\/sklep.edudomo.pl\/wp-content\/uploads\/2021\/06\/IMG_7873.jpg","contentUrl":"https:\/\/sklep.edudomo.pl\/wp-content\/uploads\/2021\/06\/IMG_7873.jpg","width":640,"height":607,"caption":"Cykl rozwojowy paproci"},{"@type":"BreadcrumbList","@id":"https:\/\/sklep.edudomo.pl\/sklep\/przedsprzedaz-cykl-rozwojowy-paproci-puzzle-i-drewniana-karta-kontrolna\/#breadcrumb","itemListElement":[{"@type":"ListItem","position":1,"name":"Strona g\u0142\u00f3wna","item":"https:\/\/sklep.edudomo.pl\/"},{"@type":"ListItem","position":2,"name":"Sklep","item":"https:\/\/sklep.edudomo.pl\/"},{"@type":"ListItem","position":3,"name":"CYKL ROZWOJOWY PAPROCI. Puzzle i drewniana karta kontrolna"}]},{"@type":"WebSite","@id":"https:\/\/sklep.edudomo.pl\/#website","url":"https:\/\/sklep.edudomo.pl\/","name":"sklep EduDoMo","description":"Edukacja Domowa. Terapia. Wspieranie Talent&oacute;w","publisher":{"@id":"https:\/\/sklep.edudomo.pl\/#organization"},"potentialAction":[{"@type":"SearchAction","target":{"@type":"EntryPoint","urlTemplate":"https:\/\/sklep.edudomo.pl\/?s={search_term_string}"},"query-input":{"@type":"PropertyValueSpecification","valueRequired":true,"valueName":"search_term_string"}}],"inLanguage":"en-GB"},{"@type":"Organization","@id":"https:\/\/sklep.edudomo.pl\/#organization","name":"EduDoMo","url":"https:\/\/sklep.edudomo.pl\/","logo":{"@type":"ImageObject","inLanguage":"en-GB","@id":"https:\/\/sklep.edudomo.pl\/#\/schema\/logo\/image\/","url":"https:\/\/sklep.edudomo.pl\/wp-content\/uploads\/2019\/11\/cropped-logo-edudomo-sowa.jpg","contentUrl":"https:\/\/sklep.edudomo.pl\/wp-content\/uploads\/2019\/11\/cropped-logo-edudomo-sowa.jpg","width":120,"height":120,"caption":"EduDoMo"},"image":{"@id":"https:\/\/sklep.edudomo.pl\/#\/schema\/logo\/image\/"}}]}},"jetpack_sharing_enabled":true,"_links":{"self":[{"href":"https:\/\/sklep.edudomo.pl\/en\/wp-json\/wp\/v2\/product\/5621","targetHints":{"allow":["GET"]}}],"collection":[{"href":"https:\/\/sklep.edudomo.pl\/en\/wp-json\/wp\/v2\/product"}],"about":[{"href":"https:\/\/sklep.edudomo.pl\/en\/wp-json\/wp\/v2\/types\/product"}],"replies":[{"embeddable":true,"href":"https:\/\/sklep.edudomo.pl\/en\/wp-json\/wp\/v2\/comments?post=5621"}],"wp:featuredmedia":[{"embeddable":true,"href":"https:\/\/sklep.edudomo.pl\/en\/wp-json\/wp\/v2\/media\/5763"}],"wp:attachment":[{"href":"https:\/\/sklep.edudomo.pl\/en\/wp-json\/wp\/v2\/media?parent=5621"}],"wp:term":[{"taxonomy":"product_brand","embeddable":true,"href":"https:\/\/sklep.edudomo.pl\/en\/wp-json\/wp\/v2\/product_brand?post=5621"},{"taxonomy":"product_cat","embeddable":true,"href":"https:\/\/sklep.edudomo.pl\/en\/wp-json\/wp\/v2\/product_cat?post=5621"},{"taxonomy":"product_tag","embeddable":true,"href":"https:\/\/sklep.edudomo.pl\/en\/wp-json\/wp\/v2\/product_tag?post=5621"}],"curies":[{"name":"wp","href":"https:\/\/api.w.org\/{rel}","templated":true}]}}