{"id":6253,"date":"2021-08-30T15:53:32","date_gmt":"2021-08-30T15:53:32","guid":{"rendered":"https:\/\/sklep.edudomo.pl\/?post_type=product&#038;p=6253"},"modified":"2025-11-25T17:15:31","modified_gmt":"2025-11-25T17:15:31","slug":"atom-plansza-do-tworzenia-modeli-atomow-wedlug-bohra","status":"publish","type":"product","link":"https:\/\/sklep.edudomo.pl\/en\/sklep\/atom-plansza-do-tworzenia-modeli-atomow-wedlug-bohra\/","title":{"rendered":"Atom. Plansza do tworzenia modeli atom\u00f3w wed\u0142ug Bohra."},"content":{"rendered":"<p>Atom. Plansza do tworzenia modeli atom\u00f3w wed\u0142ug Bohra.<\/p>\n<p>Atom.<\/p>\n<ul>\n<li>Plansza do tworzenia modeli atom\u00f3w wed\u0142ug Bohra.<\/li>\n<li>plansza (szablon) z podpowiedzi\u0105 jak uk\u0142ada\u0107 elektrony i nukleony<\/li>\n<li>23 tabliczki\u00a0 z pierwszymi 23 zapisanymi pierwiastkami z uk\u0142adu okresowego, gdzie na rewersach widnieje uk\u0142ad rozmieszczonych koralik\u00f3w symbolizuj\u0105cych nukleony oraz elektrony.<\/li>\n<\/ul>\n<p>UWAGA: PRODUKT SPRZEDAWANY JEST BEZ KORALIK\u00d3W &#8211; KORALIKI TO MONTESSORIA\u0143SKIE KOLOROWE PER\u0141Y<\/p>\n","protected":false},"excerpt":{"rendered":"<p>Atom. Plansza do tworzenia modeli atom\u00f3w wed\u0142ug Bohra. Atom. Plansza do tworzenia modeli atom\u00f3w wed\u0142ug Bohra. plansza (szablon) z podpowiedzi\u0105 jak uk\u0142ada\u0107 elektrony i nukleony 23 tabliczki\u00a0 z pierwszymi 23 zapisanymi pierwiastkami z uk\u0142adu okresowego, gdzie na rewersach widnieje uk\u0142ad rozmieszczonych koralik\u00f3w symbolizuj\u0105cych nukleony oraz elektrony. UWAGA: PRODUKT SPRZEDAWANY JEST BEZ KORALIK\u00d3W &#8211; KORALIKI TO<span class=\"read-more-faq\"><a href=\"https:\/\/sklep.edudomo.pl\/en\/sklep\/atom-plansza-do-tworzenia-modeli-atomow-wedlug-bohra\/\">Read More<\/a><\/span><\/p>\n","protected":false},"featured_media":6286,"comment_status":"open","ping_status":"closed","template":"","meta":[],"product_brand":[],"product_cat":[134],"product_tag":[],"class_list":{"0":"post-6253","1":"product","2":"type-product","3":"status-publish","4":"has-post-thumbnail","6":"product_cat-chemia","7":"product_shipping_class-inpost-kurier-a","9":"first","10":"onbackorder","11":"taxable","12":"shipping-taxable","13":"purchasable","14":"product-type-simple"},"yoast_head":"<!-- This site is optimized with the Yoast SEO plugin v26.5 - https:\/\/yoast.com\/wordpress\/plugins\/seo\/ -->\n<title>Atom. Plansza do tworzenia modeli atom\u00f3w wed\u0142ug Bohra.<\/title>\n<meta name=\"description\" content=\"Atom.Plansza do tworzenia modeli atom\u00f3w wed\u0142ug Bohra.plansza z podpowiedzi\u0105 jak uk\u0142ada\u0107 elektrony i nukleony23 tabliczki\u00a0 z pierwszymi 23 zapisanymi pierwiastkami z uk\u0142adu okresowego, gdzie na rewersach widnieje uk\u0142ad rozmieszczonych koralik\u00f3w symbolizuj\u0105cych nukleony oraz elektrony.\" \/>\n<meta name=\"robots\" content=\"index, follow, max-snippet:-1, max-image-preview:large, max-video-preview:-1\" \/>\n<link rel=\"canonical\" href=\"https:\/\/sklep.edudomo.pl\/en\/sklep\/atom-plansza-do-tworzenia-modeli-atomow-wedlug-bohra\/\" \/>\n<meta property=\"og:locale\" content=\"en_GB\" \/>\n<meta property=\"og:locale:alternate\" content=\"pl_PL\" \/>\n<meta property=\"og:type\" content=\"article\" \/>\n<meta property=\"og:title\" content=\"Atom. Plansza do tworzenia modeli atom\u00f3w wed\u0142ug Bohra.\" \/>\n<meta property=\"og:description\" content=\"Atom.Plansza do tworzenia modeli atom\u00f3w wed\u0142ug Bohra.plansza z podpowiedzi\u0105 jak uk\u0142ada\u0107 elektrony i nukleony23 tabliczki\u00a0 z pierwszymi 23 zapisanymi pierwiastkami z uk\u0142adu okresowego, gdzie na rewersach widnieje uk\u0142ad rozmieszczonych koralik\u00f3w symbolizuj\u0105cych nukleony oraz elektrony.\" \/>\n<meta property=\"og:url\" content=\"https:\/\/sklep.edudomo.pl\/en\/sklep\/atom-plansza-do-tworzenia-modeli-atomow-wedlug-bohra\/\" \/>\n<meta property=\"og:site_name\" content=\"sklep EduDoMo\" \/>\n<meta property=\"article:modified_time\" content=\"2025-11-25T17:15:31+00:00\" \/>\n<meta property=\"og:image\" content=\"https:\/\/sklep.edudomo.pl\/wp-content\/uploads\/2021\/08\/IMG_9348.jpg\" \/>\n\t<meta property=\"og:image:width\" content=\"1448\" \/>\n\t<meta property=\"og:image:height\" content=\"1442\" \/>\n\t<meta property=\"og:image:type\" content=\"image\/jpeg\" \/>\n<meta name=\"twitter:card\" content=\"summary_large_image\" \/>\n<meta name=\"twitter:label1\" content=\"Estimated reading time\" \/>\n\t<meta name=\"twitter:data1\" content=\"1 minute\" \/>\n<script type=\"application\/ld+json\" class=\"yoast-schema-graph\">{\"@context\":\"https:\/\/schema.org\",\"@graph\":[{\"@type\":\"WebPage\",\"@id\":\"https:\/\/sklep.edudomo.pl\/sklep\/atom-plansza-do-tworzenia-modeli-atomow-wedlug-bohra\/\",\"url\":\"https:\/\/sklep.edudomo.pl\/sklep\/atom-plansza-do-tworzenia-modeli-atomow-wedlug-bohra\/\",\"name\":\"Atom. Plansza do tworzenia modeli atom\u00f3w wed\u0142ug Bohra.\",\"isPartOf\":{\"@id\":\"https:\/\/sklep.edudomo.pl\/#website\"},\"primaryImageOfPage\":{\"@id\":\"https:\/\/sklep.edudomo.pl\/sklep\/atom-plansza-do-tworzenia-modeli-atomow-wedlug-bohra\/#primaryimage\"},\"image\":{\"@id\":\"https:\/\/sklep.edudomo.pl\/sklep\/atom-plansza-do-tworzenia-modeli-atomow-wedlug-bohra\/#primaryimage\"},\"thumbnailUrl\":\"https:\/\/sklep.edudomo.pl\/wp-content\/uploads\/2021\/08\/IMG_9348.jpg\",\"datePublished\":\"2021-08-30T15:53:32+00:00\",\"dateModified\":\"2025-11-25T17:15:31+00:00\",\"description\":\"Atom.Plansza do tworzenia modeli atom\u00f3w wed\u0142ug Bohra.plansza z podpowiedzi\u0105 jak uk\u0142ada\u0107 elektrony i nukleony23 tabliczki\u00a0 z pierwszymi 23 zapisanymi pierwiastkami z uk\u0142adu okresowego, gdzie na rewersach widnieje uk\u0142ad rozmieszczonych koralik\u00f3w symbolizuj\u0105cych nukleony oraz elektrony.\",\"breadcrumb\":{\"@id\":\"https:\/\/sklep.edudomo.pl\/sklep\/atom-plansza-do-tworzenia-modeli-atomow-wedlug-bohra\/#breadcrumb\"},\"inLanguage\":\"en-GB\",\"potentialAction\":[{\"@type\":\"ReadAction\",\"target\":[\"https:\/\/sklep.edudomo.pl\/sklep\/atom-plansza-do-tworzenia-modeli-atomow-wedlug-bohra\/\"]}]},{\"@type\":\"ImageObject\",\"inLanguage\":\"en-GB\",\"@id\":\"https:\/\/sklep.edudomo.pl\/sklep\/atom-plansza-do-tworzenia-modeli-atomow-wedlug-bohra\/#primaryimage\",\"url\":\"https:\/\/sklep.edudomo.pl\/wp-content\/uploads\/2021\/08\/IMG_9348.jpg\",\"contentUrl\":\"https:\/\/sklep.edudomo.pl\/wp-content\/uploads\/2021\/08\/IMG_9348.jpg\",\"width\":1448,\"height\":1442,\"caption\":\"Atom. Tablica do tworzenia modelu wg Bohra\"},{\"@type\":\"BreadcrumbList\",\"@id\":\"https:\/\/sklep.edudomo.pl\/sklep\/atom-plansza-do-tworzenia-modeli-atomow-wedlug-bohra\/#breadcrumb\",\"itemListElement\":[{\"@type\":\"ListItem\",\"position\":1,\"name\":\"Strona g\u0142\u00f3wna\",\"item\":\"https:\/\/sklep.edudomo.pl\/\"},{\"@type\":\"ListItem\",\"position\":2,\"name\":\"Sklep\",\"item\":\"https:\/\/sklep.edudomo.pl\/\"},{\"@type\":\"ListItem\",\"position\":3,\"name\":\"Atom. Plansza do tworzenia modeli atom\u00f3w wed\u0142ug Bohra.\"}]},{\"@type\":\"WebSite\",\"@id\":\"https:\/\/sklep.edudomo.pl\/#website\",\"url\":\"https:\/\/sklep.edudomo.pl\/\",\"name\":\"sklep EduDoMo\",\"description\":\"Edukacja Domowa. Terapia. Wspieranie Talent&oacute;w\",\"publisher\":{\"@id\":\"https:\/\/sklep.edudomo.pl\/#organization\"},\"potentialAction\":[{\"@type\":\"SearchAction\",\"target\":{\"@type\":\"EntryPoint\",\"urlTemplate\":\"https:\/\/sklep.edudomo.pl\/?s={search_term_string}\"},\"query-input\":{\"@type\":\"PropertyValueSpecification\",\"valueRequired\":true,\"valueName\":\"search_term_string\"}}],\"inLanguage\":\"en-GB\"},{\"@type\":\"Organization\",\"@id\":\"https:\/\/sklep.edudomo.pl\/#organization\",\"name\":\"EduDoMo\",\"url\":\"https:\/\/sklep.edudomo.pl\/\",\"logo\":{\"@type\":\"ImageObject\",\"inLanguage\":\"en-GB\",\"@id\":\"https:\/\/sklep.edudomo.pl\/#\/schema\/logo\/image\/\",\"url\":\"https:\/\/sklep.edudomo.pl\/wp-content\/uploads\/2019\/11\/cropped-logo-edudomo-sowa.jpg\",\"contentUrl\":\"https:\/\/sklep.edudomo.pl\/wp-content\/uploads\/2019\/11\/cropped-logo-edudomo-sowa.jpg\",\"width\":120,\"height\":120,\"caption\":\"EduDoMo\"},\"image\":{\"@id\":\"https:\/\/sklep.edudomo.pl\/#\/schema\/logo\/image\/\"}}]}<\/script>\n<!-- \/ Yoast SEO plugin. -->","yoast_head_json":{"title":"Atom. Plansza do tworzenia modeli atom\u00f3w wed\u0142ug Bohra.","description":"Atom.Plansza do tworzenia modeli atom\u00f3w wed\u0142ug Bohra.plansza z podpowiedzi\u0105 jak uk\u0142ada\u0107 elektrony i nukleony23 tabliczki\u00a0 z pierwszymi 23 zapisanymi pierwiastkami z uk\u0142adu okresowego, gdzie na rewersach widnieje uk\u0142ad rozmieszczonych koralik\u00f3w symbolizuj\u0105cych nukleony oraz elektrony.","robots":{"index":"index","follow":"follow","max-snippet":"max-snippet:-1","max-image-preview":"max-image-preview:large","max-video-preview":"max-video-preview:-1"},"canonical":"https:\/\/sklep.edudomo.pl\/en\/sklep\/atom-plansza-do-tworzenia-modeli-atomow-wedlug-bohra\/","og_locale":"en_GB","og_type":"article","og_title":"[:pl]Atom. Plansza do tworzenia modeli atom\u00f3w wed\u0142ug Bohra.[:] - sklep EduDoMo","og_description":"Atom.Plansza do tworzenia modeli atom\u00f3w wed\u0142ug Bohra.plansza z podpowiedzi\u0105 jak uk\u0142ada\u0107 elektrony i nukleony23 tabliczki\u00a0 z pierwszymi 23 zapisanymi pierwiastkami z uk\u0142adu okresowego, gdzie na rewersach widnieje uk\u0142ad rozmieszczonych koralik\u00f3w symbolizuj\u0105cych nukleony oraz elektrony.","og_url":"https:\/\/sklep.edudomo.pl\/en\/sklep\/atom-plansza-do-tworzenia-modeli-atomow-wedlug-bohra\/","og_site_name":"sklep EduDoMo","article_modified_time":"2025-11-25T17:15:31+00:00","og_image":[{"width":1448,"height":1442,"url":"https:\/\/sklep.edudomo.pl\/wp-content\/uploads\/2021\/08\/IMG_9348.jpg","type":"image\/jpeg"}],"twitter_card":"summary_large_image","twitter_misc":{"Estimated reading time":"1 minute"},"schema":{"@context":"https:\/\/schema.org","@graph":[{"@type":"WebPage","@id":"https:\/\/sklep.edudomo.pl\/sklep\/atom-plansza-do-tworzenia-modeli-atomow-wedlug-bohra\/","url":"https:\/\/sklep.edudomo.pl\/sklep\/atom-plansza-do-tworzenia-modeli-atomow-wedlug-bohra\/","name":"Atom. Plansza do tworzenia modeli atom\u00f3w wed\u0142ug Bohra.","isPartOf":{"@id":"https:\/\/sklep.edudomo.pl\/#website"},"primaryImageOfPage":{"@id":"https:\/\/sklep.edudomo.pl\/sklep\/atom-plansza-do-tworzenia-modeli-atomow-wedlug-bohra\/#primaryimage"},"image":{"@id":"https:\/\/sklep.edudomo.pl\/sklep\/atom-plansza-do-tworzenia-modeli-atomow-wedlug-bohra\/#primaryimage"},"thumbnailUrl":"https:\/\/sklep.edudomo.pl\/wp-content\/uploads\/2021\/08\/IMG_9348.jpg","datePublished":"2021-08-30T15:53:32+00:00","dateModified":"2025-11-25T17:15:31+00:00","description":"Atom.Plansza do tworzenia modeli atom\u00f3w wed\u0142ug Bohra.plansza z podpowiedzi\u0105 jak uk\u0142ada\u0107 elektrony i nukleony23 tabliczki\u00a0 z pierwszymi 23 zapisanymi pierwiastkami z uk\u0142adu okresowego, gdzie na rewersach widnieje uk\u0142ad rozmieszczonych koralik\u00f3w symbolizuj\u0105cych nukleony oraz elektrony.","breadcrumb":{"@id":"https:\/\/sklep.edudomo.pl\/sklep\/atom-plansza-do-tworzenia-modeli-atomow-wedlug-bohra\/#breadcrumb"},"inLanguage":"en-GB","potentialAction":[{"@type":"ReadAction","target":["https:\/\/sklep.edudomo.pl\/sklep\/atom-plansza-do-tworzenia-modeli-atomow-wedlug-bohra\/"]}]},{"@type":"ImageObject","inLanguage":"en-GB","@id":"https:\/\/sklep.edudomo.pl\/sklep\/atom-plansza-do-tworzenia-modeli-atomow-wedlug-bohra\/#primaryimage","url":"https:\/\/sklep.edudomo.pl\/wp-content\/uploads\/2021\/08\/IMG_9348.jpg","contentUrl":"https:\/\/sklep.edudomo.pl\/wp-content\/uploads\/2021\/08\/IMG_9348.jpg","width":1448,"height":1442,"caption":"Atom. Tablica do tworzenia modelu wg Bohra"},{"@type":"BreadcrumbList","@id":"https:\/\/sklep.edudomo.pl\/sklep\/atom-plansza-do-tworzenia-modeli-atomow-wedlug-bohra\/#breadcrumb","itemListElement":[{"@type":"ListItem","position":1,"name":"Strona g\u0142\u00f3wna","item":"https:\/\/sklep.edudomo.pl\/"},{"@type":"ListItem","position":2,"name":"Sklep","item":"https:\/\/sklep.edudomo.pl\/"},{"@type":"ListItem","position":3,"name":"Atom. Plansza do tworzenia modeli atom\u00f3w wed\u0142ug Bohra."}]},{"@type":"WebSite","@id":"https:\/\/sklep.edudomo.pl\/#website","url":"https:\/\/sklep.edudomo.pl\/","name":"sklep EduDoMo","description":"Edukacja Domowa. Terapia. Wspieranie Talent&oacute;w","publisher":{"@id":"https:\/\/sklep.edudomo.pl\/#organization"},"potentialAction":[{"@type":"SearchAction","target":{"@type":"EntryPoint","urlTemplate":"https:\/\/sklep.edudomo.pl\/?s={search_term_string}"},"query-input":{"@type":"PropertyValueSpecification","valueRequired":true,"valueName":"search_term_string"}}],"inLanguage":"en-GB"},{"@type":"Organization","@id":"https:\/\/sklep.edudomo.pl\/#organization","name":"EduDoMo","url":"https:\/\/sklep.edudomo.pl\/","logo":{"@type":"ImageObject","inLanguage":"en-GB","@id":"https:\/\/sklep.edudomo.pl\/#\/schema\/logo\/image\/","url":"https:\/\/sklep.edudomo.pl\/wp-content\/uploads\/2019\/11\/cropped-logo-edudomo-sowa.jpg","contentUrl":"https:\/\/sklep.edudomo.pl\/wp-content\/uploads\/2019\/11\/cropped-logo-edudomo-sowa.jpg","width":120,"height":120,"caption":"EduDoMo"},"image":{"@id":"https:\/\/sklep.edudomo.pl\/#\/schema\/logo\/image\/"}}]}},"jetpack_sharing_enabled":true,"_links":{"self":[{"href":"https:\/\/sklep.edudomo.pl\/en\/wp-json\/wp\/v2\/product\/6253","targetHints":{"allow":["GET"]}}],"collection":[{"href":"https:\/\/sklep.edudomo.pl\/en\/wp-json\/wp\/v2\/product"}],"about":[{"href":"https:\/\/sklep.edudomo.pl\/en\/wp-json\/wp\/v2\/types\/product"}],"replies":[{"embeddable":true,"href":"https:\/\/sklep.edudomo.pl\/en\/wp-json\/wp\/v2\/comments?post=6253"}],"wp:featuredmedia":[{"embeddable":true,"href":"https:\/\/sklep.edudomo.pl\/en\/wp-json\/wp\/v2\/media\/6286"}],"wp:attachment":[{"href":"https:\/\/sklep.edudomo.pl\/en\/wp-json\/wp\/v2\/media?parent=6253"}],"wp:term":[{"taxonomy":"product_brand","embeddable":true,"href":"https:\/\/sklep.edudomo.pl\/en\/wp-json\/wp\/v2\/product_brand?post=6253"},{"taxonomy":"product_cat","embeddable":true,"href":"https:\/\/sklep.edudomo.pl\/en\/wp-json\/wp\/v2\/product_cat?post=6253"},{"taxonomy":"product_tag","embeddable":true,"href":"https:\/\/sklep.edudomo.pl\/en\/wp-json\/wp\/v2\/product_tag?post=6253"}],"curies":[{"name":"wp","href":"https:\/\/api.w.org\/{rel}","templated":true}]}}