{"id":6882,"date":"2021-11-01T08:53:49","date_gmt":"2021-11-01T08:53:49","guid":{"rendered":"https:\/\/sklep.edudomo.pl\/?post_type=product&#038;p=6882"},"modified":"2025-11-25T17:13:48","modified_gmt":"2025-11-25T17:13:48","slug":"kalendarz-slowian","status":"publish","type":"product","link":"https:\/\/sklep.edudomo.pl\/en\/sklep\/kalendarz-slowian\/","title":{"rendered":"Kalendarz S\u0142owian"},"content":{"rendered":"<h4>Kalendarz S\u0142owian<\/h4>\n<p>Prezentowany przez nas Kalendarz S\u0142owia\u0144ski skonstruowany zosta\u0142 w oparciu o motyw graficzny pochodz\u0105cy z zabytku archeologicznego jakim jest czara z Lepies\u00f3wki. Znajduj\u0105ce si\u0119 na tym naczyniu \u017c\u0142obienia Borys Rybakow zinterpretowa\u0142 jako zakres prac polowych przypadaj\u0105cych na poszczeg\u00f3lne pory roku. Prowadz\u0105c konsultacj\u0119 z przedstawicielami \u015brodowiska rodzimowierczego, za kluczowe przyj\u0119li\u015bmy tu pole przedstawiaj\u0105ce rod\u0142o, do kt\u00f3rego przypisali\u015bmy marzec. Kolejne miesi\u0105ce wpisali\u015bmy zgodnie z kierunkiem wskaz\u00f3wek zegara. Wed\u0142ug dawnych wierze\u0144 S\u0142owian, wszelkie powa\u017cniejsze prace zwi\u0105zane z upraw\u0105 roli mo\u017cna by\u0142o przeprowadza\u0107 dopiero po pierwszej wiosennej burzy. Tym samym ork\u0119 rozpoczynano najwcze\u015bniej z pocz\u0105tkiem trzeciej dekady marca i kontynuowano co najmniej do po\u0142owy kwietnia.<\/p>\n<p>Na \u00f3w kalendarz wegetacyjny nanie\u015bli\u015bmy ilustracje przedstawiaj\u0105ce cztery strony pos\u0105gu ze Zbrucza i id\u0105ce za nimi cztery g\u0142\u00f3wne \u015bwi\u0119ta s\u0142owia\u0144skie: Jare Gody, Noc Kupa\u0142y, \u015awi\u0119to Plon\u00f3w i Szczodre Gody, jako naturalne granice p\u00f3r roku. Nie mogli\u015bmy przy tym pomin\u0105\u0107 dw\u00f3ch najwi\u0119kszych \u015bwi\u0105t po\u015bwi\u0119conych przodkom: wiosennych i jesiennych Dziad\u00f3w, jak r\u00f3wnie\u017c pozosta\u0142ych \u015bwi\u0105t po\u015brednich, kt\u00f3rych \u015blady zachowa\u0142y si\u0119 w naszej zbiorowej pami\u0119ci. Te ostatnie z kolei sta\u0142y si\u0119 dla nas punktem wyj\u015bciowym dla autorskiego przypisania boskich patron\u00f3w poszczeg\u00f3lnym miesi\u0105com, a tak\u017ce czterem porom roku.<\/p>\n<p>Kiedy przyjrzymy si\u0119 og\u00f3lnemu zarysowi planszy, zauwa\u017cymy jej graficzny podzia\u0142. Prapolskie nazwy miesi\u0119cy nale\u017c\u0105 do jasnej lub ciemnej pory roku, nad kt\u00f3rymi piecz\u0119 sprawuje para mitycznych, boskich adwersarzy: Perun i Weles. Ich odwiecznym zmaganiom przypisywana jest r\u00f3wnowaga do kt\u00f3rej d\u0105\u017cy natura. Owa natura, zgodnie z antycznymi koncepcjami, sk\u0142ada si\u0119 natomiast z czterech podstawowych esencji: wody, ognia, ziemi i powietrza. Ca\u0142o\u015b\u0107 przypiecz\u0119towali\u015bmy znajduj\u0105cym si\u0119 w centrum symbolem R\u0105k Boga \u2013 najwy\u017cszej si\u0142y sprawczej uto\u017csamianej z absolutem. Symbol ten pochodzi z wazy popielnicowej odkrytej w 1936 roku na stanowisku archeologicznym we wsi Bia\u0142a w wojew\u00f3dztwie \u0142\u00f3dzkim (w \u00f3wczesnym powiecie brzezi\u0144skim).<\/p>\n<p>Mamy nadziej\u0119, \u017ce zaprezentowana przez nas wizja po\u0142\u0105czenia poszczeg\u00f3lnych koncepcji stanie si\u0119 nie tylko tym szczeg\u00f3lnym projektem, ale r\u00f3wnie\u017c pocz\u0105tkiem wej\u015bcia do niezwyk\u0142ej krainy s\u0142owia\u0144skich mit\u00f3w, poznania rodzimej wiary i kultury oraz pozwoli Wam zag\u0142\u0119bi\u0107 si\u0119 w spos\u00f3b postrzegania \u015bwiata naszych odleg\u0142ych przodk\u00f3w.<\/p>\n<h4 class=\"moz-quote-pre\">10% dochodu ze sprzeda\u017cy kalendarza przeznaczamy na pomoc ludziom, kt\u00f3rzy istotnie przyczynili si\u0119 do jego powstania, a kt\u00f3rzy staraj\u0105 si\u0119 o pozyskanie w\u0142asnego kawa\u0142ka ziemi w ramach projektu \u201eRodzimowiercy na swoim\u201d.<\/h4>\n<h4 class=\"moz-quote-pre\"><a class=\"moz-txt-link-freetext\" href=\"http:\/\/www.RKP.org.pl\/earth\/\">http:\/\/www.RKP.org.pl\/earth\/<\/a><\/h4>\n<p>&nbsp;<\/p>\n<p><span class=\"tojvnm2t a6sixzi8 abs2jz4q a8s20v7p t1p8iaqh k5wvi7nf q3lfd5jv pk4s997a bipmatt0 cebpdrjk qowsmv63 owwhemhu dp1hu0rb dhp61c6y iyyx5f41\">Autor: Ratomir Wilkowski, rodzimowierca, \u017cerca przy Rodzimym Ko\u015bciele Polskim, autor \u201eWieszczby S\u0142owia\u0144skiej\u201d. <\/span><\/p>\n<p><span class=\"tojvnm2t a6sixzi8 abs2jz4q a8s20v7p t1p8iaqh k5wvi7nf q3lfd5jv pk4s997a bipmatt0 cebpdrjk qowsmv63 owwhemhu dp1hu0rb dhp61c6y iyyx5f41\">Pomys\u0142 i wykonanie: EduDoMo<\/span><\/p>\n<p>&nbsp;<\/p>\n<h5><\/h5>\n<p>&nbsp;<\/p>\n","protected":false},"excerpt":{"rendered":"<p>Kalendarz S\u0142owian Prezentowany przez nas Kalendarz S\u0142owia\u0144ski skonstruowany zosta\u0142 w oparciu o motyw graficzny pochodz\u0105cy z zabytku archeologicznego jakim jest czara z Lepies\u00f3wki. Znajduj\u0105ce si\u0119 na tym naczyniu \u017c\u0142obienia Borys Rybakow zinterpretowa\u0142 jako zakres prac polowych przypadaj\u0105cych na poszczeg\u00f3lne pory roku. Prowadz\u0105c konsultacj\u0119 z przedstawicielami \u015brodowiska rodzimowierczego, za kluczowe przyj\u0119li\u015bmy tu pole przedstawiaj\u0105ce rod\u0142o, do<span class=\"read-more-faq\"><a href=\"https:\/\/sklep.edudomo.pl\/en\/sklep\/kalendarz-slowian\/\">Read More<\/a><\/span><\/p>\n","protected":false},"featured_media":6990,"comment_status":"open","ping_status":"closed","template":"","meta":[],"product_brand":[],"product_cat":[84,111,141,86],"product_tag":[],"class_list":{"0":"post-6882","1":"product","2":"type-product","3":"status-publish","4":"has-post-thumbnail","6":"product_cat-edukacja-kosmiczna","7":"product_cat-religia","8":"product_cat-wiara-slowian","9":"product_cat-material-sensoryczny","10":"product_shipping_class-inpost-kurier-a","12":"first","13":"onbackorder","14":"taxable","15":"shipping-taxable","16":"purchasable","17":"product-type-simple"},"yoast_head":"<!-- This site is optimized with the Yoast SEO plugin v26.5 - https:\/\/yoast.com\/wordpress\/plugins\/seo\/ -->\n<title>Kalendarz S\u0142owian<\/title>\n<meta name=\"description\" content=\"Kalendarz S\u0142owian - przedsprzeda\u017c!!!10% dochodu ze sprzeda\u017cy kalendarza przeznaczamy na pomoc ludziom, kt\u00f3rzy istotnie przyczynili si\u0119 do jego powstania,a kt\u00f3rzy staraj\u0105 si\u0119 o pozyskanie w\u0142asnego kawa\u0142ka ziemi w ramach projektu \u201eRodzimowiercy na swoim\u201d.http:\/\/www.RKP.org.pl\/earth\/\" \/>\n<meta name=\"robots\" content=\"index, follow, max-snippet:-1, max-image-preview:large, max-video-preview:-1\" \/>\n<link rel=\"canonical\" href=\"https:\/\/sklep.edudomo.pl\/en\/sklep\/kalendarz-slowian\/\" \/>\n<meta property=\"og:locale\" content=\"en_GB\" \/>\n<meta property=\"og:locale:alternate\" content=\"pl_PL\" \/>\n<meta property=\"og:type\" content=\"article\" \/>\n<meta property=\"og:title\" content=\"Kalendarz S\u0142owian\" \/>\n<meta property=\"og:description\" content=\"Kalendarz S\u0142owian - przedsprzeda\u017c!!!10% dochodu ze sprzeda\u017cy kalendarza przeznaczamy na pomoc ludziom, kt\u00f3rzy istotnie przyczynili si\u0119 do jego powstania,a kt\u00f3rzy staraj\u0105 si\u0119 o pozyskanie w\u0142asnego kawa\u0142ka ziemi w ramach projektu \u201eRodzimowiercy na swoim\u201d.http:\/\/www.RKP.org.pl\/earth\/\" \/>\n<meta property=\"og:url\" content=\"https:\/\/sklep.edudomo.pl\/en\/sklep\/kalendarz-slowian\/\" \/>\n<meta property=\"og:site_name\" content=\"sklep EduDoMo\" \/>\n<meta property=\"article:modified_time\" content=\"2025-11-25T17:13:48+00:00\" \/>\n<meta property=\"og:image\" content=\"https:\/\/sklep.edudomo.pl\/wp-content\/uploads\/2021\/11\/IMG_1399.jpg\" \/>\n\t<meta property=\"og:image:width\" content=\"640\" \/>\n\t<meta property=\"og:image:height\" content=\"616\" \/>\n\t<meta property=\"og:image:type\" content=\"image\/jpeg\" \/>\n<meta name=\"twitter:card\" content=\"summary_large_image\" \/>\n<meta name=\"twitter:label1\" content=\"Estimated reading time\" \/>\n\t<meta name=\"twitter:data1\" content=\"3 minutes\" \/>\n<script type=\"application\/ld+json\" class=\"yoast-schema-graph\">{\"@context\":\"https:\/\/schema.org\",\"@graph\":[{\"@type\":\"WebPage\",\"@id\":\"https:\/\/sklep.edudomo.pl\/sklep\/kalendarz-slowian\/\",\"url\":\"https:\/\/sklep.edudomo.pl\/sklep\/kalendarz-slowian\/\",\"name\":\"Kalendarz S\u0142owian\",\"isPartOf\":{\"@id\":\"https:\/\/sklep.edudomo.pl\/#website\"},\"primaryImageOfPage\":{\"@id\":\"https:\/\/sklep.edudomo.pl\/sklep\/kalendarz-slowian\/#primaryimage\"},\"image\":{\"@id\":\"https:\/\/sklep.edudomo.pl\/sklep\/kalendarz-slowian\/#primaryimage\"},\"thumbnailUrl\":\"https:\/\/sklep.edudomo.pl\/wp-content\/uploads\/2021\/11\/IMG_1399.jpg\",\"datePublished\":\"2021-11-01T08:53:49+00:00\",\"dateModified\":\"2025-11-25T17:13:48+00:00\",\"description\":\"Kalendarz S\u0142owian - przedsprzeda\u017c!!!10% dochodu ze sprzeda\u017cy kalendarza przeznaczamy na pomoc ludziom, kt\u00f3rzy istotnie przyczynili si\u0119 do jego powstania,a kt\u00f3rzy staraj\u0105 si\u0119 o pozyskanie w\u0142asnego kawa\u0142ka ziemi w ramach projektu \u201eRodzimowiercy na swoim\u201d.http:\/\/www.RKP.org.pl\/earth\/\",\"breadcrumb\":{\"@id\":\"https:\/\/sklep.edudomo.pl\/sklep\/kalendarz-slowian\/#breadcrumb\"},\"inLanguage\":\"en-GB\",\"potentialAction\":[{\"@type\":\"ReadAction\",\"target\":[\"https:\/\/sklep.edudomo.pl\/sklep\/kalendarz-slowian\/\"]}]},{\"@type\":\"ImageObject\",\"inLanguage\":\"en-GB\",\"@id\":\"https:\/\/sklep.edudomo.pl\/sklep\/kalendarz-slowian\/#primaryimage\",\"url\":\"https:\/\/sklep.edudomo.pl\/wp-content\/uploads\/2021\/11\/IMG_1399.jpg\",\"contentUrl\":\"https:\/\/sklep.edudomo.pl\/wp-content\/uploads\/2021\/11\/IMG_1399.jpg\",\"width\":640,\"height\":616,\"caption\":\"Kalendarz S\u0142owian EduDoMo\"},{\"@type\":\"BreadcrumbList\",\"@id\":\"https:\/\/sklep.edudomo.pl\/sklep\/kalendarz-slowian\/#breadcrumb\",\"itemListElement\":[{\"@type\":\"ListItem\",\"position\":1,\"name\":\"Strona g\u0142\u00f3wna\",\"item\":\"https:\/\/sklep.edudomo.pl\/\"},{\"@type\":\"ListItem\",\"position\":2,\"name\":\"Sklep\",\"item\":\"https:\/\/sklep.edudomo.pl\/\"},{\"@type\":\"ListItem\",\"position\":3,\"name\":\"Kalendarz S\u0142owian\"}]},{\"@type\":\"WebSite\",\"@id\":\"https:\/\/sklep.edudomo.pl\/#website\",\"url\":\"https:\/\/sklep.edudomo.pl\/\",\"name\":\"sklep EduDoMo\",\"description\":\"Edukacja Domowa. Terapia. Wspieranie Talent&oacute;w\",\"publisher\":{\"@id\":\"https:\/\/sklep.edudomo.pl\/#organization\"},\"potentialAction\":[{\"@type\":\"SearchAction\",\"target\":{\"@type\":\"EntryPoint\",\"urlTemplate\":\"https:\/\/sklep.edudomo.pl\/?s={search_term_string}\"},\"query-input\":{\"@type\":\"PropertyValueSpecification\",\"valueRequired\":true,\"valueName\":\"search_term_string\"}}],\"inLanguage\":\"en-GB\"},{\"@type\":\"Organization\",\"@id\":\"https:\/\/sklep.edudomo.pl\/#organization\",\"name\":\"EduDoMo\",\"url\":\"https:\/\/sklep.edudomo.pl\/\",\"logo\":{\"@type\":\"ImageObject\",\"inLanguage\":\"en-GB\",\"@id\":\"https:\/\/sklep.edudomo.pl\/#\/schema\/logo\/image\/\",\"url\":\"https:\/\/sklep.edudomo.pl\/wp-content\/uploads\/2019\/11\/cropped-logo-edudomo-sowa.jpg\",\"contentUrl\":\"https:\/\/sklep.edudomo.pl\/wp-content\/uploads\/2019\/11\/cropped-logo-edudomo-sowa.jpg\",\"width\":120,\"height\":120,\"caption\":\"EduDoMo\"},\"image\":{\"@id\":\"https:\/\/sklep.edudomo.pl\/#\/schema\/logo\/image\/\"}}]}<\/script>\n<!-- \/ Yoast SEO plugin. -->","yoast_head_json":{"title":"Kalendarz S\u0142owian","description":"Kalendarz S\u0142owian - przedsprzeda\u017c!!!10% dochodu ze sprzeda\u017cy kalendarza przeznaczamy na pomoc ludziom, kt\u00f3rzy istotnie przyczynili si\u0119 do jego powstania,a kt\u00f3rzy staraj\u0105 si\u0119 o pozyskanie w\u0142asnego kawa\u0142ka ziemi w ramach projektu \u201eRodzimowiercy na swoim\u201d.http:\/\/www.RKP.org.pl\/earth\/","robots":{"index":"index","follow":"follow","max-snippet":"max-snippet:-1","max-image-preview":"max-image-preview:large","max-video-preview":"max-video-preview:-1"},"canonical":"https:\/\/sklep.edudomo.pl\/en\/sklep\/kalendarz-slowian\/","og_locale":"en_GB","og_type":"article","og_title":"[:pl]Kalendarz S\u0142owian[:en]Kalendarz S\u0142owian[:] - sklep EduDoMo","og_description":"Kalendarz S\u0142owian - przedsprzeda\u017c!!!10% dochodu ze sprzeda\u017cy kalendarza przeznaczamy na pomoc ludziom, kt\u00f3rzy istotnie przyczynili si\u0119 do jego powstania,a kt\u00f3rzy staraj\u0105 si\u0119 o pozyskanie w\u0142asnego kawa\u0142ka ziemi w ramach projektu \u201eRodzimowiercy na swoim\u201d.http:\/\/www.RKP.org.pl\/earth\/","og_url":"https:\/\/sklep.edudomo.pl\/en\/sklep\/kalendarz-slowian\/","og_site_name":"sklep EduDoMo","article_modified_time":"2025-11-25T17:13:48+00:00","og_image":[{"width":640,"height":616,"url":"https:\/\/sklep.edudomo.pl\/wp-content\/uploads\/2021\/11\/IMG_1399.jpg","type":"image\/jpeg"}],"twitter_card":"summary_large_image","twitter_misc":{"Estimated reading time":"3 minutes"},"schema":{"@context":"https:\/\/schema.org","@graph":[{"@type":"WebPage","@id":"https:\/\/sklep.edudomo.pl\/sklep\/kalendarz-slowian\/","url":"https:\/\/sklep.edudomo.pl\/sklep\/kalendarz-slowian\/","name":"Kalendarz S\u0142owian","isPartOf":{"@id":"https:\/\/sklep.edudomo.pl\/#website"},"primaryImageOfPage":{"@id":"https:\/\/sklep.edudomo.pl\/sklep\/kalendarz-slowian\/#primaryimage"},"image":{"@id":"https:\/\/sklep.edudomo.pl\/sklep\/kalendarz-slowian\/#primaryimage"},"thumbnailUrl":"https:\/\/sklep.edudomo.pl\/wp-content\/uploads\/2021\/11\/IMG_1399.jpg","datePublished":"2021-11-01T08:53:49+00:00","dateModified":"2025-11-25T17:13:48+00:00","description":"Kalendarz S\u0142owian - przedsprzeda\u017c!!!10% dochodu ze sprzeda\u017cy kalendarza przeznaczamy na pomoc ludziom, kt\u00f3rzy istotnie przyczynili si\u0119 do jego powstania,a kt\u00f3rzy staraj\u0105 si\u0119 o pozyskanie w\u0142asnego kawa\u0142ka ziemi w ramach projektu \u201eRodzimowiercy na swoim\u201d.http:\/\/www.RKP.org.pl\/earth\/","breadcrumb":{"@id":"https:\/\/sklep.edudomo.pl\/sklep\/kalendarz-slowian\/#breadcrumb"},"inLanguage":"en-GB","potentialAction":[{"@type":"ReadAction","target":["https:\/\/sklep.edudomo.pl\/sklep\/kalendarz-slowian\/"]}]},{"@type":"ImageObject","inLanguage":"en-GB","@id":"https:\/\/sklep.edudomo.pl\/sklep\/kalendarz-slowian\/#primaryimage","url":"https:\/\/sklep.edudomo.pl\/wp-content\/uploads\/2021\/11\/IMG_1399.jpg","contentUrl":"https:\/\/sklep.edudomo.pl\/wp-content\/uploads\/2021\/11\/IMG_1399.jpg","width":640,"height":616,"caption":"Kalendarz S\u0142owian EduDoMo"},{"@type":"BreadcrumbList","@id":"https:\/\/sklep.edudomo.pl\/sklep\/kalendarz-slowian\/#breadcrumb","itemListElement":[{"@type":"ListItem","position":1,"name":"Strona g\u0142\u00f3wna","item":"https:\/\/sklep.edudomo.pl\/"},{"@type":"ListItem","position":2,"name":"Sklep","item":"https:\/\/sklep.edudomo.pl\/"},{"@type":"ListItem","position":3,"name":"Kalendarz S\u0142owian"}]},{"@type":"WebSite","@id":"https:\/\/sklep.edudomo.pl\/#website","url":"https:\/\/sklep.edudomo.pl\/","name":"sklep EduDoMo","description":"Edukacja Domowa. Terapia. Wspieranie Talent&oacute;w","publisher":{"@id":"https:\/\/sklep.edudomo.pl\/#organization"},"potentialAction":[{"@type":"SearchAction","target":{"@type":"EntryPoint","urlTemplate":"https:\/\/sklep.edudomo.pl\/?s={search_term_string}"},"query-input":{"@type":"PropertyValueSpecification","valueRequired":true,"valueName":"search_term_string"}}],"inLanguage":"en-GB"},{"@type":"Organization","@id":"https:\/\/sklep.edudomo.pl\/#organization","name":"EduDoMo","url":"https:\/\/sklep.edudomo.pl\/","logo":{"@type":"ImageObject","inLanguage":"en-GB","@id":"https:\/\/sklep.edudomo.pl\/#\/schema\/logo\/image\/","url":"https:\/\/sklep.edudomo.pl\/wp-content\/uploads\/2019\/11\/cropped-logo-edudomo-sowa.jpg","contentUrl":"https:\/\/sklep.edudomo.pl\/wp-content\/uploads\/2019\/11\/cropped-logo-edudomo-sowa.jpg","width":120,"height":120,"caption":"EduDoMo"},"image":{"@id":"https:\/\/sklep.edudomo.pl\/#\/schema\/logo\/image\/"}}]}},"jetpack_sharing_enabled":true,"_links":{"self":[{"href":"https:\/\/sklep.edudomo.pl\/en\/wp-json\/wp\/v2\/product\/6882","targetHints":{"allow":["GET"]}}],"collection":[{"href":"https:\/\/sklep.edudomo.pl\/en\/wp-json\/wp\/v2\/product"}],"about":[{"href":"https:\/\/sklep.edudomo.pl\/en\/wp-json\/wp\/v2\/types\/product"}],"replies":[{"embeddable":true,"href":"https:\/\/sklep.edudomo.pl\/en\/wp-json\/wp\/v2\/comments?post=6882"}],"wp:featuredmedia":[{"embeddable":true,"href":"https:\/\/sklep.edudomo.pl\/en\/wp-json\/wp\/v2\/media\/6990"}],"wp:attachment":[{"href":"https:\/\/sklep.edudomo.pl\/en\/wp-json\/wp\/v2\/media?parent=6882"}],"wp:term":[{"taxonomy":"product_brand","embeddable":true,"href":"https:\/\/sklep.edudomo.pl\/en\/wp-json\/wp\/v2\/product_brand?post=6882"},{"taxonomy":"product_cat","embeddable":true,"href":"https:\/\/sklep.edudomo.pl\/en\/wp-json\/wp\/v2\/product_cat?post=6882"},{"taxonomy":"product_tag","embeddable":true,"href":"https:\/\/sklep.edudomo.pl\/en\/wp-json\/wp\/v2\/product_tag?post=6882"}],"curies":[{"name":"wp","href":"https:\/\/api.w.org\/{rel}","templated":true}]}}