{"id":6955,"date":"2021-11-12T18:57:42","date_gmt":"2021-11-12T18:57:42","guid":{"rendered":"https:\/\/sklep.edudomo.pl\/?post_type=product&#038;p=6955"},"modified":"2025-11-25T17:13:40","modified_gmt":"2025-11-25T17:13:40","slug":"denar-princes-polonie-boleslawa-chrobrego-z-xiw-godlo-herb","status":"publish","type":"product","link":"https:\/\/sklep.edudomo.pl\/en\/sklep\/denar-princes-polonie-boleslawa-chrobrego-z-xiw-godlo-herb\/","title":{"rendered":"Denar Princes Polonie Boles\u0142awa Chrobrego z XIw. god\u0142o herb"},"content":{"rendered":"<p class=\"moz-quote-pre\">Denar Princes Polonie Boles\u0142awa Chrobrego z XIw.<\/p>\n<p class=\"moz-quote-pre\">Najstarszy polski symbol uwa\u017cany jako nasze pierwsze god\u0142o.<\/p>\n<p class=\"moz-quote-pre\">Plansza o wielo\u015bci 29cm x29cm.<\/p>\n<p class=\"moz-quote-pre\">Puzzle dwustronne.<\/p>\n<p class=\"moz-quote-pre\">Obok umieszczona jest dwustronna moneta b\u0119d\u0105ca\u00a0 podpowiedzi\u0105 do u\u0142o\u017cenia uk\u0142adanki.<\/p>\n","protected":false},"excerpt":{"rendered":"<p>Denar Princes Polonie Boles\u0142awa Chrobrego z XIw. Najstarszy polski symbol uwa\u017cany jako nasze pierwsze god\u0142o. Plansza o wielo\u015bci 29cm x29cm. Puzzle dwustronne. Obok umieszczona jest dwustronna moneta b\u0119d\u0105ca\u00a0 podpowiedzi\u0105 do u\u0142o\u017cenia uk\u0142adanki.<\/p>\n","protected":false},"featured_media":7476,"comment_status":"open","ping_status":"closed","template":"","meta":[],"product_brand":[],"product_cat":[84,120,31],"product_tag":[],"class_list":{"0":"post-6955","1":"product","2":"type-product","3":"status-publish","4":"has-post-thumbnail","6":"product_cat-edukacja-kosmiczna","7":"product_cat-historia","8":"product_cat-polska","9":"product_shipping_class-inpost-kurier-a","11":"first","12":"onbackorder","13":"taxable","14":"shipping-taxable","15":"purchasable","16":"product-type-simple"},"yoast_head":"<!-- This site is optimized with the Yoast SEO plugin v26.5 - https:\/\/yoast.com\/wordpress\/plugins\/seo\/ -->\n<title>Denar Princes Polonie Boles\u0142awa Chrobrego z XIw. god\u0142o herb<\/title>\n<meta name=\"description\" content=\"Denar Princes Polonie Boles\u0142awa Chrobrego z XIw.Najstarszy polski symbol uwa\u017cany jako nasze pierwsze god\u0142o.Plansza o wielo\u015bci 29cm x29cm.Puzzle dwustronne.Obok umieszczona jest dwustronna moneta b\u0119d\u0105ca\u00a0 podpowiedzi\u0105 do u\u0142o\u017cenia uk\u0142adanki.\" \/>\n<meta name=\"robots\" content=\"index, follow, max-snippet:-1, max-image-preview:large, max-video-preview:-1\" \/>\n<link rel=\"canonical\" href=\"https:\/\/sklep.edudomo.pl\/en\/sklep\/denar-princes-polonie-boleslawa-chrobrego-z-xiw-godlo-herb\/\" \/>\n<meta property=\"og:locale\" content=\"en_GB\" \/>\n<meta property=\"og:locale:alternate\" content=\"pl_PL\" \/>\n<meta property=\"og:type\" content=\"article\" \/>\n<meta property=\"og:title\" content=\"Denar Princes Polonie Boles\u0142awa Chrobrego z XIw. god\u0142o herb\" \/>\n<meta property=\"og:description\" content=\"Denar Princes Polonie Boles\u0142awa Chrobrego z XIw.Najstarszy polski symbol uwa\u017cany jako nasze pierwsze god\u0142o.Plansza o wielo\u015bci 29cm x29cm.Puzzle dwustronne.Obok umieszczona jest dwustronna moneta b\u0119d\u0105ca\u00a0 podpowiedzi\u0105 do u\u0142o\u017cenia uk\u0142adanki.\" \/>\n<meta property=\"og:url\" content=\"https:\/\/sklep.edudomo.pl\/en\/sklep\/denar-princes-polonie-boleslawa-chrobrego-z-xiw-godlo-herb\/\" \/>\n<meta property=\"og:site_name\" content=\"sklep EduDoMo\" \/>\n<meta property=\"article:modified_time\" content=\"2025-11-25T17:13:40+00:00\" \/>\n<meta property=\"og:image\" content=\"https:\/\/sklep.edudomo.pl\/wp-content\/uploads\/2021\/11\/IMG_1937.jpg\" \/>\n\t<meta property=\"og:image:width\" content=\"621\" \/>\n\t<meta property=\"og:image:height\" content=\"640\" \/>\n\t<meta property=\"og:image:type\" content=\"image\/jpeg\" \/>\n<meta name=\"twitter:card\" content=\"summary_large_image\" \/>\n<meta name=\"twitter:label1\" content=\"Estimated reading time\" \/>\n\t<meta name=\"twitter:data1\" content=\"1 minute\" \/>\n<script type=\"application\/ld+json\" class=\"yoast-schema-graph\">{\"@context\":\"https:\/\/schema.org\",\"@graph\":[{\"@type\":\"WebPage\",\"@id\":\"https:\/\/sklep.edudomo.pl\/sklep\/denar-princes-polonie-boleslawa-chrobrego-z-xiw-godlo-herb\/\",\"url\":\"https:\/\/sklep.edudomo.pl\/sklep\/denar-princes-polonie-boleslawa-chrobrego-z-xiw-godlo-herb\/\",\"name\":\"Denar Princes Polonie Boles\u0142awa Chrobrego z XIw. god\u0142o herb\",\"isPartOf\":{\"@id\":\"https:\/\/sklep.edudomo.pl\/#website\"},\"primaryImageOfPage\":{\"@id\":\"https:\/\/sklep.edudomo.pl\/sklep\/denar-princes-polonie-boleslawa-chrobrego-z-xiw-godlo-herb\/#primaryimage\"},\"image\":{\"@id\":\"https:\/\/sklep.edudomo.pl\/sklep\/denar-princes-polonie-boleslawa-chrobrego-z-xiw-godlo-herb\/#primaryimage\"},\"thumbnailUrl\":\"https:\/\/sklep.edudomo.pl\/wp-content\/uploads\/2021\/11\/IMG_1937.jpg\",\"datePublished\":\"2021-11-12T18:57:42+00:00\",\"dateModified\":\"2025-11-25T17:13:40+00:00\",\"description\":\"Denar Princes Polonie Boles\u0142awa Chrobrego z XIw.Najstarszy polski symbol uwa\u017cany jako nasze pierwsze god\u0142o.Plansza o wielo\u015bci 29cm x29cm.Puzzle dwustronne.Obok umieszczona jest dwustronna moneta b\u0119d\u0105ca\u00a0 podpowiedzi\u0105 do u\u0142o\u017cenia uk\u0142adanki.\",\"breadcrumb\":{\"@id\":\"https:\/\/sklep.edudomo.pl\/sklep\/denar-princes-polonie-boleslawa-chrobrego-z-xiw-godlo-herb\/#breadcrumb\"},\"inLanguage\":\"en-GB\",\"potentialAction\":[{\"@type\":\"ReadAction\",\"target\":[\"https:\/\/sklep.edudomo.pl\/sklep\/denar-princes-polonie-boleslawa-chrobrego-z-xiw-godlo-herb\/\"]}]},{\"@type\":\"ImageObject\",\"inLanguage\":\"en-GB\",\"@id\":\"https:\/\/sklep.edudomo.pl\/sklep\/denar-princes-polonie-boleslawa-chrobrego-z-xiw-godlo-herb\/#primaryimage\",\"url\":\"https:\/\/sklep.edudomo.pl\/wp-content\/uploads\/2021\/11\/IMG_1937.jpg\",\"contentUrl\":\"https:\/\/sklep.edudomo.pl\/wp-content\/uploads\/2021\/11\/IMG_1937.jpg\",\"width\":621,\"height\":640,\"caption\":\"Denar Boles\u0142awa Chrobrego\"},{\"@type\":\"BreadcrumbList\",\"@id\":\"https:\/\/sklep.edudomo.pl\/sklep\/denar-princes-polonie-boleslawa-chrobrego-z-xiw-godlo-herb\/#breadcrumb\",\"itemListElement\":[{\"@type\":\"ListItem\",\"position\":1,\"name\":\"Strona g\u0142\u00f3wna\",\"item\":\"https:\/\/sklep.edudomo.pl\/\"},{\"@type\":\"ListItem\",\"position\":2,\"name\":\"Sklep\",\"item\":\"https:\/\/sklep.edudomo.pl\/\"},{\"@type\":\"ListItem\",\"position\":3,\"name\":\"Denar Princes Polonie Boles\u0142awa Chrobrego z XIw. god\u0142o herb\"}]},{\"@type\":\"WebSite\",\"@id\":\"https:\/\/sklep.edudomo.pl\/#website\",\"url\":\"https:\/\/sklep.edudomo.pl\/\",\"name\":\"sklep EduDoMo\",\"description\":\"Edukacja Domowa. Terapia. Wspieranie Talent&oacute;w\",\"publisher\":{\"@id\":\"https:\/\/sklep.edudomo.pl\/#organization\"},\"potentialAction\":[{\"@type\":\"SearchAction\",\"target\":{\"@type\":\"EntryPoint\",\"urlTemplate\":\"https:\/\/sklep.edudomo.pl\/?s={search_term_string}\"},\"query-input\":{\"@type\":\"PropertyValueSpecification\",\"valueRequired\":true,\"valueName\":\"search_term_string\"}}],\"inLanguage\":\"en-GB\"},{\"@type\":\"Organization\",\"@id\":\"https:\/\/sklep.edudomo.pl\/#organization\",\"name\":\"EduDoMo\",\"url\":\"https:\/\/sklep.edudomo.pl\/\",\"logo\":{\"@type\":\"ImageObject\",\"inLanguage\":\"en-GB\",\"@id\":\"https:\/\/sklep.edudomo.pl\/#\/schema\/logo\/image\/\",\"url\":\"https:\/\/sklep.edudomo.pl\/wp-content\/uploads\/2019\/11\/cropped-logo-edudomo-sowa.jpg\",\"contentUrl\":\"https:\/\/sklep.edudomo.pl\/wp-content\/uploads\/2019\/11\/cropped-logo-edudomo-sowa.jpg\",\"width\":120,\"height\":120,\"caption\":\"EduDoMo\"},\"image\":{\"@id\":\"https:\/\/sklep.edudomo.pl\/#\/schema\/logo\/image\/\"}}]}<\/script>\n<!-- \/ Yoast SEO plugin. -->","yoast_head_json":{"title":"Denar Princes Polonie Boles\u0142awa Chrobrego z XIw. god\u0142o herb","description":"Denar Princes Polonie Boles\u0142awa Chrobrego z XIw.Najstarszy polski symbol uwa\u017cany jako nasze pierwsze god\u0142o.Plansza o wielo\u015bci 29cm x29cm.Puzzle dwustronne.Obok umieszczona jest dwustronna moneta b\u0119d\u0105ca\u00a0 podpowiedzi\u0105 do u\u0142o\u017cenia uk\u0142adanki.","robots":{"index":"index","follow":"follow","max-snippet":"max-snippet:-1","max-image-preview":"max-image-preview:large","max-video-preview":"max-video-preview:-1"},"canonical":"https:\/\/sklep.edudomo.pl\/en\/sklep\/denar-princes-polonie-boleslawa-chrobrego-z-xiw-godlo-herb\/","og_locale":"en_GB","og_type":"article","og_title":"[:pl]Denar Princes Polonie Boles\u0142awa Chrobrego z XIw. god\u0142o herb[:] - sklep EduDoMo","og_description":"Denar Princes Polonie Boles\u0142awa Chrobrego z XIw.Najstarszy polski symbol uwa\u017cany jako nasze pierwsze god\u0142o.Plansza o wielo\u015bci 29cm x29cm.Puzzle dwustronne.Obok umieszczona jest dwustronna moneta b\u0119d\u0105ca\u00a0 podpowiedzi\u0105 do u\u0142o\u017cenia uk\u0142adanki.","og_url":"https:\/\/sklep.edudomo.pl\/en\/sklep\/denar-princes-polonie-boleslawa-chrobrego-z-xiw-godlo-herb\/","og_site_name":"sklep EduDoMo","article_modified_time":"2025-11-25T17:13:40+00:00","og_image":[{"width":621,"height":640,"url":"https:\/\/sklep.edudomo.pl\/wp-content\/uploads\/2021\/11\/IMG_1937.jpg","type":"image\/jpeg"}],"twitter_card":"summary_large_image","twitter_misc":{"Estimated reading time":"1 minute"},"schema":{"@context":"https:\/\/schema.org","@graph":[{"@type":"WebPage","@id":"https:\/\/sklep.edudomo.pl\/sklep\/denar-princes-polonie-boleslawa-chrobrego-z-xiw-godlo-herb\/","url":"https:\/\/sklep.edudomo.pl\/sklep\/denar-princes-polonie-boleslawa-chrobrego-z-xiw-godlo-herb\/","name":"Denar Princes Polonie Boles\u0142awa Chrobrego z XIw. god\u0142o herb","isPartOf":{"@id":"https:\/\/sklep.edudomo.pl\/#website"},"primaryImageOfPage":{"@id":"https:\/\/sklep.edudomo.pl\/sklep\/denar-princes-polonie-boleslawa-chrobrego-z-xiw-godlo-herb\/#primaryimage"},"image":{"@id":"https:\/\/sklep.edudomo.pl\/sklep\/denar-princes-polonie-boleslawa-chrobrego-z-xiw-godlo-herb\/#primaryimage"},"thumbnailUrl":"https:\/\/sklep.edudomo.pl\/wp-content\/uploads\/2021\/11\/IMG_1937.jpg","datePublished":"2021-11-12T18:57:42+00:00","dateModified":"2025-11-25T17:13:40+00:00","description":"Denar Princes Polonie Boles\u0142awa Chrobrego z XIw.Najstarszy polski symbol uwa\u017cany jako nasze pierwsze god\u0142o.Plansza o wielo\u015bci 29cm x29cm.Puzzle dwustronne.Obok umieszczona jest dwustronna moneta b\u0119d\u0105ca\u00a0 podpowiedzi\u0105 do u\u0142o\u017cenia uk\u0142adanki.","breadcrumb":{"@id":"https:\/\/sklep.edudomo.pl\/sklep\/denar-princes-polonie-boleslawa-chrobrego-z-xiw-godlo-herb\/#breadcrumb"},"inLanguage":"en-GB","potentialAction":[{"@type":"ReadAction","target":["https:\/\/sklep.edudomo.pl\/sklep\/denar-princes-polonie-boleslawa-chrobrego-z-xiw-godlo-herb\/"]}]},{"@type":"ImageObject","inLanguage":"en-GB","@id":"https:\/\/sklep.edudomo.pl\/sklep\/denar-princes-polonie-boleslawa-chrobrego-z-xiw-godlo-herb\/#primaryimage","url":"https:\/\/sklep.edudomo.pl\/wp-content\/uploads\/2021\/11\/IMG_1937.jpg","contentUrl":"https:\/\/sklep.edudomo.pl\/wp-content\/uploads\/2021\/11\/IMG_1937.jpg","width":621,"height":640,"caption":"Denar Boles\u0142awa Chrobrego"},{"@type":"BreadcrumbList","@id":"https:\/\/sklep.edudomo.pl\/sklep\/denar-princes-polonie-boleslawa-chrobrego-z-xiw-godlo-herb\/#breadcrumb","itemListElement":[{"@type":"ListItem","position":1,"name":"Strona g\u0142\u00f3wna","item":"https:\/\/sklep.edudomo.pl\/"},{"@type":"ListItem","position":2,"name":"Sklep","item":"https:\/\/sklep.edudomo.pl\/"},{"@type":"ListItem","position":3,"name":"Denar Princes Polonie Boles\u0142awa Chrobrego z XIw. god\u0142o herb"}]},{"@type":"WebSite","@id":"https:\/\/sklep.edudomo.pl\/#website","url":"https:\/\/sklep.edudomo.pl\/","name":"sklep EduDoMo","description":"Edukacja Domowa. Terapia. Wspieranie Talent&oacute;w","publisher":{"@id":"https:\/\/sklep.edudomo.pl\/#organization"},"potentialAction":[{"@type":"SearchAction","target":{"@type":"EntryPoint","urlTemplate":"https:\/\/sklep.edudomo.pl\/?s={search_term_string}"},"query-input":{"@type":"PropertyValueSpecification","valueRequired":true,"valueName":"search_term_string"}}],"inLanguage":"en-GB"},{"@type":"Organization","@id":"https:\/\/sklep.edudomo.pl\/#organization","name":"EduDoMo","url":"https:\/\/sklep.edudomo.pl\/","logo":{"@type":"ImageObject","inLanguage":"en-GB","@id":"https:\/\/sklep.edudomo.pl\/#\/schema\/logo\/image\/","url":"https:\/\/sklep.edudomo.pl\/wp-content\/uploads\/2019\/11\/cropped-logo-edudomo-sowa.jpg","contentUrl":"https:\/\/sklep.edudomo.pl\/wp-content\/uploads\/2019\/11\/cropped-logo-edudomo-sowa.jpg","width":120,"height":120,"caption":"EduDoMo"},"image":{"@id":"https:\/\/sklep.edudomo.pl\/#\/schema\/logo\/image\/"}}]}},"jetpack_sharing_enabled":true,"_links":{"self":[{"href":"https:\/\/sklep.edudomo.pl\/en\/wp-json\/wp\/v2\/product\/6955","targetHints":{"allow":["GET"]}}],"collection":[{"href":"https:\/\/sklep.edudomo.pl\/en\/wp-json\/wp\/v2\/product"}],"about":[{"href":"https:\/\/sklep.edudomo.pl\/en\/wp-json\/wp\/v2\/types\/product"}],"replies":[{"embeddable":true,"href":"https:\/\/sklep.edudomo.pl\/en\/wp-json\/wp\/v2\/comments?post=6955"}],"wp:featuredmedia":[{"embeddable":true,"href":"https:\/\/sklep.edudomo.pl\/en\/wp-json\/wp\/v2\/media\/7476"}],"wp:attachment":[{"href":"https:\/\/sklep.edudomo.pl\/en\/wp-json\/wp\/v2\/media?parent=6955"}],"wp:term":[{"taxonomy":"product_brand","embeddable":true,"href":"https:\/\/sklep.edudomo.pl\/en\/wp-json\/wp\/v2\/product_brand?post=6955"},{"taxonomy":"product_cat","embeddable":true,"href":"https:\/\/sklep.edudomo.pl\/en\/wp-json\/wp\/v2\/product_cat?post=6955"},{"taxonomy":"product_tag","embeddable":true,"href":"https:\/\/sklep.edudomo.pl\/en\/wp-json\/wp\/v2\/product_tag?post=6955"}],"curies":[{"name":"wp","href":"https:\/\/api.w.org\/{rel}","templated":true}]}}