{"id":7056,"date":"2021-11-27T14:05:18","date_gmt":"2021-11-27T14:05:18","guid":{"rendered":"https:\/\/sklep.edudomo.pl\/?post_type=product&#038;p=7056"},"modified":"2025-11-25T17:13:16","modified_gmt":"2025-11-25T17:13:16","slug":"puzzle-geometryczny-renifer","status":"publish","type":"product","link":"https:\/\/sklep.edudomo.pl\/en\/sklep\/puzzle-geometryczny-renifer\/","title":{"rendered":"Puzzle. Geometryczny renifer"},"content":{"rendered":"<p>Plansza wielko\u015bci oko\u0142o 45cmx45cm oraz grawerowane puzzle do u\u0142o\u017cenia.<\/p>\n<p>UWAGA!<\/p>\n<p>-ograniczenie wiekowe od 9+.<\/p>\n<p>Nale\u017cy zachowa\u0107 ostro\u017cno\u015b\u0107 ze wzgl\u0105d na ostre elementy.<\/p>\n<p>ang<\/p>\n<p>Puzzle \u2013 Christmas Reindeer<\/p>\n<p>A board (45&#215;45 cm) and puzzles with engraved shapes.<\/p>\n<p>The toy is intended for a child over 9 years old. Play with caution, as the set consists of pieces with sharp edges.<\/p>\n","protected":false},"excerpt":{"rendered":"<p>Plansza wielko\u015bci oko\u0142o 45cmx45cm oraz grawerowane puzzle do u\u0142o\u017cenia. UWAGA! -ograniczenie wiekowe od 9+. Nale\u017cy zachowa\u0107 ostro\u017cno\u015b\u0107 ze wzgl\u0105d na ostre elementy. ang Puzzle \u2013 Christmas Reindeer A board (45&#215;45 cm) and puzzles with engraved shapes. The toy is intended for a child over 9 years old. Play with caution, as the set consists of<span class=\"read-more-faq\"><a href=\"https:\/\/sklep.edudomo.pl\/en\/sklep\/puzzle-geometryczny-renifer\/\">Read More<\/a><\/span><\/p>\n","protected":false},"featured_media":3079,"comment_status":"open","ping_status":"closed","template":"","meta":[],"product_brand":[],"product_cat":[108,111,40],"product_tag":[],"class_list":{"0":"post-7056","1":"product","2":"type-product","3":"status-publish","4":"has-post-thumbnail","6":"product_cat-czas-swiateczny-christmas-time","7":"product_cat-religia","8":"product_cat-ozdoby","9":"product_shipping_class-inpost-kurier-a","11":"first","12":"onbackorder","13":"taxable","14":"shipping-taxable","15":"purchasable","16":"product-type-simple"},"yoast_head":"<!-- This site is optimized with the Yoast SEO plugin v26.5 - https:\/\/yoast.com\/wordpress\/plugins\/seo\/ -->\n<title>Puzzle. Geometryczny renifer<\/title>\n<meta name=\"robots\" content=\"index, follow, max-snippet:-1, max-image-preview:large, max-video-preview:-1\" \/>\n<link rel=\"canonical\" href=\"https:\/\/sklep.edudomo.pl\/en\/sklep\/puzzle-geometryczny-renifer\/\" \/>\n<meta property=\"og:locale\" content=\"en_GB\" \/>\n<meta property=\"og:locale:alternate\" content=\"pl_PL\" \/>\n<meta property=\"og:type\" content=\"article\" \/>\n<meta property=\"og:title\" content=\"Puzzle. Geometryczny renifer\" \/>\n<meta property=\"og:description\" content=\"Plansza wielko\u015bci oko\u0142o 45cmx45cm oraz grawerowane puzzle do u\u0142o\u017cenia. UWAGA! -ograniczenie wiekowe od 9+. Nale\u017cy zachowa\u0107 ostro\u017cno\u015b\u0107 ze wzgl\u0105d na ostre elementy. ang Puzzle \u2013 Christmas Reindeer A board (45&#215;45 cm) and puzzles with engraved shapes. The toy is intended for a child over 9 years old. Play with caution, as the set consists ofRead More\" \/>\n<meta property=\"og:url\" content=\"https:\/\/sklep.edudomo.pl\/en\/sklep\/puzzle-geometryczny-renifer\/\" \/>\n<meta property=\"og:site_name\" content=\"sklep EduDoMo\" \/>\n<meta property=\"article:modified_time\" content=\"2025-11-25T17:13:16+00:00\" \/>\n<meta property=\"og:image\" content=\"https:\/\/sklep.edudomo.pl\/wp-content\/uploads\/2020\/11\/renn-rotated.jpg\" \/>\n\t<meta property=\"og:image:width\" content=\"480\" \/>\n\t<meta property=\"og:image:height\" content=\"640\" \/>\n\t<meta property=\"og:image:type\" content=\"image\/jpeg\" \/>\n<meta name=\"twitter:card\" content=\"summary_large_image\" \/>\n<meta name=\"twitter:label1\" content=\"Estimated reading time\" \/>\n\t<meta name=\"twitter:data1\" content=\"1 minute\" \/>\n<script type=\"application\/ld+json\" class=\"yoast-schema-graph\">{\"@context\":\"https:\/\/schema.org\",\"@graph\":[{\"@type\":\"WebPage\",\"@id\":\"https:\/\/sklep.edudomo.pl\/sklep\/puzzle-geometryczny-renifer\/\",\"url\":\"https:\/\/sklep.edudomo.pl\/sklep\/puzzle-geometryczny-renifer\/\",\"name\":\"Puzzle. Geometryczny renifer\",\"isPartOf\":{\"@id\":\"https:\/\/sklep.edudomo.pl\/#website\"},\"primaryImageOfPage\":{\"@id\":\"https:\/\/sklep.edudomo.pl\/sklep\/puzzle-geometryczny-renifer\/#primaryimage\"},\"image\":{\"@id\":\"https:\/\/sklep.edudomo.pl\/sklep\/puzzle-geometryczny-renifer\/#primaryimage\"},\"thumbnailUrl\":\"https:\/\/sklep.edudomo.pl\/wp-content\/uploads\/2020\/11\/renn-rotated.jpg\",\"datePublished\":\"2021-11-27T14:05:18+00:00\",\"dateModified\":\"2025-11-25T17:13:16+00:00\",\"breadcrumb\":{\"@id\":\"https:\/\/sklep.edudomo.pl\/sklep\/puzzle-geometryczny-renifer\/#breadcrumb\"},\"inLanguage\":\"en-GB\",\"potentialAction\":[{\"@type\":\"ReadAction\",\"target\":[\"https:\/\/sklep.edudomo.pl\/sklep\/puzzle-geometryczny-renifer\/\"]}]},{\"@type\":\"ImageObject\",\"inLanguage\":\"en-GB\",\"@id\":\"https:\/\/sklep.edudomo.pl\/sklep\/puzzle-geometryczny-renifer\/#primaryimage\",\"url\":\"https:\/\/sklep.edudomo.pl\/wp-content\/uploads\/2020\/11\/renn-rotated.jpg\",\"contentUrl\":\"https:\/\/sklep.edudomo.pl\/wp-content\/uploads\/2020\/11\/renn-rotated.jpg\",\"width\":480,\"height\":640,\"caption\":\"\u015awi\u0105teczny renifer- PUZZLE. Christmas reindeer\"},{\"@type\":\"BreadcrumbList\",\"@id\":\"https:\/\/sklep.edudomo.pl\/sklep\/puzzle-geometryczny-renifer\/#breadcrumb\",\"itemListElement\":[{\"@type\":\"ListItem\",\"position\":1,\"name\":\"Strona g\u0142\u00f3wna\",\"item\":\"https:\/\/sklep.edudomo.pl\/\"},{\"@type\":\"ListItem\",\"position\":2,\"name\":\"Sklep\",\"item\":\"https:\/\/sklep.edudomo.pl\/\"},{\"@type\":\"ListItem\",\"position\":3,\"name\":\"Puzzle. Geometryczny renifer\"}]},{\"@type\":\"WebSite\",\"@id\":\"https:\/\/sklep.edudomo.pl\/#website\",\"url\":\"https:\/\/sklep.edudomo.pl\/\",\"name\":\"sklep EduDoMo\",\"description\":\"Edukacja Domowa. Terapia. Wspieranie Talent&oacute;w\",\"publisher\":{\"@id\":\"https:\/\/sklep.edudomo.pl\/#organization\"},\"potentialAction\":[{\"@type\":\"SearchAction\",\"target\":{\"@type\":\"EntryPoint\",\"urlTemplate\":\"https:\/\/sklep.edudomo.pl\/?s={search_term_string}\"},\"query-input\":{\"@type\":\"PropertyValueSpecification\",\"valueRequired\":true,\"valueName\":\"search_term_string\"}}],\"inLanguage\":\"en-GB\"},{\"@type\":\"Organization\",\"@id\":\"https:\/\/sklep.edudomo.pl\/#organization\",\"name\":\"EduDoMo\",\"url\":\"https:\/\/sklep.edudomo.pl\/\",\"logo\":{\"@type\":\"ImageObject\",\"inLanguage\":\"en-GB\",\"@id\":\"https:\/\/sklep.edudomo.pl\/#\/schema\/logo\/image\/\",\"url\":\"https:\/\/sklep.edudomo.pl\/wp-content\/uploads\/2019\/11\/cropped-logo-edudomo-sowa.jpg\",\"contentUrl\":\"https:\/\/sklep.edudomo.pl\/wp-content\/uploads\/2019\/11\/cropped-logo-edudomo-sowa.jpg\",\"width\":120,\"height\":120,\"caption\":\"EduDoMo\"},\"image\":{\"@id\":\"https:\/\/sklep.edudomo.pl\/#\/schema\/logo\/image\/\"}}]}<\/script>\n<!-- \/ Yoast SEO plugin. -->","yoast_head_json":{"title":"Puzzle. Geometryczny renifer","robots":{"index":"index","follow":"follow","max-snippet":"max-snippet:-1","max-image-preview":"max-image-preview:large","max-video-preview":"max-video-preview:-1"},"canonical":"https:\/\/sklep.edudomo.pl\/en\/sklep\/puzzle-geometryczny-renifer\/","og_locale":"en_GB","og_type":"article","og_title":"[:pl]Puzzle. Geometryczny renifer[:] - sklep EduDoMo","og_description":"Plansza wielko\u015bci oko\u0142o 45cmx45cm oraz grawerowane puzzle do u\u0142o\u017cenia. UWAGA! -ograniczenie wiekowe od 9+. Nale\u017cy zachowa\u0107 ostro\u017cno\u015b\u0107 ze wzgl\u0105d na ostre elementy. ang Puzzle \u2013 Christmas Reindeer A board (45&#215;45 cm) and puzzles with engraved shapes. The toy is intended for a child over 9 years old. Play with caution, as the set consists ofRead More","og_url":"https:\/\/sklep.edudomo.pl\/en\/sklep\/puzzle-geometryczny-renifer\/","og_site_name":"sklep EduDoMo","article_modified_time":"2025-11-25T17:13:16+00:00","og_image":[{"width":480,"height":640,"url":"https:\/\/sklep.edudomo.pl\/wp-content\/uploads\/2020\/11\/renn-rotated.jpg","type":"image\/jpeg"}],"twitter_card":"summary_large_image","twitter_misc":{"Estimated reading time":"1 minute"},"schema":{"@context":"https:\/\/schema.org","@graph":[{"@type":"WebPage","@id":"https:\/\/sklep.edudomo.pl\/sklep\/puzzle-geometryczny-renifer\/","url":"https:\/\/sklep.edudomo.pl\/sklep\/puzzle-geometryczny-renifer\/","name":"Puzzle. Geometryczny renifer","isPartOf":{"@id":"https:\/\/sklep.edudomo.pl\/#website"},"primaryImageOfPage":{"@id":"https:\/\/sklep.edudomo.pl\/sklep\/puzzle-geometryczny-renifer\/#primaryimage"},"image":{"@id":"https:\/\/sklep.edudomo.pl\/sklep\/puzzle-geometryczny-renifer\/#primaryimage"},"thumbnailUrl":"https:\/\/sklep.edudomo.pl\/wp-content\/uploads\/2020\/11\/renn-rotated.jpg","datePublished":"2021-11-27T14:05:18+00:00","dateModified":"2025-11-25T17:13:16+00:00","breadcrumb":{"@id":"https:\/\/sklep.edudomo.pl\/sklep\/puzzle-geometryczny-renifer\/#breadcrumb"},"inLanguage":"en-GB","potentialAction":[{"@type":"ReadAction","target":["https:\/\/sklep.edudomo.pl\/sklep\/puzzle-geometryczny-renifer\/"]}]},{"@type":"ImageObject","inLanguage":"en-GB","@id":"https:\/\/sklep.edudomo.pl\/sklep\/puzzle-geometryczny-renifer\/#primaryimage","url":"https:\/\/sklep.edudomo.pl\/wp-content\/uploads\/2020\/11\/renn-rotated.jpg","contentUrl":"https:\/\/sklep.edudomo.pl\/wp-content\/uploads\/2020\/11\/renn-rotated.jpg","width":480,"height":640,"caption":"\u015awi\u0105teczny renifer- PUZZLE. Christmas reindeer"},{"@type":"BreadcrumbList","@id":"https:\/\/sklep.edudomo.pl\/sklep\/puzzle-geometryczny-renifer\/#breadcrumb","itemListElement":[{"@type":"ListItem","position":1,"name":"Strona g\u0142\u00f3wna","item":"https:\/\/sklep.edudomo.pl\/"},{"@type":"ListItem","position":2,"name":"Sklep","item":"https:\/\/sklep.edudomo.pl\/"},{"@type":"ListItem","position":3,"name":"Puzzle. Geometryczny renifer"}]},{"@type":"WebSite","@id":"https:\/\/sklep.edudomo.pl\/#website","url":"https:\/\/sklep.edudomo.pl\/","name":"sklep EduDoMo","description":"Edukacja Domowa. Terapia. Wspieranie Talent&oacute;w","publisher":{"@id":"https:\/\/sklep.edudomo.pl\/#organization"},"potentialAction":[{"@type":"SearchAction","target":{"@type":"EntryPoint","urlTemplate":"https:\/\/sklep.edudomo.pl\/?s={search_term_string}"},"query-input":{"@type":"PropertyValueSpecification","valueRequired":true,"valueName":"search_term_string"}}],"inLanguage":"en-GB"},{"@type":"Organization","@id":"https:\/\/sklep.edudomo.pl\/#organization","name":"EduDoMo","url":"https:\/\/sklep.edudomo.pl\/","logo":{"@type":"ImageObject","inLanguage":"en-GB","@id":"https:\/\/sklep.edudomo.pl\/#\/schema\/logo\/image\/","url":"https:\/\/sklep.edudomo.pl\/wp-content\/uploads\/2019\/11\/cropped-logo-edudomo-sowa.jpg","contentUrl":"https:\/\/sklep.edudomo.pl\/wp-content\/uploads\/2019\/11\/cropped-logo-edudomo-sowa.jpg","width":120,"height":120,"caption":"EduDoMo"},"image":{"@id":"https:\/\/sklep.edudomo.pl\/#\/schema\/logo\/image\/"}}]}},"jetpack_sharing_enabled":true,"_links":{"self":[{"href":"https:\/\/sklep.edudomo.pl\/en\/wp-json\/wp\/v2\/product\/7056","targetHints":{"allow":["GET"]}}],"collection":[{"href":"https:\/\/sklep.edudomo.pl\/en\/wp-json\/wp\/v2\/product"}],"about":[{"href":"https:\/\/sklep.edudomo.pl\/en\/wp-json\/wp\/v2\/types\/product"}],"replies":[{"embeddable":true,"href":"https:\/\/sklep.edudomo.pl\/en\/wp-json\/wp\/v2\/comments?post=7056"}],"wp:featuredmedia":[{"embeddable":true,"href":"https:\/\/sklep.edudomo.pl\/en\/wp-json\/wp\/v2\/media\/3079"}],"wp:attachment":[{"href":"https:\/\/sklep.edudomo.pl\/en\/wp-json\/wp\/v2\/media?parent=7056"}],"wp:term":[{"taxonomy":"product_brand","embeddable":true,"href":"https:\/\/sklep.edudomo.pl\/en\/wp-json\/wp\/v2\/product_brand?post=7056"},{"taxonomy":"product_cat","embeddable":true,"href":"https:\/\/sklep.edudomo.pl\/en\/wp-json\/wp\/v2\/product_cat?post=7056"},{"taxonomy":"product_tag","embeddable":true,"href":"https:\/\/sklep.edudomo.pl\/en\/wp-json\/wp\/v2\/product_tag?post=7056"}],"curies":[{"name":"wp","href":"https:\/\/api.w.org\/{rel}","templated":true}]}}