{"id":7552,"date":"2022-02-01T09:14:59","date_gmt":"2022-02-01T09:14:59","guid":{"rendered":"https:\/\/sklep.edudomo.pl\/?post_type=product&#038;p=7552"},"modified":"2025-11-25T17:12:32","modified_gmt":"2025-11-25T17:12:32","slug":"zlota-maska-tutanchamona-puzzle-edukacyjne","status":"publish","type":"product","link":"https:\/\/sklep.edudomo.pl\/en\/sklep\/zlota-maska-tutanchamona-puzzle-edukacyjne\/","title":{"rendered":"Z\u0142ota maska Tutanchamona. PUZZLE EDUKACYJNE"},"content":{"rendered":"<div>Z\u0142ota maska Tutanchamona<\/div>\n<div><span style=\"color: #202122; font-family: -apple-system, BlinkMacSystemFont, Segoe UI, Roboto, Lato, Helvetica, Arial, sans-serif;\">Puzzle edukacyjne<\/span><\/div>\n<div><span style=\"color: #202122; font-family: -apple-system, BlinkMacSystemFont, Segoe UI, Roboto, Lato, Helvetica, Arial, sans-serif;\">Wymiary planszy 29cm x 29cm<\/span><\/div>\n<div><span style=\"color: #202122; font-family: -apple-system, BlinkMacSystemFont, Segoe UI, Roboto, Lato, Helvetica, Arial, sans-serif;\">Mo\u017cliwo\u015b\u0107 zakupienia puzzli z mniejsz\u0105 ilo\u015bci\u0105 element\u00f3w: -przy zam\u00f3wieniu \u00a0w uwagach nale\u017cy wpisa\u0107 \u201ewersja \u0142atwiejsza\u201d\u00a0<\/span><\/div>\n<div><\/div>\n<div><\/div>\n<div>Maska grobowa faraona Tutanchamona zosta\u0142a znaleziona w jedynym niespl\u0105drowanym <b>grobowcu w Dolnie Kr\u00f3l\u00f3w<\/b>. Jej precyzyjnie wykonanie doskonale oddaje rysy m\u0142odego kr\u00f3la. Na czole maski umieszczono <b>kr\u00f3lewski ureusz &#8211; g\u0142ow\u0119 kobry i s\u0119pa &#8211; symbol w\u0142adzy kr\u00f3lewskiej, maj\u0105cy zapewni\u0107 ochron\u0119 zmar\u0142emu.<\/b> Sztuczna broda z zagi\u0119tym ko\u0144cem symbolizowa\u0107 mia\u0142a zwi\u0105zek faraona z Ozyrysem. Ozdobiono j\u0105 inkrustacjami turkus\u00f3w i karneoli. Pochodzenie z\u0142otej maski Tutanchamona nie jest jednak znane.<\/div>\n","protected":false},"excerpt":{"rendered":"<p>Z\u0142ota maska Tutanchamona Puzzle edukacyjne Wymiary planszy 29cm x 29cm Mo\u017cliwo\u015b\u0107 zakupienia puzzli z mniejsz\u0105 ilo\u015bci\u0105 element\u00f3w: -przy zam\u00f3wieniu \u00a0w uwagach nale\u017cy wpisa\u0107 \u201ewersja \u0142atwiejsza\u201d\u00a0 Maska grobowa faraona Tutanchamona zosta\u0142a znaleziona w jedynym niespl\u0105drowanym grobowcu w Dolnie Kr\u00f3l\u00f3w. Jej precyzyjnie wykonanie doskonale oddaje rysy m\u0142odego kr\u00f3la. Na czole maski umieszczono kr\u00f3lewski ureusz &#8211; g\u0142ow\u0119 kobry<span class=\"read-more-faq\"><a href=\"https:\/\/sklep.edudomo.pl\/en\/sklep\/zlota-maska-tutanchamona-puzzle-edukacyjne\/\">Read More<\/a><\/span><\/p>\n","protected":false},"featured_media":7556,"comment_status":"open","ping_status":"closed","template":"","meta":[],"product_brand":[],"product_cat":[84,120,111,86],"product_tag":[],"class_list":{"0":"post-7552","1":"product","2":"type-product","3":"status-publish","4":"has-post-thumbnail","6":"product_cat-edukacja-kosmiczna","7":"product_cat-historia","8":"product_cat-religia","9":"product_cat-material-sensoryczny","10":"product_shipping_class-inpost-kurier-a","12":"first","13":"onbackorder","14":"taxable","15":"shipping-taxable","16":"purchasable","17":"product-type-simple"},"yoast_head":"<!-- This site is optimized with the Yoast SEO plugin v26.5 - https:\/\/yoast.com\/wordpress\/plugins\/seo\/ -->\n<title>Z\u0142ota maska Tutanchamona. PUZZLE EDUKACYJNE<\/title>\n<meta name=\"description\" content=\"Z\u0142ota maska Tutanchamona EduDoMo Puzzle edukacyjne Wymiary planszy 29cm x 29cm Mo\u017cliwo\u015b\u0107 zakupienia puzzli z mniejsz\u0105 ilo\u015bci\u0105 element\u00f3w: -przy zam\u00f3wieniu \u00a0w uwagach nale\u017cy wpisa\u0107 \u201ewersja \u0142atwiejsza\u201d\u00a0\" \/>\n<meta name=\"robots\" content=\"index, follow, max-snippet:-1, max-image-preview:large, max-video-preview:-1\" \/>\n<link rel=\"canonical\" href=\"https:\/\/sklep.edudomo.pl\/en\/sklep\/zlota-maska-tutanchamona-puzzle-edukacyjne\/\" \/>\n<meta property=\"og:locale\" content=\"en_GB\" \/>\n<meta property=\"og:locale:alternate\" content=\"pl_PL\" \/>\n<meta property=\"og:type\" content=\"article\" \/>\n<meta property=\"og:title\" content=\"Z\u0142ota maska Tutanchamona. PUZZLE EDUKACYJNE\" \/>\n<meta property=\"og:description\" content=\"Z\u0142ota maska Tutanchamona EduDoMo Puzzle edukacyjne Wymiary planszy 29cm x 29cm Mo\u017cliwo\u015b\u0107 zakupienia puzzli z mniejsz\u0105 ilo\u015bci\u0105 element\u00f3w: -przy zam\u00f3wieniu \u00a0w uwagach nale\u017cy wpisa\u0107 \u201ewersja \u0142atwiejsza\u201d\u00a0\" \/>\n<meta property=\"og:url\" content=\"https:\/\/sklep.edudomo.pl\/en\/sklep\/zlota-maska-tutanchamona-puzzle-edukacyjne\/\" \/>\n<meta property=\"og:site_name\" content=\"sklep EduDoMo\" \/>\n<meta property=\"article:modified_time\" content=\"2025-11-25T17:12:32+00:00\" \/>\n<meta property=\"og:image\" content=\"https:\/\/sklep.edudomo.pl\/wp-content\/uploads\/2022\/02\/IMG_2260-scaled.jpg\" \/>\n\t<meta property=\"og:image:width\" content=\"2309\" \/>\n\t<meta property=\"og:image:height\" content=\"2560\" \/>\n\t<meta property=\"og:image:type\" content=\"image\/jpeg\" \/>\n<meta name=\"twitter:card\" content=\"summary_large_image\" \/>\n<meta name=\"twitter:label1\" content=\"Estimated reading time\" \/>\n\t<meta name=\"twitter:data1\" content=\"1 minute\" \/>\n<script type=\"application\/ld+json\" class=\"yoast-schema-graph\">{\"@context\":\"https:\/\/schema.org\",\"@graph\":[{\"@type\":\"WebPage\",\"@id\":\"https:\/\/sklep.edudomo.pl\/sklep\/zlota-maska-tutanchamona-puzzle-edukacyjne\/\",\"url\":\"https:\/\/sklep.edudomo.pl\/sklep\/zlota-maska-tutanchamona-puzzle-edukacyjne\/\",\"name\":\"Z\u0142ota maska Tutanchamona. PUZZLE EDUKACYJNE\",\"isPartOf\":{\"@id\":\"https:\/\/sklep.edudomo.pl\/#website\"},\"primaryImageOfPage\":{\"@id\":\"https:\/\/sklep.edudomo.pl\/sklep\/zlota-maska-tutanchamona-puzzle-edukacyjne\/#primaryimage\"},\"image\":{\"@id\":\"https:\/\/sklep.edudomo.pl\/sklep\/zlota-maska-tutanchamona-puzzle-edukacyjne\/#primaryimage\"},\"thumbnailUrl\":\"https:\/\/sklep.edudomo.pl\/wp-content\/uploads\/2022\/02\/IMG_2260-scaled.jpg\",\"datePublished\":\"2022-02-01T09:14:59+00:00\",\"dateModified\":\"2025-11-25T17:12:32+00:00\",\"description\":\"Z\u0142ota maska Tutanchamona EduDoMo Puzzle edukacyjne Wymiary planszy 29cm x 29cm Mo\u017cliwo\u015b\u0107 zakupienia puzzli z mniejsz\u0105 ilo\u015bci\u0105 element\u00f3w: -przy zam\u00f3wieniu \u00a0w uwagach nale\u017cy wpisa\u0107 \u201ewersja \u0142atwiejsza\u201d\u00a0\",\"breadcrumb\":{\"@id\":\"https:\/\/sklep.edudomo.pl\/sklep\/zlota-maska-tutanchamona-puzzle-edukacyjne\/#breadcrumb\"},\"inLanguage\":\"en-GB\",\"potentialAction\":[{\"@type\":\"ReadAction\",\"target\":[\"https:\/\/sklep.edudomo.pl\/sklep\/zlota-maska-tutanchamona-puzzle-edukacyjne\/\"]}]},{\"@type\":\"ImageObject\",\"inLanguage\":\"en-GB\",\"@id\":\"https:\/\/sklep.edudomo.pl\/sklep\/zlota-maska-tutanchamona-puzzle-edukacyjne\/#primaryimage\",\"url\":\"https:\/\/sklep.edudomo.pl\/wp-content\/uploads\/2022\/02\/IMG_2260-scaled.jpg\",\"contentUrl\":\"https:\/\/sklep.edudomo.pl\/wp-content\/uploads\/2022\/02\/IMG_2260-scaled.jpg\",\"width\":2309,\"height\":2560,\"caption\":\"Z\u0142ota maska Tutanchamona\"},{\"@type\":\"BreadcrumbList\",\"@id\":\"https:\/\/sklep.edudomo.pl\/sklep\/zlota-maska-tutanchamona-puzzle-edukacyjne\/#breadcrumb\",\"itemListElement\":[{\"@type\":\"ListItem\",\"position\":1,\"name\":\"Strona g\u0142\u00f3wna\",\"item\":\"https:\/\/sklep.edudomo.pl\/\"},{\"@type\":\"ListItem\",\"position\":2,\"name\":\"Sklep\",\"item\":\"https:\/\/sklep.edudomo.pl\/\"},{\"@type\":\"ListItem\",\"position\":3,\"name\":\"Z\u0142ota maska Tutanchamona. PUZZLE EDUKACYJNE\"}]},{\"@type\":\"WebSite\",\"@id\":\"https:\/\/sklep.edudomo.pl\/#website\",\"url\":\"https:\/\/sklep.edudomo.pl\/\",\"name\":\"sklep EduDoMo\",\"description\":\"Edukacja Domowa. Terapia. Wspieranie Talent&oacute;w\",\"publisher\":{\"@id\":\"https:\/\/sklep.edudomo.pl\/#organization\"},\"potentialAction\":[{\"@type\":\"SearchAction\",\"target\":{\"@type\":\"EntryPoint\",\"urlTemplate\":\"https:\/\/sklep.edudomo.pl\/?s={search_term_string}\"},\"query-input\":{\"@type\":\"PropertyValueSpecification\",\"valueRequired\":true,\"valueName\":\"search_term_string\"}}],\"inLanguage\":\"en-GB\"},{\"@type\":\"Organization\",\"@id\":\"https:\/\/sklep.edudomo.pl\/#organization\",\"name\":\"EduDoMo\",\"url\":\"https:\/\/sklep.edudomo.pl\/\",\"logo\":{\"@type\":\"ImageObject\",\"inLanguage\":\"en-GB\",\"@id\":\"https:\/\/sklep.edudomo.pl\/#\/schema\/logo\/image\/\",\"url\":\"https:\/\/sklep.edudomo.pl\/wp-content\/uploads\/2019\/11\/cropped-logo-edudomo-sowa.jpg\",\"contentUrl\":\"https:\/\/sklep.edudomo.pl\/wp-content\/uploads\/2019\/11\/cropped-logo-edudomo-sowa.jpg\",\"width\":120,\"height\":120,\"caption\":\"EduDoMo\"},\"image\":{\"@id\":\"https:\/\/sklep.edudomo.pl\/#\/schema\/logo\/image\/\"}}]}<\/script>\n<!-- \/ Yoast SEO plugin. -->","yoast_head_json":{"title":"Z\u0142ota maska Tutanchamona. PUZZLE EDUKACYJNE","description":"Z\u0142ota maska Tutanchamona EduDoMo Puzzle edukacyjne Wymiary planszy 29cm x 29cm Mo\u017cliwo\u015b\u0107 zakupienia puzzli z mniejsz\u0105 ilo\u015bci\u0105 element\u00f3w: -przy zam\u00f3wieniu \u00a0w uwagach nale\u017cy wpisa\u0107 \u201ewersja \u0142atwiejsza\u201d\u00a0","robots":{"index":"index","follow":"follow","max-snippet":"max-snippet:-1","max-image-preview":"max-image-preview:large","max-video-preview":"max-video-preview:-1"},"canonical":"https:\/\/sklep.edudomo.pl\/en\/sklep\/zlota-maska-tutanchamona-puzzle-edukacyjne\/","og_locale":"en_GB","og_type":"article","og_title":"[:pl]Z\u0142ota maska Tutanchamona. PUZZLE EDUKACYJNE[:] - sklep EduDoMo","og_description":"Z\u0142ota maska Tutanchamona EduDoMo Puzzle edukacyjne Wymiary planszy 29cm x 29cm Mo\u017cliwo\u015b\u0107 zakupienia puzzli z mniejsz\u0105 ilo\u015bci\u0105 element\u00f3w: -przy zam\u00f3wieniu \u00a0w uwagach nale\u017cy wpisa\u0107 \u201ewersja \u0142atwiejsza\u201d\u00a0","og_url":"https:\/\/sklep.edudomo.pl\/en\/sklep\/zlota-maska-tutanchamona-puzzle-edukacyjne\/","og_site_name":"sklep EduDoMo","article_modified_time":"2025-11-25T17:12:32+00:00","og_image":[{"width":2309,"height":2560,"url":"https:\/\/sklep.edudomo.pl\/wp-content\/uploads\/2022\/02\/IMG_2260-scaled.jpg","type":"image\/jpeg"}],"twitter_card":"summary_large_image","twitter_misc":{"Estimated reading time":"1 minute"},"schema":{"@context":"https:\/\/schema.org","@graph":[{"@type":"WebPage","@id":"https:\/\/sklep.edudomo.pl\/sklep\/zlota-maska-tutanchamona-puzzle-edukacyjne\/","url":"https:\/\/sklep.edudomo.pl\/sklep\/zlota-maska-tutanchamona-puzzle-edukacyjne\/","name":"Z\u0142ota maska Tutanchamona. PUZZLE EDUKACYJNE","isPartOf":{"@id":"https:\/\/sklep.edudomo.pl\/#website"},"primaryImageOfPage":{"@id":"https:\/\/sklep.edudomo.pl\/sklep\/zlota-maska-tutanchamona-puzzle-edukacyjne\/#primaryimage"},"image":{"@id":"https:\/\/sklep.edudomo.pl\/sklep\/zlota-maska-tutanchamona-puzzle-edukacyjne\/#primaryimage"},"thumbnailUrl":"https:\/\/sklep.edudomo.pl\/wp-content\/uploads\/2022\/02\/IMG_2260-scaled.jpg","datePublished":"2022-02-01T09:14:59+00:00","dateModified":"2025-11-25T17:12:32+00:00","description":"Z\u0142ota maska Tutanchamona EduDoMo Puzzle edukacyjne Wymiary planszy 29cm x 29cm Mo\u017cliwo\u015b\u0107 zakupienia puzzli z mniejsz\u0105 ilo\u015bci\u0105 element\u00f3w: -przy zam\u00f3wieniu \u00a0w uwagach nale\u017cy wpisa\u0107 \u201ewersja \u0142atwiejsza\u201d\u00a0","breadcrumb":{"@id":"https:\/\/sklep.edudomo.pl\/sklep\/zlota-maska-tutanchamona-puzzle-edukacyjne\/#breadcrumb"},"inLanguage":"en-GB","potentialAction":[{"@type":"ReadAction","target":["https:\/\/sklep.edudomo.pl\/sklep\/zlota-maska-tutanchamona-puzzle-edukacyjne\/"]}]},{"@type":"ImageObject","inLanguage":"en-GB","@id":"https:\/\/sklep.edudomo.pl\/sklep\/zlota-maska-tutanchamona-puzzle-edukacyjne\/#primaryimage","url":"https:\/\/sklep.edudomo.pl\/wp-content\/uploads\/2022\/02\/IMG_2260-scaled.jpg","contentUrl":"https:\/\/sklep.edudomo.pl\/wp-content\/uploads\/2022\/02\/IMG_2260-scaled.jpg","width":2309,"height":2560,"caption":"Z\u0142ota maska Tutanchamona"},{"@type":"BreadcrumbList","@id":"https:\/\/sklep.edudomo.pl\/sklep\/zlota-maska-tutanchamona-puzzle-edukacyjne\/#breadcrumb","itemListElement":[{"@type":"ListItem","position":1,"name":"Strona g\u0142\u00f3wna","item":"https:\/\/sklep.edudomo.pl\/"},{"@type":"ListItem","position":2,"name":"Sklep","item":"https:\/\/sklep.edudomo.pl\/"},{"@type":"ListItem","position":3,"name":"Z\u0142ota maska Tutanchamona. PUZZLE EDUKACYJNE"}]},{"@type":"WebSite","@id":"https:\/\/sklep.edudomo.pl\/#website","url":"https:\/\/sklep.edudomo.pl\/","name":"sklep EduDoMo","description":"Edukacja Domowa. Terapia. Wspieranie Talent&oacute;w","publisher":{"@id":"https:\/\/sklep.edudomo.pl\/#organization"},"potentialAction":[{"@type":"SearchAction","target":{"@type":"EntryPoint","urlTemplate":"https:\/\/sklep.edudomo.pl\/?s={search_term_string}"},"query-input":{"@type":"PropertyValueSpecification","valueRequired":true,"valueName":"search_term_string"}}],"inLanguage":"en-GB"},{"@type":"Organization","@id":"https:\/\/sklep.edudomo.pl\/#organization","name":"EduDoMo","url":"https:\/\/sklep.edudomo.pl\/","logo":{"@type":"ImageObject","inLanguage":"en-GB","@id":"https:\/\/sklep.edudomo.pl\/#\/schema\/logo\/image\/","url":"https:\/\/sklep.edudomo.pl\/wp-content\/uploads\/2019\/11\/cropped-logo-edudomo-sowa.jpg","contentUrl":"https:\/\/sklep.edudomo.pl\/wp-content\/uploads\/2019\/11\/cropped-logo-edudomo-sowa.jpg","width":120,"height":120,"caption":"EduDoMo"},"image":{"@id":"https:\/\/sklep.edudomo.pl\/#\/schema\/logo\/image\/"}}]}},"jetpack_sharing_enabled":true,"_links":{"self":[{"href":"https:\/\/sklep.edudomo.pl\/en\/wp-json\/wp\/v2\/product\/7552","targetHints":{"allow":["GET"]}}],"collection":[{"href":"https:\/\/sklep.edudomo.pl\/en\/wp-json\/wp\/v2\/product"}],"about":[{"href":"https:\/\/sklep.edudomo.pl\/en\/wp-json\/wp\/v2\/types\/product"}],"replies":[{"embeddable":true,"href":"https:\/\/sklep.edudomo.pl\/en\/wp-json\/wp\/v2\/comments?post=7552"}],"wp:featuredmedia":[{"embeddable":true,"href":"https:\/\/sklep.edudomo.pl\/en\/wp-json\/wp\/v2\/media\/7556"}],"wp:attachment":[{"href":"https:\/\/sklep.edudomo.pl\/en\/wp-json\/wp\/v2\/media?parent=7552"}],"wp:term":[{"taxonomy":"product_brand","embeddable":true,"href":"https:\/\/sklep.edudomo.pl\/en\/wp-json\/wp\/v2\/product_brand?post=7552"},{"taxonomy":"product_cat","embeddable":true,"href":"https:\/\/sklep.edudomo.pl\/en\/wp-json\/wp\/v2\/product_cat?post=7552"},{"taxonomy":"product_tag","embeddable":true,"href":"https:\/\/sklep.edudomo.pl\/en\/wp-json\/wp\/v2\/product_tag?post=7552"}],"curies":[{"name":"wp","href":"https:\/\/api.w.org\/{rel}","templated":true}]}}