{"id":7587,"date":"2022-02-04T11:38:17","date_gmt":"2022-02-04T11:38:17","guid":{"rendered":"https:\/\/sklep.edudomo.pl\/?post_type=product&#038;p=7587"},"modified":"2025-11-25T17:12:10","modified_gmt":"2025-11-25T17:12:10","slug":"pismo-klinowe-sumerian-cuneiform-alphabet","status":"publish","type":"product","link":"https:\/\/sklep.edudomo.pl\/en\/sklep\/pismo-klinowe-sumerian-cuneiform-alphabet\/","title":{"rendered":"Pismo klinowe. Sumerian Cuneiform Alphabet"},"content":{"rendered":"<p>Pismo klinowe. Sumerian Cuneiform Alphabet<\/p>\n<p>Puzzle edukacyjne przedstawiaj\u0105ce tabliczk\u0119 z pismem klinowym u\u0142o\u017conym w uk\u0142adzie wsp\u00f3\u0142czesnego alfabetu \u0142aci\u0144skiego.<\/p>\n<p>Po ods\u0142oni\u0119ciu klin\u00f3w uka\u017c\u0105 nam si\u0119 litery \u0142aci\u0144skie.<\/p>\n<p>Plansza o wymiarach 29cm x 29cm<\/p>\n","protected":false},"excerpt":{"rendered":"<p>Pismo klinowe. Sumerian Cuneiform Alphabet Puzzle edukacyjne przedstawiaj\u0105ce tabliczk\u0119 z pismem klinowym u\u0142o\u017conym w uk\u0142adzie wsp\u00f3\u0142czesnego alfabetu \u0142aci\u0144skiego. Po ods\u0142oni\u0119ciu klin\u00f3w uka\u017c\u0105 nam si\u0119 litery \u0142aci\u0144skie. Plansza o wymiarach 29cm x 29cm<\/p>\n","protected":false},"featured_media":7589,"comment_status":"open","ping_status":"closed","template":"","meta":[],"product_brand":[],"product_cat":[84,120,88,86],"product_tag":[],"class_list":{"0":"post-7587","1":"product","2":"type-product","3":"status-publish","4":"has-post-thumbnail","6":"product_cat-edukacja-kosmiczna","7":"product_cat-historia","8":"product_cat-material-jezykowy","9":"product_cat-material-sensoryczny","11":"first","12":"onbackorder","13":"taxable","14":"shipping-taxable","15":"purchasable","16":"product-type-simple"},"yoast_head":"<!-- This site is optimized with the Yoast SEO plugin v26.5 - https:\/\/yoast.com\/wordpress\/plugins\/seo\/ -->\n<title>Pismo klinowe. Sumerian Cuneiform Alphabet<\/title>\n<meta name=\"robots\" content=\"index, follow, max-snippet:-1, max-image-preview:large, max-video-preview:-1\" \/>\n<link rel=\"canonical\" href=\"https:\/\/sklep.edudomo.pl\/en\/sklep\/pismo-klinowe-sumerian-cuneiform-alphabet\/\" \/>\n<meta property=\"og:locale\" content=\"en_GB\" \/>\n<meta property=\"og:locale:alternate\" content=\"pl_PL\" \/>\n<meta property=\"og:type\" content=\"article\" \/>\n<meta property=\"og:title\" content=\"Pismo klinowe. Sumerian Cuneiform Alphabet\" \/>\n<meta property=\"og:description\" content=\"Pismo klinowe. Sumerian Cuneiform Alphabet Puzzle edukacyjne przedstawiaj\u0105ce tabliczk\u0119 z pismem klinowym u\u0142o\u017conym w uk\u0142adzie wsp\u00f3\u0142czesnego alfabetu \u0142aci\u0144skiego. Po ods\u0142oni\u0119ciu klin\u00f3w uka\u017c\u0105 nam si\u0119 litery \u0142aci\u0144skie. Plansza o wymiarach 29cm x 29cm\" \/>\n<meta property=\"og:url\" content=\"https:\/\/sklep.edudomo.pl\/en\/sklep\/pismo-klinowe-sumerian-cuneiform-alphabet\/\" \/>\n<meta property=\"og:site_name\" content=\"sklep EduDoMo\" \/>\n<meta property=\"article:modified_time\" content=\"2025-11-25T17:12:10+00:00\" \/>\n<meta property=\"og:image\" content=\"https:\/\/sklep.edudomo.pl\/wp-content\/uploads\/2022\/02\/IMG_2326-scaled.jpg\" \/>\n\t<meta property=\"og:image:width\" content=\"2554\" \/>\n\t<meta property=\"og:image:height\" content=\"2560\" \/>\n\t<meta property=\"og:image:type\" content=\"image\/jpeg\" \/>\n<meta name=\"twitter:card\" content=\"summary_large_image\" \/>\n<meta name=\"twitter:label1\" content=\"Estimated reading time\" \/>\n\t<meta name=\"twitter:data1\" content=\"1 minute\" \/>\n<script type=\"application\/ld+json\" class=\"yoast-schema-graph\">{\"@context\":\"https:\/\/schema.org\",\"@graph\":[{\"@type\":\"WebPage\",\"@id\":\"https:\/\/sklep.edudomo.pl\/sklep\/pismo-klinowe-sumerian-cuneiform-alphabet\/\",\"url\":\"https:\/\/sklep.edudomo.pl\/sklep\/pismo-klinowe-sumerian-cuneiform-alphabet\/\",\"name\":\"Pismo klinowe. Sumerian Cuneiform Alphabet\",\"isPartOf\":{\"@id\":\"https:\/\/sklep.edudomo.pl\/#website\"},\"primaryImageOfPage\":{\"@id\":\"https:\/\/sklep.edudomo.pl\/sklep\/pismo-klinowe-sumerian-cuneiform-alphabet\/#primaryimage\"},\"image\":{\"@id\":\"https:\/\/sklep.edudomo.pl\/sklep\/pismo-klinowe-sumerian-cuneiform-alphabet\/#primaryimage\"},\"thumbnailUrl\":\"https:\/\/sklep.edudomo.pl\/wp-content\/uploads\/2022\/02\/IMG_2326-scaled.jpg\",\"datePublished\":\"2022-02-04T11:38:17+00:00\",\"dateModified\":\"2025-11-25T17:12:10+00:00\",\"breadcrumb\":{\"@id\":\"https:\/\/sklep.edudomo.pl\/sklep\/pismo-klinowe-sumerian-cuneiform-alphabet\/#breadcrumb\"},\"inLanguage\":\"en-GB\",\"potentialAction\":[{\"@type\":\"ReadAction\",\"target\":[\"https:\/\/sklep.edudomo.pl\/sklep\/pismo-klinowe-sumerian-cuneiform-alphabet\/\"]}]},{\"@type\":\"ImageObject\",\"inLanguage\":\"en-GB\",\"@id\":\"https:\/\/sklep.edudomo.pl\/sklep\/pismo-klinowe-sumerian-cuneiform-alphabet\/#primaryimage\",\"url\":\"https:\/\/sklep.edudomo.pl\/wp-content\/uploads\/2022\/02\/IMG_2326-scaled.jpg\",\"contentUrl\":\"https:\/\/sklep.edudomo.pl\/wp-content\/uploads\/2022\/02\/IMG_2326-scaled.jpg\",\"width\":2554,\"height\":2560,\"caption\":\"Pismo klinowe EduDoMo\"},{\"@type\":\"BreadcrumbList\",\"@id\":\"https:\/\/sklep.edudomo.pl\/sklep\/pismo-klinowe-sumerian-cuneiform-alphabet\/#breadcrumb\",\"itemListElement\":[{\"@type\":\"ListItem\",\"position\":1,\"name\":\"Strona g\u0142\u00f3wna\",\"item\":\"https:\/\/sklep.edudomo.pl\/\"},{\"@type\":\"ListItem\",\"position\":2,\"name\":\"Sklep\",\"item\":\"https:\/\/sklep.edudomo.pl\/\"},{\"@type\":\"ListItem\",\"position\":3,\"name\":\"Pismo klinowe. Sumerian Cuneiform Alphabet\"}]},{\"@type\":\"WebSite\",\"@id\":\"https:\/\/sklep.edudomo.pl\/#website\",\"url\":\"https:\/\/sklep.edudomo.pl\/\",\"name\":\"sklep EduDoMo\",\"description\":\"Edukacja Domowa. Terapia. Wspieranie Talent&oacute;w\",\"publisher\":{\"@id\":\"https:\/\/sklep.edudomo.pl\/#organization\"},\"potentialAction\":[{\"@type\":\"SearchAction\",\"target\":{\"@type\":\"EntryPoint\",\"urlTemplate\":\"https:\/\/sklep.edudomo.pl\/?s={search_term_string}\"},\"query-input\":{\"@type\":\"PropertyValueSpecification\",\"valueRequired\":true,\"valueName\":\"search_term_string\"}}],\"inLanguage\":\"en-GB\"},{\"@type\":\"Organization\",\"@id\":\"https:\/\/sklep.edudomo.pl\/#organization\",\"name\":\"EduDoMo\",\"url\":\"https:\/\/sklep.edudomo.pl\/\",\"logo\":{\"@type\":\"ImageObject\",\"inLanguage\":\"en-GB\",\"@id\":\"https:\/\/sklep.edudomo.pl\/#\/schema\/logo\/image\/\",\"url\":\"https:\/\/sklep.edudomo.pl\/wp-content\/uploads\/2019\/11\/cropped-logo-edudomo-sowa.jpg\",\"contentUrl\":\"https:\/\/sklep.edudomo.pl\/wp-content\/uploads\/2019\/11\/cropped-logo-edudomo-sowa.jpg\",\"width\":120,\"height\":120,\"caption\":\"EduDoMo\"},\"image\":{\"@id\":\"https:\/\/sklep.edudomo.pl\/#\/schema\/logo\/image\/\"}}]}<\/script>\n<!-- \/ Yoast SEO plugin. -->","yoast_head_json":{"title":"Pismo klinowe. Sumerian Cuneiform Alphabet","robots":{"index":"index","follow":"follow","max-snippet":"max-snippet:-1","max-image-preview":"max-image-preview:large","max-video-preview":"max-video-preview:-1"},"canonical":"https:\/\/sklep.edudomo.pl\/en\/sklep\/pismo-klinowe-sumerian-cuneiform-alphabet\/","og_locale":"en_GB","og_type":"article","og_title":"[:pl]Pismo klinowe. Sumerian Cuneiform Alphabet[:] - sklep EduDoMo","og_description":"Pismo klinowe. Sumerian Cuneiform Alphabet Puzzle edukacyjne przedstawiaj\u0105ce tabliczk\u0119 z pismem klinowym u\u0142o\u017conym w uk\u0142adzie wsp\u00f3\u0142czesnego alfabetu \u0142aci\u0144skiego. Po ods\u0142oni\u0119ciu klin\u00f3w uka\u017c\u0105 nam si\u0119 litery \u0142aci\u0144skie. Plansza o wymiarach 29cm x 29cm","og_url":"https:\/\/sklep.edudomo.pl\/en\/sklep\/pismo-klinowe-sumerian-cuneiform-alphabet\/","og_site_name":"sklep EduDoMo","article_modified_time":"2025-11-25T17:12:10+00:00","og_image":[{"width":2554,"height":2560,"url":"https:\/\/sklep.edudomo.pl\/wp-content\/uploads\/2022\/02\/IMG_2326-scaled.jpg","type":"image\/jpeg"}],"twitter_card":"summary_large_image","twitter_misc":{"Estimated reading time":"1 minute"},"schema":{"@context":"https:\/\/schema.org","@graph":[{"@type":"WebPage","@id":"https:\/\/sklep.edudomo.pl\/sklep\/pismo-klinowe-sumerian-cuneiform-alphabet\/","url":"https:\/\/sklep.edudomo.pl\/sklep\/pismo-klinowe-sumerian-cuneiform-alphabet\/","name":"Pismo klinowe. Sumerian Cuneiform Alphabet","isPartOf":{"@id":"https:\/\/sklep.edudomo.pl\/#website"},"primaryImageOfPage":{"@id":"https:\/\/sklep.edudomo.pl\/sklep\/pismo-klinowe-sumerian-cuneiform-alphabet\/#primaryimage"},"image":{"@id":"https:\/\/sklep.edudomo.pl\/sklep\/pismo-klinowe-sumerian-cuneiform-alphabet\/#primaryimage"},"thumbnailUrl":"https:\/\/sklep.edudomo.pl\/wp-content\/uploads\/2022\/02\/IMG_2326-scaled.jpg","datePublished":"2022-02-04T11:38:17+00:00","dateModified":"2025-11-25T17:12:10+00:00","breadcrumb":{"@id":"https:\/\/sklep.edudomo.pl\/sklep\/pismo-klinowe-sumerian-cuneiform-alphabet\/#breadcrumb"},"inLanguage":"en-GB","potentialAction":[{"@type":"ReadAction","target":["https:\/\/sklep.edudomo.pl\/sklep\/pismo-klinowe-sumerian-cuneiform-alphabet\/"]}]},{"@type":"ImageObject","inLanguage":"en-GB","@id":"https:\/\/sklep.edudomo.pl\/sklep\/pismo-klinowe-sumerian-cuneiform-alphabet\/#primaryimage","url":"https:\/\/sklep.edudomo.pl\/wp-content\/uploads\/2022\/02\/IMG_2326-scaled.jpg","contentUrl":"https:\/\/sklep.edudomo.pl\/wp-content\/uploads\/2022\/02\/IMG_2326-scaled.jpg","width":2554,"height":2560,"caption":"Pismo klinowe EduDoMo"},{"@type":"BreadcrumbList","@id":"https:\/\/sklep.edudomo.pl\/sklep\/pismo-klinowe-sumerian-cuneiform-alphabet\/#breadcrumb","itemListElement":[{"@type":"ListItem","position":1,"name":"Strona g\u0142\u00f3wna","item":"https:\/\/sklep.edudomo.pl\/"},{"@type":"ListItem","position":2,"name":"Sklep","item":"https:\/\/sklep.edudomo.pl\/"},{"@type":"ListItem","position":3,"name":"Pismo klinowe. Sumerian Cuneiform Alphabet"}]},{"@type":"WebSite","@id":"https:\/\/sklep.edudomo.pl\/#website","url":"https:\/\/sklep.edudomo.pl\/","name":"sklep EduDoMo","description":"Edukacja Domowa. Terapia. Wspieranie Talent&oacute;w","publisher":{"@id":"https:\/\/sklep.edudomo.pl\/#organization"},"potentialAction":[{"@type":"SearchAction","target":{"@type":"EntryPoint","urlTemplate":"https:\/\/sklep.edudomo.pl\/?s={search_term_string}"},"query-input":{"@type":"PropertyValueSpecification","valueRequired":true,"valueName":"search_term_string"}}],"inLanguage":"en-GB"},{"@type":"Organization","@id":"https:\/\/sklep.edudomo.pl\/#organization","name":"EduDoMo","url":"https:\/\/sklep.edudomo.pl\/","logo":{"@type":"ImageObject","inLanguage":"en-GB","@id":"https:\/\/sklep.edudomo.pl\/#\/schema\/logo\/image\/","url":"https:\/\/sklep.edudomo.pl\/wp-content\/uploads\/2019\/11\/cropped-logo-edudomo-sowa.jpg","contentUrl":"https:\/\/sklep.edudomo.pl\/wp-content\/uploads\/2019\/11\/cropped-logo-edudomo-sowa.jpg","width":120,"height":120,"caption":"EduDoMo"},"image":{"@id":"https:\/\/sklep.edudomo.pl\/#\/schema\/logo\/image\/"}}]}},"jetpack_sharing_enabled":true,"_links":{"self":[{"href":"https:\/\/sklep.edudomo.pl\/en\/wp-json\/wp\/v2\/product\/7587","targetHints":{"allow":["GET"]}}],"collection":[{"href":"https:\/\/sklep.edudomo.pl\/en\/wp-json\/wp\/v2\/product"}],"about":[{"href":"https:\/\/sklep.edudomo.pl\/en\/wp-json\/wp\/v2\/types\/product"}],"replies":[{"embeddable":true,"href":"https:\/\/sklep.edudomo.pl\/en\/wp-json\/wp\/v2\/comments?post=7587"}],"wp:featuredmedia":[{"embeddable":true,"href":"https:\/\/sklep.edudomo.pl\/en\/wp-json\/wp\/v2\/media\/7589"}],"wp:attachment":[{"href":"https:\/\/sklep.edudomo.pl\/en\/wp-json\/wp\/v2\/media?parent=7587"}],"wp:term":[{"taxonomy":"product_brand","embeddable":true,"href":"https:\/\/sklep.edudomo.pl\/en\/wp-json\/wp\/v2\/product_brand?post=7587"},{"taxonomy":"product_cat","embeddable":true,"href":"https:\/\/sklep.edudomo.pl\/en\/wp-json\/wp\/v2\/product_cat?post=7587"},{"taxonomy":"product_tag","embeddable":true,"href":"https:\/\/sklep.edudomo.pl\/en\/wp-json\/wp\/v2\/product_tag?post=7587"}],"curies":[{"name":"wp","href":"https:\/\/api.w.org\/{rel}","templated":true}]}}