{"id":7607,"date":"2022-02-06T12:36:47","date_gmt":"2022-02-06T12:36:47","guid":{"rendered":"https:\/\/sklep.edudomo.pl\/?post_type=product&#038;p=7607"},"modified":"2025-11-25T17:11:41","modified_gmt":"2025-11-25T17:11:41","slug":"od-znakow-protosynajskich-przez-pismo-fenickie-do-laciny-2-plansze-z-bloczkami","status":"publish","type":"product","link":"https:\/\/sklep.edudomo.pl\/en\/sklep\/od-znakow-protosynajskich-przez-pismo-fenickie-do-laciny-2-plansze-z-bloczkami\/","title":{"rendered":"Od znak\u00f3w PROTOSYNAJSKICH, przez pismo FENICKIE do \u0141ACiNY. 2 plansze z bloczkami"},"content":{"rendered":"<p>Od znak\u00f3w PROTOSYNAJSKICH, przez pismo FENICKIE &#8211; do \u0141ACiNY. 2 plansze z bloczkami<\/p>\n<p>2 plansze puzzli edukacyjne przedstawiaj\u0105ce tabliczki z p\u0142ytkami:<\/p>\n<p>1plansza:<\/p>\n<p>-znaczki z zapisanymi znakami protosynajskimi<\/p>\n<p>-podk\u0142ad z zapisem fenickim<\/p>\n<p>2plansza :<\/p>\n<p>-znaczki z zapisanymi znakami z \u00a0zapisem fenickim<\/p>\n<p>-podk\u0142ad z zapisem \u0142aci\u0144skim<\/p>\n<p>Zestaw zawiera:<\/p>\n<p>2 plansze o wymiarach 29cm x 29cm<\/p>\n<p>Uwaga:<\/p>\n<p>Istnieje mo\u017cliwo\u015b\u0107 zam\u00f3wienia innego podk\u0142adu<\/p>\n","protected":false},"excerpt":{"rendered":"<p>Od znak\u00f3w PROTOSYNAJSKICH, przez pismo FENICKIE &#8211; do \u0141ACiNY. 2 plansze z bloczkami 2 plansze puzzli edukacyjne przedstawiaj\u0105ce tabliczki z p\u0142ytkami: 1plansza: -znaczki z zapisanymi znakami protosynajskimi -podk\u0142ad z zapisem fenickim 2plansza : -znaczki z zapisanymi znakami z \u00a0zapisem fenickim -podk\u0142ad z zapisem \u0142aci\u0144skim Zestaw zawiera: 2 plansze o wymiarach 29cm x 29cm Uwaga: Istnieje<span class=\"read-more-faq\"><a href=\"https:\/\/sklep.edudomo.pl\/en\/sklep\/od-znakow-protosynajskich-przez-pismo-fenickie-do-laciny-2-plansze-z-bloczkami\/\">Read More<\/a><\/span><\/p>\n","protected":false},"featured_media":7621,"comment_status":"open","ping_status":"closed","template":"","meta":[],"product_brand":[],"product_cat":[84,120,88,86],"product_tag":[],"class_list":{"0":"post-7607","1":"product","2":"type-product","3":"status-publish","4":"has-post-thumbnail","6":"product_cat-edukacja-kosmiczna","7":"product_cat-historia","8":"product_cat-material-jezykowy","9":"product_cat-material-sensoryczny","10":"product_shipping_class-inpost-kurier-a","12":"first","13":"onbackorder","14":"taxable","15":"shipping-taxable","16":"purchasable","17":"product-type-simple"},"yoast_head":"<!-- This site is optimized with the Yoast SEO plugin v26.5 - https:\/\/yoast.com\/wordpress\/plugins\/seo\/ -->\n<title>Od znak\u00f3w PROTOSYNAJSKICH, przez pismo FENICKIE do \u0141ACiNY. 2 plansze z bloczkami<\/title>\n<meta name=\"robots\" content=\"index, follow, max-snippet:-1, max-image-preview:large, max-video-preview:-1\" \/>\n<link rel=\"canonical\" href=\"https:\/\/sklep.edudomo.pl\/en\/sklep\/od-znakow-protosynajskich-przez-pismo-fenickie-do-laciny-2-plansze-z-bloczkami\/\" \/>\n<meta property=\"og:locale\" content=\"en_GB\" \/>\n<meta property=\"og:locale:alternate\" content=\"pl_PL\" \/>\n<meta property=\"og:type\" content=\"article\" \/>\n<meta property=\"og:title\" content=\"Od znak\u00f3w PROTOSYNAJSKICH, przez pismo FENICKIE do \u0141ACiNY. 2 plansze z bloczkami\" \/>\n<meta property=\"og:description\" content=\"Od znak\u00f3w PROTOSYNAJSKICH, przez pismo FENICKIE &#8211; do \u0141ACiNY. 2 plansze z bloczkami 2 plansze puzzli edukacyjne przedstawiaj\u0105ce tabliczki z p\u0142ytkami: 1plansza: -znaczki z zapisanymi znakami protosynajskimi -podk\u0142ad z zapisem fenickim 2plansza : -znaczki z zapisanymi znakami z \u00a0zapisem fenickim -podk\u0142ad z zapisem \u0142aci\u0144skim Zestaw zawiera: 2 plansze o wymiarach 29cm x 29cm Uwaga: IstniejeRead More\" \/>\n<meta property=\"og:url\" content=\"https:\/\/sklep.edudomo.pl\/en\/sklep\/od-znakow-protosynajskich-przez-pismo-fenickie-do-laciny-2-plansze-z-bloczkami\/\" \/>\n<meta property=\"og:site_name\" content=\"sklep EduDoMo\" \/>\n<meta property=\"article:modified_time\" content=\"2025-11-25T17:11:41+00:00\" \/>\n<meta property=\"og:image\" content=\"https:\/\/sklep.edudomo.pl\/wp-content\/uploads\/2022\/02\/IMG_2405.jpg\" \/>\n\t<meta property=\"og:image:width\" content=\"640\" \/>\n\t<meta property=\"og:image:height\" content=\"612\" \/>\n\t<meta property=\"og:image:type\" content=\"image\/jpeg\" \/>\n<meta name=\"twitter:card\" content=\"summary_large_image\" \/>\n<meta name=\"twitter:label1\" content=\"Estimated reading time\" \/>\n\t<meta name=\"twitter:data1\" content=\"1 minute\" \/>\n<script type=\"application\/ld+json\" class=\"yoast-schema-graph\">{\"@context\":\"https:\/\/schema.org\",\"@graph\":[{\"@type\":\"WebPage\",\"@id\":\"https:\/\/sklep.edudomo.pl\/sklep\/od-znakow-protosynajskich-przez-pismo-fenickie-do-laciny-2-plansze-z-bloczkami\/\",\"url\":\"https:\/\/sklep.edudomo.pl\/sklep\/od-znakow-protosynajskich-przez-pismo-fenickie-do-laciny-2-plansze-z-bloczkami\/\",\"name\":\"Od znak\u00f3w PROTOSYNAJSKICH, przez pismo FENICKIE do \u0141ACiNY. 2 plansze z bloczkami\",\"isPartOf\":{\"@id\":\"https:\/\/sklep.edudomo.pl\/#website\"},\"primaryImageOfPage\":{\"@id\":\"https:\/\/sklep.edudomo.pl\/sklep\/od-znakow-protosynajskich-przez-pismo-fenickie-do-laciny-2-plansze-z-bloczkami\/#primaryimage\"},\"image\":{\"@id\":\"https:\/\/sklep.edudomo.pl\/sklep\/od-znakow-protosynajskich-przez-pismo-fenickie-do-laciny-2-plansze-z-bloczkami\/#primaryimage\"},\"thumbnailUrl\":\"https:\/\/sklep.edudomo.pl\/wp-content\/uploads\/2022\/02\/IMG_2405.jpg\",\"datePublished\":\"2022-02-06T12:36:47+00:00\",\"dateModified\":\"2025-11-25T17:11:41+00:00\",\"breadcrumb\":{\"@id\":\"https:\/\/sklep.edudomo.pl\/sklep\/od-znakow-protosynajskich-przez-pismo-fenickie-do-laciny-2-plansze-z-bloczkami\/#breadcrumb\"},\"inLanguage\":\"en-GB\",\"potentialAction\":[{\"@type\":\"ReadAction\",\"target\":[\"https:\/\/sklep.edudomo.pl\/sklep\/od-znakow-protosynajskich-przez-pismo-fenickie-do-laciny-2-plansze-z-bloczkami\/\"]}]},{\"@type\":\"ImageObject\",\"inLanguage\":\"en-GB\",\"@id\":\"https:\/\/sklep.edudomo.pl\/sklep\/od-znakow-protosynajskich-przez-pismo-fenickie-do-laciny-2-plansze-z-bloczkami\/#primaryimage\",\"url\":\"https:\/\/sklep.edudomo.pl\/wp-content\/uploads\/2022\/02\/IMG_2405.jpg\",\"contentUrl\":\"https:\/\/sklep.edudomo.pl\/wp-content\/uploads\/2022\/02\/IMG_2405.jpg\",\"width\":640,\"height\":612,\"caption\":\"Ewolucja pisma\"},{\"@type\":\"BreadcrumbList\",\"@id\":\"https:\/\/sklep.edudomo.pl\/sklep\/od-znakow-protosynajskich-przez-pismo-fenickie-do-laciny-2-plansze-z-bloczkami\/#breadcrumb\",\"itemListElement\":[{\"@type\":\"ListItem\",\"position\":1,\"name\":\"Strona g\u0142\u00f3wna\",\"item\":\"https:\/\/sklep.edudomo.pl\/\"},{\"@type\":\"ListItem\",\"position\":2,\"name\":\"Sklep\",\"item\":\"https:\/\/sklep.edudomo.pl\/\"},{\"@type\":\"ListItem\",\"position\":3,\"name\":\"Od znak\u00f3w PROTOSYNAJSKICH, przez pismo FENICKIE do \u0141ACiNY. 2 plansze z bloczkami\"}]},{\"@type\":\"WebSite\",\"@id\":\"https:\/\/sklep.edudomo.pl\/#website\",\"url\":\"https:\/\/sklep.edudomo.pl\/\",\"name\":\"sklep EduDoMo\",\"description\":\"Edukacja Domowa. Terapia. Wspieranie Talent&oacute;w\",\"publisher\":{\"@id\":\"https:\/\/sklep.edudomo.pl\/#organization\"},\"potentialAction\":[{\"@type\":\"SearchAction\",\"target\":{\"@type\":\"EntryPoint\",\"urlTemplate\":\"https:\/\/sklep.edudomo.pl\/?s={search_term_string}\"},\"query-input\":{\"@type\":\"PropertyValueSpecification\",\"valueRequired\":true,\"valueName\":\"search_term_string\"}}],\"inLanguage\":\"en-GB\"},{\"@type\":\"Organization\",\"@id\":\"https:\/\/sklep.edudomo.pl\/#organization\",\"name\":\"EduDoMo\",\"url\":\"https:\/\/sklep.edudomo.pl\/\",\"logo\":{\"@type\":\"ImageObject\",\"inLanguage\":\"en-GB\",\"@id\":\"https:\/\/sklep.edudomo.pl\/#\/schema\/logo\/image\/\",\"url\":\"https:\/\/sklep.edudomo.pl\/wp-content\/uploads\/2019\/11\/cropped-logo-edudomo-sowa.jpg\",\"contentUrl\":\"https:\/\/sklep.edudomo.pl\/wp-content\/uploads\/2019\/11\/cropped-logo-edudomo-sowa.jpg\",\"width\":120,\"height\":120,\"caption\":\"EduDoMo\"},\"image\":{\"@id\":\"https:\/\/sklep.edudomo.pl\/#\/schema\/logo\/image\/\"}}]}<\/script>\n<!-- \/ Yoast SEO plugin. -->","yoast_head_json":{"title":"Od znak\u00f3w PROTOSYNAJSKICH, przez pismo FENICKIE do \u0141ACiNY. 2 plansze z bloczkami","robots":{"index":"index","follow":"follow","max-snippet":"max-snippet:-1","max-image-preview":"max-image-preview:large","max-video-preview":"max-video-preview:-1"},"canonical":"https:\/\/sklep.edudomo.pl\/en\/sklep\/od-znakow-protosynajskich-przez-pismo-fenickie-do-laciny-2-plansze-z-bloczkami\/","og_locale":"en_GB","og_type":"article","og_title":"[:pl]Od znak\u00f3w PROTOSYNAJSKICH, przez pismo FENICKIE do \u0141ACiNY. 2 plansze z bloczkami[:] - sklep EduDoMo","og_description":"Od znak\u00f3w PROTOSYNAJSKICH, przez pismo FENICKIE &#8211; do \u0141ACiNY. 2 plansze z bloczkami 2 plansze puzzli edukacyjne przedstawiaj\u0105ce tabliczki z p\u0142ytkami: 1plansza: -znaczki z zapisanymi znakami protosynajskimi -podk\u0142ad z zapisem fenickim 2plansza : -znaczki z zapisanymi znakami z \u00a0zapisem fenickim -podk\u0142ad z zapisem \u0142aci\u0144skim Zestaw zawiera: 2 plansze o wymiarach 29cm x 29cm Uwaga: IstniejeRead More","og_url":"https:\/\/sklep.edudomo.pl\/en\/sklep\/od-znakow-protosynajskich-przez-pismo-fenickie-do-laciny-2-plansze-z-bloczkami\/","og_site_name":"sklep EduDoMo","article_modified_time":"2025-11-25T17:11:41+00:00","og_image":[{"width":640,"height":612,"url":"https:\/\/sklep.edudomo.pl\/wp-content\/uploads\/2022\/02\/IMG_2405.jpg","type":"image\/jpeg"}],"twitter_card":"summary_large_image","twitter_misc":{"Estimated reading time":"1 minute"},"schema":{"@context":"https:\/\/schema.org","@graph":[{"@type":"WebPage","@id":"https:\/\/sklep.edudomo.pl\/sklep\/od-znakow-protosynajskich-przez-pismo-fenickie-do-laciny-2-plansze-z-bloczkami\/","url":"https:\/\/sklep.edudomo.pl\/sklep\/od-znakow-protosynajskich-przez-pismo-fenickie-do-laciny-2-plansze-z-bloczkami\/","name":"Od znak\u00f3w PROTOSYNAJSKICH, przez pismo FENICKIE do \u0141ACiNY. 2 plansze z bloczkami","isPartOf":{"@id":"https:\/\/sklep.edudomo.pl\/#website"},"primaryImageOfPage":{"@id":"https:\/\/sklep.edudomo.pl\/sklep\/od-znakow-protosynajskich-przez-pismo-fenickie-do-laciny-2-plansze-z-bloczkami\/#primaryimage"},"image":{"@id":"https:\/\/sklep.edudomo.pl\/sklep\/od-znakow-protosynajskich-przez-pismo-fenickie-do-laciny-2-plansze-z-bloczkami\/#primaryimage"},"thumbnailUrl":"https:\/\/sklep.edudomo.pl\/wp-content\/uploads\/2022\/02\/IMG_2405.jpg","datePublished":"2022-02-06T12:36:47+00:00","dateModified":"2025-11-25T17:11:41+00:00","breadcrumb":{"@id":"https:\/\/sklep.edudomo.pl\/sklep\/od-znakow-protosynajskich-przez-pismo-fenickie-do-laciny-2-plansze-z-bloczkami\/#breadcrumb"},"inLanguage":"en-GB","potentialAction":[{"@type":"ReadAction","target":["https:\/\/sklep.edudomo.pl\/sklep\/od-znakow-protosynajskich-przez-pismo-fenickie-do-laciny-2-plansze-z-bloczkami\/"]}]},{"@type":"ImageObject","inLanguage":"en-GB","@id":"https:\/\/sklep.edudomo.pl\/sklep\/od-znakow-protosynajskich-przez-pismo-fenickie-do-laciny-2-plansze-z-bloczkami\/#primaryimage","url":"https:\/\/sklep.edudomo.pl\/wp-content\/uploads\/2022\/02\/IMG_2405.jpg","contentUrl":"https:\/\/sklep.edudomo.pl\/wp-content\/uploads\/2022\/02\/IMG_2405.jpg","width":640,"height":612,"caption":"Ewolucja pisma"},{"@type":"BreadcrumbList","@id":"https:\/\/sklep.edudomo.pl\/sklep\/od-znakow-protosynajskich-przez-pismo-fenickie-do-laciny-2-plansze-z-bloczkami\/#breadcrumb","itemListElement":[{"@type":"ListItem","position":1,"name":"Strona g\u0142\u00f3wna","item":"https:\/\/sklep.edudomo.pl\/"},{"@type":"ListItem","position":2,"name":"Sklep","item":"https:\/\/sklep.edudomo.pl\/"},{"@type":"ListItem","position":3,"name":"Od znak\u00f3w PROTOSYNAJSKICH, przez pismo FENICKIE do \u0141ACiNY. 2 plansze z bloczkami"}]},{"@type":"WebSite","@id":"https:\/\/sklep.edudomo.pl\/#website","url":"https:\/\/sklep.edudomo.pl\/","name":"sklep EduDoMo","description":"Edukacja Domowa. Terapia. Wspieranie Talent&oacute;w","publisher":{"@id":"https:\/\/sklep.edudomo.pl\/#organization"},"potentialAction":[{"@type":"SearchAction","target":{"@type":"EntryPoint","urlTemplate":"https:\/\/sklep.edudomo.pl\/?s={search_term_string}"},"query-input":{"@type":"PropertyValueSpecification","valueRequired":true,"valueName":"search_term_string"}}],"inLanguage":"en-GB"},{"@type":"Organization","@id":"https:\/\/sklep.edudomo.pl\/#organization","name":"EduDoMo","url":"https:\/\/sklep.edudomo.pl\/","logo":{"@type":"ImageObject","inLanguage":"en-GB","@id":"https:\/\/sklep.edudomo.pl\/#\/schema\/logo\/image\/","url":"https:\/\/sklep.edudomo.pl\/wp-content\/uploads\/2019\/11\/cropped-logo-edudomo-sowa.jpg","contentUrl":"https:\/\/sklep.edudomo.pl\/wp-content\/uploads\/2019\/11\/cropped-logo-edudomo-sowa.jpg","width":120,"height":120,"caption":"EduDoMo"},"image":{"@id":"https:\/\/sklep.edudomo.pl\/#\/schema\/logo\/image\/"}}]}},"jetpack_sharing_enabled":true,"_links":{"self":[{"href":"https:\/\/sklep.edudomo.pl\/en\/wp-json\/wp\/v2\/product\/7607","targetHints":{"allow":["GET"]}}],"collection":[{"href":"https:\/\/sklep.edudomo.pl\/en\/wp-json\/wp\/v2\/product"}],"about":[{"href":"https:\/\/sklep.edudomo.pl\/en\/wp-json\/wp\/v2\/types\/product"}],"replies":[{"embeddable":true,"href":"https:\/\/sklep.edudomo.pl\/en\/wp-json\/wp\/v2\/comments?post=7607"}],"wp:featuredmedia":[{"embeddable":true,"href":"https:\/\/sklep.edudomo.pl\/en\/wp-json\/wp\/v2\/media\/7621"}],"wp:attachment":[{"href":"https:\/\/sklep.edudomo.pl\/en\/wp-json\/wp\/v2\/media?parent=7607"}],"wp:term":[{"taxonomy":"product_brand","embeddable":true,"href":"https:\/\/sklep.edudomo.pl\/en\/wp-json\/wp\/v2\/product_brand?post=7607"},{"taxonomy":"product_cat","embeddable":true,"href":"https:\/\/sklep.edudomo.pl\/en\/wp-json\/wp\/v2\/product_cat?post=7607"},{"taxonomy":"product_tag","embeddable":true,"href":"https:\/\/sklep.edudomo.pl\/en\/wp-json\/wp\/v2\/product_tag?post=7607"}],"curies":[{"name":"wp","href":"https:\/\/api.w.org\/{rel}","templated":true}]}}