{"id":7658,"date":"2022-02-15T19:17:49","date_gmt":"2022-02-15T19:17:49","guid":{"rendered":"https:\/\/sklep.edudomo.pl\/?post_type=product&#038;p=7658"},"modified":"2025-11-25T17:11:24","modified_gmt":"2025-11-25T17:11:24","slug":"babilonska-mapa-swiata-puzzle-edukacyjne-edudomo","status":"publish","type":"product","link":"https:\/\/sklep.edudomo.pl\/en\/sklep\/babilonska-mapa-swiata-puzzle-edukacyjne-edudomo\/","title":{"rendered":"Babilo\u0144ska Mapa \u015awiata. Puzzle edukacyjne EduDoMo"},"content":{"rendered":"<p>Babilo\u0144ska Mapa \u015awiata. Puzzle edukacyjne EduDoMo<\/p>\n<p>Po ods\u0142oni\u0119ciu tabliczek uka\u017ce si\u0119 nam podzia\u0142 i numeracja wyznaczonych miejsc na mapie<\/p>\n<p>Do pomocy do\u0142\u0105czona jest przyk\u0142adowa legenda z t\u0142umaczeniem ponumerowanych miejsc.<\/p>\n<p>&nbsp;<\/p>\n<p>Plansza o wymiarach 29cm x 29cm<\/p>\n","protected":false},"excerpt":{"rendered":"<p>Babilo\u0144ska Mapa \u015awiata. Puzzle edukacyjne EduDoMo Po ods\u0142oni\u0119ciu tabliczek uka\u017ce si\u0119 nam podzia\u0142 i numeracja wyznaczonych miejsc na mapie Do pomocy do\u0142\u0105czona jest przyk\u0142adowa legenda z t\u0142umaczeniem ponumerowanych miejsc. &nbsp; Plansza o wymiarach 29cm x 29cm<\/p>\n","protected":false},"featured_media":7661,"comment_status":"open","ping_status":"closed","template":"","meta":[],"product_brand":[],"product_cat":[84,120,88,86],"product_tag":[],"class_list":{"0":"post-7658","1":"product","2":"type-product","3":"status-publish","4":"has-post-thumbnail","6":"product_cat-edukacja-kosmiczna","7":"product_cat-historia","8":"product_cat-material-jezykowy","9":"product_cat-material-sensoryczny","10":"product_shipping_class-inpost-kurier-a","12":"first","13":"onbackorder","14":"taxable","15":"shipping-taxable","16":"purchasable","17":"product-type-simple"},"yoast_head":"<!-- This site is optimized with the Yoast SEO plugin v26.5 - https:\/\/yoast.com\/wordpress\/plugins\/seo\/ -->\n<title>Babilo\u0144ska Mapa \u015awiata. Puzzle edukacyjne EduDoMo<\/title>\n<meta name=\"description\" content=\"Babilo\u0144ska Mapa \u015awiata. Puzzle edukacyjne EduDoMoPo ods\u0142oni\u0119ciu tabliczek uka\u017ce si\u0119 nam podzia\u0142 i numeracja wyznaczonych miejsc na mapie. Do pomocy do\u0142\u0105czona jest przyk\u0142adowa legenda z t\u0142umaczeniem ponumerowanych miejsc.\u00a0Plansza o wymiarach 29cm x 29cm\" \/>\n<meta name=\"robots\" content=\"index, follow, max-snippet:-1, max-image-preview:large, max-video-preview:-1\" \/>\n<link rel=\"canonical\" href=\"https:\/\/sklep.edudomo.pl\/en\/sklep\/babilonska-mapa-swiata-puzzle-edukacyjne-edudomo\/\" \/>\n<meta property=\"og:locale\" content=\"en_GB\" \/>\n<meta property=\"og:locale:alternate\" content=\"pl_PL\" \/>\n<meta property=\"og:type\" content=\"article\" \/>\n<meta property=\"og:title\" content=\"Babilo\u0144ska Mapa \u015awiata. Puzzle edukacyjne EduDoMo\" \/>\n<meta property=\"og:description\" content=\"Babilo\u0144ska Mapa \u015awiata. Puzzle edukacyjne EduDoMoPo ods\u0142oni\u0119ciu tabliczek uka\u017ce si\u0119 nam podzia\u0142 i numeracja wyznaczonych miejsc na mapie. Do pomocy do\u0142\u0105czona jest przyk\u0142adowa legenda z t\u0142umaczeniem ponumerowanych miejsc.\u00a0Plansza o wymiarach 29cm x 29cm\" \/>\n<meta property=\"og:url\" content=\"https:\/\/sklep.edudomo.pl\/en\/sklep\/babilonska-mapa-swiata-puzzle-edukacyjne-edudomo\/\" \/>\n<meta property=\"og:site_name\" content=\"sklep EduDoMo\" \/>\n<meta property=\"article:modified_time\" content=\"2025-11-25T17:11:24+00:00\" \/>\n<meta property=\"og:image\" content=\"https:\/\/sklep.edudomo.pl\/wp-content\/uploads\/2022\/02\/edu.jpg\" \/>\n\t<meta property=\"og:image:width\" content=\"628\" \/>\n\t<meta property=\"og:image:height\" content=\"640\" \/>\n\t<meta property=\"og:image:type\" content=\"image\/jpeg\" \/>\n<meta name=\"twitter:card\" content=\"summary_large_image\" \/>\n<meta name=\"twitter:label1\" content=\"Estimated reading time\" \/>\n\t<meta name=\"twitter:data1\" content=\"1 minute\" \/>\n<script type=\"application\/ld+json\" class=\"yoast-schema-graph\">{\"@context\":\"https:\/\/schema.org\",\"@graph\":[{\"@type\":\"WebPage\",\"@id\":\"https:\/\/sklep.edudomo.pl\/sklep\/babilonska-mapa-swiata-puzzle-edukacyjne-edudomo\/\",\"url\":\"https:\/\/sklep.edudomo.pl\/sklep\/babilonska-mapa-swiata-puzzle-edukacyjne-edudomo\/\",\"name\":\"Babilo\u0144ska Mapa \u015awiata. Puzzle edukacyjne EduDoMo\",\"isPartOf\":{\"@id\":\"https:\/\/sklep.edudomo.pl\/#website\"},\"primaryImageOfPage\":{\"@id\":\"https:\/\/sklep.edudomo.pl\/sklep\/babilonska-mapa-swiata-puzzle-edukacyjne-edudomo\/#primaryimage\"},\"image\":{\"@id\":\"https:\/\/sklep.edudomo.pl\/sklep\/babilonska-mapa-swiata-puzzle-edukacyjne-edudomo\/#primaryimage\"},\"thumbnailUrl\":\"https:\/\/sklep.edudomo.pl\/wp-content\/uploads\/2022\/02\/edu.jpg\",\"datePublished\":\"2022-02-15T19:17:49+00:00\",\"dateModified\":\"2025-11-25T17:11:24+00:00\",\"description\":\"Babilo\u0144ska Mapa \u015awiata. Puzzle edukacyjne EduDoMoPo ods\u0142oni\u0119ciu tabliczek uka\u017ce si\u0119 nam podzia\u0142 i numeracja wyznaczonych miejsc na mapie. Do pomocy do\u0142\u0105czona jest przyk\u0142adowa legenda z t\u0142umaczeniem ponumerowanych miejsc.\u00a0Plansza o wymiarach 29cm x 29cm\",\"breadcrumb\":{\"@id\":\"https:\/\/sklep.edudomo.pl\/sklep\/babilonska-mapa-swiata-puzzle-edukacyjne-edudomo\/#breadcrumb\"},\"inLanguage\":\"en-GB\",\"potentialAction\":[{\"@type\":\"ReadAction\",\"target\":[\"https:\/\/sklep.edudomo.pl\/sklep\/babilonska-mapa-swiata-puzzle-edukacyjne-edudomo\/\"]}]},{\"@type\":\"ImageObject\",\"inLanguage\":\"en-GB\",\"@id\":\"https:\/\/sklep.edudomo.pl\/sklep\/babilonska-mapa-swiata-puzzle-edukacyjne-edudomo\/#primaryimage\",\"url\":\"https:\/\/sklep.edudomo.pl\/wp-content\/uploads\/2022\/02\/edu.jpg\",\"contentUrl\":\"https:\/\/sklep.edudomo.pl\/wp-content\/uploads\/2022\/02\/edu.jpg\",\"width\":628,\"height\":640,\"caption\":\"Babilo\u0144ska mapa \u015bwiata\"},{\"@type\":\"BreadcrumbList\",\"@id\":\"https:\/\/sklep.edudomo.pl\/sklep\/babilonska-mapa-swiata-puzzle-edukacyjne-edudomo\/#breadcrumb\",\"itemListElement\":[{\"@type\":\"ListItem\",\"position\":1,\"name\":\"Strona g\u0142\u00f3wna\",\"item\":\"https:\/\/sklep.edudomo.pl\/\"},{\"@type\":\"ListItem\",\"position\":2,\"name\":\"Sklep\",\"item\":\"https:\/\/sklep.edudomo.pl\/\"},{\"@type\":\"ListItem\",\"position\":3,\"name\":\"Babilo\u0144ska Mapa \u015awiata. Puzzle edukacyjne EduDoMo\"}]},{\"@type\":\"WebSite\",\"@id\":\"https:\/\/sklep.edudomo.pl\/#website\",\"url\":\"https:\/\/sklep.edudomo.pl\/\",\"name\":\"sklep EduDoMo\",\"description\":\"Edukacja Domowa. Terapia. Wspieranie Talent&oacute;w\",\"publisher\":{\"@id\":\"https:\/\/sklep.edudomo.pl\/#organization\"},\"potentialAction\":[{\"@type\":\"SearchAction\",\"target\":{\"@type\":\"EntryPoint\",\"urlTemplate\":\"https:\/\/sklep.edudomo.pl\/?s={search_term_string}\"},\"query-input\":{\"@type\":\"PropertyValueSpecification\",\"valueRequired\":true,\"valueName\":\"search_term_string\"}}],\"inLanguage\":\"en-GB\"},{\"@type\":\"Organization\",\"@id\":\"https:\/\/sklep.edudomo.pl\/#organization\",\"name\":\"EduDoMo\",\"url\":\"https:\/\/sklep.edudomo.pl\/\",\"logo\":{\"@type\":\"ImageObject\",\"inLanguage\":\"en-GB\",\"@id\":\"https:\/\/sklep.edudomo.pl\/#\/schema\/logo\/image\/\",\"url\":\"https:\/\/sklep.edudomo.pl\/wp-content\/uploads\/2019\/11\/cropped-logo-edudomo-sowa.jpg\",\"contentUrl\":\"https:\/\/sklep.edudomo.pl\/wp-content\/uploads\/2019\/11\/cropped-logo-edudomo-sowa.jpg\",\"width\":120,\"height\":120,\"caption\":\"EduDoMo\"},\"image\":{\"@id\":\"https:\/\/sklep.edudomo.pl\/#\/schema\/logo\/image\/\"}}]}<\/script>\n<!-- \/ Yoast SEO plugin. -->","yoast_head_json":{"title":"Babilo\u0144ska Mapa \u015awiata. Puzzle edukacyjne EduDoMo","description":"Babilo\u0144ska Mapa \u015awiata. Puzzle edukacyjne EduDoMoPo ods\u0142oni\u0119ciu tabliczek uka\u017ce si\u0119 nam podzia\u0142 i numeracja wyznaczonych miejsc na mapie. Do pomocy do\u0142\u0105czona jest przyk\u0142adowa legenda z t\u0142umaczeniem ponumerowanych miejsc.\u00a0Plansza o wymiarach 29cm x 29cm","robots":{"index":"index","follow":"follow","max-snippet":"max-snippet:-1","max-image-preview":"max-image-preview:large","max-video-preview":"max-video-preview:-1"},"canonical":"https:\/\/sklep.edudomo.pl\/en\/sklep\/babilonska-mapa-swiata-puzzle-edukacyjne-edudomo\/","og_locale":"en_GB","og_type":"article","og_title":"[:pl]Babilo\u0144ska Mapa \u015awiata. Puzzle edukacyjne EduDoMo[:] - sklep EduDoMo","og_description":"Babilo\u0144ska Mapa \u015awiata. Puzzle edukacyjne EduDoMoPo ods\u0142oni\u0119ciu tabliczek uka\u017ce si\u0119 nam podzia\u0142 i numeracja wyznaczonych miejsc na mapie. Do pomocy do\u0142\u0105czona jest przyk\u0142adowa legenda z t\u0142umaczeniem ponumerowanych miejsc.\u00a0Plansza o wymiarach 29cm x 29cm","og_url":"https:\/\/sklep.edudomo.pl\/en\/sklep\/babilonska-mapa-swiata-puzzle-edukacyjne-edudomo\/","og_site_name":"sklep EduDoMo","article_modified_time":"2025-11-25T17:11:24+00:00","og_image":[{"width":628,"height":640,"url":"https:\/\/sklep.edudomo.pl\/wp-content\/uploads\/2022\/02\/edu.jpg","type":"image\/jpeg"}],"twitter_card":"summary_large_image","twitter_misc":{"Estimated reading time":"1 minute"},"schema":{"@context":"https:\/\/schema.org","@graph":[{"@type":"WebPage","@id":"https:\/\/sklep.edudomo.pl\/sklep\/babilonska-mapa-swiata-puzzle-edukacyjne-edudomo\/","url":"https:\/\/sklep.edudomo.pl\/sklep\/babilonska-mapa-swiata-puzzle-edukacyjne-edudomo\/","name":"Babilo\u0144ska Mapa \u015awiata. Puzzle edukacyjne EduDoMo","isPartOf":{"@id":"https:\/\/sklep.edudomo.pl\/#website"},"primaryImageOfPage":{"@id":"https:\/\/sklep.edudomo.pl\/sklep\/babilonska-mapa-swiata-puzzle-edukacyjne-edudomo\/#primaryimage"},"image":{"@id":"https:\/\/sklep.edudomo.pl\/sklep\/babilonska-mapa-swiata-puzzle-edukacyjne-edudomo\/#primaryimage"},"thumbnailUrl":"https:\/\/sklep.edudomo.pl\/wp-content\/uploads\/2022\/02\/edu.jpg","datePublished":"2022-02-15T19:17:49+00:00","dateModified":"2025-11-25T17:11:24+00:00","description":"Babilo\u0144ska Mapa \u015awiata. Puzzle edukacyjne EduDoMoPo ods\u0142oni\u0119ciu tabliczek uka\u017ce si\u0119 nam podzia\u0142 i numeracja wyznaczonych miejsc na mapie. Do pomocy do\u0142\u0105czona jest przyk\u0142adowa legenda z t\u0142umaczeniem ponumerowanych miejsc.\u00a0Plansza o wymiarach 29cm x 29cm","breadcrumb":{"@id":"https:\/\/sklep.edudomo.pl\/sklep\/babilonska-mapa-swiata-puzzle-edukacyjne-edudomo\/#breadcrumb"},"inLanguage":"en-GB","potentialAction":[{"@type":"ReadAction","target":["https:\/\/sklep.edudomo.pl\/sklep\/babilonska-mapa-swiata-puzzle-edukacyjne-edudomo\/"]}]},{"@type":"ImageObject","inLanguage":"en-GB","@id":"https:\/\/sklep.edudomo.pl\/sklep\/babilonska-mapa-swiata-puzzle-edukacyjne-edudomo\/#primaryimage","url":"https:\/\/sklep.edudomo.pl\/wp-content\/uploads\/2022\/02\/edu.jpg","contentUrl":"https:\/\/sklep.edudomo.pl\/wp-content\/uploads\/2022\/02\/edu.jpg","width":628,"height":640,"caption":"Babilo\u0144ska mapa \u015bwiata"},{"@type":"BreadcrumbList","@id":"https:\/\/sklep.edudomo.pl\/sklep\/babilonska-mapa-swiata-puzzle-edukacyjne-edudomo\/#breadcrumb","itemListElement":[{"@type":"ListItem","position":1,"name":"Strona g\u0142\u00f3wna","item":"https:\/\/sklep.edudomo.pl\/"},{"@type":"ListItem","position":2,"name":"Sklep","item":"https:\/\/sklep.edudomo.pl\/"},{"@type":"ListItem","position":3,"name":"Babilo\u0144ska Mapa \u015awiata. Puzzle edukacyjne EduDoMo"}]},{"@type":"WebSite","@id":"https:\/\/sklep.edudomo.pl\/#website","url":"https:\/\/sklep.edudomo.pl\/","name":"sklep EduDoMo","description":"Edukacja Domowa. Terapia. Wspieranie Talent&oacute;w","publisher":{"@id":"https:\/\/sklep.edudomo.pl\/#organization"},"potentialAction":[{"@type":"SearchAction","target":{"@type":"EntryPoint","urlTemplate":"https:\/\/sklep.edudomo.pl\/?s={search_term_string}"},"query-input":{"@type":"PropertyValueSpecification","valueRequired":true,"valueName":"search_term_string"}}],"inLanguage":"en-GB"},{"@type":"Organization","@id":"https:\/\/sklep.edudomo.pl\/#organization","name":"EduDoMo","url":"https:\/\/sklep.edudomo.pl\/","logo":{"@type":"ImageObject","inLanguage":"en-GB","@id":"https:\/\/sklep.edudomo.pl\/#\/schema\/logo\/image\/","url":"https:\/\/sklep.edudomo.pl\/wp-content\/uploads\/2019\/11\/cropped-logo-edudomo-sowa.jpg","contentUrl":"https:\/\/sklep.edudomo.pl\/wp-content\/uploads\/2019\/11\/cropped-logo-edudomo-sowa.jpg","width":120,"height":120,"caption":"EduDoMo"},"image":{"@id":"https:\/\/sklep.edudomo.pl\/#\/schema\/logo\/image\/"}}]}},"jetpack_sharing_enabled":true,"_links":{"self":[{"href":"https:\/\/sklep.edudomo.pl\/en\/wp-json\/wp\/v2\/product\/7658","targetHints":{"allow":["GET"]}}],"collection":[{"href":"https:\/\/sklep.edudomo.pl\/en\/wp-json\/wp\/v2\/product"}],"about":[{"href":"https:\/\/sklep.edudomo.pl\/en\/wp-json\/wp\/v2\/types\/product"}],"replies":[{"embeddable":true,"href":"https:\/\/sklep.edudomo.pl\/en\/wp-json\/wp\/v2\/comments?post=7658"}],"wp:featuredmedia":[{"embeddable":true,"href":"https:\/\/sklep.edudomo.pl\/en\/wp-json\/wp\/v2\/media\/7661"}],"wp:attachment":[{"href":"https:\/\/sklep.edudomo.pl\/en\/wp-json\/wp\/v2\/media?parent=7658"}],"wp:term":[{"taxonomy":"product_brand","embeddable":true,"href":"https:\/\/sklep.edudomo.pl\/en\/wp-json\/wp\/v2\/product_brand?post=7658"},{"taxonomy":"product_cat","embeddable":true,"href":"https:\/\/sklep.edudomo.pl\/en\/wp-json\/wp\/v2\/product_cat?post=7658"},{"taxonomy":"product_tag","embeddable":true,"href":"https:\/\/sklep.edudomo.pl\/en\/wp-json\/wp\/v2\/product_tag?post=7658"}],"curies":[{"name":"wp","href":"https:\/\/api.w.org\/{rel}","templated":true}]}}