{"id":7791,"date":"2022-02-25T11:05:17","date_gmt":"2022-02-25T11:05:17","guid":{"rendered":"https:\/\/sklep.edudomo.pl\/?post_type=product&#038;p=7791"},"modified":"2025-11-25T17:10:38","modified_gmt":"2025-11-25T17:10:38","slug":"7791","status":"publish","type":"product","link":"https:\/\/sklep.edudomo.pl\/en\/sklep\/7791\/","title":{"rendered":"PRZYMIOTNIK. -pytania"},"content":{"rendered":"<p>PRZYMIOTNIK<\/p>\n<p>Uk\u0142adanka o wymiarach 20cmx20cm, kt\u00f3ra przedstawia tr\u00f3jk\u0105t r\u00f3wnoboczny z wype\u0142nionymi ma\u0142ymi niebieskimi tr\u00f3jk\u0105tami z zapisanymi pytaniami na kt\u00f3re odpowiada ta cze\u015b\u0107 mowy.<\/p>\n<p>-pomoc s\u0142u\u017cy jako wprowadzenie tej cz\u0119\u015bci mowy poprzez utrwalenie wizualne oraz odpowiadanie na podane pytania<\/p>\n<p>&nbsp;<\/p>\n","protected":false},"excerpt":{"rendered":"<p>PRZYMIOTNIK Uk\u0142adanka o wymiarach 20cmx20cm, kt\u00f3ra przedstawia tr\u00f3jk\u0105t r\u00f3wnoboczny z wype\u0142nionymi ma\u0142ymi niebieskimi tr\u00f3jk\u0105tami z zapisanymi pytaniami na kt\u00f3re odpowiada ta cze\u015b\u0107 mowy. -pomoc s\u0142u\u017cy jako wprowadzenie tej cz\u0119\u015bci mowy poprzez utrwalenie wizualne oraz odpowiadanie na podane pytania &nbsp;<\/p>\n","protected":false},"featured_media":10848,"comment_status":"open","ping_status":"closed","template":"","meta":[],"product_brand":[],"product_cat":[136,88],"product_tag":[],"class_list":{"0":"post-7791","1":"product","2":"type-product","3":"status-publish","4":"has-post-thumbnail","6":"product_cat-logopedia","7":"product_cat-material-jezykowy","8":"product_shipping_class-inpost-kurier-a","10":"first","11":"onbackorder","12":"taxable","13":"shipping-taxable","14":"purchasable","15":"product-type-simple"},"yoast_head":"<!-- This site is optimized with the Yoast SEO plugin v26.5 - https:\/\/yoast.com\/wordpress\/plugins\/seo\/ -->\n<title>PRZYMIOTNIK. -pytania<\/title>\n<meta name=\"robots\" content=\"index, follow, max-snippet:-1, max-image-preview:large, max-video-preview:-1\" \/>\n<link rel=\"canonical\" href=\"https:\/\/sklep.edudomo.pl\/en\/sklep\/7791\/\" \/>\n<meta property=\"og:locale\" content=\"en_GB\" \/>\n<meta property=\"og:locale:alternate\" content=\"pl_PL\" \/>\n<meta property=\"og:type\" content=\"article\" \/>\n<meta property=\"og:title\" content=\"PRZYMIOTNIK. -pytania\" \/>\n<meta property=\"og:description\" content=\"PRZYMIOTNIK Uk\u0142adanka o wymiarach 20cmx20cm, kt\u00f3ra przedstawia tr\u00f3jk\u0105t r\u00f3wnoboczny z wype\u0142nionymi ma\u0142ymi niebieskimi tr\u00f3jk\u0105tami z zapisanymi pytaniami na kt\u00f3re odpowiada ta cze\u015b\u0107 mowy. -pomoc s\u0142u\u017cy jako wprowadzenie tej cz\u0119\u015bci mowy poprzez utrwalenie wizualne oraz odpowiadanie na podane pytania &nbsp;\" \/>\n<meta property=\"og:url\" content=\"https:\/\/sklep.edudomo.pl\/en\/sklep\/7791\/\" \/>\n<meta property=\"og:site_name\" content=\"sklep EduDoMo\" \/>\n<meta property=\"article:modified_time\" content=\"2025-11-25T17:10:38+00:00\" \/>\n<meta property=\"og:image\" content=\"https:\/\/sklep.edudomo.pl\/wp-content\/uploads\/2022\/02\/IMG_6461.jpg\" \/>\n\t<meta property=\"og:image:width\" content=\"640\" \/>\n\t<meta property=\"og:image:height\" content=\"627\" \/>\n\t<meta property=\"og:image:type\" content=\"image\/jpeg\" \/>\n<meta name=\"twitter:card\" content=\"summary_large_image\" \/>\n<meta name=\"twitter:label1\" content=\"Estimated reading time\" \/>\n\t<meta name=\"twitter:data1\" content=\"1 minute\" \/>\n<script type=\"application\/ld+json\" class=\"yoast-schema-graph\">{\"@context\":\"https:\/\/schema.org\",\"@graph\":[{\"@type\":\"WebPage\",\"@id\":\"https:\/\/sklep.edudomo.pl\/sklep\/7791\/\",\"url\":\"https:\/\/sklep.edudomo.pl\/sklep\/7791\/\",\"name\":\"PRZYMIOTNIK. -pytania\",\"isPartOf\":{\"@id\":\"https:\/\/sklep.edudomo.pl\/#website\"},\"primaryImageOfPage\":{\"@id\":\"https:\/\/sklep.edudomo.pl\/sklep\/7791\/#primaryimage\"},\"image\":{\"@id\":\"https:\/\/sklep.edudomo.pl\/sklep\/7791\/#primaryimage\"},\"thumbnailUrl\":\"https:\/\/sklep.edudomo.pl\/wp-content\/uploads\/2022\/02\/IMG_6461.jpg\",\"datePublished\":\"2022-02-25T11:05:17+00:00\",\"dateModified\":\"2025-11-25T17:10:38+00:00\",\"breadcrumb\":{\"@id\":\"https:\/\/sklep.edudomo.pl\/sklep\/7791\/#breadcrumb\"},\"inLanguage\":\"en-GB\",\"potentialAction\":[{\"@type\":\"ReadAction\",\"target\":[\"https:\/\/sklep.edudomo.pl\/sklep\/7791\/\"]}]},{\"@type\":\"ImageObject\",\"inLanguage\":\"en-GB\",\"@id\":\"https:\/\/sklep.edudomo.pl\/sklep\/7791\/#primaryimage\",\"url\":\"https:\/\/sklep.edudomo.pl\/wp-content\/uploads\/2022\/02\/IMG_6461.jpg\",\"contentUrl\":\"https:\/\/sklep.edudomo.pl\/wp-content\/uploads\/2022\/02\/IMG_6461.jpg\",\"width\":640,\"height\":627,\"caption\":\"przymiotnik\"},{\"@type\":\"BreadcrumbList\",\"@id\":\"https:\/\/sklep.edudomo.pl\/sklep\/7791\/#breadcrumb\",\"itemListElement\":[{\"@type\":\"ListItem\",\"position\":1,\"name\":\"Strona g\u0142\u00f3wna\",\"item\":\"https:\/\/sklep.edudomo.pl\/\"},{\"@type\":\"ListItem\",\"position\":2,\"name\":\"Sklep\",\"item\":\"https:\/\/sklep.edudomo.pl\/\"},{\"@type\":\"ListItem\",\"position\":3,\"name\":\"PRZYMIOTNIK. -pytania\"}]},{\"@type\":\"WebSite\",\"@id\":\"https:\/\/sklep.edudomo.pl\/#website\",\"url\":\"https:\/\/sklep.edudomo.pl\/\",\"name\":\"sklep EduDoMo\",\"description\":\"Edukacja Domowa. Terapia. Wspieranie Talent&oacute;w\",\"publisher\":{\"@id\":\"https:\/\/sklep.edudomo.pl\/#organization\"},\"potentialAction\":[{\"@type\":\"SearchAction\",\"target\":{\"@type\":\"EntryPoint\",\"urlTemplate\":\"https:\/\/sklep.edudomo.pl\/?s={search_term_string}\"},\"query-input\":{\"@type\":\"PropertyValueSpecification\",\"valueRequired\":true,\"valueName\":\"search_term_string\"}}],\"inLanguage\":\"en-GB\"},{\"@type\":\"Organization\",\"@id\":\"https:\/\/sklep.edudomo.pl\/#organization\",\"name\":\"EduDoMo\",\"url\":\"https:\/\/sklep.edudomo.pl\/\",\"logo\":{\"@type\":\"ImageObject\",\"inLanguage\":\"en-GB\",\"@id\":\"https:\/\/sklep.edudomo.pl\/#\/schema\/logo\/image\/\",\"url\":\"https:\/\/sklep.edudomo.pl\/wp-content\/uploads\/2019\/11\/cropped-logo-edudomo-sowa.jpg\",\"contentUrl\":\"https:\/\/sklep.edudomo.pl\/wp-content\/uploads\/2019\/11\/cropped-logo-edudomo-sowa.jpg\",\"width\":120,\"height\":120,\"caption\":\"EduDoMo\"},\"image\":{\"@id\":\"https:\/\/sklep.edudomo.pl\/#\/schema\/logo\/image\/\"}}]}<\/script>\n<!-- \/ Yoast SEO plugin. -->","yoast_head_json":{"title":"PRZYMIOTNIK. -pytania","robots":{"index":"index","follow":"follow","max-snippet":"max-snippet:-1","max-image-preview":"max-image-preview:large","max-video-preview":"max-video-preview:-1"},"canonical":"https:\/\/sklep.edudomo.pl\/en\/sklep\/7791\/","og_locale":"en_GB","og_type":"article","og_title":"[:pl]PRZYMIOTNIK. -pytania[:] - sklep EduDoMo","og_description":"PRZYMIOTNIK Uk\u0142adanka o wymiarach 20cmx20cm, kt\u00f3ra przedstawia tr\u00f3jk\u0105t r\u00f3wnoboczny z wype\u0142nionymi ma\u0142ymi niebieskimi tr\u00f3jk\u0105tami z zapisanymi pytaniami na kt\u00f3re odpowiada ta cze\u015b\u0107 mowy. -pomoc s\u0142u\u017cy jako wprowadzenie tej cz\u0119\u015bci mowy poprzez utrwalenie wizualne oraz odpowiadanie na podane pytania &nbsp;","og_url":"https:\/\/sklep.edudomo.pl\/en\/sklep\/7791\/","og_site_name":"sklep EduDoMo","article_modified_time":"2025-11-25T17:10:38+00:00","og_image":[{"width":640,"height":627,"url":"https:\/\/sklep.edudomo.pl\/wp-content\/uploads\/2022\/02\/IMG_6461.jpg","type":"image\/jpeg"}],"twitter_card":"summary_large_image","twitter_misc":{"Estimated reading time":"1 minute"},"schema":{"@context":"https:\/\/schema.org","@graph":[{"@type":"WebPage","@id":"https:\/\/sklep.edudomo.pl\/sklep\/7791\/","url":"https:\/\/sklep.edudomo.pl\/sklep\/7791\/","name":"PRZYMIOTNIK. -pytania","isPartOf":{"@id":"https:\/\/sklep.edudomo.pl\/#website"},"primaryImageOfPage":{"@id":"https:\/\/sklep.edudomo.pl\/sklep\/7791\/#primaryimage"},"image":{"@id":"https:\/\/sklep.edudomo.pl\/sklep\/7791\/#primaryimage"},"thumbnailUrl":"https:\/\/sklep.edudomo.pl\/wp-content\/uploads\/2022\/02\/IMG_6461.jpg","datePublished":"2022-02-25T11:05:17+00:00","dateModified":"2025-11-25T17:10:38+00:00","breadcrumb":{"@id":"https:\/\/sklep.edudomo.pl\/sklep\/7791\/#breadcrumb"},"inLanguage":"en-GB","potentialAction":[{"@type":"ReadAction","target":["https:\/\/sklep.edudomo.pl\/sklep\/7791\/"]}]},{"@type":"ImageObject","inLanguage":"en-GB","@id":"https:\/\/sklep.edudomo.pl\/sklep\/7791\/#primaryimage","url":"https:\/\/sklep.edudomo.pl\/wp-content\/uploads\/2022\/02\/IMG_6461.jpg","contentUrl":"https:\/\/sklep.edudomo.pl\/wp-content\/uploads\/2022\/02\/IMG_6461.jpg","width":640,"height":627,"caption":"przymiotnik"},{"@type":"BreadcrumbList","@id":"https:\/\/sklep.edudomo.pl\/sklep\/7791\/#breadcrumb","itemListElement":[{"@type":"ListItem","position":1,"name":"Strona g\u0142\u00f3wna","item":"https:\/\/sklep.edudomo.pl\/"},{"@type":"ListItem","position":2,"name":"Sklep","item":"https:\/\/sklep.edudomo.pl\/"},{"@type":"ListItem","position":3,"name":"PRZYMIOTNIK. -pytania"}]},{"@type":"WebSite","@id":"https:\/\/sklep.edudomo.pl\/#website","url":"https:\/\/sklep.edudomo.pl\/","name":"sklep EduDoMo","description":"Edukacja Domowa. Terapia. Wspieranie Talent&oacute;w","publisher":{"@id":"https:\/\/sklep.edudomo.pl\/#organization"},"potentialAction":[{"@type":"SearchAction","target":{"@type":"EntryPoint","urlTemplate":"https:\/\/sklep.edudomo.pl\/?s={search_term_string}"},"query-input":{"@type":"PropertyValueSpecification","valueRequired":true,"valueName":"search_term_string"}}],"inLanguage":"en-GB"},{"@type":"Organization","@id":"https:\/\/sklep.edudomo.pl\/#organization","name":"EduDoMo","url":"https:\/\/sklep.edudomo.pl\/","logo":{"@type":"ImageObject","inLanguage":"en-GB","@id":"https:\/\/sklep.edudomo.pl\/#\/schema\/logo\/image\/","url":"https:\/\/sklep.edudomo.pl\/wp-content\/uploads\/2019\/11\/cropped-logo-edudomo-sowa.jpg","contentUrl":"https:\/\/sklep.edudomo.pl\/wp-content\/uploads\/2019\/11\/cropped-logo-edudomo-sowa.jpg","width":120,"height":120,"caption":"EduDoMo"},"image":{"@id":"https:\/\/sklep.edudomo.pl\/#\/schema\/logo\/image\/"}}]}},"jetpack_sharing_enabled":true,"_links":{"self":[{"href":"https:\/\/sklep.edudomo.pl\/en\/wp-json\/wp\/v2\/product\/7791","targetHints":{"allow":["GET"]}}],"collection":[{"href":"https:\/\/sklep.edudomo.pl\/en\/wp-json\/wp\/v2\/product"}],"about":[{"href":"https:\/\/sklep.edudomo.pl\/en\/wp-json\/wp\/v2\/types\/product"}],"replies":[{"embeddable":true,"href":"https:\/\/sklep.edudomo.pl\/en\/wp-json\/wp\/v2\/comments?post=7791"}],"wp:featuredmedia":[{"embeddable":true,"href":"https:\/\/sklep.edudomo.pl\/en\/wp-json\/wp\/v2\/media\/10848"}],"wp:attachment":[{"href":"https:\/\/sklep.edudomo.pl\/en\/wp-json\/wp\/v2\/media?parent=7791"}],"wp:term":[{"taxonomy":"product_brand","embeddable":true,"href":"https:\/\/sklep.edudomo.pl\/en\/wp-json\/wp\/v2\/product_brand?post=7791"},{"taxonomy":"product_cat","embeddable":true,"href":"https:\/\/sklep.edudomo.pl\/en\/wp-json\/wp\/v2\/product_cat?post=7791"},{"taxonomy":"product_tag","embeddable":true,"href":"https:\/\/sklep.edudomo.pl\/en\/wp-json\/wp\/v2\/product_tag?post=7791"}],"curies":[{"name":"wp","href":"https:\/\/api.w.org\/{rel}","templated":true}]}}