{"id":7940,"date":"2022-03-24T11:29:20","date_gmt":"2022-03-24T11:29:20","guid":{"rendered":"https:\/\/sklep.edudomo.pl\/?post_type=product&#038;p=7940"},"modified":"2025-11-25T17:09:51","modified_gmt":"2025-11-25T17:09:51","slug":"przedsprzedazstarozytna-grecja-literatura-teatr-filozofia-i-matematyka","status":"publish","type":"product","link":"https:\/\/sklep.edudomo.pl\/en\/sklep\/przedsprzedazstarozytna-grecja-literatura-teatr-filozofia-i-matematyka\/","title":{"rendered":"Staro\u017cytna Grecja. -literatura, teatr, filozofia i matematyka"},"content":{"rendered":"<p>Staro\u017cytna Grecja. -literatura, teatr, filozofia i matematyka<\/p>\n<p class=\"moz-quote-pre\">Plansza z dziewi\u0119cioma przedstawicielami kultury staro\u017cytnej Grecji z dziedziny literatury, teatru, filozofii oraz matematyki.<\/p>\n<p class=\"moz-quote-pre\">Uk\u0142adanka pomaga przyswoi\u0107 nazwiska s\u0142awnych Grek\u00f3w oraz dziedziny, kt\u00f3rymi si\u0119 zajmowali.<\/p>\n<p>Zestaw zawiera:<\/p>\n<p class=\"moz-quote-pre\">&#8211; 9 kr\u0105\u017ck\u00f3w z wizerunkami na jednej stronie a z podpisami (kto, przedzia\u0142 czasowy lat \u017cycia oraz dziedzina nauki)<\/p>\n<p>&#8211; plansza o wymiarach 29cm \/ 29cm<\/p>\n","protected":false},"excerpt":{"rendered":"<p>Staro\u017cytna Grecja. -literatura, teatr, filozofia i matematyka Plansza z dziewi\u0119cioma przedstawicielami kultury staro\u017cytnej Grecji z dziedziny literatury, teatru, filozofii oraz matematyki. Uk\u0142adanka pomaga przyswoi\u0107 nazwiska s\u0142awnych Grek\u00f3w oraz dziedziny, kt\u00f3rymi si\u0119 zajmowali. Zestaw zawiera: &#8211; 9 kr\u0105\u017ck\u00f3w z wizerunkami na jednej stronie a z podpisami (kto, przedzia\u0142 czasowy lat \u017cycia oraz dziedzina nauki) &#8211; plansza<span class=\"read-more-faq\"><a href=\"https:\/\/sklep.edudomo.pl\/en\/sklep\/przedsprzedazstarozytna-grecja-literatura-teatr-filozofia-i-matematyka\/\">Read More<\/a><\/span><\/p>\n","protected":false},"featured_media":9032,"comment_status":"open","ping_status":"closed","template":"","meta":[],"product_brand":[],"product_cat":[120,86],"product_tag":[],"class_list":{"0":"post-7940","1":"product","2":"type-product","3":"status-publish","4":"has-post-thumbnail","6":"product_cat-historia","7":"product_cat-material-sensoryczny","8":"product_shipping_class-inpost-kurier-a","10":"first","11":"onbackorder","12":"taxable","13":"shipping-taxable","14":"purchasable","15":"product-type-simple"},"yoast_head":"<!-- This site is optimized with the Yoast SEO plugin v26.5 - https:\/\/yoast.com\/wordpress\/plugins\/seo\/ -->\n<title>Staro\u017cytna Grecja. -literatura, teatr, filozofia i matematyka<\/title>\n<meta name=\"robots\" content=\"index, follow, max-snippet:-1, max-image-preview:large, max-video-preview:-1\" \/>\n<link rel=\"canonical\" href=\"https:\/\/sklep.edudomo.pl\/en\/sklep\/przedsprzedazstarozytna-grecja-literatura-teatr-filozofia-i-matematyka\/\" \/>\n<meta property=\"og:locale\" content=\"en_GB\" \/>\n<meta property=\"og:locale:alternate\" content=\"pl_PL\" \/>\n<meta property=\"og:type\" content=\"article\" \/>\n<meta property=\"og:title\" content=\"Staro\u017cytna Grecja. -literatura, teatr, filozofia i matematyka\" \/>\n<meta property=\"og:description\" content=\"Staro\u017cytna Grecja. -literatura, teatr, filozofia i matematyka Plansza z dziewi\u0119cioma przedstawicielami kultury staro\u017cytnej Grecji z dziedziny literatury, teatru, filozofii oraz matematyki. Uk\u0142adanka pomaga przyswoi\u0107 nazwiska s\u0142awnych Grek\u00f3w oraz dziedziny, kt\u00f3rymi si\u0119 zajmowali. Zestaw zawiera: &#8211; 9 kr\u0105\u017ck\u00f3w z wizerunkami na jednej stronie a z podpisami (kto, przedzia\u0142 czasowy lat \u017cycia oraz dziedzina nauki) &#8211; planszaRead More\" \/>\n<meta property=\"og:url\" content=\"https:\/\/sklep.edudomo.pl\/en\/sklep\/przedsprzedazstarozytna-grecja-literatura-teatr-filozofia-i-matematyka\/\" \/>\n<meta property=\"og:site_name\" content=\"sklep EduDoMo\" \/>\n<meta property=\"article:modified_time\" content=\"2025-11-25T17:09:51+00:00\" \/>\n<meta property=\"og:image\" content=\"https:\/\/sklep.edudomo.pl\/wp-content\/uploads\/2022\/03\/IMG_5554.jpg\" \/>\n\t<meta property=\"og:image:width\" content=\"620\" \/>\n\t<meta property=\"og:image:height\" content=\"640\" \/>\n\t<meta property=\"og:image:type\" content=\"image\/jpeg\" \/>\n<meta name=\"twitter:card\" content=\"summary_large_image\" \/>\n<meta name=\"twitter:label1\" content=\"Estimated reading time\" \/>\n\t<meta name=\"twitter:data1\" content=\"1 minute\" \/>\n<script type=\"application\/ld+json\" class=\"yoast-schema-graph\">{\"@context\":\"https:\/\/schema.org\",\"@graph\":[{\"@type\":\"WebPage\",\"@id\":\"https:\/\/sklep.edudomo.pl\/sklep\/przedsprzedazstarozytna-grecja-literatura-teatr-filozofia-i-matematyka\/\",\"url\":\"https:\/\/sklep.edudomo.pl\/sklep\/przedsprzedazstarozytna-grecja-literatura-teatr-filozofia-i-matematyka\/\",\"name\":\"Staro\u017cytna Grecja. -literatura, teatr, filozofia i matematyka\",\"isPartOf\":{\"@id\":\"https:\/\/sklep.edudomo.pl\/#website\"},\"primaryImageOfPage\":{\"@id\":\"https:\/\/sklep.edudomo.pl\/sklep\/przedsprzedazstarozytna-grecja-literatura-teatr-filozofia-i-matematyka\/#primaryimage\"},\"image\":{\"@id\":\"https:\/\/sklep.edudomo.pl\/sklep\/przedsprzedazstarozytna-grecja-literatura-teatr-filozofia-i-matematyka\/#primaryimage\"},\"thumbnailUrl\":\"https:\/\/sklep.edudomo.pl\/wp-content\/uploads\/2022\/03\/IMG_5554.jpg\",\"datePublished\":\"2022-03-24T11:29:20+00:00\",\"dateModified\":\"2025-11-25T17:09:51+00:00\",\"breadcrumb\":{\"@id\":\"https:\/\/sklep.edudomo.pl\/sklep\/przedsprzedazstarozytna-grecja-literatura-teatr-filozofia-i-matematyka\/#breadcrumb\"},\"inLanguage\":\"en-GB\",\"potentialAction\":[{\"@type\":\"ReadAction\",\"target\":[\"https:\/\/sklep.edudomo.pl\/sklep\/przedsprzedazstarozytna-grecja-literatura-teatr-filozofia-i-matematyka\/\"]}]},{\"@type\":\"ImageObject\",\"inLanguage\":\"en-GB\",\"@id\":\"https:\/\/sklep.edudomo.pl\/sklep\/przedsprzedazstarozytna-grecja-literatura-teatr-filozofia-i-matematyka\/#primaryimage\",\"url\":\"https:\/\/sklep.edudomo.pl\/wp-content\/uploads\/2022\/03\/IMG_5554.jpg\",\"contentUrl\":\"https:\/\/sklep.edudomo.pl\/wp-content\/uploads\/2022\/03\/IMG_5554.jpg\",\"width\":620,\"height\":640,\"caption\":\"grecy\"},{\"@type\":\"BreadcrumbList\",\"@id\":\"https:\/\/sklep.edudomo.pl\/sklep\/przedsprzedazstarozytna-grecja-literatura-teatr-filozofia-i-matematyka\/#breadcrumb\",\"itemListElement\":[{\"@type\":\"ListItem\",\"position\":1,\"name\":\"Strona g\u0142\u00f3wna\",\"item\":\"https:\/\/sklep.edudomo.pl\/\"},{\"@type\":\"ListItem\",\"position\":2,\"name\":\"Sklep\",\"item\":\"https:\/\/sklep.edudomo.pl\/\"},{\"@type\":\"ListItem\",\"position\":3,\"name\":\"Staro\u017cytna Grecja. -literatura, teatr, filozofia i matematyka\"}]},{\"@type\":\"WebSite\",\"@id\":\"https:\/\/sklep.edudomo.pl\/#website\",\"url\":\"https:\/\/sklep.edudomo.pl\/\",\"name\":\"sklep EduDoMo\",\"description\":\"Edukacja Domowa. Terapia. Wspieranie Talent&oacute;w\",\"publisher\":{\"@id\":\"https:\/\/sklep.edudomo.pl\/#organization\"},\"potentialAction\":[{\"@type\":\"SearchAction\",\"target\":{\"@type\":\"EntryPoint\",\"urlTemplate\":\"https:\/\/sklep.edudomo.pl\/?s={search_term_string}\"},\"query-input\":{\"@type\":\"PropertyValueSpecification\",\"valueRequired\":true,\"valueName\":\"search_term_string\"}}],\"inLanguage\":\"en-GB\"},{\"@type\":\"Organization\",\"@id\":\"https:\/\/sklep.edudomo.pl\/#organization\",\"name\":\"EduDoMo\",\"url\":\"https:\/\/sklep.edudomo.pl\/\",\"logo\":{\"@type\":\"ImageObject\",\"inLanguage\":\"en-GB\",\"@id\":\"https:\/\/sklep.edudomo.pl\/#\/schema\/logo\/image\/\",\"url\":\"https:\/\/sklep.edudomo.pl\/wp-content\/uploads\/2019\/11\/cropped-logo-edudomo-sowa.jpg\",\"contentUrl\":\"https:\/\/sklep.edudomo.pl\/wp-content\/uploads\/2019\/11\/cropped-logo-edudomo-sowa.jpg\",\"width\":120,\"height\":120,\"caption\":\"EduDoMo\"},\"image\":{\"@id\":\"https:\/\/sklep.edudomo.pl\/#\/schema\/logo\/image\/\"}}]}<\/script>\n<!-- \/ Yoast SEO plugin. -->","yoast_head_json":{"title":"Staro\u017cytna Grecja. -literatura, teatr, filozofia i matematyka","robots":{"index":"index","follow":"follow","max-snippet":"max-snippet:-1","max-image-preview":"max-image-preview:large","max-video-preview":"max-video-preview:-1"},"canonical":"https:\/\/sklep.edudomo.pl\/en\/sklep\/przedsprzedazstarozytna-grecja-literatura-teatr-filozofia-i-matematyka\/","og_locale":"en_GB","og_type":"article","og_title":"[:pl]Staro\u017cytna Grecja. -literatura, teatr, filozofia i matematyka[:] - sklep EduDoMo","og_description":"Staro\u017cytna Grecja. -literatura, teatr, filozofia i matematyka Plansza z dziewi\u0119cioma przedstawicielami kultury staro\u017cytnej Grecji z dziedziny literatury, teatru, filozofii oraz matematyki. Uk\u0142adanka pomaga przyswoi\u0107 nazwiska s\u0142awnych Grek\u00f3w oraz dziedziny, kt\u00f3rymi si\u0119 zajmowali. Zestaw zawiera: &#8211; 9 kr\u0105\u017ck\u00f3w z wizerunkami na jednej stronie a z podpisami (kto, przedzia\u0142 czasowy lat \u017cycia oraz dziedzina nauki) &#8211; planszaRead More","og_url":"https:\/\/sklep.edudomo.pl\/en\/sklep\/przedsprzedazstarozytna-grecja-literatura-teatr-filozofia-i-matematyka\/","og_site_name":"sklep EduDoMo","article_modified_time":"2025-11-25T17:09:51+00:00","og_image":[{"width":620,"height":640,"url":"https:\/\/sklep.edudomo.pl\/wp-content\/uploads\/2022\/03\/IMG_5554.jpg","type":"image\/jpeg"}],"twitter_card":"summary_large_image","twitter_misc":{"Estimated reading time":"1 minute"},"schema":{"@context":"https:\/\/schema.org","@graph":[{"@type":"WebPage","@id":"https:\/\/sklep.edudomo.pl\/sklep\/przedsprzedazstarozytna-grecja-literatura-teatr-filozofia-i-matematyka\/","url":"https:\/\/sklep.edudomo.pl\/sklep\/przedsprzedazstarozytna-grecja-literatura-teatr-filozofia-i-matematyka\/","name":"Staro\u017cytna Grecja. -literatura, teatr, filozofia i matematyka","isPartOf":{"@id":"https:\/\/sklep.edudomo.pl\/#website"},"primaryImageOfPage":{"@id":"https:\/\/sklep.edudomo.pl\/sklep\/przedsprzedazstarozytna-grecja-literatura-teatr-filozofia-i-matematyka\/#primaryimage"},"image":{"@id":"https:\/\/sklep.edudomo.pl\/sklep\/przedsprzedazstarozytna-grecja-literatura-teatr-filozofia-i-matematyka\/#primaryimage"},"thumbnailUrl":"https:\/\/sklep.edudomo.pl\/wp-content\/uploads\/2022\/03\/IMG_5554.jpg","datePublished":"2022-03-24T11:29:20+00:00","dateModified":"2025-11-25T17:09:51+00:00","breadcrumb":{"@id":"https:\/\/sklep.edudomo.pl\/sklep\/przedsprzedazstarozytna-grecja-literatura-teatr-filozofia-i-matematyka\/#breadcrumb"},"inLanguage":"en-GB","potentialAction":[{"@type":"ReadAction","target":["https:\/\/sklep.edudomo.pl\/sklep\/przedsprzedazstarozytna-grecja-literatura-teatr-filozofia-i-matematyka\/"]}]},{"@type":"ImageObject","inLanguage":"en-GB","@id":"https:\/\/sklep.edudomo.pl\/sklep\/przedsprzedazstarozytna-grecja-literatura-teatr-filozofia-i-matematyka\/#primaryimage","url":"https:\/\/sklep.edudomo.pl\/wp-content\/uploads\/2022\/03\/IMG_5554.jpg","contentUrl":"https:\/\/sklep.edudomo.pl\/wp-content\/uploads\/2022\/03\/IMG_5554.jpg","width":620,"height":640,"caption":"grecy"},{"@type":"BreadcrumbList","@id":"https:\/\/sklep.edudomo.pl\/sklep\/przedsprzedazstarozytna-grecja-literatura-teatr-filozofia-i-matematyka\/#breadcrumb","itemListElement":[{"@type":"ListItem","position":1,"name":"Strona g\u0142\u00f3wna","item":"https:\/\/sklep.edudomo.pl\/"},{"@type":"ListItem","position":2,"name":"Sklep","item":"https:\/\/sklep.edudomo.pl\/"},{"@type":"ListItem","position":3,"name":"Staro\u017cytna Grecja. -literatura, teatr, filozofia i matematyka"}]},{"@type":"WebSite","@id":"https:\/\/sklep.edudomo.pl\/#website","url":"https:\/\/sklep.edudomo.pl\/","name":"sklep EduDoMo","description":"Edukacja Domowa. Terapia. Wspieranie Talent&oacute;w","publisher":{"@id":"https:\/\/sklep.edudomo.pl\/#organization"},"potentialAction":[{"@type":"SearchAction","target":{"@type":"EntryPoint","urlTemplate":"https:\/\/sklep.edudomo.pl\/?s={search_term_string}"},"query-input":{"@type":"PropertyValueSpecification","valueRequired":true,"valueName":"search_term_string"}}],"inLanguage":"en-GB"},{"@type":"Organization","@id":"https:\/\/sklep.edudomo.pl\/#organization","name":"EduDoMo","url":"https:\/\/sklep.edudomo.pl\/","logo":{"@type":"ImageObject","inLanguage":"en-GB","@id":"https:\/\/sklep.edudomo.pl\/#\/schema\/logo\/image\/","url":"https:\/\/sklep.edudomo.pl\/wp-content\/uploads\/2019\/11\/cropped-logo-edudomo-sowa.jpg","contentUrl":"https:\/\/sklep.edudomo.pl\/wp-content\/uploads\/2019\/11\/cropped-logo-edudomo-sowa.jpg","width":120,"height":120,"caption":"EduDoMo"},"image":{"@id":"https:\/\/sklep.edudomo.pl\/#\/schema\/logo\/image\/"}}]}},"jetpack_sharing_enabled":true,"_links":{"self":[{"href":"https:\/\/sklep.edudomo.pl\/en\/wp-json\/wp\/v2\/product\/7940","targetHints":{"allow":["GET"]}}],"collection":[{"href":"https:\/\/sklep.edudomo.pl\/en\/wp-json\/wp\/v2\/product"}],"about":[{"href":"https:\/\/sklep.edudomo.pl\/en\/wp-json\/wp\/v2\/types\/product"}],"replies":[{"embeddable":true,"href":"https:\/\/sklep.edudomo.pl\/en\/wp-json\/wp\/v2\/comments?post=7940"}],"wp:featuredmedia":[{"embeddable":true,"href":"https:\/\/sklep.edudomo.pl\/en\/wp-json\/wp\/v2\/media\/9032"}],"wp:attachment":[{"href":"https:\/\/sklep.edudomo.pl\/en\/wp-json\/wp\/v2\/media?parent=7940"}],"wp:term":[{"taxonomy":"product_brand","embeddable":true,"href":"https:\/\/sklep.edudomo.pl\/en\/wp-json\/wp\/v2\/product_brand?post=7940"},{"taxonomy":"product_cat","embeddable":true,"href":"https:\/\/sklep.edudomo.pl\/en\/wp-json\/wp\/v2\/product_cat?post=7940"},{"taxonomy":"product_tag","embeddable":true,"href":"https:\/\/sklep.edudomo.pl\/en\/wp-json\/wp\/v2\/product_tag?post=7940"}],"curies":[{"name":"wp","href":"https:\/\/api.w.org\/{rel}","templated":true}]}}