{"id":8164,"date":"2022-04-21T17:55:07","date_gmt":"2022-04-21T17:55:07","guid":{"rendered":"https:\/\/sklep.edudomo.pl\/?post_type=product&#038;p=8164"},"modified":"2025-11-25T17:07:30","modified_gmt":"2025-11-25T17:07:30","slug":"kalendarz-slowian-plansza-ze-sklejki","status":"publish","type":"product","link":"https:\/\/sklep.edudomo.pl\/en\/sklep\/kalendarz-slowian-plansza-ze-sklejki\/","title":{"rendered":"Kalendarz S\u0142owian. -plansza ze sklejki"},"content":{"rendered":"<h4>Kalendarz S\u0142owian<\/h4>\n<p>-plansza pasuj\u0105ca do edukacyjnego kalendarza s\u0142owian EduDoMo<\/p>\n<p><span class=\"tojvnm2t a6sixzi8 abs2jz4q a8s20v7p t1p8iaqh k5wvi7nf q3lfd5jv pk4s997a bipmatt0 cebpdrjk qowsmv63 owwhemhu dp1hu0rb dhp61c6y iyyx5f41\">Autor: Ratomir Wilkowski, rodzimowierca, \u017cerca przy Rodzimym Ko\u015bciele Polskim, autor \u201eWieszczby S\u0142owia\u0144skiej\u201d. <\/span><\/p>\n<h4 class=\"moz-quote-pre\">10% dochodu ze sprzeda\u017cy kalendarza przeznaczamy na pomoc ludziom, kt\u00f3rzy istotnie przyczynili si\u0119 do jego powstania, a kt\u00f3rzy staraj\u0105 si\u0119 o pozyskanie w\u0142asnego kawa\u0142ka ziemi w ramach projektu \u201eRodzimowiercy na swoim\u201d.<\/h4>\n<h4 class=\"moz-quote-pre\"><a class=\"moz-txt-link-freetext\" href=\"http:\/\/www.RKP.org.pl\/earth\/\">http:\/\/www.RKP.org.pl\/earth\/<\/a><\/h4>\n<p>&nbsp;<\/p>\n<p>&nbsp;<\/p>\n","protected":false},"excerpt":{"rendered":"<p>Kalendarz S\u0142owian -plansza pasuj\u0105ca do edukacyjnego kalendarza s\u0142owian EduDoMo Autor: Ratomir Wilkowski, rodzimowierca, \u017cerca przy Rodzimym Ko\u015bciele Polskim, autor \u201eWieszczby S\u0142owia\u0144skiej\u201d. 10% dochodu ze sprzeda\u017cy kalendarza przeznaczamy na pomoc ludziom, kt\u00f3rzy istotnie przyczynili si\u0119 do jego powstania, a kt\u00f3rzy staraj\u0105 si\u0119 o pozyskanie w\u0142asnego kawa\u0142ka ziemi w ramach projektu \u201eRodzimowiercy na swoim\u201d. http:\/\/www.RKP.org.pl\/earth\/ &nbsp; &nbsp;<\/p>\n","protected":false},"featured_media":8167,"comment_status":"open","ping_status":"closed","template":"","meta":[],"product_brand":[],"product_cat":[84,111,141,86],"product_tag":[],"class_list":{"0":"post-8164","1":"product","2":"type-product","3":"status-publish","4":"has-post-thumbnail","6":"product_cat-edukacja-kosmiczna","7":"product_cat-religia","8":"product_cat-wiara-slowian","9":"product_cat-material-sensoryczny","11":"first","12":"onbackorder","13":"taxable","14":"shipping-taxable","15":"purchasable","16":"product-type-simple"},"yoast_head":"<!-- This site is optimized with the Yoast SEO plugin v26.5 - https:\/\/yoast.com\/wordpress\/plugins\/seo\/ -->\n<title>Kalendarz S\u0142owian. -plansza ze sklejki<\/title>\n<meta name=\"robots\" content=\"index, follow, max-snippet:-1, max-image-preview:large, max-video-preview:-1\" \/>\n<link rel=\"canonical\" href=\"https:\/\/sklep.edudomo.pl\/en\/sklep\/kalendarz-slowian-plansza-ze-sklejki\/\" \/>\n<meta property=\"og:locale\" content=\"en_GB\" \/>\n<meta property=\"og:locale:alternate\" content=\"pl_PL\" \/>\n<meta property=\"og:type\" content=\"article\" \/>\n<meta property=\"og:title\" content=\"Kalendarz S\u0142owian. -plansza ze sklejki\" \/>\n<meta property=\"og:description\" content=\"Kalendarz S\u0142owian -plansza pasuj\u0105ca do edukacyjnego kalendarza s\u0142owian EduDoMo Autor: Ratomir Wilkowski, rodzimowierca, \u017cerca przy Rodzimym Ko\u015bciele Polskim, autor \u201eWieszczby S\u0142owia\u0144skiej\u201d. 10% dochodu ze sprzeda\u017cy kalendarza przeznaczamy na pomoc ludziom, kt\u00f3rzy istotnie przyczynili si\u0119 do jego powstania, a kt\u00f3rzy staraj\u0105 si\u0119 o pozyskanie w\u0142asnego kawa\u0142ka ziemi w ramach projektu \u201eRodzimowiercy na swoim\u201d. http:\/\/www.RKP.org.pl\/earth\/ &nbsp; &nbsp;\" \/>\n<meta property=\"og:url\" content=\"https:\/\/sklep.edudomo.pl\/en\/sklep\/kalendarz-slowian-plansza-ze-sklejki\/\" \/>\n<meta property=\"og:site_name\" content=\"sklep EduDoMo\" \/>\n<meta property=\"article:modified_time\" content=\"2025-11-25T17:07:30+00:00\" \/>\n<meta property=\"og:image\" content=\"https:\/\/sklep.edudomo.pl\/wp-content\/uploads\/2022\/04\/IMG_3337.jpg\" \/>\n\t<meta property=\"og:image:width\" content=\"639\" \/>\n\t<meta property=\"og:image:height\" content=\"640\" \/>\n\t<meta property=\"og:image:type\" content=\"image\/jpeg\" \/>\n<meta name=\"twitter:card\" content=\"summary_large_image\" \/>\n<meta name=\"twitter:label1\" content=\"Estimated reading time\" \/>\n\t<meta name=\"twitter:data1\" content=\"1 minute\" \/>\n<script type=\"application\/ld+json\" class=\"yoast-schema-graph\">{\"@context\":\"https:\/\/schema.org\",\"@graph\":[{\"@type\":\"WebPage\",\"@id\":\"https:\/\/sklep.edudomo.pl\/sklep\/kalendarz-slowian-plansza-ze-sklejki\/\",\"url\":\"https:\/\/sklep.edudomo.pl\/sklep\/kalendarz-slowian-plansza-ze-sklejki\/\",\"name\":\"Kalendarz S\u0142owian. -plansza ze sklejki\",\"isPartOf\":{\"@id\":\"https:\/\/sklep.edudomo.pl\/#website\"},\"primaryImageOfPage\":{\"@id\":\"https:\/\/sklep.edudomo.pl\/sklep\/kalendarz-slowian-plansza-ze-sklejki\/#primaryimage\"},\"image\":{\"@id\":\"https:\/\/sklep.edudomo.pl\/sklep\/kalendarz-slowian-plansza-ze-sklejki\/#primaryimage\"},\"thumbnailUrl\":\"https:\/\/sklep.edudomo.pl\/wp-content\/uploads\/2022\/04\/IMG_3337.jpg\",\"datePublished\":\"2022-04-21T17:55:07+00:00\",\"dateModified\":\"2025-11-25T17:07:30+00:00\",\"breadcrumb\":{\"@id\":\"https:\/\/sklep.edudomo.pl\/sklep\/kalendarz-slowian-plansza-ze-sklejki\/#breadcrumb\"},\"inLanguage\":\"en-GB\",\"potentialAction\":[{\"@type\":\"ReadAction\",\"target\":[\"https:\/\/sklep.edudomo.pl\/sklep\/kalendarz-slowian-plansza-ze-sklejki\/\"]}]},{\"@type\":\"ImageObject\",\"inLanguage\":\"en-GB\",\"@id\":\"https:\/\/sklep.edudomo.pl\/sklep\/kalendarz-slowian-plansza-ze-sklejki\/#primaryimage\",\"url\":\"https:\/\/sklep.edudomo.pl\/wp-content\/uploads\/2022\/04\/IMG_3337.jpg\",\"contentUrl\":\"https:\/\/sklep.edudomo.pl\/wp-content\/uploads\/2022\/04\/IMG_3337.jpg\",\"width\":639,\"height\":640,\"caption\":\"Kalendarz\"},{\"@type\":\"BreadcrumbList\",\"@id\":\"https:\/\/sklep.edudomo.pl\/sklep\/kalendarz-slowian-plansza-ze-sklejki\/#breadcrumb\",\"itemListElement\":[{\"@type\":\"ListItem\",\"position\":1,\"name\":\"Strona g\u0142\u00f3wna\",\"item\":\"https:\/\/sklep.edudomo.pl\/\"},{\"@type\":\"ListItem\",\"position\":2,\"name\":\"Sklep\",\"item\":\"https:\/\/sklep.edudomo.pl\/\"},{\"@type\":\"ListItem\",\"position\":3,\"name\":\"Kalendarz S\u0142owian. -plansza ze sklejki\"}]},{\"@type\":\"WebSite\",\"@id\":\"https:\/\/sklep.edudomo.pl\/#website\",\"url\":\"https:\/\/sklep.edudomo.pl\/\",\"name\":\"sklep EduDoMo\",\"description\":\"Edukacja Domowa. Terapia. Wspieranie Talent&oacute;w\",\"publisher\":{\"@id\":\"https:\/\/sklep.edudomo.pl\/#organization\"},\"potentialAction\":[{\"@type\":\"SearchAction\",\"target\":{\"@type\":\"EntryPoint\",\"urlTemplate\":\"https:\/\/sklep.edudomo.pl\/?s={search_term_string}\"},\"query-input\":{\"@type\":\"PropertyValueSpecification\",\"valueRequired\":true,\"valueName\":\"search_term_string\"}}],\"inLanguage\":\"en-GB\"},{\"@type\":\"Organization\",\"@id\":\"https:\/\/sklep.edudomo.pl\/#organization\",\"name\":\"EduDoMo\",\"url\":\"https:\/\/sklep.edudomo.pl\/\",\"logo\":{\"@type\":\"ImageObject\",\"inLanguage\":\"en-GB\",\"@id\":\"https:\/\/sklep.edudomo.pl\/#\/schema\/logo\/image\/\",\"url\":\"https:\/\/sklep.edudomo.pl\/wp-content\/uploads\/2019\/11\/cropped-logo-edudomo-sowa.jpg\",\"contentUrl\":\"https:\/\/sklep.edudomo.pl\/wp-content\/uploads\/2019\/11\/cropped-logo-edudomo-sowa.jpg\",\"width\":120,\"height\":120,\"caption\":\"EduDoMo\"},\"image\":{\"@id\":\"https:\/\/sklep.edudomo.pl\/#\/schema\/logo\/image\/\"}}]}<\/script>\n<!-- \/ Yoast SEO plugin. -->","yoast_head_json":{"title":"Kalendarz S\u0142owian. -plansza ze sklejki","robots":{"index":"index","follow":"follow","max-snippet":"max-snippet:-1","max-image-preview":"max-image-preview:large","max-video-preview":"max-video-preview:-1"},"canonical":"https:\/\/sklep.edudomo.pl\/en\/sklep\/kalendarz-slowian-plansza-ze-sklejki\/","og_locale":"en_GB","og_type":"article","og_title":"[:pl]Kalendarz S\u0142owian. -plansza ze sklejki[:en]Kalendarz S\u0142owian. -plansza ze sklejki[:] - sklep EduDoMo","og_description":"Kalendarz S\u0142owian -plansza pasuj\u0105ca do edukacyjnego kalendarza s\u0142owian EduDoMo Autor: Ratomir Wilkowski, rodzimowierca, \u017cerca przy Rodzimym Ko\u015bciele Polskim, autor \u201eWieszczby S\u0142owia\u0144skiej\u201d. 10% dochodu ze sprzeda\u017cy kalendarza przeznaczamy na pomoc ludziom, kt\u00f3rzy istotnie przyczynili si\u0119 do jego powstania, a kt\u00f3rzy staraj\u0105 si\u0119 o pozyskanie w\u0142asnego kawa\u0142ka ziemi w ramach projektu \u201eRodzimowiercy na swoim\u201d. http:\/\/www.RKP.org.pl\/earth\/ &nbsp; &nbsp;","og_url":"https:\/\/sklep.edudomo.pl\/en\/sklep\/kalendarz-slowian-plansza-ze-sklejki\/","og_site_name":"sklep EduDoMo","article_modified_time":"2025-11-25T17:07:30+00:00","og_image":[{"width":639,"height":640,"url":"https:\/\/sklep.edudomo.pl\/wp-content\/uploads\/2022\/04\/IMG_3337.jpg","type":"image\/jpeg"}],"twitter_card":"summary_large_image","twitter_misc":{"Estimated reading time":"1 minute"},"schema":{"@context":"https:\/\/schema.org","@graph":[{"@type":"WebPage","@id":"https:\/\/sklep.edudomo.pl\/sklep\/kalendarz-slowian-plansza-ze-sklejki\/","url":"https:\/\/sklep.edudomo.pl\/sklep\/kalendarz-slowian-plansza-ze-sklejki\/","name":"Kalendarz S\u0142owian. -plansza ze sklejki","isPartOf":{"@id":"https:\/\/sklep.edudomo.pl\/#website"},"primaryImageOfPage":{"@id":"https:\/\/sklep.edudomo.pl\/sklep\/kalendarz-slowian-plansza-ze-sklejki\/#primaryimage"},"image":{"@id":"https:\/\/sklep.edudomo.pl\/sklep\/kalendarz-slowian-plansza-ze-sklejki\/#primaryimage"},"thumbnailUrl":"https:\/\/sklep.edudomo.pl\/wp-content\/uploads\/2022\/04\/IMG_3337.jpg","datePublished":"2022-04-21T17:55:07+00:00","dateModified":"2025-11-25T17:07:30+00:00","breadcrumb":{"@id":"https:\/\/sklep.edudomo.pl\/sklep\/kalendarz-slowian-plansza-ze-sklejki\/#breadcrumb"},"inLanguage":"en-GB","potentialAction":[{"@type":"ReadAction","target":["https:\/\/sklep.edudomo.pl\/sklep\/kalendarz-slowian-plansza-ze-sklejki\/"]}]},{"@type":"ImageObject","inLanguage":"en-GB","@id":"https:\/\/sklep.edudomo.pl\/sklep\/kalendarz-slowian-plansza-ze-sklejki\/#primaryimage","url":"https:\/\/sklep.edudomo.pl\/wp-content\/uploads\/2022\/04\/IMG_3337.jpg","contentUrl":"https:\/\/sklep.edudomo.pl\/wp-content\/uploads\/2022\/04\/IMG_3337.jpg","width":639,"height":640,"caption":"Kalendarz"},{"@type":"BreadcrumbList","@id":"https:\/\/sklep.edudomo.pl\/sklep\/kalendarz-slowian-plansza-ze-sklejki\/#breadcrumb","itemListElement":[{"@type":"ListItem","position":1,"name":"Strona g\u0142\u00f3wna","item":"https:\/\/sklep.edudomo.pl\/"},{"@type":"ListItem","position":2,"name":"Sklep","item":"https:\/\/sklep.edudomo.pl\/"},{"@type":"ListItem","position":3,"name":"Kalendarz S\u0142owian. -plansza ze sklejki"}]},{"@type":"WebSite","@id":"https:\/\/sklep.edudomo.pl\/#website","url":"https:\/\/sklep.edudomo.pl\/","name":"sklep EduDoMo","description":"Edukacja Domowa. Terapia. Wspieranie Talent&oacute;w","publisher":{"@id":"https:\/\/sklep.edudomo.pl\/#organization"},"potentialAction":[{"@type":"SearchAction","target":{"@type":"EntryPoint","urlTemplate":"https:\/\/sklep.edudomo.pl\/?s={search_term_string}"},"query-input":{"@type":"PropertyValueSpecification","valueRequired":true,"valueName":"search_term_string"}}],"inLanguage":"en-GB"},{"@type":"Organization","@id":"https:\/\/sklep.edudomo.pl\/#organization","name":"EduDoMo","url":"https:\/\/sklep.edudomo.pl\/","logo":{"@type":"ImageObject","inLanguage":"en-GB","@id":"https:\/\/sklep.edudomo.pl\/#\/schema\/logo\/image\/","url":"https:\/\/sklep.edudomo.pl\/wp-content\/uploads\/2019\/11\/cropped-logo-edudomo-sowa.jpg","contentUrl":"https:\/\/sklep.edudomo.pl\/wp-content\/uploads\/2019\/11\/cropped-logo-edudomo-sowa.jpg","width":120,"height":120,"caption":"EduDoMo"},"image":{"@id":"https:\/\/sklep.edudomo.pl\/#\/schema\/logo\/image\/"}}]}},"jetpack_sharing_enabled":true,"_links":{"self":[{"href":"https:\/\/sklep.edudomo.pl\/en\/wp-json\/wp\/v2\/product\/8164","targetHints":{"allow":["GET"]}}],"collection":[{"href":"https:\/\/sklep.edudomo.pl\/en\/wp-json\/wp\/v2\/product"}],"about":[{"href":"https:\/\/sklep.edudomo.pl\/en\/wp-json\/wp\/v2\/types\/product"}],"replies":[{"embeddable":true,"href":"https:\/\/sklep.edudomo.pl\/en\/wp-json\/wp\/v2\/comments?post=8164"}],"wp:featuredmedia":[{"embeddable":true,"href":"https:\/\/sklep.edudomo.pl\/en\/wp-json\/wp\/v2\/media\/8167"}],"wp:attachment":[{"href":"https:\/\/sklep.edudomo.pl\/en\/wp-json\/wp\/v2\/media?parent=8164"}],"wp:term":[{"taxonomy":"product_brand","embeddable":true,"href":"https:\/\/sklep.edudomo.pl\/en\/wp-json\/wp\/v2\/product_brand?post=8164"},{"taxonomy":"product_cat","embeddable":true,"href":"https:\/\/sklep.edudomo.pl\/en\/wp-json\/wp\/v2\/product_cat?post=8164"},{"taxonomy":"product_tag","embeddable":true,"href":"https:\/\/sklep.edudomo.pl\/en\/wp-json\/wp\/v2\/product_tag?post=8164"}],"curies":[{"name":"wp","href":"https:\/\/api.w.org\/{rel}","templated":true}]}}