{"id":8639,"date":"2022-05-30T07:57:33","date_gmt":"2022-05-30T07:57:33","guid":{"rendered":"https:\/\/sklep.edudomo.pl\/?post_type=product&#038;p=8639"},"modified":"2025-11-25T17:04:13","modified_gmt":"2025-11-25T17:04:13","slug":"figury-plaskie-pole-i-obwod-obserwatorium","status":"publish","type":"product","link":"https:\/\/sklep.edudomo.pl\/en\/sklep\/figury-plaskie-pole-i-obwod-obserwatorium\/","title":{"rendered":"Figury p\u0142askie. -pole i obw\u00f3d. OBSERWATORIUM"},"content":{"rendered":"<p>Figury p\u0142askie. -pole i obw\u00f3d.<\/p>\n<p>-dwustronna plansza informacyjna typu OBSERWATORIUM<\/p>\n<ul>\n<li>wielko\u015b\u0107 planszy 29cm x 29cm<\/li>\n<\/ul>\n<p>&nbsp;<\/p>\n","protected":false},"excerpt":{"rendered":"<p>Figury p\u0142askie. -pole i obw\u00f3d. -dwustronna plansza informacyjna typu OBSERWATORIUM wielko\u015b\u0107 planszy 29cm x 29cm &nbsp;<\/p>\n","protected":false},"featured_media":8640,"comment_status":"open","ping_status":"closed","template":"","meta":[],"product_brand":[],"product_cat":[85,86],"product_tag":[],"class_list":{"0":"post-8639","1":"product","2":"type-product","3":"status-publish","4":"has-post-thumbnail","6":"product_cat-eukacja-matematyczna","7":"product_cat-material-sensoryczny","8":"product_shipping_class-inpost-kurier-a","10":"first","11":"onbackorder","12":"taxable","13":"shipping-taxable","14":"purchasable","15":"product-type-simple"},"yoast_head":"<!-- This site is optimized with the Yoast SEO plugin v26.5 - https:\/\/yoast.com\/wordpress\/plugins\/seo\/ -->\n<title>Figury p\u0142askie. -pole i obw\u00f3d. OBSERWATORIUM<\/title>\n<meta name=\"robots\" content=\"index, follow, max-snippet:-1, max-image-preview:large, max-video-preview:-1\" \/>\n<link rel=\"canonical\" href=\"https:\/\/sklep.edudomo.pl\/en\/sklep\/figury-plaskie-pole-i-obwod-obserwatorium\/\" \/>\n<meta property=\"og:locale\" content=\"en_GB\" \/>\n<meta property=\"og:locale:alternate\" content=\"pl_PL\" \/>\n<meta property=\"og:type\" content=\"article\" \/>\n<meta property=\"og:title\" content=\"Figury p\u0142askie. -pole i obw\u00f3d. OBSERWATORIUM\" \/>\n<meta property=\"og:description\" content=\"Figury p\u0142askie. -pole i obw\u00f3d. -dwustronna plansza informacyjna typu OBSERWATORIUM wielko\u015b\u0107 planszy 29cm x 29cm &nbsp;\" \/>\n<meta property=\"og:url\" content=\"https:\/\/sklep.edudomo.pl\/en\/sklep\/figury-plaskie-pole-i-obwod-obserwatorium\/\" \/>\n<meta property=\"og:site_name\" content=\"sklep EduDoMo\" \/>\n<meta property=\"article:modified_time\" content=\"2025-11-25T17:04:13+00:00\" \/>\n<meta property=\"og:image\" content=\"https:\/\/sklep.edudomo.pl\/wp-content\/uploads\/2022\/05\/IMG_4135.jpg\" \/>\n\t<meta property=\"og:image:width\" content=\"640\" \/>\n\t<meta property=\"og:image:height\" content=\"638\" \/>\n\t<meta property=\"og:image:type\" content=\"image\/jpeg\" \/>\n<meta name=\"twitter:card\" content=\"summary_large_image\" \/>\n<meta name=\"twitter:label1\" content=\"Estimated reading time\" \/>\n\t<meta name=\"twitter:data1\" content=\"1 minute\" \/>\n<script type=\"application\/ld+json\" class=\"yoast-schema-graph\">{\"@context\":\"https:\/\/schema.org\",\"@graph\":[{\"@type\":\"WebPage\",\"@id\":\"https:\/\/sklep.edudomo.pl\/sklep\/figury-plaskie-pole-i-obwod-obserwatorium\/\",\"url\":\"https:\/\/sklep.edudomo.pl\/sklep\/figury-plaskie-pole-i-obwod-obserwatorium\/\",\"name\":\"Figury p\u0142askie. -pole i obw\u00f3d. OBSERWATORIUM\",\"isPartOf\":{\"@id\":\"https:\/\/sklep.edudomo.pl\/#website\"},\"primaryImageOfPage\":{\"@id\":\"https:\/\/sklep.edudomo.pl\/sklep\/figury-plaskie-pole-i-obwod-obserwatorium\/#primaryimage\"},\"image\":{\"@id\":\"https:\/\/sklep.edudomo.pl\/sklep\/figury-plaskie-pole-i-obwod-obserwatorium\/#primaryimage\"},\"thumbnailUrl\":\"https:\/\/sklep.edudomo.pl\/wp-content\/uploads\/2022\/05\/IMG_4135.jpg\",\"datePublished\":\"2022-05-30T07:57:33+00:00\",\"dateModified\":\"2025-11-25T17:04:13+00:00\",\"breadcrumb\":{\"@id\":\"https:\/\/sklep.edudomo.pl\/sklep\/figury-plaskie-pole-i-obwod-obserwatorium\/#breadcrumb\"},\"inLanguage\":\"en-GB\",\"potentialAction\":[{\"@type\":\"ReadAction\",\"target\":[\"https:\/\/sklep.edudomo.pl\/sklep\/figury-plaskie-pole-i-obwod-obserwatorium\/\"]}]},{\"@type\":\"ImageObject\",\"inLanguage\":\"en-GB\",\"@id\":\"https:\/\/sklep.edudomo.pl\/sklep\/figury-plaskie-pole-i-obwod-obserwatorium\/#primaryimage\",\"url\":\"https:\/\/sklep.edudomo.pl\/wp-content\/uploads\/2022\/05\/IMG_4135.jpg\",\"contentUrl\":\"https:\/\/sklep.edudomo.pl\/wp-content\/uploads\/2022\/05\/IMG_4135.jpg\",\"width\":640,\"height\":638,\"caption\":\"pole i obw\u00f3d figur\"},{\"@type\":\"BreadcrumbList\",\"@id\":\"https:\/\/sklep.edudomo.pl\/sklep\/figury-plaskie-pole-i-obwod-obserwatorium\/#breadcrumb\",\"itemListElement\":[{\"@type\":\"ListItem\",\"position\":1,\"name\":\"Strona g\u0142\u00f3wna\",\"item\":\"https:\/\/sklep.edudomo.pl\/\"},{\"@type\":\"ListItem\",\"position\":2,\"name\":\"Sklep\",\"item\":\"https:\/\/sklep.edudomo.pl\/\"},{\"@type\":\"ListItem\",\"position\":3,\"name\":\"Figury p\u0142askie. -pole i obw\u00f3d. OBSERWATORIUM\"}]},{\"@type\":\"WebSite\",\"@id\":\"https:\/\/sklep.edudomo.pl\/#website\",\"url\":\"https:\/\/sklep.edudomo.pl\/\",\"name\":\"sklep EduDoMo\",\"description\":\"Edukacja Domowa. Terapia. Wspieranie Talent&oacute;w\",\"publisher\":{\"@id\":\"https:\/\/sklep.edudomo.pl\/#organization\"},\"potentialAction\":[{\"@type\":\"SearchAction\",\"target\":{\"@type\":\"EntryPoint\",\"urlTemplate\":\"https:\/\/sklep.edudomo.pl\/?s={search_term_string}\"},\"query-input\":{\"@type\":\"PropertyValueSpecification\",\"valueRequired\":true,\"valueName\":\"search_term_string\"}}],\"inLanguage\":\"en-GB\"},{\"@type\":\"Organization\",\"@id\":\"https:\/\/sklep.edudomo.pl\/#organization\",\"name\":\"EduDoMo\",\"url\":\"https:\/\/sklep.edudomo.pl\/\",\"logo\":{\"@type\":\"ImageObject\",\"inLanguage\":\"en-GB\",\"@id\":\"https:\/\/sklep.edudomo.pl\/#\/schema\/logo\/image\/\",\"url\":\"https:\/\/sklep.edudomo.pl\/wp-content\/uploads\/2019\/11\/cropped-logo-edudomo-sowa.jpg\",\"contentUrl\":\"https:\/\/sklep.edudomo.pl\/wp-content\/uploads\/2019\/11\/cropped-logo-edudomo-sowa.jpg\",\"width\":120,\"height\":120,\"caption\":\"EduDoMo\"},\"image\":{\"@id\":\"https:\/\/sklep.edudomo.pl\/#\/schema\/logo\/image\/\"}}]}<\/script>\n<!-- \/ Yoast SEO plugin. -->","yoast_head_json":{"title":"Figury p\u0142askie. -pole i obw\u00f3d. OBSERWATORIUM","robots":{"index":"index","follow":"follow","max-snippet":"max-snippet:-1","max-image-preview":"max-image-preview:large","max-video-preview":"max-video-preview:-1"},"canonical":"https:\/\/sklep.edudomo.pl\/en\/sklep\/figury-plaskie-pole-i-obwod-obserwatorium\/","og_locale":"en_GB","og_type":"article","og_title":"[:pl]Figury p\u0142askie. -pole i obw\u00f3d. OBSERWATORIUM[:] - sklep EduDoMo","og_description":"Figury p\u0142askie. -pole i obw\u00f3d. -dwustronna plansza informacyjna typu OBSERWATORIUM wielko\u015b\u0107 planszy 29cm x 29cm &nbsp;","og_url":"https:\/\/sklep.edudomo.pl\/en\/sklep\/figury-plaskie-pole-i-obwod-obserwatorium\/","og_site_name":"sklep EduDoMo","article_modified_time":"2025-11-25T17:04:13+00:00","og_image":[{"width":640,"height":638,"url":"https:\/\/sklep.edudomo.pl\/wp-content\/uploads\/2022\/05\/IMG_4135.jpg","type":"image\/jpeg"}],"twitter_card":"summary_large_image","twitter_misc":{"Estimated reading time":"1 minute"},"schema":{"@context":"https:\/\/schema.org","@graph":[{"@type":"WebPage","@id":"https:\/\/sklep.edudomo.pl\/sklep\/figury-plaskie-pole-i-obwod-obserwatorium\/","url":"https:\/\/sklep.edudomo.pl\/sklep\/figury-plaskie-pole-i-obwod-obserwatorium\/","name":"Figury p\u0142askie. -pole i obw\u00f3d. OBSERWATORIUM","isPartOf":{"@id":"https:\/\/sklep.edudomo.pl\/#website"},"primaryImageOfPage":{"@id":"https:\/\/sklep.edudomo.pl\/sklep\/figury-plaskie-pole-i-obwod-obserwatorium\/#primaryimage"},"image":{"@id":"https:\/\/sklep.edudomo.pl\/sklep\/figury-plaskie-pole-i-obwod-obserwatorium\/#primaryimage"},"thumbnailUrl":"https:\/\/sklep.edudomo.pl\/wp-content\/uploads\/2022\/05\/IMG_4135.jpg","datePublished":"2022-05-30T07:57:33+00:00","dateModified":"2025-11-25T17:04:13+00:00","breadcrumb":{"@id":"https:\/\/sklep.edudomo.pl\/sklep\/figury-plaskie-pole-i-obwod-obserwatorium\/#breadcrumb"},"inLanguage":"en-GB","potentialAction":[{"@type":"ReadAction","target":["https:\/\/sklep.edudomo.pl\/sklep\/figury-plaskie-pole-i-obwod-obserwatorium\/"]}]},{"@type":"ImageObject","inLanguage":"en-GB","@id":"https:\/\/sklep.edudomo.pl\/sklep\/figury-plaskie-pole-i-obwod-obserwatorium\/#primaryimage","url":"https:\/\/sklep.edudomo.pl\/wp-content\/uploads\/2022\/05\/IMG_4135.jpg","contentUrl":"https:\/\/sklep.edudomo.pl\/wp-content\/uploads\/2022\/05\/IMG_4135.jpg","width":640,"height":638,"caption":"pole i obw\u00f3d figur"},{"@type":"BreadcrumbList","@id":"https:\/\/sklep.edudomo.pl\/sklep\/figury-plaskie-pole-i-obwod-obserwatorium\/#breadcrumb","itemListElement":[{"@type":"ListItem","position":1,"name":"Strona g\u0142\u00f3wna","item":"https:\/\/sklep.edudomo.pl\/"},{"@type":"ListItem","position":2,"name":"Sklep","item":"https:\/\/sklep.edudomo.pl\/"},{"@type":"ListItem","position":3,"name":"Figury p\u0142askie. -pole i obw\u00f3d. OBSERWATORIUM"}]},{"@type":"WebSite","@id":"https:\/\/sklep.edudomo.pl\/#website","url":"https:\/\/sklep.edudomo.pl\/","name":"sklep EduDoMo","description":"Edukacja Domowa. Terapia. Wspieranie Talent&oacute;w","publisher":{"@id":"https:\/\/sklep.edudomo.pl\/#organization"},"potentialAction":[{"@type":"SearchAction","target":{"@type":"EntryPoint","urlTemplate":"https:\/\/sklep.edudomo.pl\/?s={search_term_string}"},"query-input":{"@type":"PropertyValueSpecification","valueRequired":true,"valueName":"search_term_string"}}],"inLanguage":"en-GB"},{"@type":"Organization","@id":"https:\/\/sklep.edudomo.pl\/#organization","name":"EduDoMo","url":"https:\/\/sklep.edudomo.pl\/","logo":{"@type":"ImageObject","inLanguage":"en-GB","@id":"https:\/\/sklep.edudomo.pl\/#\/schema\/logo\/image\/","url":"https:\/\/sklep.edudomo.pl\/wp-content\/uploads\/2019\/11\/cropped-logo-edudomo-sowa.jpg","contentUrl":"https:\/\/sklep.edudomo.pl\/wp-content\/uploads\/2019\/11\/cropped-logo-edudomo-sowa.jpg","width":120,"height":120,"caption":"EduDoMo"},"image":{"@id":"https:\/\/sklep.edudomo.pl\/#\/schema\/logo\/image\/"}}]}},"jetpack_sharing_enabled":true,"_links":{"self":[{"href":"https:\/\/sklep.edudomo.pl\/en\/wp-json\/wp\/v2\/product\/8639","targetHints":{"allow":["GET"]}}],"collection":[{"href":"https:\/\/sklep.edudomo.pl\/en\/wp-json\/wp\/v2\/product"}],"about":[{"href":"https:\/\/sklep.edudomo.pl\/en\/wp-json\/wp\/v2\/types\/product"}],"replies":[{"embeddable":true,"href":"https:\/\/sklep.edudomo.pl\/en\/wp-json\/wp\/v2\/comments?post=8639"}],"wp:featuredmedia":[{"embeddable":true,"href":"https:\/\/sklep.edudomo.pl\/en\/wp-json\/wp\/v2\/media\/8640"}],"wp:attachment":[{"href":"https:\/\/sklep.edudomo.pl\/en\/wp-json\/wp\/v2\/media?parent=8639"}],"wp:term":[{"taxonomy":"product_brand","embeddable":true,"href":"https:\/\/sklep.edudomo.pl\/en\/wp-json\/wp\/v2\/product_brand?post=8639"},{"taxonomy":"product_cat","embeddable":true,"href":"https:\/\/sklep.edudomo.pl\/en\/wp-json\/wp\/v2\/product_cat?post=8639"},{"taxonomy":"product_tag","embeddable":true,"href":"https:\/\/sklep.edudomo.pl\/en\/wp-json\/wp\/v2\/product_tag?post=8639"}],"curies":[{"name":"wp","href":"https:\/\/api.w.org\/{rel}","templated":true}]}}