{"id":8699,"date":"2022-06-07T18:51:53","date_gmt":"2022-06-07T18:51:53","guid":{"rendered":"https:\/\/sklep.edudomo.pl\/?post_type=product&#038;p=8699"},"modified":"2025-11-25T17:03:29","modified_gmt":"2025-11-25T17:03:29","slug":"wielcy-odkrywcy-odkrycia-geograficzne","status":"publish","type":"product","link":"https:\/\/sklep.edudomo.pl\/en\/sklep\/wielcy-odkrywcy-odkrycia-geograficzne\/","title":{"rendered":"Wielcy odkrywcy &#8211; odkrycia geograficzne &#8211; plansza oraz karty informacyjne"},"content":{"rendered":"<p>Wielcy odkrywcy &#8211; odkrycia geograficzne<\/p>\n<p class=\"moz-quote-pre\">Plansza z dziewi\u0119cioma ilustracjami wielkich odkrywc\u00f3w geograficznych, kt\u00f3rzy uzupe\u0142niali map\u0119 \u015awiata.<\/p>\n<p class=\"moz-quote-pre\">Jedna z pierwszych map \u015awiata widnieje na \u015brodku planszy, gdzie na rewersie jest zapisana jest podpowied\u017a jak nazywaj\u0105 si\u0119 wielcy odkrywcy.<\/p>\n<p>Zestaw zawiera:<\/p>\n<p>&#8211; plansza o wymiarach 29cm \/ 29cm z ko\u0142ami na kt\u00f3rych widniej\u0105 portrety znanych odkrywc\u00f3w a na rewersach ich nazwiska<\/p>\n<p>&#8211; 8 kart w formacie A4 z mapami odkry\u0107 i podr\u00f3\u017cy poszczeg\u00f3lnych \u017ceglarzy.<\/p>\n<p>&nbsp;<\/p>\n","protected":false},"excerpt":{"rendered":"<p>Wielcy odkrywcy &#8211; odkrycia geograficzne Plansza z dziewi\u0119cioma ilustracjami wielkich odkrywc\u00f3w geograficznych, kt\u00f3rzy uzupe\u0142niali map\u0119 \u015awiata. Jedna z pierwszych map \u015awiata widnieje na \u015brodku planszy, gdzie na rewersie jest zapisana jest podpowied\u017a jak nazywaj\u0105 si\u0119 wielcy odkrywcy. Zestaw zawiera: &#8211; plansza o wymiarach 29cm \/ 29cm z ko\u0142ami na kt\u00f3rych widniej\u0105 portrety znanych odkrywc\u00f3w a<span class=\"read-more-faq\"><a href=\"https:\/\/sklep.edudomo.pl\/en\/sklep\/wielcy-odkrywcy-odkrycia-geograficzne\/\">Read More<\/a><\/span><\/p>\n","protected":false},"featured_media":8700,"comment_status":"open","ping_status":"closed","template":"","meta":[],"product_brand":[],"product_cat":[],"product_tag":[],"class_list":{"0":"post-8699","1":"product","2":"type-product","3":"status-publish","4":"has-post-thumbnail","6":"product_shipping_class-inpost-kurier-a","8":"first","9":"onbackorder","10":"taxable","11":"shipping-taxable","12":"purchasable","13":"product-type-simple"},"yoast_head":"<!-- This site is optimized with the Yoast SEO plugin v26.5 - https:\/\/yoast.com\/wordpress\/plugins\/seo\/ -->\n<title>Wielcy odkrywcy - odkrycia geograficzne - plansza oraz karty informacyjne<\/title>\n<meta name=\"robots\" content=\"index, follow, max-snippet:-1, max-image-preview:large, max-video-preview:-1\" \/>\n<link rel=\"canonical\" href=\"https:\/\/sklep.edudomo.pl\/en\/sklep\/wielcy-odkrywcy-odkrycia-geograficzne\/\" \/>\n<meta property=\"og:locale\" content=\"en_GB\" \/>\n<meta property=\"og:locale:alternate\" content=\"pl_PL\" \/>\n<meta property=\"og:type\" content=\"article\" \/>\n<meta property=\"og:title\" content=\"Wielcy odkrywcy - odkrycia geograficzne - plansza oraz karty informacyjne\" \/>\n<meta property=\"og:description\" content=\"Wielcy odkrywcy &#8211; odkrycia geograficzne Plansza z dziewi\u0119cioma ilustracjami wielkich odkrywc\u00f3w geograficznych, kt\u00f3rzy uzupe\u0142niali map\u0119 \u015awiata. Jedna z pierwszych map \u015awiata widnieje na \u015brodku planszy, gdzie na rewersie jest zapisana jest podpowied\u017a jak nazywaj\u0105 si\u0119 wielcy odkrywcy. Zestaw zawiera: &#8211; plansza o wymiarach 29cm \/ 29cm z ko\u0142ami na kt\u00f3rych widniej\u0105 portrety znanych odkrywc\u00f3w aRead More\" \/>\n<meta property=\"og:url\" content=\"https:\/\/sklep.edudomo.pl\/en\/sklep\/wielcy-odkrywcy-odkrycia-geograficzne\/\" \/>\n<meta property=\"og:site_name\" content=\"sklep EduDoMo\" \/>\n<meta property=\"article:modified_time\" content=\"2025-11-25T17:03:29+00:00\" \/>\n<meta property=\"og:image\" content=\"https:\/\/sklep.edudomo.pl\/wp-content\/uploads\/2022\/06\/pierwsze-odkrycia-geograficzne.jpg\" \/>\n\t<meta property=\"og:image:width\" content=\"612\" \/>\n\t<meta property=\"og:image:height\" content=\"640\" \/>\n\t<meta property=\"og:image:type\" content=\"image\/jpeg\" \/>\n<meta name=\"twitter:card\" content=\"summary_large_image\" \/>\n<meta name=\"twitter:label1\" content=\"Estimated reading time\" \/>\n\t<meta name=\"twitter:data1\" content=\"1 minute\" \/>\n<script type=\"application\/ld+json\" class=\"yoast-schema-graph\">{\"@context\":\"https:\/\/schema.org\",\"@graph\":[{\"@type\":\"WebPage\",\"@id\":\"https:\/\/sklep.edudomo.pl\/sklep\/wielcy-odkrywcy-odkrycia-geograficzne\/\",\"url\":\"https:\/\/sklep.edudomo.pl\/sklep\/wielcy-odkrywcy-odkrycia-geograficzne\/\",\"name\":\"Wielcy odkrywcy - odkrycia geograficzne - plansza oraz karty informacyjne\",\"isPartOf\":{\"@id\":\"https:\/\/sklep.edudomo.pl\/#website\"},\"primaryImageOfPage\":{\"@id\":\"https:\/\/sklep.edudomo.pl\/sklep\/wielcy-odkrywcy-odkrycia-geograficzne\/#primaryimage\"},\"image\":{\"@id\":\"https:\/\/sklep.edudomo.pl\/sklep\/wielcy-odkrywcy-odkrycia-geograficzne\/#primaryimage\"},\"thumbnailUrl\":\"https:\/\/sklep.edudomo.pl\/wp-content\/uploads\/2022\/06\/pierwsze-odkrycia-geograficzne.jpg\",\"datePublished\":\"2022-06-07T18:51:53+00:00\",\"dateModified\":\"2025-11-25T17:03:29+00:00\",\"breadcrumb\":{\"@id\":\"https:\/\/sklep.edudomo.pl\/sklep\/wielcy-odkrywcy-odkrycia-geograficzne\/#breadcrumb\"},\"inLanguage\":\"en-GB\",\"potentialAction\":[{\"@type\":\"ReadAction\",\"target\":[\"https:\/\/sklep.edudomo.pl\/sklep\/wielcy-odkrywcy-odkrycia-geograficzne\/\"]}]},{\"@type\":\"ImageObject\",\"inLanguage\":\"en-GB\",\"@id\":\"https:\/\/sklep.edudomo.pl\/sklep\/wielcy-odkrywcy-odkrycia-geograficzne\/#primaryimage\",\"url\":\"https:\/\/sklep.edudomo.pl\/wp-content\/uploads\/2022\/06\/pierwsze-odkrycia-geograficzne.jpg\",\"contentUrl\":\"https:\/\/sklep.edudomo.pl\/wp-content\/uploads\/2022\/06\/pierwsze-odkrycia-geograficzne.jpg\",\"width\":612,\"height\":640,\"caption\":\"odkrycia geograficzne\"},{\"@type\":\"BreadcrumbList\",\"@id\":\"https:\/\/sklep.edudomo.pl\/sklep\/wielcy-odkrywcy-odkrycia-geograficzne\/#breadcrumb\",\"itemListElement\":[{\"@type\":\"ListItem\",\"position\":1,\"name\":\"Strona g\u0142\u00f3wna\",\"item\":\"https:\/\/sklep.edudomo.pl\/\"},{\"@type\":\"ListItem\",\"position\":2,\"name\":\"Sklep\",\"item\":\"https:\/\/sklep.edudomo.pl\/\"},{\"@type\":\"ListItem\",\"position\":3,\"name\":\"Wielcy odkrywcy &#8211; odkrycia geograficzne &#8211; plansza oraz karty informacyjne\"}]},{\"@type\":\"WebSite\",\"@id\":\"https:\/\/sklep.edudomo.pl\/#website\",\"url\":\"https:\/\/sklep.edudomo.pl\/\",\"name\":\"sklep EduDoMo\",\"description\":\"Edukacja Domowa. Terapia. Wspieranie Talent&oacute;w\",\"publisher\":{\"@id\":\"https:\/\/sklep.edudomo.pl\/#organization\"},\"potentialAction\":[{\"@type\":\"SearchAction\",\"target\":{\"@type\":\"EntryPoint\",\"urlTemplate\":\"https:\/\/sklep.edudomo.pl\/?s={search_term_string}\"},\"query-input\":{\"@type\":\"PropertyValueSpecification\",\"valueRequired\":true,\"valueName\":\"search_term_string\"}}],\"inLanguage\":\"en-GB\"},{\"@type\":\"Organization\",\"@id\":\"https:\/\/sklep.edudomo.pl\/#organization\",\"name\":\"EduDoMo\",\"url\":\"https:\/\/sklep.edudomo.pl\/\",\"logo\":{\"@type\":\"ImageObject\",\"inLanguage\":\"en-GB\",\"@id\":\"https:\/\/sklep.edudomo.pl\/#\/schema\/logo\/image\/\",\"url\":\"https:\/\/sklep.edudomo.pl\/wp-content\/uploads\/2019\/11\/cropped-logo-edudomo-sowa.jpg\",\"contentUrl\":\"https:\/\/sklep.edudomo.pl\/wp-content\/uploads\/2019\/11\/cropped-logo-edudomo-sowa.jpg\",\"width\":120,\"height\":120,\"caption\":\"EduDoMo\"},\"image\":{\"@id\":\"https:\/\/sklep.edudomo.pl\/#\/schema\/logo\/image\/\"}}]}<\/script>\n<!-- \/ Yoast SEO plugin. -->","yoast_head_json":{"title":"Wielcy odkrywcy - odkrycia geograficzne - plansza oraz karty informacyjne","robots":{"index":"index","follow":"follow","max-snippet":"max-snippet:-1","max-image-preview":"max-image-preview:large","max-video-preview":"max-video-preview:-1"},"canonical":"https:\/\/sklep.edudomo.pl\/en\/sklep\/wielcy-odkrywcy-odkrycia-geograficzne\/","og_locale":"en_GB","og_type":"article","og_title":"[:pl]Wielcy odkrywcy - odkrycia geograficzne - plansza oraz karty informacyjne[:] - sklep EduDoMo","og_description":"Wielcy odkrywcy &#8211; odkrycia geograficzne Plansza z dziewi\u0119cioma ilustracjami wielkich odkrywc\u00f3w geograficznych, kt\u00f3rzy uzupe\u0142niali map\u0119 \u015awiata. Jedna z pierwszych map \u015awiata widnieje na \u015brodku planszy, gdzie na rewersie jest zapisana jest podpowied\u017a jak nazywaj\u0105 si\u0119 wielcy odkrywcy. Zestaw zawiera: &#8211; plansza o wymiarach 29cm \/ 29cm z ko\u0142ami na kt\u00f3rych widniej\u0105 portrety znanych odkrywc\u00f3w aRead More","og_url":"https:\/\/sklep.edudomo.pl\/en\/sklep\/wielcy-odkrywcy-odkrycia-geograficzne\/","og_site_name":"sklep EduDoMo","article_modified_time":"2025-11-25T17:03:29+00:00","og_image":[{"width":612,"height":640,"url":"https:\/\/sklep.edudomo.pl\/wp-content\/uploads\/2022\/06\/pierwsze-odkrycia-geograficzne.jpg","type":"image\/jpeg"}],"twitter_card":"summary_large_image","twitter_misc":{"Estimated reading time":"1 minute"},"schema":{"@context":"https:\/\/schema.org","@graph":[{"@type":"WebPage","@id":"https:\/\/sklep.edudomo.pl\/sklep\/wielcy-odkrywcy-odkrycia-geograficzne\/","url":"https:\/\/sklep.edudomo.pl\/sklep\/wielcy-odkrywcy-odkrycia-geograficzne\/","name":"Wielcy odkrywcy - odkrycia geograficzne - plansza oraz karty informacyjne","isPartOf":{"@id":"https:\/\/sklep.edudomo.pl\/#website"},"primaryImageOfPage":{"@id":"https:\/\/sklep.edudomo.pl\/sklep\/wielcy-odkrywcy-odkrycia-geograficzne\/#primaryimage"},"image":{"@id":"https:\/\/sklep.edudomo.pl\/sklep\/wielcy-odkrywcy-odkrycia-geograficzne\/#primaryimage"},"thumbnailUrl":"https:\/\/sklep.edudomo.pl\/wp-content\/uploads\/2022\/06\/pierwsze-odkrycia-geograficzne.jpg","datePublished":"2022-06-07T18:51:53+00:00","dateModified":"2025-11-25T17:03:29+00:00","breadcrumb":{"@id":"https:\/\/sklep.edudomo.pl\/sklep\/wielcy-odkrywcy-odkrycia-geograficzne\/#breadcrumb"},"inLanguage":"en-GB","potentialAction":[{"@type":"ReadAction","target":["https:\/\/sklep.edudomo.pl\/sklep\/wielcy-odkrywcy-odkrycia-geograficzne\/"]}]},{"@type":"ImageObject","inLanguage":"en-GB","@id":"https:\/\/sklep.edudomo.pl\/sklep\/wielcy-odkrywcy-odkrycia-geograficzne\/#primaryimage","url":"https:\/\/sklep.edudomo.pl\/wp-content\/uploads\/2022\/06\/pierwsze-odkrycia-geograficzne.jpg","contentUrl":"https:\/\/sklep.edudomo.pl\/wp-content\/uploads\/2022\/06\/pierwsze-odkrycia-geograficzne.jpg","width":612,"height":640,"caption":"odkrycia geograficzne"},{"@type":"BreadcrumbList","@id":"https:\/\/sklep.edudomo.pl\/sklep\/wielcy-odkrywcy-odkrycia-geograficzne\/#breadcrumb","itemListElement":[{"@type":"ListItem","position":1,"name":"Strona g\u0142\u00f3wna","item":"https:\/\/sklep.edudomo.pl\/"},{"@type":"ListItem","position":2,"name":"Sklep","item":"https:\/\/sklep.edudomo.pl\/"},{"@type":"ListItem","position":3,"name":"Wielcy odkrywcy &#8211; odkrycia geograficzne &#8211; plansza oraz karty informacyjne"}]},{"@type":"WebSite","@id":"https:\/\/sklep.edudomo.pl\/#website","url":"https:\/\/sklep.edudomo.pl\/","name":"sklep EduDoMo","description":"Edukacja Domowa. Terapia. Wspieranie Talent&oacute;w","publisher":{"@id":"https:\/\/sklep.edudomo.pl\/#organization"},"potentialAction":[{"@type":"SearchAction","target":{"@type":"EntryPoint","urlTemplate":"https:\/\/sklep.edudomo.pl\/?s={search_term_string}"},"query-input":{"@type":"PropertyValueSpecification","valueRequired":true,"valueName":"search_term_string"}}],"inLanguage":"en-GB"},{"@type":"Organization","@id":"https:\/\/sklep.edudomo.pl\/#organization","name":"EduDoMo","url":"https:\/\/sklep.edudomo.pl\/","logo":{"@type":"ImageObject","inLanguage":"en-GB","@id":"https:\/\/sklep.edudomo.pl\/#\/schema\/logo\/image\/","url":"https:\/\/sklep.edudomo.pl\/wp-content\/uploads\/2019\/11\/cropped-logo-edudomo-sowa.jpg","contentUrl":"https:\/\/sklep.edudomo.pl\/wp-content\/uploads\/2019\/11\/cropped-logo-edudomo-sowa.jpg","width":120,"height":120,"caption":"EduDoMo"},"image":{"@id":"https:\/\/sklep.edudomo.pl\/#\/schema\/logo\/image\/"}}]}},"jetpack_sharing_enabled":true,"_links":{"self":[{"href":"https:\/\/sklep.edudomo.pl\/en\/wp-json\/wp\/v2\/product\/8699","targetHints":{"allow":["GET"]}}],"collection":[{"href":"https:\/\/sklep.edudomo.pl\/en\/wp-json\/wp\/v2\/product"}],"about":[{"href":"https:\/\/sklep.edudomo.pl\/en\/wp-json\/wp\/v2\/types\/product"}],"replies":[{"embeddable":true,"href":"https:\/\/sklep.edudomo.pl\/en\/wp-json\/wp\/v2\/comments?post=8699"}],"wp:featuredmedia":[{"embeddable":true,"href":"https:\/\/sklep.edudomo.pl\/en\/wp-json\/wp\/v2\/media\/8700"}],"wp:attachment":[{"href":"https:\/\/sklep.edudomo.pl\/en\/wp-json\/wp\/v2\/media?parent=8699"}],"wp:term":[{"taxonomy":"product_brand","embeddable":true,"href":"https:\/\/sklep.edudomo.pl\/en\/wp-json\/wp\/v2\/product_brand?post=8699"},{"taxonomy":"product_cat","embeddable":true,"href":"https:\/\/sklep.edudomo.pl\/en\/wp-json\/wp\/v2\/product_cat?post=8699"},{"taxonomy":"product_tag","embeddable":true,"href":"https:\/\/sklep.edudomo.pl\/en\/wp-json\/wp\/v2\/product_tag?post=8699"}],"curies":[{"name":"wp","href":"https:\/\/api.w.org\/{rel}","templated":true}]}}