{"id":8826,"date":"2022-06-26T06:33:43","date_gmt":"2022-06-26T06:33:43","guid":{"rendered":"https:\/\/sklep.edudomo.pl\/?post_type=product&#038;p=8826"},"modified":"2025-10-26T05:59:25","modified_gmt":"2025-10-26T05:59:25","slug":"przedsprzedaz-uklad-okresowy-pierwiastkow-puzzle-edudomo","status":"publish","type":"product","link":"https:\/\/sklep.edudomo.pl\/en\/sklep\/przedsprzedaz-uklad-okresowy-pierwiastkow-puzzle-edudomo\/","title":{"rendered":"Uk\u0142ad okresowy pierwiastk\u00f3w. Puzzle EduDoMo"},"content":{"rendered":"<p>Uk\u0142ad okresowy pierwiastk\u00f3w.<\/p>\n<p>-plansza o wielko\u015bci oko\u0142o 47cm x 29cm z bloczkami do uk\u0142adania.<\/p>\n<p>&#8211; 3 plakietki oznaczaj\u0105ce stany skupienia<\/p>\n<p>-11 strza\u0142ek z nazwami z dan\u0105 grup\u0105 pierwiastk\u00f3w<\/p>\n<ul>\n<li>uk\u0142ad okresowy pierwiastk\u00f3w jest zgodny z podstaw\u0105 programow\u0105 nauczania Chemii z klasy 7 i 8<\/li>\n<\/ul>\n<p>&nbsp;<\/p>\n","protected":false},"excerpt":{"rendered":"<p>Uk\u0142ad okresowy pierwiastk\u00f3w. -plansza o wielko\u015bci oko\u0142o 47cm x 29cm z bloczkami do uk\u0142adania. &#8211; 3 plakietki oznaczaj\u0105ce stany skupienia -11 strza\u0142ek z nazwami z dan\u0105 grup\u0105 pierwiastk\u00f3w uk\u0142ad okresowy pierwiastk\u00f3w jest zgodny z podstaw\u0105 programow\u0105 nauczania Chemii z klasy 7 i 8 &nbsp;<\/p>\n","protected":false},"featured_media":8898,"comment_status":"open","ping_status":"closed","template":"","meta":[],"product_brand":[],"product_cat":[84],"product_tag":[],"class_list":{"0":"post-8826","1":"product","2":"type-product","3":"status-publish","4":"has-post-thumbnail","6":"product_cat-edukacja-kosmiczna","7":"product_shipping_class-inpost-kurier-a","9":"first","10":"onbackorder","11":"taxable","12":"shipping-taxable","13":"purchasable","14":"product-type-simple"},"yoast_head":"<!-- This site is optimized with the Yoast SEO plugin v26.5 - https:\/\/yoast.com\/wordpress\/plugins\/seo\/ -->\n<title>Uk\u0142ad okresowy pierwiastk\u00f3w. Puzzle EduDoMo<\/title>\n<meta name=\"robots\" content=\"index, follow, max-snippet:-1, max-image-preview:large, max-video-preview:-1\" \/>\n<link rel=\"canonical\" href=\"https:\/\/sklep.edudomo.pl\/en\/sklep\/przedsprzedaz-uklad-okresowy-pierwiastkow-puzzle-edudomo\/\" \/>\n<meta property=\"og:locale\" content=\"en_GB\" \/>\n<meta property=\"og:locale:alternate\" content=\"pl_PL\" \/>\n<meta property=\"og:type\" content=\"article\" \/>\n<meta property=\"og:title\" content=\"Uk\u0142ad okresowy pierwiastk\u00f3w. Puzzle EduDoMo\" \/>\n<meta property=\"og:description\" content=\"Uk\u0142ad okresowy pierwiastk\u00f3w. -plansza o wielko\u015bci oko\u0142o 47cm x 29cm z bloczkami do uk\u0142adania. &#8211; 3 plakietki oznaczaj\u0105ce stany skupienia -11 strza\u0142ek z nazwami z dan\u0105 grup\u0105 pierwiastk\u00f3w uk\u0142ad okresowy pierwiastk\u00f3w jest zgodny z podstaw\u0105 programow\u0105 nauczania Chemii z klasy 7 i 8 &nbsp;\" \/>\n<meta property=\"og:url\" content=\"https:\/\/sklep.edudomo.pl\/en\/sklep\/przedsprzedaz-uklad-okresowy-pierwiastkow-puzzle-edudomo\/\" \/>\n<meta property=\"og:site_name\" content=\"sklep EduDoMo\" \/>\n<meta property=\"article:modified_time\" content=\"2025-10-26T05:59:25+00:00\" \/>\n<meta property=\"og:image\" content=\"https:\/\/sklep.edudomo.pl\/wp-content\/uploads\/2022\/06\/uklad-okresowy-edudomo.jpg\" \/>\n\t<meta property=\"og:image:width\" content=\"640\" \/>\n\t<meta property=\"og:image:height\" content=\"475\" \/>\n\t<meta property=\"og:image:type\" content=\"image\/jpeg\" \/>\n<meta name=\"twitter:card\" content=\"summary_large_image\" \/>\n<meta name=\"twitter:label1\" content=\"Estimated reading time\" \/>\n\t<meta name=\"twitter:data1\" content=\"1 minute\" \/>\n<script type=\"application\/ld+json\" class=\"yoast-schema-graph\">{\"@context\":\"https:\/\/schema.org\",\"@graph\":[{\"@type\":\"WebPage\",\"@id\":\"https:\/\/sklep.edudomo.pl\/sklep\/przedsprzedaz-uklad-okresowy-pierwiastkow-puzzle-edudomo\/\",\"url\":\"https:\/\/sklep.edudomo.pl\/sklep\/przedsprzedaz-uklad-okresowy-pierwiastkow-puzzle-edudomo\/\",\"name\":\"Uk\u0142ad okresowy pierwiastk\u00f3w. Puzzle EduDoMo\",\"isPartOf\":{\"@id\":\"https:\/\/sklep.edudomo.pl\/#website\"},\"primaryImageOfPage\":{\"@id\":\"https:\/\/sklep.edudomo.pl\/sklep\/przedsprzedaz-uklad-okresowy-pierwiastkow-puzzle-edudomo\/#primaryimage\"},\"image\":{\"@id\":\"https:\/\/sklep.edudomo.pl\/sklep\/przedsprzedaz-uklad-okresowy-pierwiastkow-puzzle-edudomo\/#primaryimage\"},\"thumbnailUrl\":\"https:\/\/sklep.edudomo.pl\/wp-content\/uploads\/2022\/06\/uklad-okresowy-edudomo.jpg\",\"datePublished\":\"2022-06-26T06:33:43+00:00\",\"dateModified\":\"2025-10-26T05:59:25+00:00\",\"breadcrumb\":{\"@id\":\"https:\/\/sklep.edudomo.pl\/sklep\/przedsprzedaz-uklad-okresowy-pierwiastkow-puzzle-edudomo\/#breadcrumb\"},\"inLanguage\":\"en-GB\",\"potentialAction\":[{\"@type\":\"ReadAction\",\"target\":[\"https:\/\/sklep.edudomo.pl\/sklep\/przedsprzedaz-uklad-okresowy-pierwiastkow-puzzle-edudomo\/\"]}]},{\"@type\":\"ImageObject\",\"inLanguage\":\"en-GB\",\"@id\":\"https:\/\/sklep.edudomo.pl\/sklep\/przedsprzedaz-uklad-okresowy-pierwiastkow-puzzle-edudomo\/#primaryimage\",\"url\":\"https:\/\/sklep.edudomo.pl\/wp-content\/uploads\/2022\/06\/uklad-okresowy-edudomo.jpg\",\"contentUrl\":\"https:\/\/sklep.edudomo.pl\/wp-content\/uploads\/2022\/06\/uklad-okresowy-edudomo.jpg\",\"width\":640,\"height\":475,\"caption\":\"uk\u0142ad okresowy edudomo\"},{\"@type\":\"BreadcrumbList\",\"@id\":\"https:\/\/sklep.edudomo.pl\/sklep\/przedsprzedaz-uklad-okresowy-pierwiastkow-puzzle-edudomo\/#breadcrumb\",\"itemListElement\":[{\"@type\":\"ListItem\",\"position\":1,\"name\":\"Strona g\u0142\u00f3wna\",\"item\":\"https:\/\/sklep.edudomo.pl\/\"},{\"@type\":\"ListItem\",\"position\":2,\"name\":\"Sklep\",\"item\":\"https:\/\/sklep.edudomo.pl\/\"},{\"@type\":\"ListItem\",\"position\":3,\"name\":\"Uk\u0142ad okresowy pierwiastk\u00f3w. Puzzle EduDoMo\"}]},{\"@type\":\"WebSite\",\"@id\":\"https:\/\/sklep.edudomo.pl\/#website\",\"url\":\"https:\/\/sklep.edudomo.pl\/\",\"name\":\"sklep EduDoMo\",\"description\":\"Edukacja Domowa. Terapia. Wspieranie Talent&oacute;w\",\"publisher\":{\"@id\":\"https:\/\/sklep.edudomo.pl\/#organization\"},\"potentialAction\":[{\"@type\":\"SearchAction\",\"target\":{\"@type\":\"EntryPoint\",\"urlTemplate\":\"https:\/\/sklep.edudomo.pl\/?s={search_term_string}\"},\"query-input\":{\"@type\":\"PropertyValueSpecification\",\"valueRequired\":true,\"valueName\":\"search_term_string\"}}],\"inLanguage\":\"en-GB\"},{\"@type\":\"Organization\",\"@id\":\"https:\/\/sklep.edudomo.pl\/#organization\",\"name\":\"EduDoMo\",\"url\":\"https:\/\/sklep.edudomo.pl\/\",\"logo\":{\"@type\":\"ImageObject\",\"inLanguage\":\"en-GB\",\"@id\":\"https:\/\/sklep.edudomo.pl\/#\/schema\/logo\/image\/\",\"url\":\"https:\/\/sklep.edudomo.pl\/wp-content\/uploads\/2019\/11\/cropped-logo-edudomo-sowa.jpg\",\"contentUrl\":\"https:\/\/sklep.edudomo.pl\/wp-content\/uploads\/2019\/11\/cropped-logo-edudomo-sowa.jpg\",\"width\":120,\"height\":120,\"caption\":\"EduDoMo\"},\"image\":{\"@id\":\"https:\/\/sklep.edudomo.pl\/#\/schema\/logo\/image\/\"}}]}<\/script>\n<!-- \/ Yoast SEO plugin. -->","yoast_head_json":{"title":"Uk\u0142ad okresowy pierwiastk\u00f3w. Puzzle EduDoMo","robots":{"index":"index","follow":"follow","max-snippet":"max-snippet:-1","max-image-preview":"max-image-preview:large","max-video-preview":"max-video-preview:-1"},"canonical":"https:\/\/sklep.edudomo.pl\/en\/sklep\/przedsprzedaz-uklad-okresowy-pierwiastkow-puzzle-edudomo\/","og_locale":"en_GB","og_type":"article","og_title":"[:pl]Uk\u0142ad okresowy pierwiastk\u00f3w. Puzzle EduDoMo[:] - sklep EduDoMo","og_description":"Uk\u0142ad okresowy pierwiastk\u00f3w. -plansza o wielko\u015bci oko\u0142o 47cm x 29cm z bloczkami do uk\u0142adania. &#8211; 3 plakietki oznaczaj\u0105ce stany skupienia -11 strza\u0142ek z nazwami z dan\u0105 grup\u0105 pierwiastk\u00f3w uk\u0142ad okresowy pierwiastk\u00f3w jest zgodny z podstaw\u0105 programow\u0105 nauczania Chemii z klasy 7 i 8 &nbsp;","og_url":"https:\/\/sklep.edudomo.pl\/en\/sklep\/przedsprzedaz-uklad-okresowy-pierwiastkow-puzzle-edudomo\/","og_site_name":"sklep EduDoMo","article_modified_time":"2025-10-26T05:59:25+00:00","og_image":[{"width":640,"height":475,"url":"https:\/\/sklep.edudomo.pl\/wp-content\/uploads\/2022\/06\/uklad-okresowy-edudomo.jpg","type":"image\/jpeg"}],"twitter_card":"summary_large_image","twitter_misc":{"Estimated reading time":"1 minute"},"schema":{"@context":"https:\/\/schema.org","@graph":[{"@type":"WebPage","@id":"https:\/\/sklep.edudomo.pl\/sklep\/przedsprzedaz-uklad-okresowy-pierwiastkow-puzzle-edudomo\/","url":"https:\/\/sklep.edudomo.pl\/sklep\/przedsprzedaz-uklad-okresowy-pierwiastkow-puzzle-edudomo\/","name":"Uk\u0142ad okresowy pierwiastk\u00f3w. Puzzle EduDoMo","isPartOf":{"@id":"https:\/\/sklep.edudomo.pl\/#website"},"primaryImageOfPage":{"@id":"https:\/\/sklep.edudomo.pl\/sklep\/przedsprzedaz-uklad-okresowy-pierwiastkow-puzzle-edudomo\/#primaryimage"},"image":{"@id":"https:\/\/sklep.edudomo.pl\/sklep\/przedsprzedaz-uklad-okresowy-pierwiastkow-puzzle-edudomo\/#primaryimage"},"thumbnailUrl":"https:\/\/sklep.edudomo.pl\/wp-content\/uploads\/2022\/06\/uklad-okresowy-edudomo.jpg","datePublished":"2022-06-26T06:33:43+00:00","dateModified":"2025-10-26T05:59:25+00:00","breadcrumb":{"@id":"https:\/\/sklep.edudomo.pl\/sklep\/przedsprzedaz-uklad-okresowy-pierwiastkow-puzzle-edudomo\/#breadcrumb"},"inLanguage":"en-GB","potentialAction":[{"@type":"ReadAction","target":["https:\/\/sklep.edudomo.pl\/sklep\/przedsprzedaz-uklad-okresowy-pierwiastkow-puzzle-edudomo\/"]}]},{"@type":"ImageObject","inLanguage":"en-GB","@id":"https:\/\/sklep.edudomo.pl\/sklep\/przedsprzedaz-uklad-okresowy-pierwiastkow-puzzle-edudomo\/#primaryimage","url":"https:\/\/sklep.edudomo.pl\/wp-content\/uploads\/2022\/06\/uklad-okresowy-edudomo.jpg","contentUrl":"https:\/\/sklep.edudomo.pl\/wp-content\/uploads\/2022\/06\/uklad-okresowy-edudomo.jpg","width":640,"height":475,"caption":"uk\u0142ad okresowy edudomo"},{"@type":"BreadcrumbList","@id":"https:\/\/sklep.edudomo.pl\/sklep\/przedsprzedaz-uklad-okresowy-pierwiastkow-puzzle-edudomo\/#breadcrumb","itemListElement":[{"@type":"ListItem","position":1,"name":"Strona g\u0142\u00f3wna","item":"https:\/\/sklep.edudomo.pl\/"},{"@type":"ListItem","position":2,"name":"Sklep","item":"https:\/\/sklep.edudomo.pl\/"},{"@type":"ListItem","position":3,"name":"Uk\u0142ad okresowy pierwiastk\u00f3w. Puzzle EduDoMo"}]},{"@type":"WebSite","@id":"https:\/\/sklep.edudomo.pl\/#website","url":"https:\/\/sklep.edudomo.pl\/","name":"sklep EduDoMo","description":"Edukacja Domowa. Terapia. Wspieranie Talent&oacute;w","publisher":{"@id":"https:\/\/sklep.edudomo.pl\/#organization"},"potentialAction":[{"@type":"SearchAction","target":{"@type":"EntryPoint","urlTemplate":"https:\/\/sklep.edudomo.pl\/?s={search_term_string}"},"query-input":{"@type":"PropertyValueSpecification","valueRequired":true,"valueName":"search_term_string"}}],"inLanguage":"en-GB"},{"@type":"Organization","@id":"https:\/\/sklep.edudomo.pl\/#organization","name":"EduDoMo","url":"https:\/\/sklep.edudomo.pl\/","logo":{"@type":"ImageObject","inLanguage":"en-GB","@id":"https:\/\/sklep.edudomo.pl\/#\/schema\/logo\/image\/","url":"https:\/\/sklep.edudomo.pl\/wp-content\/uploads\/2019\/11\/cropped-logo-edudomo-sowa.jpg","contentUrl":"https:\/\/sklep.edudomo.pl\/wp-content\/uploads\/2019\/11\/cropped-logo-edudomo-sowa.jpg","width":120,"height":120,"caption":"EduDoMo"},"image":{"@id":"https:\/\/sklep.edudomo.pl\/#\/schema\/logo\/image\/"}}]}},"jetpack_sharing_enabled":true,"_links":{"self":[{"href":"https:\/\/sklep.edudomo.pl\/en\/wp-json\/wp\/v2\/product\/8826","targetHints":{"allow":["GET"]}}],"collection":[{"href":"https:\/\/sklep.edudomo.pl\/en\/wp-json\/wp\/v2\/product"}],"about":[{"href":"https:\/\/sklep.edudomo.pl\/en\/wp-json\/wp\/v2\/types\/product"}],"replies":[{"embeddable":true,"href":"https:\/\/sklep.edudomo.pl\/en\/wp-json\/wp\/v2\/comments?post=8826"}],"wp:featuredmedia":[{"embeddable":true,"href":"https:\/\/sklep.edudomo.pl\/en\/wp-json\/wp\/v2\/media\/8898"}],"wp:attachment":[{"href":"https:\/\/sklep.edudomo.pl\/en\/wp-json\/wp\/v2\/media?parent=8826"}],"wp:term":[{"taxonomy":"product_brand","embeddable":true,"href":"https:\/\/sklep.edudomo.pl\/en\/wp-json\/wp\/v2\/product_brand?post=8826"},{"taxonomy":"product_cat","embeddable":true,"href":"https:\/\/sklep.edudomo.pl\/en\/wp-json\/wp\/v2\/product_cat?post=8826"},{"taxonomy":"product_tag","embeddable":true,"href":"https:\/\/sklep.edudomo.pl\/en\/wp-json\/wp\/v2\/product_tag?post=8826"}],"curies":[{"name":"wp","href":"https:\/\/api.w.org\/{rel}","templated":true}]}}