{"id":8965,"date":"2022-07-05T13:59:06","date_gmt":"2022-07-05T13:59:06","guid":{"rendered":"https:\/\/sklep.edudomo.pl\/?post_type=product&#038;p=8965"},"modified":"2025-11-25T17:01:41","modified_gmt":"2025-11-25T17:01:41","slug":"woda-i-jest-stany-skupienia","status":"publish","type":"product","link":"https:\/\/sklep.edudomo.pl\/en\/sklep\/woda-i-jest-stany-skupienia\/","title":{"rendered":"Woda i jej stany skupienia. (2 wersje koloru do wyboru)"},"content":{"rendered":"<p>Woda i jej stany skupienia.<\/p>\n<p>zestaw zawiera:<\/p>\n<p>-obrazki przedstawiaj\u0105ce 3 stany skupienia wody<\/p>\n<p>&#8211; strza\u0142ki z danymi nazwami przemian oraz podpowiedziami na rewersach jak powinny by\u0107 u\u0142o\u017cone<\/p>\n<p>Zmiany stan\u00f3w skupienia:<\/p>\n<ul>\n<li><strong>Topnienie<\/strong> \u2013 zmiana stanu skupienia ze sta\u0142ego na ciek\u0142y<\/li>\n<li><strong>Krzepni\u0119cie<\/strong> \u2013 zmiana stanu skupienia z ciek\u0142ego na sta\u0142y<\/li>\n<li><strong>Parowanie<\/strong> \u2013 zmiana stanu skupienia z ciek\u0142ego na gazowy<\/li>\n<li><strong>Skraplanie<\/strong> (kondensacja) \u2013 zmiana stanu skupienia z gazowego na ciek\u0142y<\/li>\n<li><strong>Sublimacja<\/strong> \u2013 zmiana stanu skupienia ze sta\u0142ego na gazowy<\/li>\n<li><strong>Resublimacja<\/strong> \u2013 zmiana stanu skupienia z gazowego na sta\u0142y<\/li>\n<\/ul>\n<p>&#8211; plansza o wymiarach 29cm x 29cm<\/p>\n<p>UWAGA:<\/p>\n<p>-prosz\u0119 wpisa\u0107 w uwagach preferowany kolor tlenu i wodoru<\/p>\n","protected":false},"excerpt":{"rendered":"<p>Woda i jej stany skupienia. zestaw zawiera: -obrazki przedstawiaj\u0105ce 3 stany skupienia wody &#8211; strza\u0142ki z danymi nazwami przemian oraz podpowiedziami na rewersach jak powinny by\u0107 u\u0142o\u017cone Zmiany stan\u00f3w skupienia: Topnienie \u2013 zmiana stanu skupienia ze sta\u0142ego na ciek\u0142y Krzepni\u0119cie \u2013 zmiana stanu skupienia z ciek\u0142ego na sta\u0142y Parowanie \u2013 zmiana stanu skupienia z ciek\u0142ego<span class=\"read-more-faq\"><a href=\"https:\/\/sklep.edudomo.pl\/en\/sklep\/woda-i-jest-stany-skupienia\/\">Read More<\/a><\/span><\/p>\n","protected":false},"featured_media":8966,"comment_status":"open","ping_status":"closed","template":"","meta":[],"product_brand":[],"product_cat":[134,84,86],"product_tag":[],"class_list":{"0":"post-8965","1":"product","2":"type-product","3":"status-publish","4":"has-post-thumbnail","6":"product_cat-chemia","7":"product_cat-edukacja-kosmiczna","8":"product_cat-material-sensoryczny","9":"product_shipping_class-inpost-kurier-a","11":"first","12":"onbackorder","13":"taxable","14":"shipping-taxable","15":"purchasable","16":"product-type-simple"},"yoast_head":"<!-- This site is optimized with the Yoast SEO plugin v26.5 - https:\/\/yoast.com\/wordpress\/plugins\/seo\/ -->\n<title>Woda i jej stany skupienia. (2 wersje koloru do wyboru)<\/title>\n<meta name=\"robots\" content=\"index, follow, max-snippet:-1, max-image-preview:large, max-video-preview:-1\" \/>\n<link rel=\"canonical\" href=\"https:\/\/sklep.edudomo.pl\/en\/sklep\/woda-i-jest-stany-skupienia\/\" \/>\n<meta property=\"og:locale\" content=\"en_GB\" \/>\n<meta property=\"og:locale:alternate\" content=\"pl_PL\" \/>\n<meta property=\"og:type\" content=\"article\" \/>\n<meta property=\"og:title\" content=\"Woda i jej stany skupienia. (2 wersje koloru do wyboru)\" \/>\n<meta property=\"og:description\" content=\"Woda i jej stany skupienia. zestaw zawiera: -obrazki przedstawiaj\u0105ce 3 stany skupienia wody &#8211; strza\u0142ki z danymi nazwami przemian oraz podpowiedziami na rewersach jak powinny by\u0107 u\u0142o\u017cone Zmiany stan\u00f3w skupienia: Topnienie \u2013 zmiana stanu skupienia ze sta\u0142ego na ciek\u0142y Krzepni\u0119cie \u2013 zmiana stanu skupienia z ciek\u0142ego na sta\u0142y Parowanie \u2013 zmiana stanu skupienia z ciek\u0142egoRead More\" \/>\n<meta property=\"og:url\" content=\"https:\/\/sklep.edudomo.pl\/en\/sklep\/woda-i-jest-stany-skupienia\/\" \/>\n<meta property=\"og:site_name\" content=\"sklep EduDoMo\" \/>\n<meta property=\"article:modified_time\" content=\"2025-11-25T17:01:41+00:00\" \/>\n<meta property=\"og:image\" content=\"https:\/\/sklep.edudomo.pl\/wp-content\/uploads\/2022\/07\/IMG_5370.jpg\" \/>\n\t<meta property=\"og:image:width\" content=\"640\" \/>\n\t<meta property=\"og:image:height\" content=\"606\" \/>\n\t<meta property=\"og:image:type\" content=\"image\/jpeg\" \/>\n<meta name=\"twitter:card\" content=\"summary_large_image\" \/>\n<meta name=\"twitter:label1\" content=\"Estimated reading time\" \/>\n\t<meta name=\"twitter:data1\" content=\"1 minute\" \/>\n<script type=\"application\/ld+json\" class=\"yoast-schema-graph\">{\"@context\":\"https:\/\/schema.org\",\"@graph\":[{\"@type\":\"WebPage\",\"@id\":\"https:\/\/sklep.edudomo.pl\/sklep\/woda-i-jest-stany-skupienia\/\",\"url\":\"https:\/\/sklep.edudomo.pl\/sklep\/woda-i-jest-stany-skupienia\/\",\"name\":\"Woda i jej stany skupienia. (2 wersje koloru do wyboru)\",\"isPartOf\":{\"@id\":\"https:\/\/sklep.edudomo.pl\/#website\"},\"primaryImageOfPage\":{\"@id\":\"https:\/\/sklep.edudomo.pl\/sklep\/woda-i-jest-stany-skupienia\/#primaryimage\"},\"image\":{\"@id\":\"https:\/\/sklep.edudomo.pl\/sklep\/woda-i-jest-stany-skupienia\/#primaryimage\"},\"thumbnailUrl\":\"https:\/\/sklep.edudomo.pl\/wp-content\/uploads\/2022\/07\/IMG_5370.jpg\",\"datePublished\":\"2022-07-05T13:59:06+00:00\",\"dateModified\":\"2025-11-25T17:01:41+00:00\",\"breadcrumb\":{\"@id\":\"https:\/\/sklep.edudomo.pl\/sklep\/woda-i-jest-stany-skupienia\/#breadcrumb\"},\"inLanguage\":\"en-GB\",\"potentialAction\":[{\"@type\":\"ReadAction\",\"target\":[\"https:\/\/sklep.edudomo.pl\/sklep\/woda-i-jest-stany-skupienia\/\"]}]},{\"@type\":\"ImageObject\",\"inLanguage\":\"en-GB\",\"@id\":\"https:\/\/sklep.edudomo.pl\/sklep\/woda-i-jest-stany-skupienia\/#primaryimage\",\"url\":\"https:\/\/sklep.edudomo.pl\/wp-content\/uploads\/2022\/07\/IMG_5370.jpg\",\"contentUrl\":\"https:\/\/sklep.edudomo.pl\/wp-content\/uploads\/2022\/07\/IMG_5370.jpg\",\"width\":640,\"height\":606,\"caption\":\"woda zmiana stanu skupienia\"},{\"@type\":\"BreadcrumbList\",\"@id\":\"https:\/\/sklep.edudomo.pl\/sklep\/woda-i-jest-stany-skupienia\/#breadcrumb\",\"itemListElement\":[{\"@type\":\"ListItem\",\"position\":1,\"name\":\"Strona g\u0142\u00f3wna\",\"item\":\"https:\/\/sklep.edudomo.pl\/\"},{\"@type\":\"ListItem\",\"position\":2,\"name\":\"Sklep\",\"item\":\"https:\/\/sklep.edudomo.pl\/\"},{\"@type\":\"ListItem\",\"position\":3,\"name\":\"Woda i jej stany skupienia. (2 wersje koloru do wyboru)\"}]},{\"@type\":\"WebSite\",\"@id\":\"https:\/\/sklep.edudomo.pl\/#website\",\"url\":\"https:\/\/sklep.edudomo.pl\/\",\"name\":\"sklep EduDoMo\",\"description\":\"Edukacja Domowa. Terapia. Wspieranie Talent&oacute;w\",\"publisher\":{\"@id\":\"https:\/\/sklep.edudomo.pl\/#organization\"},\"potentialAction\":[{\"@type\":\"SearchAction\",\"target\":{\"@type\":\"EntryPoint\",\"urlTemplate\":\"https:\/\/sklep.edudomo.pl\/?s={search_term_string}\"},\"query-input\":{\"@type\":\"PropertyValueSpecification\",\"valueRequired\":true,\"valueName\":\"search_term_string\"}}],\"inLanguage\":\"en-GB\"},{\"@type\":\"Organization\",\"@id\":\"https:\/\/sklep.edudomo.pl\/#organization\",\"name\":\"EduDoMo\",\"url\":\"https:\/\/sklep.edudomo.pl\/\",\"logo\":{\"@type\":\"ImageObject\",\"inLanguage\":\"en-GB\",\"@id\":\"https:\/\/sklep.edudomo.pl\/#\/schema\/logo\/image\/\",\"url\":\"https:\/\/sklep.edudomo.pl\/wp-content\/uploads\/2019\/11\/cropped-logo-edudomo-sowa.jpg\",\"contentUrl\":\"https:\/\/sklep.edudomo.pl\/wp-content\/uploads\/2019\/11\/cropped-logo-edudomo-sowa.jpg\",\"width\":120,\"height\":120,\"caption\":\"EduDoMo\"},\"image\":{\"@id\":\"https:\/\/sklep.edudomo.pl\/#\/schema\/logo\/image\/\"}}]}<\/script>\n<!-- \/ Yoast SEO plugin. -->","yoast_head_json":{"title":"Woda i jej stany skupienia. (2 wersje koloru do wyboru)","robots":{"index":"index","follow":"follow","max-snippet":"max-snippet:-1","max-image-preview":"max-image-preview:large","max-video-preview":"max-video-preview:-1"},"canonical":"https:\/\/sklep.edudomo.pl\/en\/sklep\/woda-i-jest-stany-skupienia\/","og_locale":"en_GB","og_type":"article","og_title":"[:pl]Woda i jej stany skupienia. (2 wersje koloru do wyboru)[:] - sklep EduDoMo","og_description":"Woda i jej stany skupienia. zestaw zawiera: -obrazki przedstawiaj\u0105ce 3 stany skupienia wody &#8211; strza\u0142ki z danymi nazwami przemian oraz podpowiedziami na rewersach jak powinny by\u0107 u\u0142o\u017cone Zmiany stan\u00f3w skupienia: Topnienie \u2013 zmiana stanu skupienia ze sta\u0142ego na ciek\u0142y Krzepni\u0119cie \u2013 zmiana stanu skupienia z ciek\u0142ego na sta\u0142y Parowanie \u2013 zmiana stanu skupienia z ciek\u0142egoRead More","og_url":"https:\/\/sklep.edudomo.pl\/en\/sklep\/woda-i-jest-stany-skupienia\/","og_site_name":"sklep EduDoMo","article_modified_time":"2025-11-25T17:01:41+00:00","og_image":[{"width":640,"height":606,"url":"https:\/\/sklep.edudomo.pl\/wp-content\/uploads\/2022\/07\/IMG_5370.jpg","type":"image\/jpeg"}],"twitter_card":"summary_large_image","twitter_misc":{"Estimated reading time":"1 minute"},"schema":{"@context":"https:\/\/schema.org","@graph":[{"@type":"WebPage","@id":"https:\/\/sklep.edudomo.pl\/sklep\/woda-i-jest-stany-skupienia\/","url":"https:\/\/sklep.edudomo.pl\/sklep\/woda-i-jest-stany-skupienia\/","name":"Woda i jej stany skupienia. (2 wersje koloru do wyboru)","isPartOf":{"@id":"https:\/\/sklep.edudomo.pl\/#website"},"primaryImageOfPage":{"@id":"https:\/\/sklep.edudomo.pl\/sklep\/woda-i-jest-stany-skupienia\/#primaryimage"},"image":{"@id":"https:\/\/sklep.edudomo.pl\/sklep\/woda-i-jest-stany-skupienia\/#primaryimage"},"thumbnailUrl":"https:\/\/sklep.edudomo.pl\/wp-content\/uploads\/2022\/07\/IMG_5370.jpg","datePublished":"2022-07-05T13:59:06+00:00","dateModified":"2025-11-25T17:01:41+00:00","breadcrumb":{"@id":"https:\/\/sklep.edudomo.pl\/sklep\/woda-i-jest-stany-skupienia\/#breadcrumb"},"inLanguage":"en-GB","potentialAction":[{"@type":"ReadAction","target":["https:\/\/sklep.edudomo.pl\/sklep\/woda-i-jest-stany-skupienia\/"]}]},{"@type":"ImageObject","inLanguage":"en-GB","@id":"https:\/\/sklep.edudomo.pl\/sklep\/woda-i-jest-stany-skupienia\/#primaryimage","url":"https:\/\/sklep.edudomo.pl\/wp-content\/uploads\/2022\/07\/IMG_5370.jpg","contentUrl":"https:\/\/sklep.edudomo.pl\/wp-content\/uploads\/2022\/07\/IMG_5370.jpg","width":640,"height":606,"caption":"woda zmiana stanu skupienia"},{"@type":"BreadcrumbList","@id":"https:\/\/sklep.edudomo.pl\/sklep\/woda-i-jest-stany-skupienia\/#breadcrumb","itemListElement":[{"@type":"ListItem","position":1,"name":"Strona g\u0142\u00f3wna","item":"https:\/\/sklep.edudomo.pl\/"},{"@type":"ListItem","position":2,"name":"Sklep","item":"https:\/\/sklep.edudomo.pl\/"},{"@type":"ListItem","position":3,"name":"Woda i jej stany skupienia. (2 wersje koloru do wyboru)"}]},{"@type":"WebSite","@id":"https:\/\/sklep.edudomo.pl\/#website","url":"https:\/\/sklep.edudomo.pl\/","name":"sklep EduDoMo","description":"Edukacja Domowa. Terapia. Wspieranie Talent&oacute;w","publisher":{"@id":"https:\/\/sklep.edudomo.pl\/#organization"},"potentialAction":[{"@type":"SearchAction","target":{"@type":"EntryPoint","urlTemplate":"https:\/\/sklep.edudomo.pl\/?s={search_term_string}"},"query-input":{"@type":"PropertyValueSpecification","valueRequired":true,"valueName":"search_term_string"}}],"inLanguage":"en-GB"},{"@type":"Organization","@id":"https:\/\/sklep.edudomo.pl\/#organization","name":"EduDoMo","url":"https:\/\/sklep.edudomo.pl\/","logo":{"@type":"ImageObject","inLanguage":"en-GB","@id":"https:\/\/sklep.edudomo.pl\/#\/schema\/logo\/image\/","url":"https:\/\/sklep.edudomo.pl\/wp-content\/uploads\/2019\/11\/cropped-logo-edudomo-sowa.jpg","contentUrl":"https:\/\/sklep.edudomo.pl\/wp-content\/uploads\/2019\/11\/cropped-logo-edudomo-sowa.jpg","width":120,"height":120,"caption":"EduDoMo"},"image":{"@id":"https:\/\/sklep.edudomo.pl\/#\/schema\/logo\/image\/"}}]}},"jetpack_sharing_enabled":true,"_links":{"self":[{"href":"https:\/\/sklep.edudomo.pl\/en\/wp-json\/wp\/v2\/product\/8965","targetHints":{"allow":["GET"]}}],"collection":[{"href":"https:\/\/sklep.edudomo.pl\/en\/wp-json\/wp\/v2\/product"}],"about":[{"href":"https:\/\/sklep.edudomo.pl\/en\/wp-json\/wp\/v2\/types\/product"}],"replies":[{"embeddable":true,"href":"https:\/\/sklep.edudomo.pl\/en\/wp-json\/wp\/v2\/comments?post=8965"}],"wp:featuredmedia":[{"embeddable":true,"href":"https:\/\/sklep.edudomo.pl\/en\/wp-json\/wp\/v2\/media\/8966"}],"wp:attachment":[{"href":"https:\/\/sklep.edudomo.pl\/en\/wp-json\/wp\/v2\/media?parent=8965"}],"wp:term":[{"taxonomy":"product_brand","embeddable":true,"href":"https:\/\/sklep.edudomo.pl\/en\/wp-json\/wp\/v2\/product_brand?post=8965"},{"taxonomy":"product_cat","embeddable":true,"href":"https:\/\/sklep.edudomo.pl\/en\/wp-json\/wp\/v2\/product_cat?post=8965"},{"taxonomy":"product_tag","embeddable":true,"href":"https:\/\/sklep.edudomo.pl\/en\/wp-json\/wp\/v2\/product_tag?post=8965"}],"curies":[{"name":"wp","href":"https:\/\/api.w.org\/{rel}","templated":true}]}}