{"id":9037,"date":"2022-07-15T10:04:31","date_gmt":"2022-07-15T10:04:31","guid":{"rendered":"https:\/\/sklep.edudomo.pl\/?post_type=product&#038;p=9037"},"modified":"2025-11-25T17:01:11","modified_gmt":"2025-11-25T17:01:11","slug":"krew-skladniki-krwi-i-ich-funkcje","status":"publish","type":"product","link":"https:\/\/sklep.edudomo.pl\/en\/sklep\/krew-skladniki-krwi-i-ich-funkcje\/","title":{"rendered":"KREW. Sk\u0142adniki krwi i ich funkcje"},"content":{"rendered":"<p><strong>KREW. Sk\u0142adniki krwi i ich funkcje<\/strong><\/p>\n<p>zestaw zawiera:<\/p>\n<p>&#8211; plansza 29cm x 29cm z elementami: 9 ma\u0142ych dwustronnych k\u00f3\u0142 z ilustracjami oraz nazwami sk\u0142adnik\u00f3w krwi<\/p>\n<p>&#8211; \u015brodkowe dwustronne ko\u0142o: symboliczny obraz przeci\u0119tej t\u0119tnicy a w niej 4 strza\u0142ki do 4 sk\u0142adnik\u00f3w krwi i nast\u0119pne 5 strza\u0142ek odchodz\u0105cych od bia\u0142ych krwinek: ich rodzaje;<\/p>\n<p>-na rewersie przedstawiona \u015brodkowego ko\u0142a \u00a0jest prob\u00f3wka z procentowym wyszczeg\u00f3lnieniem sk\u0142adnik\u00f3w krwi<\/p>\n<p>&#8211; plansza 29cm x 29cm z informacj\u0105 o funkcji poszczeg\u00f3lnych sk\u0142adnik\u00f3w krwi (podczas korekty)<\/p>\n","protected":false},"excerpt":{"rendered":"<p>KREW. Sk\u0142adniki krwi i ich funkcje zestaw zawiera: &#8211; plansza 29cm x 29cm z elementami: 9 ma\u0142ych dwustronnych k\u00f3\u0142 z ilustracjami oraz nazwami sk\u0142adnik\u00f3w krwi &#8211; \u015brodkowe dwustronne ko\u0142o: symboliczny obraz przeci\u0119tej t\u0119tnicy a w niej 4 strza\u0142ki do 4 sk\u0142adnik\u00f3w krwi i nast\u0119pne 5 strza\u0142ek odchodz\u0105cych od bia\u0142ych krwinek: ich rodzaje; -na rewersie przedstawiona<span class=\"read-more-faq\"><a href=\"https:\/\/sklep.edudomo.pl\/en\/sklep\/krew-skladniki-krwi-i-ich-funkcje\/\">Read More<\/a><\/span><\/p>\n","protected":false},"featured_media":9040,"comment_status":"open","ping_status":"closed","template":"","meta":[],"product_brand":[],"product_cat":[84,87,86],"product_tag":[],"class_list":{"0":"post-9037","1":"product","2":"type-product","3":"status-publish","4":"has-post-thumbnail","6":"product_cat-edukacja-kosmiczna","7":"product_cat-edukacja-przyrodnicza","8":"product_cat-material-sensoryczny","9":"product_shipping_class-inpost-kurier-a","11":"first","12":"onbackorder","13":"taxable","14":"shipping-taxable","15":"purchasable","16":"product-type-simple"},"yoast_head":"<!-- This site is optimized with the Yoast SEO plugin v26.5 - https:\/\/yoast.com\/wordpress\/plugins\/seo\/ -->\n<title>KREW. Sk\u0142adniki krwi i ich funkcje<\/title>\n<meta name=\"robots\" content=\"index, follow, max-snippet:-1, max-image-preview:large, max-video-preview:-1\" \/>\n<link rel=\"canonical\" href=\"https:\/\/sklep.edudomo.pl\/en\/sklep\/krew-skladniki-krwi-i-ich-funkcje\/\" \/>\n<meta property=\"og:locale\" content=\"en_GB\" \/>\n<meta property=\"og:locale:alternate\" content=\"pl_PL\" \/>\n<meta property=\"og:type\" content=\"article\" \/>\n<meta property=\"og:title\" content=\"KREW. Sk\u0142adniki krwi i ich funkcje\" \/>\n<meta property=\"og:description\" content=\"KREW. Sk\u0142adniki krwi i ich funkcje zestaw zawiera: &#8211; plansza 29cm x 29cm z elementami: 9 ma\u0142ych dwustronnych k\u00f3\u0142 z ilustracjami oraz nazwami sk\u0142adnik\u00f3w krwi &#8211; \u015brodkowe dwustronne ko\u0142o: symboliczny obraz przeci\u0119tej t\u0119tnicy a w niej 4 strza\u0142ki do 4 sk\u0142adnik\u00f3w krwi i nast\u0119pne 5 strza\u0142ek odchodz\u0105cych od bia\u0142ych krwinek: ich rodzaje; -na rewersie przedstawionaRead More\" \/>\n<meta property=\"og:url\" content=\"https:\/\/sklep.edudomo.pl\/en\/sklep\/krew-skladniki-krwi-i-ich-funkcje\/\" \/>\n<meta property=\"og:site_name\" content=\"sklep EduDoMo\" \/>\n<meta property=\"article:modified_time\" content=\"2025-11-25T17:01:11+00:00\" \/>\n<meta property=\"og:image\" content=\"https:\/\/sklep.edudomo.pl\/wp-content\/uploads\/2022\/07\/IMG_5702.jpg\" \/>\n\t<meta property=\"og:image:width\" content=\"640\" \/>\n\t<meta property=\"og:image:height\" content=\"607\" \/>\n\t<meta property=\"og:image:type\" content=\"image\/jpeg\" \/>\n<meta name=\"twitter:card\" content=\"summary_large_image\" \/>\n<meta name=\"twitter:label1\" content=\"Estimated reading time\" \/>\n\t<meta name=\"twitter:data1\" content=\"1 minute\" \/>\n<script type=\"application\/ld+json\" class=\"yoast-schema-graph\">{\"@context\":\"https:\/\/schema.org\",\"@graph\":[{\"@type\":\"WebPage\",\"@id\":\"https:\/\/sklep.edudomo.pl\/sklep\/krew-skladniki-krwi-i-ich-funkcje\/\",\"url\":\"https:\/\/sklep.edudomo.pl\/sklep\/krew-skladniki-krwi-i-ich-funkcje\/\",\"name\":\"KREW. Sk\u0142adniki krwi i ich funkcje\",\"isPartOf\":{\"@id\":\"https:\/\/sklep.edudomo.pl\/#website\"},\"primaryImageOfPage\":{\"@id\":\"https:\/\/sklep.edudomo.pl\/sklep\/krew-skladniki-krwi-i-ich-funkcje\/#primaryimage\"},\"image\":{\"@id\":\"https:\/\/sklep.edudomo.pl\/sklep\/krew-skladniki-krwi-i-ich-funkcje\/#primaryimage\"},\"thumbnailUrl\":\"https:\/\/sklep.edudomo.pl\/wp-content\/uploads\/2022\/07\/IMG_5702.jpg\",\"datePublished\":\"2022-07-15T10:04:31+00:00\",\"dateModified\":\"2025-11-25T17:01:11+00:00\",\"breadcrumb\":{\"@id\":\"https:\/\/sklep.edudomo.pl\/sklep\/krew-skladniki-krwi-i-ich-funkcje\/#breadcrumb\"},\"inLanguage\":\"en-GB\",\"potentialAction\":[{\"@type\":\"ReadAction\",\"target\":[\"https:\/\/sklep.edudomo.pl\/sklep\/krew-skladniki-krwi-i-ich-funkcje\/\"]}]},{\"@type\":\"ImageObject\",\"inLanguage\":\"en-GB\",\"@id\":\"https:\/\/sklep.edudomo.pl\/sklep\/krew-skladniki-krwi-i-ich-funkcje\/#primaryimage\",\"url\":\"https:\/\/sklep.edudomo.pl\/wp-content\/uploads\/2022\/07\/IMG_5702.jpg\",\"contentUrl\":\"https:\/\/sklep.edudomo.pl\/wp-content\/uploads\/2022\/07\/IMG_5702.jpg\",\"width\":640,\"height\":607,\"caption\":\"Krew. Sk\u0142adniki krwi\"},{\"@type\":\"BreadcrumbList\",\"@id\":\"https:\/\/sklep.edudomo.pl\/sklep\/krew-skladniki-krwi-i-ich-funkcje\/#breadcrumb\",\"itemListElement\":[{\"@type\":\"ListItem\",\"position\":1,\"name\":\"Strona g\u0142\u00f3wna\",\"item\":\"https:\/\/sklep.edudomo.pl\/\"},{\"@type\":\"ListItem\",\"position\":2,\"name\":\"Sklep\",\"item\":\"https:\/\/sklep.edudomo.pl\/\"},{\"@type\":\"ListItem\",\"position\":3,\"name\":\"KREW. Sk\u0142adniki krwi i ich funkcje\"}]},{\"@type\":\"WebSite\",\"@id\":\"https:\/\/sklep.edudomo.pl\/#website\",\"url\":\"https:\/\/sklep.edudomo.pl\/\",\"name\":\"sklep EduDoMo\",\"description\":\"Edukacja Domowa. Terapia. Wspieranie Talent&oacute;w\",\"publisher\":{\"@id\":\"https:\/\/sklep.edudomo.pl\/#organization\"},\"potentialAction\":[{\"@type\":\"SearchAction\",\"target\":{\"@type\":\"EntryPoint\",\"urlTemplate\":\"https:\/\/sklep.edudomo.pl\/?s={search_term_string}\"},\"query-input\":{\"@type\":\"PropertyValueSpecification\",\"valueRequired\":true,\"valueName\":\"search_term_string\"}}],\"inLanguage\":\"en-GB\"},{\"@type\":\"Organization\",\"@id\":\"https:\/\/sklep.edudomo.pl\/#organization\",\"name\":\"EduDoMo\",\"url\":\"https:\/\/sklep.edudomo.pl\/\",\"logo\":{\"@type\":\"ImageObject\",\"inLanguage\":\"en-GB\",\"@id\":\"https:\/\/sklep.edudomo.pl\/#\/schema\/logo\/image\/\",\"url\":\"https:\/\/sklep.edudomo.pl\/wp-content\/uploads\/2019\/11\/cropped-logo-edudomo-sowa.jpg\",\"contentUrl\":\"https:\/\/sklep.edudomo.pl\/wp-content\/uploads\/2019\/11\/cropped-logo-edudomo-sowa.jpg\",\"width\":120,\"height\":120,\"caption\":\"EduDoMo\"},\"image\":{\"@id\":\"https:\/\/sklep.edudomo.pl\/#\/schema\/logo\/image\/\"}}]}<\/script>\n<!-- \/ Yoast SEO plugin. -->","yoast_head_json":{"title":"KREW. Sk\u0142adniki krwi i ich funkcje","robots":{"index":"index","follow":"follow","max-snippet":"max-snippet:-1","max-image-preview":"max-image-preview:large","max-video-preview":"max-video-preview:-1"},"canonical":"https:\/\/sklep.edudomo.pl\/en\/sklep\/krew-skladniki-krwi-i-ich-funkcje\/","og_locale":"en_GB","og_type":"article","og_title":"[:pl]KREW. Sk\u0142adniki krwi i ich funkcje[:] - sklep EduDoMo","og_description":"KREW. Sk\u0142adniki krwi i ich funkcje zestaw zawiera: &#8211; plansza 29cm x 29cm z elementami: 9 ma\u0142ych dwustronnych k\u00f3\u0142 z ilustracjami oraz nazwami sk\u0142adnik\u00f3w krwi &#8211; \u015brodkowe dwustronne ko\u0142o: symboliczny obraz przeci\u0119tej t\u0119tnicy a w niej 4 strza\u0142ki do 4 sk\u0142adnik\u00f3w krwi i nast\u0119pne 5 strza\u0142ek odchodz\u0105cych od bia\u0142ych krwinek: ich rodzaje; -na rewersie przedstawionaRead More","og_url":"https:\/\/sklep.edudomo.pl\/en\/sklep\/krew-skladniki-krwi-i-ich-funkcje\/","og_site_name":"sklep EduDoMo","article_modified_time":"2025-11-25T17:01:11+00:00","og_image":[{"width":640,"height":607,"url":"https:\/\/sklep.edudomo.pl\/wp-content\/uploads\/2022\/07\/IMG_5702.jpg","type":"image\/jpeg"}],"twitter_card":"summary_large_image","twitter_misc":{"Estimated reading time":"1 minute"},"schema":{"@context":"https:\/\/schema.org","@graph":[{"@type":"WebPage","@id":"https:\/\/sklep.edudomo.pl\/sklep\/krew-skladniki-krwi-i-ich-funkcje\/","url":"https:\/\/sklep.edudomo.pl\/sklep\/krew-skladniki-krwi-i-ich-funkcje\/","name":"KREW. Sk\u0142adniki krwi i ich funkcje","isPartOf":{"@id":"https:\/\/sklep.edudomo.pl\/#website"},"primaryImageOfPage":{"@id":"https:\/\/sklep.edudomo.pl\/sklep\/krew-skladniki-krwi-i-ich-funkcje\/#primaryimage"},"image":{"@id":"https:\/\/sklep.edudomo.pl\/sklep\/krew-skladniki-krwi-i-ich-funkcje\/#primaryimage"},"thumbnailUrl":"https:\/\/sklep.edudomo.pl\/wp-content\/uploads\/2022\/07\/IMG_5702.jpg","datePublished":"2022-07-15T10:04:31+00:00","dateModified":"2025-11-25T17:01:11+00:00","breadcrumb":{"@id":"https:\/\/sklep.edudomo.pl\/sklep\/krew-skladniki-krwi-i-ich-funkcje\/#breadcrumb"},"inLanguage":"en-GB","potentialAction":[{"@type":"ReadAction","target":["https:\/\/sklep.edudomo.pl\/sklep\/krew-skladniki-krwi-i-ich-funkcje\/"]}]},{"@type":"ImageObject","inLanguage":"en-GB","@id":"https:\/\/sklep.edudomo.pl\/sklep\/krew-skladniki-krwi-i-ich-funkcje\/#primaryimage","url":"https:\/\/sklep.edudomo.pl\/wp-content\/uploads\/2022\/07\/IMG_5702.jpg","contentUrl":"https:\/\/sklep.edudomo.pl\/wp-content\/uploads\/2022\/07\/IMG_5702.jpg","width":640,"height":607,"caption":"Krew. Sk\u0142adniki krwi"},{"@type":"BreadcrumbList","@id":"https:\/\/sklep.edudomo.pl\/sklep\/krew-skladniki-krwi-i-ich-funkcje\/#breadcrumb","itemListElement":[{"@type":"ListItem","position":1,"name":"Strona g\u0142\u00f3wna","item":"https:\/\/sklep.edudomo.pl\/"},{"@type":"ListItem","position":2,"name":"Sklep","item":"https:\/\/sklep.edudomo.pl\/"},{"@type":"ListItem","position":3,"name":"KREW. Sk\u0142adniki krwi i ich funkcje"}]},{"@type":"WebSite","@id":"https:\/\/sklep.edudomo.pl\/#website","url":"https:\/\/sklep.edudomo.pl\/","name":"sklep EduDoMo","description":"Edukacja Domowa. Terapia. Wspieranie Talent&oacute;w","publisher":{"@id":"https:\/\/sklep.edudomo.pl\/#organization"},"potentialAction":[{"@type":"SearchAction","target":{"@type":"EntryPoint","urlTemplate":"https:\/\/sklep.edudomo.pl\/?s={search_term_string}"},"query-input":{"@type":"PropertyValueSpecification","valueRequired":true,"valueName":"search_term_string"}}],"inLanguage":"en-GB"},{"@type":"Organization","@id":"https:\/\/sklep.edudomo.pl\/#organization","name":"EduDoMo","url":"https:\/\/sklep.edudomo.pl\/","logo":{"@type":"ImageObject","inLanguage":"en-GB","@id":"https:\/\/sklep.edudomo.pl\/#\/schema\/logo\/image\/","url":"https:\/\/sklep.edudomo.pl\/wp-content\/uploads\/2019\/11\/cropped-logo-edudomo-sowa.jpg","contentUrl":"https:\/\/sklep.edudomo.pl\/wp-content\/uploads\/2019\/11\/cropped-logo-edudomo-sowa.jpg","width":120,"height":120,"caption":"EduDoMo"},"image":{"@id":"https:\/\/sklep.edudomo.pl\/#\/schema\/logo\/image\/"}}]}},"jetpack_sharing_enabled":true,"_links":{"self":[{"href":"https:\/\/sklep.edudomo.pl\/en\/wp-json\/wp\/v2\/product\/9037","targetHints":{"allow":["GET"]}}],"collection":[{"href":"https:\/\/sklep.edudomo.pl\/en\/wp-json\/wp\/v2\/product"}],"about":[{"href":"https:\/\/sklep.edudomo.pl\/en\/wp-json\/wp\/v2\/types\/product"}],"replies":[{"embeddable":true,"href":"https:\/\/sklep.edudomo.pl\/en\/wp-json\/wp\/v2\/comments?post=9037"}],"wp:featuredmedia":[{"embeddable":true,"href":"https:\/\/sklep.edudomo.pl\/en\/wp-json\/wp\/v2\/media\/9040"}],"wp:attachment":[{"href":"https:\/\/sklep.edudomo.pl\/en\/wp-json\/wp\/v2\/media?parent=9037"}],"wp:term":[{"taxonomy":"product_brand","embeddable":true,"href":"https:\/\/sklep.edudomo.pl\/en\/wp-json\/wp\/v2\/product_brand?post=9037"},{"taxonomy":"product_cat","embeddable":true,"href":"https:\/\/sklep.edudomo.pl\/en\/wp-json\/wp\/v2\/product_cat?post=9037"},{"taxonomy":"product_tag","embeddable":true,"href":"https:\/\/sklep.edudomo.pl\/en\/wp-json\/wp\/v2\/product_tag?post=9037"}],"curies":[{"name":"wp","href":"https:\/\/api.w.org\/{rel}","templated":true}]}}