{"id":9159,"date":"2022-07-26T16:59:02","date_gmt":"2022-07-26T16:59:02","guid":{"rendered":"https:\/\/sklep.edudomo.pl\/?post_type=product&#038;p=9159"},"modified":"2025-10-26T05:59:24","modified_gmt":"2025-10-26T05:59:24","slug":"mitoza-ukladanka-edukacyjna-edudomo","status":"publish","type":"product","link":"https:\/\/sklep.edudomo.pl\/en\/sklep\/mitoza-ukladanka-edukacyjna-edudomo\/","title":{"rendered":"Cykl kom\u00f3rkowy &#8211; Mitoza. uk\u0142adanka edukacyjna EduDoMo (dwie wersje j\u0119zykowe PL oraz UK)"},"content":{"rendered":"<p>Cykl kom\u00f3rkowy- Mitoza. uk\u0142adanka edukacyjna EduDoMo<\/p>\n<p>zestaw zawiera:<\/p>\n<p>&#8211; plansza z opisem\u00a0 o wymiarach oko\u0142o 57cm x 29cm i ma\u0142a plansza z samym cyklem kom\u00f3rkowym 29cm x 29cm<\/p>\n<p>&#8211; 8 elipsopodobnych kszta\u0142t\u00f3w z\u00a0 ilustracjami o wymiarach oko\u0142o 10cm x 17cm<\/p>\n<p>&#8211; strza\u0142ki informuj\u0105ce o danej fazie cyklu kom\u00f3rkowego: Interfazy i\u00a0 Mitozy<\/p>\n","protected":false},"excerpt":{"rendered":"<p>Cykl kom\u00f3rkowy- Mitoza. uk\u0142adanka edukacyjna EduDoMo zestaw zawiera: &#8211; plansza z opisem\u00a0 o wymiarach oko\u0142o 57cm x 29cm i ma\u0142a plansza z samym cyklem kom\u00f3rkowym 29cm x 29cm &#8211; 8 elipsopodobnych kszta\u0142t\u00f3w z\u00a0 ilustracjami o wymiarach oko\u0142o 10cm x 17cm &#8211; strza\u0142ki informuj\u0105ce o danej fazie cyklu kom\u00f3rkowego: Interfazy i\u00a0 Mitozy<\/p>\n","protected":false},"featured_media":10310,"comment_status":"open","ping_status":"closed","template":"","meta":[],"product_brand":[],"product_cat":[84,87,86],"product_tag":[],"class_list":{"0":"post-9159","1":"product","2":"type-product","3":"status-publish","4":"has-post-thumbnail","6":"product_cat-edukacja-kosmiczna","7":"product_cat-edukacja-przyrodnicza","8":"product_cat-material-sensoryczny","9":"product_shipping_class-inpost-kurier-a","11":"first","12":"onbackorder","13":"taxable","14":"shipping-taxable","15":"purchasable","16":"product-type-simple"},"yoast_head":"<!-- This site is optimized with the Yoast SEO plugin v26.5 - https:\/\/yoast.com\/wordpress\/plugins\/seo\/ -->\n<title>Cykl kom\u00f3rkowy - Mitoza. uk\u0142adanka edukacyjna EduDoMo (dwie wersje j\u0119zykowe PL oraz UK)<\/title>\n<meta name=\"description\" content=\"Cykl kom\u00f3rkowy- Mitoza. uk\u0142adanka edukacyjna EduDoMozestaw zawiera:- plansza z opisem\u00a0 o wymiarach oko\u0142o 57cm x 29cm i ma\u0142a plansza z samym cyklem kom\u00f3rkowym 29cm x 29cm- 8 elipsopodobnych kszta\u0142t\u00f3w z\u00a0 ilustracjami o wymiarach oko\u0142o 10cm x 17cm- strza\u0142ki informuj\u0105ce o danej fazie cyklu kom\u00f3rkowego: Interfazy i\u00a0 Mitozy\" \/>\n<meta name=\"robots\" content=\"index, follow, max-snippet:-1, max-image-preview:large, max-video-preview:-1\" \/>\n<link rel=\"canonical\" href=\"https:\/\/sklep.edudomo.pl\/en\/sklep\/mitoza-ukladanka-edukacyjna-edudomo\/\" \/>\n<meta property=\"og:locale\" content=\"en_GB\" \/>\n<meta property=\"og:locale:alternate\" content=\"pl_PL\" \/>\n<meta property=\"og:type\" content=\"article\" \/>\n<meta property=\"og:title\" content=\"Cykl kom\u00f3rkowy - Mitoza. uk\u0142adanka edukacyjna EduDoMo (dwie wersje j\u0119zykowe PL oraz UK)\" \/>\n<meta property=\"og:description\" content=\"Cykl kom\u00f3rkowy- Mitoza. uk\u0142adanka edukacyjna EduDoMozestaw zawiera:- plansza z opisem\u00a0 o wymiarach oko\u0142o 57cm x 29cm i ma\u0142a plansza z samym cyklem kom\u00f3rkowym 29cm x 29cm- 8 elipsopodobnych kszta\u0142t\u00f3w z\u00a0 ilustracjami o wymiarach oko\u0142o 10cm x 17cm- strza\u0142ki informuj\u0105ce o danej fazie cyklu kom\u00f3rkowego: Interfazy i\u00a0 Mitozy\" \/>\n<meta property=\"og:url\" content=\"https:\/\/sklep.edudomo.pl\/en\/sklep\/mitoza-ukladanka-edukacyjna-edudomo\/\" \/>\n<meta property=\"og:site_name\" content=\"sklep EduDoMo\" \/>\n<meta property=\"article:modified_time\" content=\"2025-10-26T05:59:24+00:00\" \/>\n<meta property=\"og:image\" content=\"https:\/\/sklep.edudomo.pl\/wp-content\/uploads\/2022\/07\/IMG_8591.jpg\" \/>\n\t<meta property=\"og:image:width\" content=\"640\" \/>\n\t<meta property=\"og:image:height\" content=\"389\" \/>\n\t<meta property=\"og:image:type\" content=\"image\/jpeg\" \/>\n<meta name=\"twitter:card\" content=\"summary_large_image\" \/>\n<meta name=\"twitter:label1\" content=\"Estimated reading time\" \/>\n\t<meta name=\"twitter:data1\" content=\"1 minute\" \/>\n<script type=\"application\/ld+json\" class=\"yoast-schema-graph\">{\"@context\":\"https:\/\/schema.org\",\"@graph\":[{\"@type\":\"WebPage\",\"@id\":\"https:\/\/sklep.edudomo.pl\/sklep\/mitoza-ukladanka-edukacyjna-edudomo\/\",\"url\":\"https:\/\/sklep.edudomo.pl\/sklep\/mitoza-ukladanka-edukacyjna-edudomo\/\",\"name\":\"Cykl kom\u00f3rkowy - Mitoza. uk\u0142adanka edukacyjna EduDoMo (dwie wersje j\u0119zykowe PL oraz UK)\",\"isPartOf\":{\"@id\":\"https:\/\/sklep.edudomo.pl\/#website\"},\"primaryImageOfPage\":{\"@id\":\"https:\/\/sklep.edudomo.pl\/sklep\/mitoza-ukladanka-edukacyjna-edudomo\/#primaryimage\"},\"image\":{\"@id\":\"https:\/\/sklep.edudomo.pl\/sklep\/mitoza-ukladanka-edukacyjna-edudomo\/#primaryimage\"},\"thumbnailUrl\":\"https:\/\/sklep.edudomo.pl\/wp-content\/uploads\/2022\/07\/IMG_8591.jpg\",\"datePublished\":\"2022-07-26T16:59:02+00:00\",\"dateModified\":\"2025-10-26T05:59:24+00:00\",\"description\":\"Cykl kom\u00f3rkowy- Mitoza. uk\u0142adanka edukacyjna EduDoMozestaw zawiera:- plansza z opisem\u00a0 o wymiarach oko\u0142o 57cm x 29cm i ma\u0142a plansza z samym cyklem kom\u00f3rkowym 29cm x 29cm- 8 elipsopodobnych kszta\u0142t\u00f3w z\u00a0 ilustracjami o wymiarach oko\u0142o 10cm x 17cm- strza\u0142ki informuj\u0105ce o danej fazie cyklu kom\u00f3rkowego: Interfazy i\u00a0 Mitozy\",\"breadcrumb\":{\"@id\":\"https:\/\/sklep.edudomo.pl\/sklep\/mitoza-ukladanka-edukacyjna-edudomo\/#breadcrumb\"},\"inLanguage\":\"en-GB\",\"potentialAction\":[{\"@type\":\"ReadAction\",\"target\":[\"https:\/\/sklep.edudomo.pl\/sklep\/mitoza-ukladanka-edukacyjna-edudomo\/\"]}]},{\"@type\":\"ImageObject\",\"inLanguage\":\"en-GB\",\"@id\":\"https:\/\/sklep.edudomo.pl\/sklep\/mitoza-ukladanka-edukacyjna-edudomo\/#primaryimage\",\"url\":\"https:\/\/sklep.edudomo.pl\/wp-content\/uploads\/2022\/07\/IMG_8591.jpg\",\"contentUrl\":\"https:\/\/sklep.edudomo.pl\/wp-content\/uploads\/2022\/07\/IMG_8591.jpg\",\"width\":640,\"height\":389,\"caption\":\"Cykl kom\u00f3rkowy- Mitoza. uk\u0142adanka edukacyjna EduDoMo zestaw zawiera: - plansza z opisem\u00a0 o wymiarach oko\u0142o 57cm x 29cm i ma\u0142a plansza z samym cyklem kom\u00f3rkowym 29cm x 29cm - 8 elipsopodobnych kszta\u0142t\u00f3w z\u00a0 ilustracjami o wymiarach oko\u0142o 10cm x 17cm - strza\u0142ki informuj\u0105ce o danej fazie cyklu kom\u00f3rkowego: Interfazy i\u00a0 Mitozy\"},{\"@type\":\"BreadcrumbList\",\"@id\":\"https:\/\/sklep.edudomo.pl\/sklep\/mitoza-ukladanka-edukacyjna-edudomo\/#breadcrumb\",\"itemListElement\":[{\"@type\":\"ListItem\",\"position\":1,\"name\":\"Strona g\u0142\u00f3wna\",\"item\":\"https:\/\/sklep.edudomo.pl\/\"},{\"@type\":\"ListItem\",\"position\":2,\"name\":\"Sklep\",\"item\":\"https:\/\/sklep.edudomo.pl\/\"},{\"@type\":\"ListItem\",\"position\":3,\"name\":\"Cykl kom\u00f3rkowy &#8211; Mitoza. uk\u0142adanka edukacyjna EduDoMo (dwie wersje j\u0119zykowe PL oraz UK)\"}]},{\"@type\":\"WebSite\",\"@id\":\"https:\/\/sklep.edudomo.pl\/#website\",\"url\":\"https:\/\/sklep.edudomo.pl\/\",\"name\":\"sklep EduDoMo\",\"description\":\"Edukacja Domowa. Terapia. Wspieranie Talent&oacute;w\",\"publisher\":{\"@id\":\"https:\/\/sklep.edudomo.pl\/#organization\"},\"potentialAction\":[{\"@type\":\"SearchAction\",\"target\":{\"@type\":\"EntryPoint\",\"urlTemplate\":\"https:\/\/sklep.edudomo.pl\/?s={search_term_string}\"},\"query-input\":{\"@type\":\"PropertyValueSpecification\",\"valueRequired\":true,\"valueName\":\"search_term_string\"}}],\"inLanguage\":\"en-GB\"},{\"@type\":\"Organization\",\"@id\":\"https:\/\/sklep.edudomo.pl\/#organization\",\"name\":\"EduDoMo\",\"url\":\"https:\/\/sklep.edudomo.pl\/\",\"logo\":{\"@type\":\"ImageObject\",\"inLanguage\":\"en-GB\",\"@id\":\"https:\/\/sklep.edudomo.pl\/#\/schema\/logo\/image\/\",\"url\":\"https:\/\/sklep.edudomo.pl\/wp-content\/uploads\/2019\/11\/cropped-logo-edudomo-sowa.jpg\",\"contentUrl\":\"https:\/\/sklep.edudomo.pl\/wp-content\/uploads\/2019\/11\/cropped-logo-edudomo-sowa.jpg\",\"width\":120,\"height\":120,\"caption\":\"EduDoMo\"},\"image\":{\"@id\":\"https:\/\/sklep.edudomo.pl\/#\/schema\/logo\/image\/\"}}]}<\/script>\n<!-- \/ Yoast SEO plugin. -->","yoast_head_json":{"title":"Cykl kom\u00f3rkowy - Mitoza. uk\u0142adanka edukacyjna EduDoMo (dwie wersje j\u0119zykowe PL oraz UK)","description":"Cykl kom\u00f3rkowy- Mitoza. uk\u0142adanka edukacyjna EduDoMozestaw zawiera:- plansza z opisem\u00a0 o wymiarach oko\u0142o 57cm x 29cm i ma\u0142a plansza z samym cyklem kom\u00f3rkowym 29cm x 29cm- 8 elipsopodobnych kszta\u0142t\u00f3w z\u00a0 ilustracjami o wymiarach oko\u0142o 10cm x 17cm- strza\u0142ki informuj\u0105ce o danej fazie cyklu kom\u00f3rkowego: Interfazy i\u00a0 Mitozy","robots":{"index":"index","follow":"follow","max-snippet":"max-snippet:-1","max-image-preview":"max-image-preview:large","max-video-preview":"max-video-preview:-1"},"canonical":"https:\/\/sklep.edudomo.pl\/en\/sklep\/mitoza-ukladanka-edukacyjna-edudomo\/","og_locale":"en_GB","og_type":"article","og_title":"[:pl]Cykl kom\u00f3rkowy - Mitoza. uk\u0142adanka edukacyjna EduDoMo (dwie wersje j\u0119zykowe PL oraz UK)[:] - sklep EduDoMo","og_description":"Cykl kom\u00f3rkowy- Mitoza. uk\u0142adanka edukacyjna EduDoMozestaw zawiera:- plansza z opisem\u00a0 o wymiarach oko\u0142o 57cm x 29cm i ma\u0142a plansza z samym cyklem kom\u00f3rkowym 29cm x 29cm- 8 elipsopodobnych kszta\u0142t\u00f3w z\u00a0 ilustracjami o wymiarach oko\u0142o 10cm x 17cm- strza\u0142ki informuj\u0105ce o danej fazie cyklu kom\u00f3rkowego: Interfazy i\u00a0 Mitozy","og_url":"https:\/\/sklep.edudomo.pl\/en\/sklep\/mitoza-ukladanka-edukacyjna-edudomo\/","og_site_name":"sklep EduDoMo","article_modified_time":"2025-10-26T05:59:24+00:00","og_image":[{"width":640,"height":389,"url":"https:\/\/sklep.edudomo.pl\/wp-content\/uploads\/2022\/07\/IMG_8591.jpg","type":"image\/jpeg"}],"twitter_card":"summary_large_image","twitter_misc":{"Estimated reading time":"1 minute"},"schema":{"@context":"https:\/\/schema.org","@graph":[{"@type":"WebPage","@id":"https:\/\/sklep.edudomo.pl\/sklep\/mitoza-ukladanka-edukacyjna-edudomo\/","url":"https:\/\/sklep.edudomo.pl\/sklep\/mitoza-ukladanka-edukacyjna-edudomo\/","name":"Cykl kom\u00f3rkowy - Mitoza. uk\u0142adanka edukacyjna EduDoMo (dwie wersje j\u0119zykowe PL oraz UK)","isPartOf":{"@id":"https:\/\/sklep.edudomo.pl\/#website"},"primaryImageOfPage":{"@id":"https:\/\/sklep.edudomo.pl\/sklep\/mitoza-ukladanka-edukacyjna-edudomo\/#primaryimage"},"image":{"@id":"https:\/\/sklep.edudomo.pl\/sklep\/mitoza-ukladanka-edukacyjna-edudomo\/#primaryimage"},"thumbnailUrl":"https:\/\/sklep.edudomo.pl\/wp-content\/uploads\/2022\/07\/IMG_8591.jpg","datePublished":"2022-07-26T16:59:02+00:00","dateModified":"2025-10-26T05:59:24+00:00","description":"Cykl kom\u00f3rkowy- Mitoza. uk\u0142adanka edukacyjna EduDoMozestaw zawiera:- plansza z opisem\u00a0 o wymiarach oko\u0142o 57cm x 29cm i ma\u0142a plansza z samym cyklem kom\u00f3rkowym 29cm x 29cm- 8 elipsopodobnych kszta\u0142t\u00f3w z\u00a0 ilustracjami o wymiarach oko\u0142o 10cm x 17cm- strza\u0142ki informuj\u0105ce o danej fazie cyklu kom\u00f3rkowego: Interfazy i\u00a0 Mitozy","breadcrumb":{"@id":"https:\/\/sklep.edudomo.pl\/sklep\/mitoza-ukladanka-edukacyjna-edudomo\/#breadcrumb"},"inLanguage":"en-GB","potentialAction":[{"@type":"ReadAction","target":["https:\/\/sklep.edudomo.pl\/sklep\/mitoza-ukladanka-edukacyjna-edudomo\/"]}]},{"@type":"ImageObject","inLanguage":"en-GB","@id":"https:\/\/sklep.edudomo.pl\/sklep\/mitoza-ukladanka-edukacyjna-edudomo\/#primaryimage","url":"https:\/\/sklep.edudomo.pl\/wp-content\/uploads\/2022\/07\/IMG_8591.jpg","contentUrl":"https:\/\/sklep.edudomo.pl\/wp-content\/uploads\/2022\/07\/IMG_8591.jpg","width":640,"height":389,"caption":"Cykl kom\u00f3rkowy- Mitoza. uk\u0142adanka edukacyjna EduDoMo zestaw zawiera: - plansza z opisem\u00a0 o wymiarach oko\u0142o 57cm x 29cm i ma\u0142a plansza z samym cyklem kom\u00f3rkowym 29cm x 29cm - 8 elipsopodobnych kszta\u0142t\u00f3w z\u00a0 ilustracjami o wymiarach oko\u0142o 10cm x 17cm - strza\u0142ki informuj\u0105ce o danej fazie cyklu kom\u00f3rkowego: Interfazy i\u00a0 Mitozy"},{"@type":"BreadcrumbList","@id":"https:\/\/sklep.edudomo.pl\/sklep\/mitoza-ukladanka-edukacyjna-edudomo\/#breadcrumb","itemListElement":[{"@type":"ListItem","position":1,"name":"Strona g\u0142\u00f3wna","item":"https:\/\/sklep.edudomo.pl\/"},{"@type":"ListItem","position":2,"name":"Sklep","item":"https:\/\/sklep.edudomo.pl\/"},{"@type":"ListItem","position":3,"name":"Cykl kom\u00f3rkowy &#8211; Mitoza. uk\u0142adanka edukacyjna EduDoMo (dwie wersje j\u0119zykowe PL oraz UK)"}]},{"@type":"WebSite","@id":"https:\/\/sklep.edudomo.pl\/#website","url":"https:\/\/sklep.edudomo.pl\/","name":"sklep EduDoMo","description":"Edukacja Domowa. Terapia. Wspieranie Talent&oacute;w","publisher":{"@id":"https:\/\/sklep.edudomo.pl\/#organization"},"potentialAction":[{"@type":"SearchAction","target":{"@type":"EntryPoint","urlTemplate":"https:\/\/sklep.edudomo.pl\/?s={search_term_string}"},"query-input":{"@type":"PropertyValueSpecification","valueRequired":true,"valueName":"search_term_string"}}],"inLanguage":"en-GB"},{"@type":"Organization","@id":"https:\/\/sklep.edudomo.pl\/#organization","name":"EduDoMo","url":"https:\/\/sklep.edudomo.pl\/","logo":{"@type":"ImageObject","inLanguage":"en-GB","@id":"https:\/\/sklep.edudomo.pl\/#\/schema\/logo\/image\/","url":"https:\/\/sklep.edudomo.pl\/wp-content\/uploads\/2019\/11\/cropped-logo-edudomo-sowa.jpg","contentUrl":"https:\/\/sklep.edudomo.pl\/wp-content\/uploads\/2019\/11\/cropped-logo-edudomo-sowa.jpg","width":120,"height":120,"caption":"EduDoMo"},"image":{"@id":"https:\/\/sklep.edudomo.pl\/#\/schema\/logo\/image\/"}}]}},"jetpack_sharing_enabled":true,"_links":{"self":[{"href":"https:\/\/sklep.edudomo.pl\/en\/wp-json\/wp\/v2\/product\/9159","targetHints":{"allow":["GET"]}}],"collection":[{"href":"https:\/\/sklep.edudomo.pl\/en\/wp-json\/wp\/v2\/product"}],"about":[{"href":"https:\/\/sklep.edudomo.pl\/en\/wp-json\/wp\/v2\/types\/product"}],"replies":[{"embeddable":true,"href":"https:\/\/sklep.edudomo.pl\/en\/wp-json\/wp\/v2\/comments?post=9159"}],"wp:featuredmedia":[{"embeddable":true,"href":"https:\/\/sklep.edudomo.pl\/en\/wp-json\/wp\/v2\/media\/10310"}],"wp:attachment":[{"href":"https:\/\/sklep.edudomo.pl\/en\/wp-json\/wp\/v2\/media?parent=9159"}],"wp:term":[{"taxonomy":"product_brand","embeddable":true,"href":"https:\/\/sklep.edudomo.pl\/en\/wp-json\/wp\/v2\/product_brand?post=9159"},{"taxonomy":"product_cat","embeddable":true,"href":"https:\/\/sklep.edudomo.pl\/en\/wp-json\/wp\/v2\/product_cat?post=9159"},{"taxonomy":"product_tag","embeddable":true,"href":"https:\/\/sklep.edudomo.pl\/en\/wp-json\/wp\/v2\/product_tag?post=9159"}],"curies":[{"name":"wp","href":"https:\/\/api.w.org\/{rel}","templated":true}]}}